{"id":16,"date":"2014-12-30T17:48:50","date_gmt":"2014-12-30T20:48:50","guid":{"rendered":"http:\/\/eventos.cmm.uchile.cl\/escuelappe2015\/?page_id=16"},"modified":"2023-01-05T10:28:22","modified_gmt":"2023-01-05T13:28:22","slug":"programa","status":"publish","type":"page","link":"https:\/\/eventos.cmm.uchile.cl\/escuelappe2023\/programa\/","title":{"rendered":"Programa"},"content":{"rendered":"<p>&nbsp;<\/p>\n<table width=\"260\">\n<tbody>\n<tr>\n<td width=\"65\"><\/td>\n<td width=\"65\"><strong>Mi\u00e9rcoles<\/strong><\/td>\n<td width=\"65\"><strong>Jueves<\/strong><\/td>\n<td width=\"65\"><strong>Viernes<\/strong><\/td>\n<\/tr>\n<tr>\n<td>10:00-11:15<\/td>\n<td>Powell<\/td>\n<td>Hilario<\/td>\n<td>Powell<\/td>\n<\/tr>\n<tr>\n<td>11:15-11:45<\/td>\n<td><em>Caf\u00e9<\/em><\/td>\n<td><em>Caf\u00e9<\/em><\/td>\n<td><em>Caf\u00e9<\/em><\/td>\n<\/tr>\n<tr>\n<td>11:45-13:00<\/td>\n<td>Hilario<\/td>\n<td>Powell<\/td>\n<td>Hilario<\/td>\n<\/tr>\n<tr>\n<td>13:00-15:00<\/td>\n<td><em>Almuerzo<\/em><\/td>\n<td><em>Almuerzo<\/em><\/td>\n<td><em>Almuerzo<\/em><\/td>\n<\/tr>\n<tr>\n<td>15:00-16:00<\/td>\n<td>Bertin<\/td>\n<td>Olivero<\/td>\n<td>M\u00e9leard<\/td>\n<\/tr>\n<tr>\n<td>16:00-16:30<\/td>\n<td><em>Caf\u00e9<\/em><\/td>\n<td><em>Caf\u00e9<\/em><\/td>\n<td><em>Caf\u00e9<\/em><\/td>\n<\/tr>\n<tr>\n<td>16:30-17:30<\/td>\n<td>Cabezas<\/td>\n<td>Gonz\u00e1lez<\/td>\n<td><\/td>\n<\/tr>\n<tr>\n<td><\/td>\n<td><\/td>\n<td><em>Cena<\/em><\/td>\n<td><\/td>\n<\/tr>\n<\/tbody>\n<\/table>\n<h2>Mini-Cursos:<\/h2>\n<h5><strong>Marcelo Hilario,<\/strong> Universidade Federal de Minas Gerais<\/h5>\n<p><em><strong><span style=\"color: #333333; font-family: 'Source Sans Pro', 'Helvetica Neue', Helvetica, Arial, Verdana, sans-serif;\"> Multiscale methods for random walks in dynamic random environments<\/span><\/strong><\/em><\/p>\n<h5 id=\"Kyprianou\"><strong>Ellen Powell <\/strong>, University of Durham (<a href=\"https:\/\/eventos.cmm.uchile.cl\/escuelappe2023\/wp-content\/uploads\/sites\/145\/2023\/01\/GFF_Course_Santiago.pdf\">Notes<\/a>)<\/h5>\n<p><em><strong>Introduction to the Gaussian free field<\/strong><\/em><\/p>\n<h2>Charlas invitadas:<\/h2>\n<h5 id=\"Kyprianou\"><strong>Karine Bertin <\/strong>, Universidad de Valpara\u00edso<\/h5>\n<p><em><strong>Estimaci\u00f3n adaptativa en modelos de densidad y regresi\u00f3n funcional<\/strong><\/em><\/p>\n<p>En esta charla, presentaremos m\u00e9todos de estimaci\u00f3n para estimar funciones no-param\u00e9tricas en modelos de densidad y en modelo de regresi\u00f3n funcional asociado a proceso de Wiener. En el modelo cl\u00e1sico de la densidad estudiaremos las propiedades de estimadores de tipo n\u00facleo asumiendo que las funciones a estimar pertenecen a clases de funciones de Holder. Presentaremos\u00a0el m\u00e9todo de Goldenshluger-Lepski (2011) que permite obtener estimadores que se adaptan a la regularidad de la funci\u00f3n. Mostraremos c\u00f3mo extender este m\u00e9todo en el caso de la regresi\u00f3n funcional donde la variable regresora es un proceso de Wiener.<\/p>\n<h5 id=\"Kyprianou\"><strong>Manuel Cabezas <\/strong>, Pontificia Universidad de Chile<\/h5>\n<p><em><strong>Historical lattice trees<\/strong><\/em><\/p>\n<h5><strong>H\u00e9ctor Olivero<\/strong>, Universidad de Valpara\u00edso<\/h5>\n<p><em><strong>A paracontrolled approach for the Brox diffusion<\/strong><\/em><\/p>\n<h5 id=\"Kyprianou\"><strong>Manuel Gonz\u00e1lez <\/strong>, Universidad del B\u00edo B\u00edo<\/h5>\n<p><em><strong>Two basic models from statistical physics.<\/strong><\/em><\/p>\n<div>In this talk I will speak about an Ising model with an alternated external field. The aim is to show some tools used to characterize the low-temperature phase diagram.<\/div>\n<div>In addition, I will introduce a family of random walks with memory, which is inspired by the so-called elephant random walk. I will focus on the asymptotic behaviour of the position of the walker.<span style=\"color: #888888;\"><br clear=\"all\" \/><\/span><\/div>\n<h5 id=\"Kyprianou\"><strong>Sylvie M\u00e9leard <\/strong>, \u00c9cole Polytechnique<\/h5>\n<p><em><strong>Multiscale eco-evolutionary models: from individuals to populations<\/strong><\/em><\/p>\n<div dir=\"auto\">Motivated by recent biological experiments, we emphasize the effects of<\/div>\n<div dir=\"auto\">small and random populations on long time population dynamics. We will<\/div>\n<div dir=\"auto\">quantify such effects on macroscopic approximations. The individual behaviors<\/div>\n<div dir=\"auto\">are described by the mean of a stochastic measure-valued process. We<\/div>\n<div dir=\"auto\">study different long time asymptotic behaviors depending on the assumptions<\/div>\n<div dir=\"auto\">on mutation size and frequency and on horizontal transmission rate. In some<\/div>\n<div dir=\"auto\">cases, simulations indicate that these models should exhibit surprising asymptotic<\/div>\n<div dir=\"auto\">behaviors such as cyclic behaviors. We explore these behaviors on a<\/div>\n<div dir=\"auto\">simple model where population and time sizes are on a log-scale. Explicit criteria<\/div>\n<div dir=\"auto\">are given to characterize the possible asymptotic behaviors.<\/div>\n<p>&nbsp;<\/p>\n","protected":false},"excerpt":{"rendered":"<p>&nbsp; Mi\u00e9rcoles Jueves Viernes 10:00-11:15 Powell Hilario Powell 11:15-11:45 Caf\u00e9 Caf\u00e9 Caf\u00e9 11:45-13:00 Hilario Powell Hilario 13:00-15:00 Almuerzo Almuerzo Almuerzo 15:00-16:00 Bertin Olivero M\u00e9leard 16:00-16:30 Caf\u00e9 Caf\u00e9 Caf\u00e9 16:30-17:30 Cabezas Gonz\u00e1lez Cena Mini-Cursos: Marcelo Hilario, Universidade Federal de Minas Gerais Multiscale methods for random walks in dynamic random environments Ellen Powell , University of Durham &hellip; <a href=\"https:\/\/eventos.cmm.uchile.cl\/escuelappe2023\/programa\/\" class=\"more-link\">Seguir leyendo <span class=\"screen-reader-text\">Programa<\/span> <span class=\"meta-nav\">&rarr;<\/span><\/a><\/p>\n","protected":false},"author":14,"featured_media":0,"parent":0,"menu_order":1,"comment_status":"closed","ping_status":"closed","template":"","meta":{"inline_featured_image":false,"footnotes":""},"class_list":["post-16","page","type-page","status-publish","hentry"],"_links":{"self":[{"href":"https:\/\/eventos.cmm.uchile.cl\/escuelappe2023\/wp-json\/wp\/v2\/pages\/16","targetHints":{"allow":["GET"]}}],"collection":[{"href":"https:\/\/eventos.cmm.uchile.cl\/escuelappe2023\/wp-json\/wp\/v2\/pages"}],"about":[{"href":"https:\/\/eventos.cmm.uchile.cl\/escuelappe2023\/wp-json\/wp\/v2\/types\/page"}],"author":[{"embeddable":true,"href":"https:\/\/eventos.cmm.uchile.cl\/escuelappe2023\/wp-json\/wp\/v2\/users\/14"}],"replies":[{"embeddable":true,"href":"https:\/\/eventos.cmm.uchile.cl\/escuelappe2023\/wp-json\/wp\/v2\/comments?post=16"}],"version-history":[{"count":54,"href":"https:\/\/eventos.cmm.uchile.cl\/escuelappe2023\/wp-json\/wp\/v2\/pages\/16\/revisions"}],"predecessor-version":[{"id":224,"href":"https:\/\/eventos.cmm.uchile.cl\/escuelappe2023\/wp-json\/wp\/v2\/pages\/16\/revisions\/224"}],"wp:attachment":[{"href":"https:\/\/eventos.cmm.uchile.cl\/escuelappe2023\/wp-json\/wp\/v2\/media?parent=16"}],"curies":[{"name":"wp","href":"https:\/\/api.w.org\/{rel}","templated":true}]}}