{"id":16,"date":"2014-12-30T17:48:50","date_gmt":"2014-12-30T20:48:50","guid":{"rendered":"http:\/\/eventos.cmm.uchile.cl\/escuelappe2015\/?page_id=16"},"modified":"2024-01-07T14:14:44","modified_gmt":"2024-01-07T17:14:44","slug":"program","status":"publish","type":"page","link":"https:\/\/eventos.cmm.uchile.cl\/escuelappe2024\/program\/","title":{"rendered":"Program"},"content":{"rendered":"<p>&nbsp;<\/p>\n<p>&nbsp;<\/p>\n<table width=\"260\">\n<tbody>\n<tr>\n<td width=\"65\"><\/td>\n<td width=\"65\"><strong>Monday<\/strong><\/td>\n<td width=\"65\"><strong>Tuesday<\/strong><\/td>\n<td width=\"65\"><strong>Wednesday<\/strong><\/td>\n<td width=\"65\"><strong>Thursday<\/strong><\/td>\n<td width=\"65\"><strong>Friday<\/strong><\/td>\n<\/tr>\n<tr>\n<td>10:00-11:15<\/td>\n<td>Mitsche<\/td>\n<td>Rolla<\/td>\n<td>Mitsche<\/td>\n<td>Louidor<\/td>\n<td>Mitsche<\/td>\n<\/tr>\n<tr>\n<td>11:15-11:45<\/td>\n<td><em>Coffee<\/em><\/td>\n<td><em>Coffee<\/em><\/td>\n<td><em>Coffee<\/em><\/td>\n<td><em>Coffee<\/em><\/td>\n<td><em>Coffee<\/em><\/td>\n<\/tr>\n<tr>\n<td>11:45-13:00<\/td>\n<td>Rolla<\/td>\n<td>Louidor<\/td>\n<td>Louidor<\/td>\n<td>Rolla<\/td>\n<td>Louidor<\/td>\n<\/tr>\n<tr>\n<td>13:00-15:00<\/td>\n<td><em>Lunch<\/em><\/td>\n<td><em>Lunch<\/em><\/td>\n<td><em>Lunch<\/em><\/td>\n<td><em>Lunch<\/em><\/td>\n<td><em>Lunch<\/em><\/td>\n<\/tr>\n<tr>\n<td>15:00-16:00<\/td>\n<td>San Mart\u00edn<\/td>\n<td>Panizo<\/td>\n<td>Wu<\/td>\n<td>Fern\u00e1ndez<\/td>\n<td><\/td>\n<\/tr>\n<tr>\n<td>16:00-16:30<\/td>\n<td><\/td>\n<td><em>Coffee<\/em><\/td>\n<td><em>Coffee<\/em><\/td>\n<td><em>Coffee<\/em><\/td>\n<td><\/td>\n<\/tr>\n<tr>\n<td>16:30-17:30<\/td>\n<td>L\u00f3pez-Rivera<\/td>\n<td>Rolla<\/td>\n<td>Videla<\/td>\n<td>Mitsche<\/td>\n<td><\/td>\n<\/tr>\n<tr>\n<td><\/td>\n<td><em>Reception<\/em><\/td>\n<td><\/td>\n<td><\/td>\n<td><em>Dinner<\/em><\/td>\n<td><\/td>\n<\/tr>\n<\/tbody>\n<\/table>\n<h2>Mini-Courses<\/h2>\n<h5><strong>Oren Louidor,<\/strong> <em>Technion<\/em><\/h5>\n<p><strong><span style=\"color: #333333; font-family: 'Source Sans Pro', 'Helvetica Neue', Helvetica, Arial, Verdana, sans-serif;\">Extreme value theory for logarithmically correlated fields<\/span><\/strong><\/p>\n<p>Random fields whose correlations decay (approximately) logarithmically in the distance between two test points, are shown increasingly prevalent in numerous physical and mathematical contexts. One active line of research in this area, is the study of statistical features of the extreme (near maximum\/minimum) values of such fields. Aside a from pure mathematical significance (including an emerging universality picture), extreme values govern much of phenomena observed in applications where such fields are encountered.<\/p>\n<p>In this mini-course, I intend to (time-permitting): 1. Define such fields, discuss their fundamental properties, and survey some of the canonical examples, 2. Review recent progress in the emerging extreme value theory, 3. Highlight key and common arguments in the proofs of the latter, and 4. Discuss various applications of the theory.<\/p>\n<p>Key objects which will appear frequently in the presentation include the branching random walk, branching Brownian motion and the Gaussian free field.<\/p>\n<p>No preliminary background is needed except for a graduate level knowledge of probability theory.<\/p>\n<h5 id=\"Kyprianou\"><strong>Leonardo Rolla, <em>University of S\u00e3o Paulo<\/em><br \/>\n<\/strong><\/h5>\n<p><strong>An introduction to the contact process<\/strong><\/p>\n<div>The contact process is a self-dual additive particle system and in many aspects it behaves like an oriented percolation model. It is a classical model that has been studied for several decades and continues to present intriguing challenges. At the same time, many results and techniques involved in the analysis of this model permeate the study of seemingly unrelated problems in Probability Theory. In this minicourse we aim at introducing the model on Z^d and studying its main properties. We plan to cover: basic properties (monotonicity, duality, invariant measures, etc), phase transition, speed via subadditivity arguments, zero-speed and lack of survival at the critical point via a two-scale renormalization, and a description of how the subcritical model dies out.<\/div>\n<div class=\"yj6qo\"><\/div>\n<div class=\"adL\"><\/div>\n<h5 id=\"Kyprianou\"><strong>Dieter Mitsche, <em>Universidad Cat\u00f3lica de Chile<\/em><br \/>\n<\/strong><\/h5>\n<div><strong>An introduction to percolation<\/strong><\/div>\n<div><\/div>\n<div>Percolation theory\u00a0describes the behavior of clustered components in random networks\u00a0. The common intuition is movement and filtering of fluids through porous materials, for example, filtration of water through soil and permeable rocks.<\/div>\n<div>In this minicourse we give an introduction to the field, mostly on (nearest-neighbor) bond percolation on Z\u00b2, but there will be also a part on long-range percolation on Z. In particular, time permitting, the following topics will be discussed:<\/div>\n<ul>\n<li><span style=\"color: #202124; font-family: Google Sans, arial, sans-serif;\">uniqueness of the infinite cluster in supercritical bond percolation<\/span><\/li>\n<li><span style=\"color: #202124; font-family: Google Sans, arial, sans-serif;\">box-crossing property and FKG-inequality in bond percolation<\/span><\/li>\n<li>Russo&#8217;s formula and its application to prove the criticality threshold of bond-percolation<\/li>\n<li>\n<div><span style=\"color: #202124; font-family: Google Sans, arial, sans-serif;\">renormalization technique to study the existence of an infinite-cluster in long-range percolation in Z<\/span><\/div>\n<\/li>\n<\/ul>\n<p>Literature:<\/p>\n<ul>\n<li>1. Vincent Tassion. &#8220;Planarity and locality in percolation theory&#8221;, PhD thesis, ENS Lyon, 2014.<\/li>\n<li>2. Hugo Duminil-Copin. &#8220;Introduction to Bernoulli percolation&#8221;, Lecture notes available at <a href=\"https:\/\/www.ihes.fr\/~duminil\/publi\/2017percolation.pdf\" target=\"_blank\" rel=\"noopener\" data-saferedirecturl=\"https:\/\/www.google.com\/url?q=https:\/\/www.ihes.fr\/~duminil\/publi\/2017percolation.pdf&amp;source=gmail&amp;ust=1703701036117000&amp;usg=AOvVaw1rutBi6Mx9UycXwcrep0Cg\">https:\/\/www.ihes.fr\/~duminil\/<wbr \/>publi\/2017percolation.pdf<\/a><\/li>\n<li>3. H. Duminil-Copin, C. Garban, V. Tassion. &#8220;Long-range percolation in 1D revisited&#8221;. Available at\u00a0<a href=\"https:\/\/arxiv.org\/abs\/2011.04642\" target=\"_blank\" rel=\"noopener\" data-saferedirecturl=\"https:\/\/www.google.com\/url?q=https:\/\/arxiv.org\/abs\/2011.04642&amp;source=gmail&amp;ust=1703701036117000&amp;usg=AOvVaw2DuJJLUg9enzMWtVp8Q8Ig\">https:\/\/arxiv.org\/abs\/2011.<wbr \/>04642<\/a>.<\/li>\n<\/ul>\n<h2>Talks<\/h2>\n<h5><strong>Tamara Fern\u00e1ndez<em>, Universidad Adolfo Ib\u00e1\u00f1ez<\/em><\/strong><\/h5>\n<p><strong>A general framework for the analysis of kernel-based tests<\/strong><\/p>\n<p><span style=\"color: #000000;\">Kernel-based tests provide a simple yet effective framework that utilizes the theory of reproducing kernel Hilbert spaces to design non-parametric testing procedures. In this presentation, we introduce new theoretical tools for studying the asymptotic behavior of kernel-based tests across various data scenarios and testing problems. Unlike current approaches, our methods circumvent the use of U and V-statistics expansions, which often result in lengthy and tedious computations and asymptotic approximations, especially in complex scenarios. I<\/span>nstead, we work directly with random functionals on the Hilbert space to analyse kernel-based tests. By harnessing the use of random functionals, our framework leads to a much cleaner analysis, involving less tedious computations. Additionally, it offers the advantage of accommodating pre-existing knowledge regarding test-statistics as many of the random functionals considered in applications are known statistics that have been studied thoroughly.<\/p>\n<h5><strong>Pablo L\u00f3pez-Rivera<em>, Universit\u00e9 Paris Cit\u00e9<br \/>\n<\/em><\/strong><\/h5>\n<p><strong>Preservation of functional inequalities under log-Lipschitz perturbations<\/strong><\/p>\n<p>Given a probability measure satisfying some functional inequalities (Poincar\u00e9, log-Sobolev, etc.), it is natural to wonder if these remain valid for a perturbation of the measure. In particular, if there exists a globally Lipschitz map pushing forward the source measure towards its perturbation, then it is easy to transport certain functional inequalities. For example, Caffarelli\u2019s contraction theorem states that the optimal transport map between the Gaussian measure and a log-concave perturbation is 1-Lipschitz.<\/p>\n<p>In this talk I will show how such a map exists if we consider log-Lipschitz perturbations of a measure on a Riemannian manifold, via the interpolation given by the Langevin diffusion associated to the source measure (aka Kim-Milman\u2019s heat flow transport map), assuming as well control on the curvature of the manifold at first and second order in the sense of Bakry-\u00c9mery-Ricci. No prerequisites in geometry are needed.<\/p>\n<p>&nbsp;<\/p>\n<h5><strong>Gonzalo Panizo<em>, IMCA<\/em><br \/>\n<\/strong><\/h5>\n<p><strong>Random Interlacements of directed paths<\/strong><\/p>\n<p>We present the model of Random Interlacements and a variation of it where the simple symmetric random walk is replaced by a directed random walk. We talk about the existence and percolation problems of this model and its relationship with the so-called escape problems.<\/p>\n<h5><strong>Jaime San Mart\u00edn, <em>Universidad de Chile<\/em><\/strong><\/h5>\n<p><strong>Some New and Classical results for Schr\u00f6dinger operators in dimension 1<\/strong><\/p>\n<p>We will see classical and new results for Schr\u00f6dinger operators in dimension 1, in the context of Branching Diffusions. We will give asymptotic for the mean number of\u00a0 particles surviving to time t and its limiting conditional Laplace transform.<\/p>\n<p>&nbsp;<\/p>\n<h5><strong>Leonardo Videla<em>, Universidad de Santiago<\/em><br \/>\n<\/strong><\/h5>\n<p><strong>Simplified Wright-Fisher processes and some non-linear extensions<\/strong><\/p>\n<p>We propose a family of Markov kernels on the unit interval which, after rescaling, are proved to converge in law to a large family of diffusion processes of the Wright-Fisher type. Discrete-time line-counting processes (the ancestral lineage processes) are obtained, and we prove moment duality formulae for the discrete-time processes. This unified, parsimonious derivation of some well-known population genetic processes allows one to easily extend the dynamics to the case where mutations and selection rates depend on the instantaneous distribution of the process. In this connection we prove both, propagation of chaos for the associated particle system in mean-field regime, and the convergence of the rescaled discrete-time Wright-Fisher conglomerate to diffusions of the McKean-Vlasov type.<\/p>\n<p>Joint work with H\u00e9ctor Olivero (Universidad de Valpara\u00edso), Fernando Cordero (Universit\u00e4t Bielefeld) and Christian Jorquera (Universidad de Santiago de Chile) .<\/p>\n<h5><strong>Tianqi Wu<em>, Technion<\/em><\/strong><\/h5>\n<p><strong>Diameter of a long-range percolation graph for the critical exponent s=d<\/strong><\/p>\n<p>Many real-world networks exhibit the small-world phenomenon: their typical distances are much smaller than their sizes. A natural way to model this phenomenon is a long-range percolation graph on the lattice $Z^d$, in which edges are added between far-away vertices with probability falling off to the $s$-th power of the Euclidean distance. How does the resulting graph distance scale with the Euclidean distance? The question has been intensely studied in the past and the answer depends on the exponent $s$ in the connection probabilities, for which five regimes of behavior have been identified. In this talk I will give an overview on past results and then discuss our current understanding of the critical regime $s=d$.<\/p>\n<p>&nbsp;<\/p>\n<p>&nbsp;<\/p>\n<p>&nbsp;<\/p>\n","protected":false},"excerpt":{"rendered":"<p>&nbsp; &nbsp; Monday Tuesday Wednesday Thursday Friday 10:00-11:15 Mitsche Rolla Mitsche Louidor Mitsche 11:15-11:45 Coffee Coffee Coffee Coffee Coffee 11:45-13:00 Rolla Louidor Louidor Rolla Louidor 13:00-15:00 Lunch Lunch Lunch Lunch Lunch 15:00-16:00 San Mart\u00edn Panizo Wu Fern\u00e1ndez 16:00-16:30 Coffee Coffee Coffee 16:30-17:30 L\u00f3pez-Rivera Rolla Videla Mitsche Reception Dinner Mini-Courses Oren Louidor, Technion Extreme value theory &hellip; <a href=\"https:\/\/eventos.cmm.uchile.cl\/escuelappe2024\/program\/\" class=\"more-link\">Continue reading <span class=\"screen-reader-text\">Program<\/span> <span class=\"meta-nav\">&rarr;<\/span><\/a><\/p>\n","protected":false},"author":14,"featured_media":0,"parent":0,"menu_order":3,"comment_status":"closed","ping_status":"closed","template":"","meta":{"inline_featured_image":false,"footnotes":""},"class_list":["post-16","page","type-page","status-publish","hentry"],"_links":{"self":[{"href":"https:\/\/eventos.cmm.uchile.cl\/escuelappe2024\/wp-json\/wp\/v2\/pages\/16","targetHints":{"allow":["GET"]}}],"collection":[{"href":"https:\/\/eventos.cmm.uchile.cl\/escuelappe2024\/wp-json\/wp\/v2\/pages"}],"about":[{"href":"https:\/\/eventos.cmm.uchile.cl\/escuelappe2024\/wp-json\/wp\/v2\/types\/page"}],"author":[{"embeddable":true,"href":"https:\/\/eventos.cmm.uchile.cl\/escuelappe2024\/wp-json\/wp\/v2\/users\/14"}],"replies":[{"embeddable":true,"href":"https:\/\/eventos.cmm.uchile.cl\/escuelappe2024\/wp-json\/wp\/v2\/comments?post=16"}],"version-history":[{"count":68,"href":"https:\/\/eventos.cmm.uchile.cl\/escuelappe2024\/wp-json\/wp\/v2\/pages\/16\/revisions"}],"predecessor-version":[{"id":307,"href":"https:\/\/eventos.cmm.uchile.cl\/escuelappe2024\/wp-json\/wp\/v2\/pages\/16\/revisions\/307"}],"wp:attachment":[{"href":"https:\/\/eventos.cmm.uchile.cl\/escuelappe2024\/wp-json\/wp\/v2\/media?parent=16"}],"curies":[{"name":"wp","href":"https:\/\/api.w.org\/{rel}","templated":true}]}}