{"id":256,"date":"2023-09-06T13:09:58","date_gmt":"2023-09-06T16:09:58","guid":{"rendered":"https:\/\/eventos.cmm.uchile.cl\/escuelappe2024\/?page_id=256"},"modified":"2025-01-02T19:23:40","modified_gmt":"2025-01-02T22:23:40","slug":"speakers","status":"publish","type":"page","link":"https:\/\/eventos.cmm.uchile.cl\/escuelappe2027\/speakers\/","title":{"rendered":"Speakers"},"content":{"rendered":"<h2><strong>Mini-courses<\/strong><\/h2>\n<h3 id=\"armendariz\"><img loading=\"lazy\" decoding=\"async\" class=\"speaker_pic alignleft wp-image-335 size-full\" src=\"https:\/\/eventos.cmm.uchile.cl\/escuelappe2027\/wp-content\/uploads\/sites\/230\/2024\/12\/armendariz_01.jpg\" alt=\"In\u00e9s Armend\u00e1riz\" width=\"200\" height=\"200\" srcset=\"https:\/\/eventos.cmm.uchile.cl\/escuelappe2027\/wp-content\/uploads\/sites\/230\/2024\/12\/armendariz_01.jpg 200w, https:\/\/eventos.cmm.uchile.cl\/escuelappe2027\/wp-content\/uploads\/sites\/230\/2024\/12\/armendariz_01-150x150.jpg 150w\" sizes=\"auto, (max-width: 200px) 100vw, 200px\" \/><strong>In\u00e9s Armend\u00e1riz<\/strong><\/h3>\n<p>Profesora, Departamento de Matem\u00e1tica<br \/>\nUniversidad de Buenos Aires<\/p>\n<p>In\u00e9s is Argentinean and works in probability and stochastic processes. She received her undergraduate degree in Mathematics from the University of Buenos Aires and did her doctoral studies at the Courant Institute of New York University, where she worked with Prof. S.R.S. Varadhan. Subsequently, she did postdoctoral stays at IMPA (Brazil) and at the universities of Connecticut (USA) and Cambridge (UK). She is currently a professor in the Department of Mathematics at the University of Buenos Aires, where she actively participates in the probability research group and is a researcher at the National Council of Scientific and Technical Research (CONICET).<\/p>\n<p><a href=\"https:\/\/scholar.google.com\/citations?user=Zqd5-8gAAAAJ&amp;hl=es\" target=\"_blank\" rel=\"noopener\"><span class=\"simple-icon-googlescholar\" style=\"fill:#4285F4;\"><svg role=\"img\" xmlns=\"http:\/\/www.w3.org\/2000\/svg\" viewBox=\"0 0 24 24\"><title>Google Scholar<\/title><path d=\"M5.242 13.769L0 9.5 12 0l12 9.5-5.242 4.269C17.548 11.249 14.978 9.5 12 9.5c-2.977 0-5.548 1.748-6.758 4.269zM12 10a7 7 0 1 0 0 14 7 7 0 0 0 0-14z\" \/><\/svg><\/span><\/a><\/p>\n<p>Course: <em>TBA<\/em><\/p>\n<div class=\"su-divider su-divider-style-default\" style=\"margin:15px 0;border-width:3px;border-color:#604872\"><a href=\"#\" style=\"color:#999999\">Go to top<\/a><\/div>\n<h3 id=\"fredes\"><strong><img loading=\"lazy\" decoding=\"async\" class=\"speaker_pic alignleft wp-image-336 size-full\" src=\"https:\/\/eventos.cmm.uchile.cl\/escuelappe2027\/wp-content\/uploads\/sites\/230\/2024\/12\/fredes_01.jpg\" alt=\"Luis Fredes\" width=\"200\" height=\"200\" srcset=\"https:\/\/eventos.cmm.uchile.cl\/escuelappe2027\/wp-content\/uploads\/sites\/230\/2024\/12\/fredes_01.jpg 200w, https:\/\/eventos.cmm.uchile.cl\/escuelappe2027\/wp-content\/uploads\/sites\/230\/2024\/12\/fredes_01-150x150.jpg 150w\" sizes=\"auto, (max-width: 200px) 100vw, 200px\" \/>Luis Fredes<\/strong><\/h3>\n<p>Assistant Professor, Universit\u00e9 de Bordeaux<\/p>\n<p>I am currently Ma\u00eetre de conf\u00e9rences at the Universit\u00e9 de Bordeaux and fellow of the Images, optimization and probabilities group at the Institute de math\u00e9matiques de Bordeaux . Until october 2021 I was a Postdoc fellow in the Probability team of the Universit\u00e9 Paris-sud, funded by the project ERC GeoBrown of Jean-Fra\u00e7ois Le Gall. My interests are stochastic processes and integrable systems, especially the ones connecting probabilities with combinatorics.<\/p>\n<p><a href=\"https:\/\/scholar.google.com\/citations?user=JX1FHj0AAAAJ&amp;hl=en\" target=\"_blank\" rel=\"noopener\"><span class=\"simple-icon-googlescholar\" style=\"fill:#4285F4;\"><svg role=\"img\" xmlns=\"http:\/\/www.w3.org\/2000\/svg\" viewBox=\"0 0 24 24\"><title>Google Scholar<\/title><path d=\"M5.242 13.769L0 9.5 12 0l12 9.5-5.242 4.269C17.548 11.249 14.978 9.5 12 9.5c-2.977 0-5.548 1.748-6.758 4.269zM12 10a7 7 0 1 0 0 14 7 7 0 0 0 0-14z\" \/><\/svg><\/span><\/a> <a href=\"https:\/\/www.researchgate.net\/profile\/Luis-Fredes-2\" target=\"_blank\" rel=\"noopener\"><span class=\"simple-icon-researchgate\" style=\"fill:#00CCBB;\"><svg role=\"img\" xmlns=\"http:\/\/www.w3.org\/2000\/svg\" viewBox=\"0 0 24 24\"><title>ResearchGate<\/title><path d=\"M19.586 0c-.818 0-1.508.19-2.073.565-.563.377-.97.936-1.213 1.68a3.193 3.193 0 0 0-.112.437 8.365 8.365 0 0 0-.078.53 9 9 0 0 0-.05.727c-.01.282-.013.621-.013 1.016a31.121 31.123 0 0 0 .014 1.017 9 9 0 0 0 .05.727 7.946 7.946 0 0 0 .077.53h-.005a3.334 3.334 0 0 0 .113.438c.245.743.65 1.303 1.214 1.68.565.376 1.256.564 2.075.564.8 0 1.536-.213 2.105-.603.57-.39.94-.916 1.175-1.65.076-.235.135-.558.177-.93a10.9 10.9 0 0 0 .043-1.207v-.82c0-.095-.047-.142-.14-.142h-3.064c-.094 0-.14.047-.14.141v.956c0 .094.046.14.14.14h1.666c.056 0 .084.03.084.086 0 .36 0 .62-.036.865-.038.244-.1.447-.147.606-.108.385-.348.664-.638.876-.29.212-.738.35-1.227.35-.545 0-.901-.15-1.21-.353-.306-.203-.517-.454-.67-.915a3.136 3.136 0 0 1-.147-.762 17.366 17.367 0 0 1-.034-.656c-.01-.26-.014-.572-.014-.939a26.401 26.403 0 0 1 .014-.938 15.821 15.822 0 0 1 .035-.656 3.19 3.19 0 0 1 .148-.76 1.89 1.89 0 0 1 .742-1.01c.344-.244.593-.352 1.137-.352.508 0 .815.096 1.144.303.33.207.528.492.764.925.047.094.111.118.198.07l1.044-.43c.075-.048.09-.115.042-.199a3.549 3.549 0 0 0-.466-.742 3 3 0 0 0-.679-.607 3.313 3.313 0 0 0-.903-.41A4.068 4.068 0 0 0 19.586 0zM8.217 5.836c-1.69 0-3.036.086-4.297.086-1.146 0-2.291 0-3.007-.029v.831l1.088.2c.744.144 1.174.488 1.174 2.264v11.288c0 1.777-.43 2.12-1.174 2.263l-1.088.2v.832c.773-.029 2.12-.086 3.465-.086 1.29 0 2.951.057 3.667.086v-.831l-1.49-.2c-.773-.115-1.174-.487-1.174-2.264v-4.784c.688.057 1.29.057 2.206.057 1.748 3.123 3.41 5.472 4.355 6.56.86 1.032 2.177 1.691 3.839 1.691.487 0 1.003-.086 1.318-.23v-.744c-1.031 0-2.063-.716-2.808-1.518-1.26-1.376-2.95-3.582-4.355-6.074 2.32-.545 4.04-2.722 4.04-4.9 0-3.208-2.492-4.698-5.758-4.698zm-.515 1.29c2.406 0 3.839 1.26 3.839 3.552 0 2.263-1.547 3.782-4.097 3.782-.974 0-1.404-.03-2.063-.086v-7.19c.66-.059 1.547-.059 2.32-.059z\" \/><\/svg><\/span><\/a><\/p>\n<p>Course: <a href=\"https:\/\/eventos.cmm.uchile.cl\/escuelappe2025\/program#fredes\"><em>Heaps of Pieces and Applications to Probability Theory<\/em><\/a><\/p>\n<div class=\"su-divider su-divider-style-default\" style=\"margin:15px 0;border-width:3px;border-color:#604872\"><a href=\"#\" style=\"color:#999999\">Go to top<\/a><\/div>\n<h3 id=\"linker\"><strong><img loading=\"lazy\" decoding=\"async\" class=\"speaker_pic alignleft wp-image-337 size-full\" src=\"https:\/\/eventos.cmm.uchile.cl\/escuelappe2027\/wp-content\/uploads\/sites\/230\/2024\/12\/linker_01.jpg\" alt=\"Amitai Linker\" width=\"200\" height=\"200\" srcset=\"https:\/\/eventos.cmm.uchile.cl\/escuelappe2027\/wp-content\/uploads\/sites\/230\/2024\/12\/linker_01.jpg 200w, https:\/\/eventos.cmm.uchile.cl\/escuelappe2027\/wp-content\/uploads\/sites\/230\/2024\/12\/linker_01-150x150.jpg 150w\" sizes=\"auto, (max-width: 200px) 100vw, 200px\" \/>Amitai Linker<\/strong><\/h3>\n<p>Universidad Andr\u00e9s Bello<\/p>\n<p>Amitai Linker is a mathematical civil engineer and holds a PhD in mathematical modeling from the University of Chile. He was a postdoctoral researcher at Universit\u00e9 Jean Monnet Saint-Etienne and Universit\u00e4t zu K\u00f6ln. He is a researcher in probability, with interest in the world of machine learning and data analysis.<\/p>\n<p>&nbsp;<\/p>\n<p>Course: <a href=\"https:\/\/eventos.cmm.uchile.cl\/escuelappe2025\/program#linker\"><em>The contact process on dynamic graphs<\/em><\/a><\/p>\n<div class=\"su-divider su-divider-style-default\" style=\"margin:15px 0;border-width:3px;border-color:#604872\"><a href=\"#\" style=\"color:#999999\">Go to top<\/a><\/div>\n<h2><strong>Talks<\/strong><\/h2>\n<p>&nbsp;<\/p>\n<h3 id=\"amorim\"><strong>Julian Amorim<\/strong><\/h3>\n<p>IMPA<\/p>\n<p>&nbsp;<\/p>\n<p>Talk:\u00a0Quantitative Hydrodynamics for a Generalized Contact Process<\/p>\n<div class=\"su-divider su-divider-style-default\" style=\"margin:15px 0;border-width:3px;border-color:#604872\"><a href=\"#\" style=\"color:#999999\">Go to top<\/a><\/div>\n<p>&nbsp;<\/p>\n<h3 id=\"araya\"><strong>Pablo Araya<\/strong><\/h3>\n<p>Universidad de Chile<\/p>\n<p>&nbsp;<\/p>\n<p>&nbsp;<\/p>\n<p>Talk: Markovian properties on random planar maps<\/p>\n<div class=\"su-divider su-divider-style-default\" style=\"margin:15px 0;border-width:3px;border-color:#604872\"><a href=\"#\" style=\"color:#999999\">Go to top<\/a><\/div>\n<p>&nbsp;<\/p>\n<h3 id=\"biswas\"><strong>Sani Biswas<br \/>\n<\/strong><\/h3>\n<p>Universidad de Chile<\/p>\n<p>&nbsp;<\/p>\n<p>&nbsp;<\/p>\n<p>Talk:\u00a0Milstein-type schemes for McKean&#8211;Vlasov SDEs driven by Brownian motion and Poisson random measure (with super-linear coefficients)<\/p>\n<div class=\"su-divider su-divider-style-default\" style=\"margin:15px 0;border-width:3px;border-color:#604872\"><a href=\"#\" style=\"color:#999999\">Go to top<\/a><\/div>\n<p>&nbsp;<\/p>\n<h3 id=\"devita\"><strong>Cecilia De Vita<\/strong><\/h3>\n<p>Universidad de Buenos Aires<\/p>\n<p>Talk: Synchronization in Random Geometric Graphs<\/p>\n<div class=\"su-divider su-divider-style-default\" style=\"margin:15px 0;border-width:3px;border-color:#604872\"><a href=\"#\" style=\"color:#999999\">Go to top<\/a><\/div>\n<p>&nbsp;<\/p>\n<p>&nbsp;<\/p>\n<h3 id=\"cortez\"><strong>Roberto Cortez<br \/>\n<\/strong><\/h3>\n<p>Universidad Andr\u00e9s Bello<\/p>\n<p>&nbsp;<\/p>\n<p>Talk:Fractal opinions among interacting agents<\/p>\n<div class=\"su-divider su-divider-style-default\" style=\"margin:15px 0;border-width:3px;border-color:#604872\"><a href=\"#\" style=\"color:#999999\">Go to top<\/a><\/div>\n<p>&nbsp;<\/p>\n<p>&nbsp;<\/p>\n<h3 id=\"mena\"><strong>Gonzalo Mena<br \/>\n<\/strong><\/h3>\n<p>Carnegie Mellon University<\/p>\n<p>&nbsp;<\/p>\n<p>Talk:Statistical properties of the rectified transport.<\/p>\n<div class=\"su-divider su-divider-style-default\" style=\"margin:15px 0;border-width:3px;border-color:#604872\"><a href=\"#\" style=\"color:#999999\">Go to top<\/a><\/div>\n","protected":false},"excerpt":{"rendered":"<p>Mini-courses In\u00e9s Armend\u00e1riz Profesora, Departamento de Matem\u00e1tica Universidad de Buenos Aires In\u00e9s is Argentinean and works in probability and stochastic processes. She received her undergraduate degree in Mathematics from the University of Buenos Aires and did her doctoral studies at the Courant Institute of New York University, where she worked with Prof. S.R.S. Varadhan. Subsequently, &hellip; <a href=\"https:\/\/eventos.cmm.uchile.cl\/escuelappe2027\/speakers\/\" class=\"more-link\">Continue reading <span class=\"screen-reader-text\">Speakers<\/span> <span class=\"meta-nav\">&rarr;<\/span><\/a><\/p>\n","protected":false},"author":2,"featured_media":0,"parent":0,"menu_order":2,"comment_status":"closed","ping_status":"closed","template":"","meta":{"inline_featured_image":false,"footnotes":""},"class_list":["post-256","page","type-page","status-publish","hentry"],"_links":{"self":[{"href":"https:\/\/eventos.cmm.uchile.cl\/escuelappe2027\/wp-json\/wp\/v2\/pages\/256","targetHints":{"allow":["GET"]}}],"collection":[{"href":"https:\/\/eventos.cmm.uchile.cl\/escuelappe2027\/wp-json\/wp\/v2\/pages"}],"about":[{"href":"https:\/\/eventos.cmm.uchile.cl\/escuelappe2027\/wp-json\/wp\/v2\/types\/page"}],"author":[{"embeddable":true,"href":"https:\/\/eventos.cmm.uchile.cl\/escuelappe2027\/wp-json\/wp\/v2\/users\/2"}],"replies":[{"embeddable":true,"href":"https:\/\/eventos.cmm.uchile.cl\/escuelappe2027\/wp-json\/wp\/v2\/comments?post=256"}],"version-history":[{"count":21,"href":"https:\/\/eventos.cmm.uchile.cl\/escuelappe2027\/wp-json\/wp\/v2\/pages\/256\/revisions"}],"predecessor-version":[{"id":368,"href":"https:\/\/eventos.cmm.uchile.cl\/escuelappe2027\/wp-json\/wp\/v2\/pages\/256\/revisions\/368"}],"wp:attachment":[{"href":"https:\/\/eventos.cmm.uchile.cl\/escuelappe2027\/wp-json\/wp\/v2\/media?parent=256"}],"curies":[{"name":"wp","href":"https:\/\/api.w.org\/{rel}","templated":true}]}}