{"id":5,"date":"2013-09-04T22:04:38","date_gmt":"2013-09-05T02:04:38","guid":{"rendered":"http:\/\/eventos.cmm.uchile.cl\/escuelaprimavera2013\/?page_id=5"},"modified":"2013-09-12T17:21:56","modified_gmt":"2013-09-12T20:21:56","slug":"escuela","status":"publish","type":"page","link":"https:\/\/eventos.cmm.uchile.cl\/escuelaprimavera2013\/","title":{"rendered":"Escuela de Primavera"},"content":{"rendered":"<p><a href=\"http:\/\/eventos.cmm.uchile.cl\/escuelaprimavera2013\/wp-content\/uploads\/sites\/2\/2013\/09\/xiii_escuela_primavera_poster02op2.pdf\"><img loading=\"lazy\" decoding=\"async\" class=\" wp-image-67 alignright\" alt=\"poster XIII Escuela de Primavera\" src=\"http:\/\/eventos.cmm.uchile.cl\/escuelaprimavera2013\/wp-content\/uploads\/sites\/2\/2013\/09\/xiii_escuela_primavera_poster02thumb.jpg\" width=\"288\" height=\"446\" \/><\/a>El <a title=\"Departamento de Ingenier\u00eda Matem\u00e1tica\" href=\"http:\/\/www.dim.uchile.cl\/\">Departamento de Ingenier\u00eda Matem\u00e1tica (DIM)<\/a> y el <a title=\"Centro de Modelamiento Matem\u00e1tico\" href=\"http:\/\/www.cmm.uchile.cl\/\">Centro de Modelamiento Matem\u00e1tico (CMM)<\/a> de la <a title=\"Facultad de Ciencias F\u00edsicas y Matem\u00e1ticas\" href=\"http:\/\/ingenieria.uchile.cl\/\">Facultad de Ciencias F\u00edsicas y Matem\u00e1ticas<\/a>, <a title=\"Universidad de Chile\" href=\"http:\/\/www.uchile.cl\/\">Universidad de Chile<\/a>, organizan su Decimotercera Escuela de Primavera, orientada a estudiantes\u00a0de los \u00faltimos cursos de licenciatura y mag\u00edster de universidades latinoamericanas.<\/p>\n<p>Su objetivo es crear un espacio de discusi\u00f3n y aprendizaje de las diferentes disciplinas de la matem\u00e1tica relacionadas con nuestro quehacer. Simult\u00e1neamente, la escuela pretende dar a conocer el Programa de Doctorado en Modelaci\u00f3n Matem\u00e1tica impartido en nuestro departamento.<\/p>\n<p>En esta ocasi\u00f3n, la escuela consistir\u00e1 de cursos cortos y charlas de diferentes acad\u00e9micos del Departamento de Ingenier\u00eda Matem\u00e1tica en los siguientes temas:<\/p>\n<p>Matem\u00e1ticas Discretas<br \/>\nMec\u00e1nica Matem\u00e1tica y Problemas Inversos<br \/>\nAn\u00e1lisis No-lineal<br \/>\nOptimizaci\u00f3n y Equilibrio<br \/>\nInformaci\u00f3n, Aleatoriedad y Modelos Estoc\u00e1sticos<\/p>\n<p>Los postulantes deben enviar una carta de recomendaci\u00f3n (<a title=\"descargar documento\" href=\"http:\/\/eventos.cmm.uchile.cl\/escuelaprimavera2013\/wp-content\/uploads\/sites\/2\/2013\/09\/carta-recomendacion-escuela-2013.doc\">descargar documento<\/a>), un certificado de notas, un curr\u00edculum vitae, fotocopia de pasaporte o fotocopia de c\u00e9dula de Identidad y enviar a:<\/p>\n<p><strong>Silvia Mariano<\/strong><br \/>\n<strong> Secretar\u00eda XIII Escuela de Primavera<\/strong><br \/>\nDepartamento de Ingenier\u00eda Matem\u00e1tica, Universidad de Chile<br \/>\nBlanco Encalada 2120, 5to piso. Casilla 170, Correo 3<br \/>\nSantiago, Chile<br \/>\nescuela@dim.uchile.cl<\/p>\n<p>Tambi\u00e9n es posible enviar esta informaci\u00f3n en formato electr\u00f3nico a la direcci\u00f3n de la secretar\u00eda <strong>escuela@dim.uchile.cl<\/strong>. La fecha l\u00edmite de recepci\u00f3n de postulaciones es el d\u00eda\u00a0 <strong>22 de Septiembre de 2013<\/strong>.<\/p>\n","protected":false},"excerpt":{"rendered":"<p>El Departamento de Ingenier\u00eda Matem\u00e1tica (DIM) y el Centro de Modelamiento Matem\u00e1tico (CMM) de la Facultad de Ciencias F\u00edsicas y Matem\u00e1ticas, Universidad de Chile, organizan su Decimotercera Escuela de Primavera, orientada a estudiantes\u00a0de los \u00faltimos cursos de licenciatura y mag\u00edster de universidades latinoamericanas. Su objetivo es crear un espacio de discusi\u00f3n y aprendizaje de las &hellip; <a href=\"https:\/\/eventos.cmm.uchile.cl\/escuelaprimavera2013\/\" class=\"more-link\">Seguir leyendo <span class=\"screen-reader-text\">Escuela de Primavera<\/span> <span class=\"meta-nav\">&rarr;<\/span><\/a><\/p>\n","protected":false},"author":2,"featured_media":0,"parent":0,"menu_order":0,"comment_status":"closed","ping_status":"closed","template":"","meta":{"inline_featured_image":false,"footnotes":""},"class_list":["post-5","page","type-page","status-publish","hentry"],"_links":{"self":[{"href":"https:\/\/eventos.cmm.uchile.cl\/escuelaprimavera2013\/wp-json\/wp\/v2\/pages\/5","targetHints":{"allow":["GET"]}}],"collection":[{"href":"https:\/\/eventos.cmm.uchile.cl\/escuelaprimavera2013\/wp-json\/wp\/v2\/pages"}],"about":[{"href":"https:\/\/eventos.cmm.uchile.cl\/escuelaprimavera2013\/wp-json\/wp\/v2\/types\/page"}],"author":[{"embeddable":true,"href":"https:\/\/eventos.cmm.uchile.cl\/escuelaprimavera2013\/wp-json\/wp\/v2\/users\/2"}],"replies":[{"embeddable":true,"href":"https:\/\/eventos.cmm.uchile.cl\/escuelaprimavera2013\/wp-json\/wp\/v2\/comments?post=5"}],"version-history":[{"count":12,"href":"https:\/\/eventos.cmm.uchile.cl\/escuelaprimavera2013\/wp-json\/wp\/v2\/pages\/5\/revisions"}],"predecessor-version":[{"id":72,"href":"https:\/\/eventos.cmm.uchile.cl\/escuelaprimavera2013\/wp-json\/wp\/v2\/pages\/5\/revisions\/72"}],"wp:attachment":[{"href":"https:\/\/eventos.cmm.uchile.cl\/escuelaprimavera2013\/wp-json\/wp\/v2\/media?parent=5"}],"curies":[{"name":"wp","href":"https:\/\/api.w.org\/{rel}","templated":true}]}}