{"id":14,"date":"2020-11-06T17:01:14","date_gmt":"2020-11-06T20:01:14","guid":{"rendered":"http:\/\/eventos.cmm.uchile.cl\/feci2020\/?page_id=14"},"modified":"2020-11-16T14:04:17","modified_gmt":"2020-11-16T17:04:17","slug":"videos","status":"publish","type":"page","link":"https:\/\/eventos.cmm.uchile.cl\/feci2020\/videos\/","title":{"rendered":"Videos"},"content":{"rendered":"<h3>Registro en video<\/h3>\n<p>Si no pudiste asistir el d\u00eda del evento, o quieres recordar lo que te pareci\u00f3 m\u00e1s interesante, ya est\u00e1 disponible el registro en video de nuestra actividad:<\/p>\n<p><iframe loading=\"lazy\" title=\"Conversando de Datos y Supercomputaci\u00f3n - Charlas CMM en FECI 2020\" width=\"604\" height=\"340\" src=\"https:\/\/www.youtube.com\/embed\/CdmNEWXMZ9o?feature=oembed\" frameborder=\"0\" allow=\"accelerometer; autoplay; clipboard-write; encrypted-media; gyroscope; picture-in-picture; web-share\" referrerpolicy=\"strict-origin-when-cross-origin\" allowfullscreen><\/iframe><\/p>\n<h3>Miradas sobre el entorno: Matem\u00e1tica<\/h3>\n<p>Alejandro Maass, director del Centro de Modelamiento Matem\u00e1tico (CMM) de la Universidad de Chile, nos habla de la importancia de las matem\u00e1ticas para entender el mundo que nos rodea:<\/p>\n<p><iframe loading=\"lazy\" title=\"Miradas sobre el Entorno: Matem\u00e1tica\" width=\"604\" height=\"340\" src=\"https:\/\/www.youtube.com\/embed\/bM00wa5mdA0?feature=oembed\" frameborder=\"0\" allow=\"accelerometer; autoplay; clipboard-write; encrypted-media; gyroscope; picture-in-picture; web-share\" referrerpolicy=\"strict-origin-when-cross-origin\" allowfullscreen><\/iframe><\/p>\n<h3>Centro de Modelamiento Matem\u00e1tico<\/h3>\n<ul>\n<li><a href=\"https:\/\/youtu.be\/VK_CTWQhF5o\" target=\"_blank\" rel=\"noopener noreferrer\">Exploradores: CMM &#8211; Aportando al pa\u00eds desde la matem\u00e1tica<\/a><\/li>\n<li><a href=\"https:\/\/youtu.be\/OB84nwRCxjY\" target=\"_blank\" rel=\"noopener noreferrer\">Exploradores: CMM &#8211; Matem\u00e1ticas al servicio de la industria y del sector p\u00fablico<\/a><\/li>\n<li><a href=\"https:\/\/youtu.be\/1rI2aFnhWQw\" target=\"_blank\" rel=\"noopener noreferrer\">Exploradores: CMM &#8211; Aporte matem\u00e1tico en la era gen\u00f3mica<\/a><\/li>\n<li><a href=\"https:\/\/youtu.be\/LtfffXBL5L0\" target=\"_blank\" rel=\"noopener noreferrer\">Exploradores: CMM &#8211; El desaf\u00edo de mejorar la educaci\u00f3n matem\u00e1tica en Chile<\/a><\/li>\n<li><a href=\"https:\/\/youtu.be\/XKZFlYMxZbg\" target=\"_blank\" rel=\"noopener noreferrer\">Exploradores: CMM &#8211; Suma y Sigue, Potenciando la ense\u00f1anza de las matem\u00e1ticas<\/a><\/li>\n<li><a href=\"https:\/\/youtu.be\/U5HWHiOB7cQ\" target=\"_blank\" rel=\"noopener noreferrer\">Exploradores: CMM &#8211; ARPA, Activando la resoluci\u00f3n de problemas en las aulas<\/a><\/li>\n<li><a href=\"https:\/\/youtu.be\/C4gEvcHUPq0\" target=\"_blank\" rel=\"noopener noreferrer\">Exploradores: CMM &#8211; Matem\u00e1ticas la ciencia que descifra los datos<\/a><\/li>\n<li><a href=\"https:\/\/youtu.be\/Uu3fhu1nocM\" target=\"_blank\" rel=\"noopener noreferrer\">Exploradores: CMM &#8211; Superc\u00f3mputo, infraestructura tecnol\u00f3gica para el futuro de Chile<\/a><\/li>\n<li><a href=\"https:\/\/youtu.be\/oVTchWiJI9o\" target=\"_blank\" rel=\"noopener noreferrer\">Exploradores: CMM &#8211; Superc\u00f3mputo al servicio de Chile<\/a><\/li>\n<li><a href=\"https:\/\/youtu.be\/dM6h3kXR4rg\" target=\"_blank\" rel=\"noopener noreferrer\">Exploradores &#8211; CMM: Matem\u00e1ticas para el desarrollo del pa\u00eds<\/a><\/li>\n<li><a href=\"https:\/\/youtu.be\/Aqf04-eyqqU\" target=\"_blank\" rel=\"noopener noreferrer\">Exploradores &#8211; CMM: Resolviendo problemas de la industria y la educaci\u00f3n<\/a><\/li>\n<li><a href=\"https:\/\/youtu.be\/syOKIOQ54AY\" target=\"_blank\" rel=\"noopener noreferrer\">Exploradores &#8211; CMM: Modelos num\u00e9ricos para innovar en el sector industrial<\/a><\/li>\n<\/ul>\n<h3>Laboratorio Nacional de Computaci\u00f3n de Alto Rendimiento<\/h3>\n<ul>\n<li><a href=\"https:\/\/youtu.be\/Vg7l648lmv0\" target=\"_blank\" rel=\"noopener noreferrer\">Guacolda (TVN)<\/a><\/li>\n<\/ul>\n<h3>Proyecto ALeRCE<\/h3>\n<ul>\n<li><a href=\"https:\/\/youtu.be\/Ul3VkZ4v_5g\" target=\"_blank\" rel=\"noopener noreferrer\">Presentaci\u00f3n ALeRCE<\/a><\/li>\n<\/ul>\n<p>&nbsp;<\/p>\n<p><img decoding=\"async\" class=\"size-full wp-image-57 aligncenter\" src=\"http:\/\/eventos.cmm.uchile.cl\/feci2020\/wp-content\/uploads\/sites\/109\/2020\/11\/feci-cmm20_logos_03.png\" alt=\"\" width=\"100%\" srcset=\"https:\/\/eventos.cmm.uchile.cl\/feci2020\/wp-content\/uploads\/sites\/109\/2020\/11\/feci-cmm20_logos_03.png 604w, https:\/\/eventos.cmm.uchile.cl\/feci2020\/wp-content\/uploads\/sites\/109\/2020\/11\/feci-cmm20_logos_03-300x89.png 300w\" sizes=\"(max-width: 604px) 100vw, 604px\" \/><\/p>\n","protected":false},"excerpt":{"rendered":"<p>Registro en video Si no pudiste asistir el d\u00eda del evento, o quieres recordar lo que te pareci\u00f3 m\u00e1s interesante, ya est\u00e1 disponible el registro en video de nuestra actividad: Miradas sobre el entorno: Matem\u00e1tica Alejandro Maass, director del Centro de Modelamiento Matem\u00e1tico (CMM) de la Universidad de Chile, nos habla de la importancia de &hellip; <a href=\"https:\/\/eventos.cmm.uchile.cl\/feci2020\/videos\/\" class=\"more-link\">Seguir leyendo <span class=\"screen-reader-text\">Videos<\/span> <span class=\"meta-nav\">&rarr;<\/span><\/a><\/p>\n","protected":false},"author":2,"featured_media":0,"parent":0,"menu_order":1,"comment_status":"closed","ping_status":"closed","template":"","meta":{"inline_featured_image":false,"footnotes":""},"class_list":["post-14","page","type-page","status-publish","hentry"],"_links":{"self":[{"href":"https:\/\/eventos.cmm.uchile.cl\/feci2020\/wp-json\/wp\/v2\/pages\/14","targetHints":{"allow":["GET"]}}],"collection":[{"href":"https:\/\/eventos.cmm.uchile.cl\/feci2020\/wp-json\/wp\/v2\/pages"}],"about":[{"href":"https:\/\/eventos.cmm.uchile.cl\/feci2020\/wp-json\/wp\/v2\/types\/page"}],"author":[{"embeddable":true,"href":"https:\/\/eventos.cmm.uchile.cl\/feci2020\/wp-json\/wp\/v2\/users\/2"}],"replies":[{"embeddable":true,"href":"https:\/\/eventos.cmm.uchile.cl\/feci2020\/wp-json\/wp\/v2\/comments?post=14"}],"version-history":[{"count":9,"href":"https:\/\/eventos.cmm.uchile.cl\/feci2020\/wp-json\/wp\/v2\/pages\/14\/revisions"}],"predecessor-version":[{"id":79,"href":"https:\/\/eventos.cmm.uchile.cl\/feci2020\/wp-json\/wp\/v2\/pages\/14\/revisions\/79"}],"wp:attachment":[{"href":"https:\/\/eventos.cmm.uchile.cl\/feci2020\/wp-json\/wp\/v2\/media?parent=14"}],"curies":[{"name":"wp","href":"https:\/\/api.w.org\/{rel}","templated":true}]}}