{"id":65,"date":"2020-11-14T16:55:11","date_gmt":"2020-11-14T19:55:11","guid":{"rendered":"http:\/\/eventos.cmm.uchile.cl\/feci2020\/?page_id=65"},"modified":"2021-09-29T11:03:16","modified_gmt":"2021-09-29T14:03:16","slug":"recursos","status":"publish","type":"page","link":"https:\/\/eventos.cmm.uchile.cl\/feci2020\/recursos\/","title":{"rendered":"Recursos"},"content":{"rendered":"<p>Aqu\u00ed puedes descargar las presentaciones de nuestros expositores:<\/p>\n<div class=\"su-button-center\"><a href=\"https:\/\/static.cmm.uchile.cl\/emailing\/eventos2020\/feci2020\/20201114_Presentacion_NLHPC_FECI.pdf\" class=\"su-button su-button-style-flat\" style=\"color:#FFFFFF;background-color:#1683FB;border-color:#1269c9;border-radius:7px\" target=\"_blank\" rel=\"noopener noreferrer\"><span style=\"color:#FFFFFF;padding:7px 20px;font-size:16px;line-height:24px;border-color:#5ca9fd;border-radius:7px;text-shadow:none\"><i class=\"sui sui-file-pdf-o\" style=\"font-size:16px;color:#FFFFFF\"><\/i> \u00bfQu\u00e9 es la Supercomputaci\u00f3n?<\/span><\/a><\/div>\n<p>&nbsp;<\/p>\n<div class=\"su-button-center\"><a href=\"https:\/\/static.cmm.uchile.cl\/emailing\/eventos2020\/feci2020\/20201114_CMM_Outreach_ALeRCE.pdf\" class=\"su-button su-button-style-flat\" style=\"color:#FFFFFF;background-color:#1683FB;border-color:#1269c9;border-radius:7px\" target=\"_blank\" rel=\"noopener noreferrer\"><span style=\"color:#FFFFFF;padding:7px 20px;font-size:16px;line-height:24px;border-color:#5ca9fd;border-radius:7px;text-shadow:none\"><i class=\"sui sui-file-pdf-o\" style=\"font-size:16px;color:#FFFFFF\"><\/i> Alertas astron\u00f3micas y el proyecto ALeRCE<\/span><\/a><\/div>\n<h3>M\u00e1s informaci\u00f3n:<\/h3>\n<ul>\n<li>Laboratorio de superc\u00f3mputo &#8211; <a href=\"https:\/\/www.nlhpc.cl\" target=\"_blank\" rel=\"noopener noreferrer\">https:\/\/www.nlhpc.cl<\/a><\/li>\n<li>Sistema ALeRCE &#8211; <a href=\"http:\/\/alerce.science\" target=\"_blank\" rel=\"noopener noreferrer\">http:\/\/alerce.science<\/a><\/li>\n<li>Centro de Modelamiento Matem\u00e1tico &#8211; <a href=\"https:\/\/www.cmm.uchile.cl\" target=\"_blank\" rel=\"noopener noreferrer\">https:\/\/www.cmm.uchile.cl<\/a><\/li>\n<\/ul>\n","protected":false},"excerpt":{"rendered":"<p>Aqu\u00ed puedes descargar las presentaciones de nuestros expositores: &nbsp; M\u00e1s informaci\u00f3n: Laboratorio de superc\u00f3mputo &#8211; https:\/\/www.nlhpc.cl Sistema ALeRCE &#8211; http:\/\/alerce.science Centro de Modelamiento Matem\u00e1tico &#8211; https:\/\/www.cmm.uchile.cl<\/p>\n","protected":false},"author":2,"featured_media":0,"parent":0,"menu_order":2,"comment_status":"closed","ping_status":"closed","template":"","meta":{"inline_featured_image":false,"footnotes":""},"class_list":["post-65","page","type-page","status-publish","hentry"],"_links":{"self":[{"href":"https:\/\/eventos.cmm.uchile.cl\/feci2020\/wp-json\/wp\/v2\/pages\/65","targetHints":{"allow":["GET"]}}],"collection":[{"href":"https:\/\/eventos.cmm.uchile.cl\/feci2020\/wp-json\/wp\/v2\/pages"}],"about":[{"href":"https:\/\/eventos.cmm.uchile.cl\/feci2020\/wp-json\/wp\/v2\/types\/page"}],"author":[{"embeddable":true,"href":"https:\/\/eventos.cmm.uchile.cl\/feci2020\/wp-json\/wp\/v2\/users\/2"}],"replies":[{"embeddable":true,"href":"https:\/\/eventos.cmm.uchile.cl\/feci2020\/wp-json\/wp\/v2\/comments?post=65"}],"version-history":[{"count":6,"href":"https:\/\/eventos.cmm.uchile.cl\/feci2020\/wp-json\/wp\/v2\/pages\/65\/revisions"}],"predecessor-version":[{"id":84,"href":"https:\/\/eventos.cmm.uchile.cl\/feci2020\/wp-json\/wp\/v2\/pages\/65\/revisions\/84"}],"wp:attachment":[{"href":"https:\/\/eventos.cmm.uchile.cl\/feci2020\/wp-json\/wp\/v2\/media?parent=65"}],"curies":[{"name":"wp","href":"https:\/\/api.w.org\/{rel}","templated":true}]}}