{"id":9,"date":"2020-11-06T01:16:23","date_gmt":"2020-11-06T01:16:23","guid":{"rendered":"http:\/\/eventos.cmm.uchile.cl\/feci2020\/?page_id=9"},"modified":"2021-09-29T11:01:59","modified_gmt":"2021-09-29T14:01:59","slug":"feci-2020","status":"publish","type":"page","link":"https:\/\/eventos.cmm.uchile.cl\/feci2020\/","title":{"rendered":"Conversando de Datos y Supercomputaci\u00f3n"},"content":{"rendered":"<h2 class=\"subtitulo\">Festival de la Ciencia FECI 2020<\/h2>\n<h3 style=\"text-align: center;\">S\u00e1bado 14\u00a0 de noviembre de 2020<br \/>\n12:00-13:15 hrs. v\u00eda ZOOM\/Streaming<\/h3>\n<p>Ya esta disponible el registro en video de nuestra actividad, en la secci\u00f3n <a href=\"https:\/\/eventos.cmm.uchile.cl\/feci2020\/videos\/\">Videos<\/a><\/p>\n<div class=\"su-button-center\"><a href=\"https:\/\/eventos.cmm.uchile.cl\/feci2020\/registro\/\" class=\"su-button su-button-style-flatcmmbot\" style=\"color:#FFFFFF;background-color:#1683FB;border-color:#1269c9;border-radius:7px\" target=\"_self\"><span style=\"color:#FFFFFF;padding:7px 20px;font-size:16px;line-height:24px;border-color:#5ca9fd;border-radius:7px;text-shadow:none\"><i class=\"sui sui-calendar-check-o\" style=\"font-size:16px;color:#FFFFFF\"><\/i> Reg\u00edstrate para recibir el link a Zoom<\/span><\/a><\/div>\n<h3>Programa<\/h3>\n<ul>\n<li>12:00-12:10\u00a0 <strong>El Centro de Modelamiento Matem\u00e1tico (CMM)<\/strong><br \/>\n&#8211; Alejandro Maass, Director CMM<\/li>\n<li>12:10-12:30\u00a0 <strong>El Laboratorio de Superc\u00f3mputo (NLHPC)<\/strong><br \/>\n&#8211; Gin\u00e9s Guerrero, Director NLHPC<\/li>\n<li>12:30-12:50\u00a0 <strong>Alertas astron\u00f3micas con ALeRCE<\/strong><br \/>\n&#8211; Francisco F\u00f6rster, investigador CMM<\/li>\n<li>12:50-13:15\u00a0 <strong>Conversatorio y preguntas<\/strong><\/li>\n<\/ul>\n<p>&nbsp;<\/p>\n<p>&nbsp;<\/p>\n<p><img loading=\"lazy\" decoding=\"async\" class=\"size-full wp-image-57 aligncenter\" src=\"http:\/\/eventos.cmm.uchile.cl\/feci2020\/wp-content\/uploads\/sites\/109\/2020\/11\/feci-cmm20_logos_03.png\" alt=\"\" width=\"604\" height=\"180\" srcset=\"https:\/\/eventos.cmm.uchile.cl\/feci2020\/wp-content\/uploads\/sites\/109\/2020\/11\/feci-cmm20_logos_03.png 604w, https:\/\/eventos.cmm.uchile.cl\/feci2020\/wp-content\/uploads\/sites\/109\/2020\/11\/feci-cmm20_logos_03-300x89.png 300w\" sizes=\"auto, (max-width: 604px) 100vw, 604px\" \/><\/p>\n<p style=\"text-align: center;\">Una actividad para p\u00fablico general organizada por el <a href=\"https:\/\/www.cmm.uchile.cl\" target=\"_blank\" rel=\"noopener noreferrer\">Centro de Modelamiento Matem\u00e1tico (CMM)<\/a> de la Universidad de Chile en el marco del <a href=\"https:\/\/festivaldelaciencia.cl\/\" target=\"_blank\" rel=\"noopener noreferrer\">Festival de la Ciencia FECI 2020<\/a> del programa Ciencia P\u00fablica del Ministerio de Ciencia, Tecnolog\u00eda, Conocimiento e Innovaci\u00f3n de Chile.\u00a0 #FECI2020 #CelebremosLaCuriosidad #CentrosANID<\/p>\n","protected":false},"excerpt":{"rendered":"<p>Festival de la Ciencia FECI 2020 S\u00e1bado 14\u00a0 de noviembre de 2020 12:00-13:15 hrs. v\u00eda ZOOM\/Streaming Ya esta disponible el registro en video de nuestra actividad, en la secci\u00f3n Videos Programa 12:00-12:10\u00a0 El Centro de Modelamiento Matem\u00e1tico (CMM) &#8211; Alejandro Maass, Director CMM 12:10-12:30\u00a0 El Laboratorio de Superc\u00f3mputo (NLHPC) &#8211; Gin\u00e9s Guerrero, Director NLHPC 12:30-12:50\u00a0 &hellip; <a href=\"https:\/\/eventos.cmm.uchile.cl\/feci2020\/\" class=\"more-link\">Seguir leyendo <span class=\"screen-reader-text\">Conversando de Datos y Supercomputaci\u00f3n<\/span> <span class=\"meta-nav\">&rarr;<\/span><\/a><\/p>\n","protected":false},"author":2,"featured_media":0,"parent":0,"menu_order":0,"comment_status":"closed","ping_status":"closed","template":"","meta":{"inline_featured_image":false,"footnotes":""},"class_list":["post-9","page","type-page","status-publish","hentry"],"_links":{"self":[{"href":"https:\/\/eventos.cmm.uchile.cl\/feci2020\/wp-json\/wp\/v2\/pages\/9","targetHints":{"allow":["GET"]}}],"collection":[{"href":"https:\/\/eventos.cmm.uchile.cl\/feci2020\/wp-json\/wp\/v2\/pages"}],"about":[{"href":"https:\/\/eventos.cmm.uchile.cl\/feci2020\/wp-json\/wp\/v2\/types\/page"}],"author":[{"embeddable":true,"href":"https:\/\/eventos.cmm.uchile.cl\/feci2020\/wp-json\/wp\/v2\/users\/2"}],"replies":[{"embeddable":true,"href":"https:\/\/eventos.cmm.uchile.cl\/feci2020\/wp-json\/wp\/v2\/comments?post=9"}],"version-history":[{"count":25,"href":"https:\/\/eventos.cmm.uchile.cl\/feci2020\/wp-json\/wp\/v2\/pages\/9\/revisions"}],"predecessor-version":[{"id":83,"href":"https:\/\/eventos.cmm.uchile.cl\/feci2020\/wp-json\/wp\/v2\/pages\/9\/revisions\/83"}],"wp:attachment":[{"href":"https:\/\/eventos.cmm.uchile.cl\/feci2020\/wp-json\/wp\/v2\/media?parent=9"}],"curies":[{"name":"wp","href":"https:\/\/api.w.org\/{rel}","templated":true}]}}