{"id":147,"date":"2022-10-04T19:08:36","date_gmt":"2022-10-04T22:08:36","guid":{"rendered":"https:\/\/eventos.cmm.uchile.cl\/feci2022\/?page_id=147"},"modified":"2022-10-07T12:16:27","modified_gmt":"2022-10-07T15:16:27","slug":"palabrudo","status":"publish","type":"page","link":"https:\/\/eventos.cmm.uchile.cl\/feci2022\/palabrudo\/","title":{"rendered":"Jugando al \u00abPalabrudo\u00bb"},"content":{"rendered":"<h2 id=\"dunstan\">Viernes 7 de octubre<br \/>\n12:00 &#8211; 14:30<\/h2>\n<p>Regi\u00f3n: Regi\u00f3n Metropolitana de Santiago<\/p>\n<p>Lugar: Facultad de Ciencias F\u00edsicas y Matem\u00e1ticas Universidad de Chile<br \/>\nBeauchef 850, Santiago<br \/>\nZ\u00f3calo Sur<\/p>\n<p>P\u00fablico: Familiar \/ Todo p\u00fablico<br \/>\nModalidad: Presencial<br \/>\nFormato: Otro<br \/>\nDisciplina: Humanidades<\/p>\n<p><img loading=\"lazy\" decoding=\"async\" class=\"aligncenter size-full wp-image-168\" src=\"https:\/\/eventos.cmm.uchile.cl\/feci2022\/wp-content\/uploads\/sites\/144\/2022\/10\/FECI_palabrudo_viernes_7_de_octubre_01.png\" alt=\"El Palabrudo en FECI\" width=\"1080\" height=\"1080\" srcset=\"https:\/\/eventos.cmm.uchile.cl\/feci2022\/wp-content\/uploads\/sites\/144\/2022\/10\/FECI_palabrudo_viernes_7_de_octubre_01.png 1080w, https:\/\/eventos.cmm.uchile.cl\/feci2022\/wp-content\/uploads\/sites\/144\/2022\/10\/FECI_palabrudo_viernes_7_de_octubre_01-300x300.png 300w, https:\/\/eventos.cmm.uchile.cl\/feci2022\/wp-content\/uploads\/sites\/144\/2022\/10\/FECI_palabrudo_viernes_7_de_octubre_01-1024x1024.png 1024w, https:\/\/eventos.cmm.uchile.cl\/feci2022\/wp-content\/uploads\/sites\/144\/2022\/10\/FECI_palabrudo_viernes_7_de_octubre_01-150x150.png 150w, https:\/\/eventos.cmm.uchile.cl\/feci2022\/wp-content\/uploads\/sites\/144\/2022\/10\/FECI_palabrudo_viernes_7_de_octubre_01-768x768.png 768w\" sizes=\"auto, (max-width: 1080px) 100vw, 1080px\" \/><\/p>\n<div class=\"su-divider su-divider-style-default\" style=\"margin:15px 0;border-width:3px;border-color:#FD6368\"><a href=\"#\" style=\"color:#999999\">Ir arriba<\/a><\/div>\n<h2 id=\"ramirez\">Detalles del evento<\/h2>\n<p>La actividad de juegos en vivo es una instancia para conocer, disfrutar y jugar <strong>el juego de mesa \u201cEl Palabrudo\u201d<\/strong>, especialmente dise\u00f1ado para desarrollar y\/o fortalecer habilidades ling\u00fc\u00edsticas y comunicativas de quienes lo juegan. \u201cEl Palabrudo\u201d se desarrolla en un mundo postapocal\u00edptico, donde los seres humanos ponen grandes esfuerzos en recuperar la habitabilidad de la superficie terrestre, tras el colapso ecol\u00f3gico que sufri\u00f3 el planeta. La narrativa del juego plantea la necesidad de cooperaci\u00f3n y di\u00e1logo entre los humanos sobrevivientes quienes, luego de verse obligados a vivir largos a\u00f1os bajo tierra tras la ecatombe, buscan estrategias para resolver desaf\u00edos ling\u00fc\u00edsticos que les permitir\u00e1n hacer frente a las dificultades que instala la falta de recursos y un escenario de sobrevivencia, abordando de esta manera el eje de resiliencia y adaptaci\u00f3n.<\/p>\n<p>Lux, protagonista del mundo de \u201cEl Palabrudo\u201d es la l\u00edder de La Orden, una sociedad que ha resguardado el idioma y la cultura de la humanidad, a pesar del aislamiento en que quedaron luego de la destrucci\u00f3n del ecosistema que dej\u00f3 la superficie terrestre inhabitable. La comunidad de Lux descubre la existencia de \u201cLos Otros\u201d, humanos que durante el confinamiento retrocedieron a formas prehist\u00f3ricas de comunicaci\u00f3n, perdiendo el lenguaje. De la mano de la Orden, se busca recuperar el lenguaje com\u00fan, que permita el di\u00e1logo y la cooperaci\u00f3n para repoblar la superficie terrestre, todo esto enfrentando variados desaf\u00edos y amenazas en torno a la degradaci\u00f3n de la tierra y a la escasez del agua. De esta manera, el juego ofrece llegar a ser parte de La Orden a quien gane los desaf\u00edos, es decir, al quien demuestre ser el m\u00e1s palabrudo.<\/p>\n<p>El juego \u201cEl Palabrudo\u201d plantea elementos para la competencia y la colaboraci\u00f3n, pudiendo jugarse con un m\u00ednimo de dos jugadores (uno contra uno) y hasta un m\u00e1ximo de 12 jugadores conformando cuatro equipos de tres personas cada uno. El juego plantea competencia entre equipos, que a la vez que los integrantes de cada equipo cooperan internamente para abordar apropiadamente una gran diversidad de desaf\u00edos. Para ganar, los jugadores del equipo deber\u00e1n demostrar que pueden usar sus habilidades comunicativas a su favor. Las habilidades reconocidas son: escucha atenta y activa, comprensi\u00f3n lectora, escritura; al mismo tiempo que deber\u00e1n asociar estas habilidades con sus conocimientos en torno al lenguaje.<\/p>\n<p>La actividad dise\u00f1ada propone poner a disposici\u00f3n un espacio abierto al juego, que incluye mobiliario especialmente instalado para el juego en grupos y monitores que indicar\u00e1n las instrucciones para el juego. Se espera que la actividad de juegos en vivo sea acompa\u00f1ada por las monitoras Pamela Sep\u00falveda (profesora de Educaci\u00f3n B\u00e1sica), Carla Medina (profesora de Educaci\u00f3n B\u00e1sica) y Constanza Alvarado (profesora de Educaci\u00f3n Media, menci\u00f3n Lenguaje y Comunicaci\u00f3n). Se contempla la instalaci\u00f3n de espacio para la participaci\u00f3n simultanea de hasta 100 personas.<\/p>\n<p>Se concibe este juego como una instancia escolar o familiar, para pasar tiempo compartido de calidad y al mismo tiempo aprender. La actividad propuesta para FECI define como p\u00fablico objetivo espec\u00edfico: estudiantes y docentes escolares, estudiantes universitarios, p\u00fablico en general. Los y las participantes en la actividad ser\u00e1n dirigidos\/as a alguna de las mesas de juego, donde se incorporar\u00e1n a grupos de juego idealmente constituidos al azar, para favorecer la comunicaci\u00f3n con otros, la inclusi\u00f3n y la no discriminaci\u00f3n.<\/p>\n<p>Se invitar\u00e1 especialmente a participar de la instancia a estudiantes, acad\u00e9micos\/as y funcionarios\/as de la Facultad de Ciencias F\u00edsicas y Matem\u00e1ticas de la Universidad de Chile. Se enviar\u00e1 invitaci\u00f3n especial a establecimientos educacionales que se encuentran en las inmediaciones de la facultad.<\/p>\n<p>Se contempla la entrega de algunos elementos a las y los participantes en la actividad: premios para ganadores de las partidas, elementos promocionales que permitan descargar el juego en versi\u00f3n print&amp;play, versiones impresas del juego.<\/p>\n<p>Capacidad limitada. 100 participantes.<\/p>\n<h4>INSTITUCION(ES) QUE ORGANIZAN<\/h4>\n<p>Ciencia P\u00fablica, Universidad de Chile, Instituto de Educaci\u00f3n Universidad de Chile, Centro de Investigaci\u00f3n Avanzada en Educaci\u00f3n (CIAE), <a href=\"https:\/\/www.cmm.uchile.cl\" target=\"_blank\" rel=\"noopener\">Centro de Modelamiento Matem\u00e1tico (CMM)<\/a>, Facultad de Ciencias F\u00edsicas y Matem\u00e1ticas Universidad de Chile, <a href=\"https:\/\/arpa.uchile.cl\/\" target=\"_blank\" rel=\"noopener\">Iniciativa ARPA<\/a><\/p>\n<p><img loading=\"lazy\" decoding=\"async\" class=\"aligncenter size-full wp-image-169\" src=\"https:\/\/eventos.cmm.uchile.cl\/feci2022\/wp-content\/uploads\/sites\/144\/2022\/10\/FECI_palabrudo_logos_01.png\" alt=\"Organizan\" width=\"1080\" height=\"1080\" srcset=\"https:\/\/eventos.cmm.uchile.cl\/feci2022\/wp-content\/uploads\/sites\/144\/2022\/10\/FECI_palabrudo_logos_01.png 1080w, https:\/\/eventos.cmm.uchile.cl\/feci2022\/wp-content\/uploads\/sites\/144\/2022\/10\/FECI_palabrudo_logos_01-300x300.png 300w, https:\/\/eventos.cmm.uchile.cl\/feci2022\/wp-content\/uploads\/sites\/144\/2022\/10\/FECI_palabrudo_logos_01-1024x1024.png 1024w, https:\/\/eventos.cmm.uchile.cl\/feci2022\/wp-content\/uploads\/sites\/144\/2022\/10\/FECI_palabrudo_logos_01-150x150.png 150w, https:\/\/eventos.cmm.uchile.cl\/feci2022\/wp-content\/uploads\/sites\/144\/2022\/10\/FECI_palabrudo_logos_01-768x768.png 768w\" sizes=\"auto, (max-width: 1080px) 100vw, 1080px\" \/><\/p>\n<div class=\"su-divider su-divider-style-default\" style=\"margin:15px 0;border-width:3px;border-color:#FD6368\"><a href=\"#\" style=\"color:#999999\">Ir arriba<\/a><\/div>\n<p>&nbsp;<\/p>\n","protected":false},"excerpt":{"rendered":"<p>Viernes 7 de octubre 12:00 &#8211; 14:30 Regi\u00f3n: Regi\u00f3n Metropolitana de Santiago Lugar: Facultad de Ciencias F\u00edsicas y Matem\u00e1ticas Universidad de Chile Beauchef 850, Santiago Z\u00f3calo Sur P\u00fablico: Familiar \/ Todo p\u00fablico Modalidad: Presencial Formato: Otro Disciplina: Humanidades Detalles del evento La actividad de juegos en vivo es una instancia para conocer, disfrutar y jugar &hellip; <a href=\"https:\/\/eventos.cmm.uchile.cl\/feci2022\/palabrudo\/\" class=\"more-link\">Seguir leyendo <span class=\"screen-reader-text\">Jugando al \u00abPalabrudo\u00bb<\/span> <span class=\"meta-nav\">&rarr;<\/span><\/a><\/p>\n","protected":false},"author":2,"featured_media":0,"parent":0,"menu_order":0,"comment_status":"closed","ping_status":"closed","template":"","meta":{"inline_featured_image":false,"footnotes":""},"class_list":["post-147","page","type-page","status-publish","hentry"],"_links":{"self":[{"href":"https:\/\/eventos.cmm.uchile.cl\/feci2022\/wp-json\/wp\/v2\/pages\/147","targetHints":{"allow":["GET"]}}],"collection":[{"href":"https:\/\/eventos.cmm.uchile.cl\/feci2022\/wp-json\/wp\/v2\/pages"}],"about":[{"href":"https:\/\/eventos.cmm.uchile.cl\/feci2022\/wp-json\/wp\/v2\/types\/page"}],"author":[{"embeddable":true,"href":"https:\/\/eventos.cmm.uchile.cl\/feci2022\/wp-json\/wp\/v2\/users\/2"}],"replies":[{"embeddable":true,"href":"https:\/\/eventos.cmm.uchile.cl\/feci2022\/wp-json\/wp\/v2\/comments?post=147"}],"version-history":[{"count":12,"href":"https:\/\/eventos.cmm.uchile.cl\/feci2022\/wp-json\/wp\/v2\/pages\/147\/revisions"}],"predecessor-version":[{"id":181,"href":"https:\/\/eventos.cmm.uchile.cl\/feci2022\/wp-json\/wp\/v2\/pages\/147\/revisions\/181"}],"wp:attachment":[{"href":"https:\/\/eventos.cmm.uchile.cl\/feci2022\/wp-json\/wp\/v2\/media?parent=147"}],"curies":[{"name":"wp","href":"https:\/\/api.w.org\/{rel}","templated":true}]}}