{"id":102,"date":"2019-06-19T12:27:56","date_gmt":"2019-06-19T16:27:56","guid":{"rendered":"http:\/\/eventos.cmm.uchile.cl\/flacam2019\/?page_id=102"},"modified":"2019-11-13T15:30:19","modified_gmt":"2019-11-13T18:30:19","slug":"speakers","status":"publish","type":"page","link":"https:\/\/eventos.cmm.uchile.cl\/flacam2019\/speakers\/","title":{"rendered":"Speakers"},"content":{"rendered":"<p><a href=\"#plenary\"><strong>Plenary Speakers<\/strong><\/a> | <a href=\"#confirmed\"><strong>Confirmed Speakers<\/strong><\/a><\/p>\n<p>&nbsp;<\/p>\n<div class=\"su-divider su-divider-style-default\" style=\"margin:15px 0;border-width:3px;border-color:#2C2C84\"><\/div>\n<h2 id=\"plenary\"><strong>Plenary Speakers<\/strong><\/h2>\n<div style=\"display: grid; grid-template-columns: repeat(2, 1fr); grid-template-rows: repeat(4, 1fr); grid-column-gap: 15px; grid-row-gap: 15px;\">\n<h3 style=\"text-align: center; \/* padding-top: 50px;\"><img loading=\"lazy\" decoding=\"async\" class=\"alignleft size-full wp-image-265\" style=\"margin: 0px 40px 10px 40px; clear: both; float: none;\" src=\"http:\/\/eventos.cmm.uchile.cl\/flacam2019\/wp-content\/uploads\/sites\/74\/2019\/10\/bonnetier_eric_02.jpg\" alt=\"\" width=\"200\" height=\"200\" srcset=\"https:\/\/eventos.cmm.uchile.cl\/flacam2019\/wp-content\/uploads\/sites\/74\/2019\/10\/bonnetier_eric_02.jpg 200w, https:\/\/eventos.cmm.uchile.cl\/flacam2019\/wp-content\/uploads\/sites\/74\/2019\/10\/bonnetier_eric_02-150x150.jpg 150w\" sizes=\"auto, (max-width: 200px) 100vw, 200px\" \/>Eric Bonnetier<br \/>\n<span style=\"font-size: 0.81818em;\">U. Grenoble-Alpes, France<\/span><\/h3>\n<h3 style=\"text-align: center; \/* padding-top: 50px;\"><img loading=\"lazy\" decoding=\"async\" class=\"alignleft size-full wp-image-267\" style=\"margin: 0px 40px 10px 40px; clear: both; float: none;\" src=\"http:\/\/eventos.cmm.uchile.cl\/flacam2019\/wp-content\/uploads\/sites\/74\/2019\/10\/burger_raimund_02.jpg\" alt=\"\" width=\"200\" height=\"200\" srcset=\"https:\/\/eventos.cmm.uchile.cl\/flacam2019\/wp-content\/uploads\/sites\/74\/2019\/10\/burger_raimund_02.jpg 200w, https:\/\/eventos.cmm.uchile.cl\/flacam2019\/wp-content\/uploads\/sites\/74\/2019\/10\/burger_raimund_02-150x150.jpg 150w\" sizes=\"auto, (max-width: 200px) 100vw, 200px\" \/>Raimund B\u00fcrger<br \/>\n<span style=\"font-size: 0.81818em;\">U. Concepci\u00f3n-CMM, Chile<\/span><\/h3>\n<h3 style=\"text-align: center; \/* padding-top: 50px;\"><img loading=\"lazy\" decoding=\"async\" class=\"alignleft size-full wp-image-268\" style=\"margin: 0px 40px 10px 40px; clear: both; float: none;\" src=\"http:\/\/eventos.cmm.uchile.cl\/flacam2019\/wp-content\/uploads\/sites\/74\/2019\/10\/dolbeault_jean_02.jpg\" alt=\"\" width=\"200\" height=\"200\" srcset=\"https:\/\/eventos.cmm.uchile.cl\/flacam2019\/wp-content\/uploads\/sites\/74\/2019\/10\/dolbeault_jean_02.jpg 200w, https:\/\/eventos.cmm.uchile.cl\/flacam2019\/wp-content\/uploads\/sites\/74\/2019\/10\/dolbeault_jean_02-150x150.jpg 150w\" sizes=\"auto, (max-width: 200px) 100vw, 200px\" \/>Jean Dolbeault<br \/>\n<span style=\"font-size: 0.81818em;\">U. Paris-Dauphine, France<\/span><\/h3>\n<h3 style=\"text-align: center; \/* padding-top: 50px;\"><img loading=\"lazy\" decoding=\"async\" class=\"alignleft size-full wp-image-269\" style=\"margin: 0px 40px 10px 40px; clear: both; float: none;\" src=\"http:\/\/eventos.cmm.uchile.cl\/flacam2019\/wp-content\/uploads\/sites\/74\/2019\/10\/durand_fabien_02.jpg\" alt=\"\" width=\"200\" height=\"200\" srcset=\"https:\/\/eventos.cmm.uchile.cl\/flacam2019\/wp-content\/uploads\/sites\/74\/2019\/10\/durand_fabien_02.jpg 200w, https:\/\/eventos.cmm.uchile.cl\/flacam2019\/wp-content\/uploads\/sites\/74\/2019\/10\/durand_fabien_02-150x150.jpg 150w\" sizes=\"auto, (max-width: 200px) 100vw, 200px\" \/>Fabien Durand<br \/>\n<span style=\"font-size: 0.81818em;\">U. Picardie Jules Verne, France<\/span><\/h3>\n<h3 style=\"text-align: center; \/* padding-top: 50px;\"><img loading=\"lazy\" decoding=\"async\" class=\"alignleft size-full wp-image-271\" style=\"margin: 0px 40px 10px 40px; clear: both; float: none;\" src=\"http:\/\/eventos.cmm.uchile.cl\/flacam2019\/wp-content\/uploads\/sites\/74\/2019\/10\/kohayakawa_yoshiharu_02.jpg\" alt=\"\" width=\"200\" height=\"200\" srcset=\"https:\/\/eventos.cmm.uchile.cl\/flacam2019\/wp-content\/uploads\/sites\/74\/2019\/10\/kohayakawa_yoshiharu_02.jpg 200w, https:\/\/eventos.cmm.uchile.cl\/flacam2019\/wp-content\/uploads\/sites\/74\/2019\/10\/kohayakawa_yoshiharu_02-150x150.jpg 150w\" sizes=\"auto, (max-width: 200px) 100vw, 200px\" \/>Yoshiharu Kohayakawa<br \/>\n<span style=\"font-size: 0.81818em;\">U. de S\u00e3o Paulo, Brazil<\/span><\/h3>\n<h3 style=\"text-align: center; \/* padding-top: 50px;\"><img loading=\"lazy\" decoding=\"async\" class=\"alignleft size-full wp-image-273\" style=\"margin: 0px 40px 10px 40px; clear: both; float: none;\" src=\"http:\/\/eventos.cmm.uchile.cl\/flacam2019\/wp-content\/uploads\/sites\/74\/2019\/10\/martinez_salome_02.jpg\" alt=\"\" width=\"200\" height=\"200\" \/>Salom\u00e9 Mart\u00ednez<br \/>\n<span style=\"font-size: 0.81818em;\">U. de Chile, Chile<\/span><\/h3>\n<h3 style=\"text-align: center; \/* padding-top: 50px;\"><img loading=\"lazy\" decoding=\"async\" class=\"alignleft size-full wp-image-272\" style=\"margin: 0px 40px 10px 40px; clear: both; float: none;\" src=\"http:\/\/eventos.cmm.uchile.cl\/flacam2019\/wp-content\/uploads\/sites\/74\/2019\/10\/meleard_sylvie_02.jpg\" alt=\"\" width=\"200\" height=\"200\" srcset=\"https:\/\/eventos.cmm.uchile.cl\/flacam2019\/wp-content\/uploads\/sites\/74\/2019\/10\/meleard_sylvie_02.jpg 200w, https:\/\/eventos.cmm.uchile.cl\/flacam2019\/wp-content\/uploads\/sites\/74\/2019\/10\/meleard_sylvie_02-150x150.jpg 150w\" sizes=\"auto, (max-width: 200px) 100vw, 200px\" \/>Sylvie\u00a0 M\u00e9l\u00e9ard<br \/>\n<span style=\"font-size: 0.81818em;\">\u00c9cole Polytechnique, IUF, France<\/span><\/h3>\n<h3 style=\"text-align: center; \/* padding-top: 50px;\"><img loading=\"lazy\" decoding=\"async\" class=\"alignleft size-full wp-image-273\" style=\"margin: 0px 40px 10px 40px; clear: both; float: none;\" src=\"http:\/\/eventos.cmm.uchile.cl\/flacam2019\/wp-content\/uploads\/sites\/74\/2019\/10\/sagastizabal_claudia_02.jpg\" alt=\"\" width=\"200\" height=\"200\" srcset=\"https:\/\/eventos.cmm.uchile.cl\/flacam2019\/wp-content\/uploads\/sites\/74\/2019\/10\/sagastizabal_claudia_02.jpg 200w, https:\/\/eventos.cmm.uchile.cl\/flacam2019\/wp-content\/uploads\/sites\/74\/2019\/10\/sagastizabal_claudia_02-150x150.jpg 150w\" sizes=\"auto, (max-width: 200px) 100vw, 200px\" \/>Claudia Sagastiz\u00e1bal<br \/>\n<span style=\"font-size: 0.81818em;\">U. Campinas, Brazil<\/span><\/h3>\n<\/div>\n<div class=\"su-divider su-divider-style-default\" style=\"margin:15px 0;border-width:3px;border-color:#2C2C84\"><a href=\"#\" style=\"color:#999999\">Go to top<\/a><\/div>\n<h2 id=\"confirmed\"><strong>Confirmed Speakers<\/strong><\/h2>\n<ul>\n<li>Vicente Acu\u00f1a, U. Chile-CMM, Chile<\/li>\n<li>Roberto Andreani, U. Campinas, Brazil<\/li>\n<li>Rodolfo Araya, U. Concepci\u00f3n-CMM, Chile<\/li>\n<li>Soledad Aronna, F. Getulio Vargas, Brazil<\/li>\n<li>Didier Aussel, U. Perpignan, France<\/li>\n<li>Jairo Bochi, PUC, Chile<\/li>\n<li>F\u00e1bio Botler, UFRJ, Brazil<\/li>\n<li>Antoine Brault, U.Chile-CMM, Chile<\/li>\n<li>Nicol\u00e1s Carre\u00f1o, UTFSM, Chile<\/li>\n<li>Andri\u00e1n Carrillo-G\u00e1lvez, U. Concepci\u00f3n, Chile<\/li>\n<li>Elsa Cazelles, U. Chile-CMM, Chile<\/li>\n<li>Paulina Cecchi, USACH, Chile<\/li>\n<li>Mar\u00eda Isabel Cortez, USACH, Chile<\/li>\n<li>Charles Dapogny, U. de Grenoble-Alpes, France<\/li>\n<li>Gonzalo D\u00e1vila, UTFSM, Chile<\/li>\n<li>Claire Delplancke, U. Chile-CMM, Chile<\/li>\n<li>Anna D\u00e9silles, ENSTA, France<\/li>\n<li>Jean-St\u00e9phane Dhersin, CNRS, France<\/li>\n<li>Sebasti\u00e1n Donoso, U. Chile-CMM, Chile<\/li>\n<li>Alexandre Ern, U. Paris-Est, France<\/li>\n<li>Cristina Fernandes, USP, Brazil<\/li>\n<li>Julian Fernandez, UBA, Argentina<\/li>\n<li>Tertuliano Franco, U. Federal de Bahia, Brazil<\/li>\n<li>Thomas F\u00fchrer, PUC, Chile<\/li>\n<li>Olivier Goubet, U. Picardie Jules Verne, France<\/li>\n<li>Pablo Groisman, U. Buenos Aires, Argentina<\/li>\n<li>Rodolfo Guti\u00e9rrez-Romo, U. Chile-CMM, Chile<\/li>\n<li>Sergio Guti\u00e9rrez, PUC, Chile<\/li>\n<li>Crist\u00f3bal Guzm\u00e1n, U. Chile-CMM, Chile<\/li>\n<li>Gabriel Haeser, U. de S\u00e3o Paulo, Brazil<\/li>\n<li>Hiep Han, USACH, Chile<\/li>\n<li>C\u00e9sar Hern\u00e1ndez, CINVESTAV-IPN, M\u00e9xico<\/li>\n<li>Carlos Hoppen, UF Rio Grande do Sul, Brazil<\/li>\n<li>Thierry Huillet, U. Paris-Seine, France<\/li>\n<li>Noureddine Igbida, U. Limoges, France<\/li>\n<li>Oscar Jarr\u00edn, U. Tecnol\u00f3gica de Ambato, Ecuador<\/li>\n<li>Jacek Jendrej, U. Paris-Nord, France<\/li>\n<li>Alejandro Jofr\u00e9, U. Chile-CMM, Chile<\/li>\n<li>Michael Karkulik, UTFSM, Chile<\/li>\n<li>Kolja Knauer, U. Aix-Marseille, France<\/li>\n<li>Nicolas Lebbe, U. de Grenoble-Alpes, France<\/li>\n<li>Rodrigo Lecaros, UTFSM, Chile<\/li>\n<li>Yuri Lima, U. Federal do Cear\u00e1, Brazil<\/li>\n<li>Julio L\u00f3pez, UDP, Chile<\/li>\n<li>Exequiel Mallea, U. Tarapac\u00e1, Arica, Chile<\/li>\n<li>Dieter Mitsche, Inst. Camille Jordan, France<\/li>\n<li>Gino Montecinos, U. de Ays\u00e9n, Chile<\/li>\n<li>Cristhian Montoya, UTFSM, Chile<\/li>\n<li>David Mora, U. B\u00edo-B\u00edo, Chile<\/li>\n<li>Roberto Morales, U. Chile, Chile<\/li>\n<li>Diego Mor\u00e1n, UAI, Chile<\/li>\n<li>Gregorio Moreno, PUC, Chile<\/li>\n<li>Guilherme Mota, UFABC, Brazil<\/li>\n<li>Ignacio Muga, PUCV, Chile<\/li>\n<li>Gonzalo Mu\u00f1oz, U. O&#8217;Higgins, Chile<\/li>\n<li>Joaqu\u00edn Mura, UTFSM, Chile<\/li>\n<li>Fran\u04abois Murat, CNRS &amp; U. Sorbonne, France<\/li>\n<li>Gerard Olivar, U. de Ays\u00e9n, Chile<\/li>\n<li>H\u00e9ctor Olivero, U. de Valpara\u00edso, Chile<\/li>\n<li>Diego Paredes, U. Concepci\u00f3n, Chile<\/li>\n<li>Carlos P\u00e9rez Arancibia, PUC, Chile<\/li>\n<li>Juan Carlos Pozo, UFRO, Chile<\/li>\n<li>Alexander Quaas, USM, Chile<\/li>\n<li>Daniel Quiroz, U.Chile-CMM, Chile<\/li>\n<li>Alain Rapaport, INRA &amp; U. Montpellier,\u00a0 France<\/li>\n<li>Daniel Remenik, U. Chile-CMM, Chile<\/li>\n<li>V\u00edctor Rivero, CIMAT, M\u00e9xico<\/li>\n<li>Matteo Rizzi, U. Chile-CMM, Chile<\/li>\n<li>Carlos Rom\u00e1n, PUC, Chile<\/li>\n<li>Julio Rossi, UBA, Argentina<\/li>\n<li>Simona Rota-Nodari, U. de Bourgogne, France<\/li>\n<li>Gel\u00e1sio Salazar, U. Aut. San Luis de Potos\u00ed, M\u00e9xico<\/li>\n<li>Manuel S\u00e1nchez, PUC, Chile<\/li>\n<li>Jaime San Mart\u00edn, U. Chile-CMM, Chile<\/li>\n<li>Avelio Sep\u00falveda, U. Lyon 1, France<\/li>\n<li>Mauricio Sep\u00falveda, U. Concepci\u00f3n, Chile<\/li>\n<li>Paulina Sep\u00falveda, PUCV, Chile<\/li>\n<li>Paulo J. S. Silva, U. Campinas, Brazil<\/li>\n<li>Mikhail Solodov,\u00a0 IMPA, Brazil<\/li>\n<li>Sylvain Sorin, Sorbonne University, France<\/li>\n<li>Alexandre Street, PUC-Rio, Brazil<\/li>\n<li>Anton Svensson, DIM-U.Chile, Chile<\/li>\n<li>Hagop Tossounian, U. Chile-CMM, Chile<\/li>\n<li>Mario Valencia-Pab\u00f3n, U. Paris 13, France<\/li>\n<li>Hanne Van Den Bosch, U. Chile-CMM, Chile<\/li>\n<li>Olga Vasilieva, U. del Valle, Colombia<\/li>\n<li>Pablo Venegas, U. B\u00edo-B\u00edo, Chile<\/li>\n<li>Diego Vicencio, UTFSM, Chile<\/li>\n<li>Rodolfo Viera, USACH, Chile<\/li>\n<li>Karina Vilches, UCM, Chile<\/li>\n<li>L\u00e9onard Von Niederh\u00e4usern, UOH, Chile<\/li>\n<li>Andreas Wiese, U. Chile-DII, Chile<\/li>\n<li>Sebasti\u00e1n Zamorano, USACH, Chile<\/li>\n<\/ul>\n<div class=\"su-divider su-divider-style-default\" style=\"margin:15px 0;border-width:3px;border-color:#2C2C84\"><a href=\"#\" style=\"color:#999999\">Go to top<\/a><\/div>\n","protected":false},"excerpt":{"rendered":"<p>Plenary Speakers | Confirmed Speakers &nbsp; Plenary Speakers Eric Bonnetier U. Grenoble-Alpes, France Raimund B\u00fcrger U. Concepci\u00f3n-CMM, Chile Jean Dolbeault U. Paris-Dauphine, France Fabien Durand U. Picardie Jules Verne, France Yoshiharu Kohayakawa U. de S\u00e3o Paulo, Brazil Salom\u00e9 Mart\u00ednez U. de Chile, Chile Sylvie\u00a0 M\u00e9l\u00e9ard \u00c9cole Polytechnique, IUF, France Claudia Sagastiz\u00e1bal U. Campinas, Brazil Confirmed &hellip; <a href=\"https:\/\/eventos.cmm.uchile.cl\/flacam2019\/speakers\/\" class=\"more-link\">Continue reading <span class=\"screen-reader-text\">Speakers<\/span> <span class=\"meta-nav\">&rarr;<\/span><\/a><\/p>\n","protected":false},"author":3,"featured_media":0,"parent":0,"menu_order":2,"comment_status":"closed","ping_status":"closed","template":"","meta":{"inline_featured_image":false,"footnotes":""},"class_list":["post-102","page","type-page","status-publish","hentry"],"_links":{"self":[{"href":"https:\/\/eventos.cmm.uchile.cl\/flacam2019\/wp-json\/wp\/v2\/pages\/102","targetHints":{"allow":["GET"]}}],"collection":[{"href":"https:\/\/eventos.cmm.uchile.cl\/flacam2019\/wp-json\/wp\/v2\/pages"}],"about":[{"href":"https:\/\/eventos.cmm.uchile.cl\/flacam2019\/wp-json\/wp\/v2\/types\/page"}],"author":[{"embeddable":true,"href":"https:\/\/eventos.cmm.uchile.cl\/flacam2019\/wp-json\/wp\/v2\/users\/3"}],"replies":[{"embeddable":true,"href":"https:\/\/eventos.cmm.uchile.cl\/flacam2019\/wp-json\/wp\/v2\/comments?post=102"}],"version-history":[{"count":122,"href":"https:\/\/eventos.cmm.uchile.cl\/flacam2019\/wp-json\/wp\/v2\/pages\/102\/revisions"}],"predecessor-version":[{"id":555,"href":"https:\/\/eventos.cmm.uchile.cl\/flacam2019\/wp-json\/wp\/v2\/pages\/102\/revisions\/555"}],"wp:attachment":[{"href":"https:\/\/eventos.cmm.uchile.cl\/flacam2019\/wp-json\/wp\/v2\/media?parent=102"}],"curies":[{"name":"wp","href":"https:\/\/api.w.org\/{rel}","templated":true}]}}