{"id":20,"date":"2019-01-22T19:23:50","date_gmt":"2019-01-22T19:23:50","guid":{"rendered":"http:\/\/eventos.cmm.uchile.cl\/flacam2019\/?page_id=20"},"modified":"2019-11-07T10:08:37","modified_gmt":"2019-11-07T13:08:37","slug":"program","status":"publish","type":"page","link":"https:\/\/eventos.cmm.uchile.cl\/flacam2019\/program\/","title":{"rendered":"Program"},"content":{"rendered":"<p><a href=\"#overview\"><strong>Program overview<\/strong><\/a> |\u00a0<a href=\"#plenary\"><strong>Plenary Talks<\/strong><\/a> | <a href=\"#workshops\"><strong>Workshops (parallel sessions)<\/strong><\/a><\/p>\n<div class=\"su-divider su-divider-style-default\" style=\"margin:15px 0;border-width:3px;border-color:#2C2C84\"><\/div>\n<h2 id=\"overview\"><strong>Program overview<\/strong><\/h2>\n<p>&nbsp;<\/p>\n<table width=\"604\">\n<tbody>\n<tr>\n<td style=\"background-color: #2c2c84; color: #fff;\" width=\"100\"><\/td>\n<td style=\"background-color: #2c2c84; color: #fff;\" width=\"504\"><strong>Tuesday, Nov 5<\/strong><\/td>\n<\/tr>\n<tr>\n<td>13:30-14:30<\/td>\n<td>Registration<\/td>\n<\/tr>\n<tr>\n<td>14:30-14:50<\/td>\n<td>Opening words<\/td>\n<\/tr>\n<tr>\n<td>14:50-15:30<\/td>\n<td style=\"background-color: #e2efda;\">Sylvie M\u00e9l\u00e9ard<\/td>\n<\/tr>\n<tr>\n<td>15:30-16:10<\/td>\n<td style=\"background-color: #e2efda;\">Raimund B\u00fcrger<\/td>\n<\/tr>\n<tr>\n<td>16:10-&#8230;<\/td>\n<td style=\"background-color: #ffe698;\">Social activity<\/td>\n<\/tr>\n<\/tbody>\n<\/table>\n<table width=\"604\">\n<tbody>\n<tr>\n<td style=\"background-color: #2c2c84; color: #fff;\" width=\"100\"><\/td>\n<td style=\"background-color: #2c2c84; color: #fff;\" width=\"168\"><strong>Wednesday, Nov 6<\/strong><\/td>\n<td style=\"background-color: #2c2c84; color: #fff;\" width=\"168\"><strong>Thursday, Nov 7<\/strong><\/td>\n<td style=\"background-color: #2c2c84; color: #fff;\" width=\"168\"><strong>Friday, Nov 8<\/strong><\/td>\n<\/tr>\n<tr>\n<td>9:00-9:40<\/td>\n<td style=\"background-color: #e2efda;\">Jean Dolbeault<\/td>\n<td style=\"background-color: #e2efda;\">Yoshiharu Kohayakawa<\/td>\n<td style=\"background-color: #e2efda;\">Claudia Sagastiz\u00e1bal<\/td>\n<\/tr>\n<tr>\n<td>9:40-10:20<\/td>\n<td style=\"background-color: #e2efda;\">Fabien Durand<\/td>\n<td style=\"background-color: #e2efda;\">Salom\u00e9 Mart\u00ednez<\/td>\n<td style=\"background-color: #e2efda;\">Eric Bonnetier<\/td>\n<\/tr>\n<tr>\n<td>10:20-11:00<\/td>\n<td style=\"background-color: #ffe698;\">Coffee break<\/td>\n<td style=\"background-color: #ffe698;\">Coffee break<\/td>\n<td style=\"background-color: #ffe698;\">Coffee break<\/td>\n<\/tr>\n<tr>\n<td>11:00-12:30<\/td>\n<td>Parallel sessions W1<\/td>\n<td>Parallel sessions Th1<\/td>\n<td>Parallel sessions F1<\/td>\n<\/tr>\n<tr>\n<td>12:30-14:00<\/td>\n<td style=\"background-color: #ffe698;\">Lunch<\/td>\n<td style=\"background-color: #ffe698;\">Lunch<\/td>\n<td style=\"background-color: #ffe698;\">Lunch<\/td>\n<\/tr>\n<tr>\n<td>14:00-16:00<\/td>\n<td>Parallel sessions W2<\/td>\n<td>Parallel sessions Th2<\/td>\n<td>Parallel sessions F2<\/td>\n<\/tr>\n<\/tbody>\n<\/table>\n<div class=\"su-divider su-divider-style-default\" style=\"margin:15px 0;border-width:3px;border-color:#2C2C84\"><a href=\"#\" style=\"color:#999999\">Go to top<\/a><\/div>\n<h2 id=\"plenary\">Plenary Talks<\/h2>\n<div class=\"su-button-center\"><a href=\"http:\/\/eventos.cmm.uchile.cl\/flacam2019\/wp-content\/uploads\/sites\/74\/2019\/11\/Flacam2019_plenary_talks_abstracts-2.pdf\" class=\"su-button su-button-style-flat\" style=\"color:#FFFFFF;background-color:#2C2C84;border-color:#24246a;border-radius:7px\" target=\"_blank\" rel=\"noopener noreferrer\"><span style=\"color:#FFFFFF;padding:7px 20px;font-size:16px;line-height:24px;border-color:#6c6ca9;border-radius:7px;text-shadow:none\"><i class=\"sui sui-file-pdf-o\" style=\"font-size:16px;color:#FFFFFF\"><\/i> Download Plenary Talks Abstracts<\/span><\/a><\/div>\n<h4>Sylvie M\u00e9l\u00e9ard (\u00c9cole Polytechnique, France)<\/h4>\n<p>Title: <strong>Adaptation to a gradual environment &#8211; Research of lineages<\/strong><\/p>\n<a href=\"http:\/\/eventos.cmm.uchile.cl\/flacam2019\/wp-content\/uploads\/sites\/74\/2019\/10\/Flacam2019_abstract_Meleard_01.pdf\" class=\"su-button su-button-style-flat\" style=\"color:#FFFFFF;background-color:#2C2C84;border-color:#24246a;border-radius:5px\" target=\"_blank\" rel=\"noopener noreferrer\"><span style=\"color:#FFFFFF;padding:6px 16px;font-size:13px;line-height:20px;border-color:#6c6ca9;border-radius:5px;text-shadow:none\"><i class=\"sui sui-file-pdf-o\" style=\"font-size:13px;color:#FFFFFF\"><\/i> Abstract<\/span><\/a>\n<h4>Raimund B\u00fcrger (Universidad de Concepci\u00f3n, Chile)<\/h4>\n<p>Title: <strong>On conservation laws and multilayer shallow water systems modeling flotation and sedimentation<\/strong><\/p>\n<a href=\"http:\/\/eventos.cmm.uchile.cl\/flacam2019\/wp-content\/uploads\/sites\/74\/2019\/10\/Flacam2019_abstract_Burger_01.pdf\" class=\"su-button su-button-style-flat\" style=\"color:#FFFFFF;background-color:#2C2C84;border-color:#24246a;border-radius:5px\" target=\"_blank\" rel=\"noopener noreferrer\"><span style=\"color:#FFFFFF;padding:6px 16px;font-size:13px;line-height:20px;border-color:#6c6ca9;border-radius:5px;text-shadow:none\"><i class=\"sui sui-file-pdf-o\" style=\"font-size:13px;color:#FFFFFF\"><\/i> Abstract<\/span><\/a>\n<h4>Jean Dolbeault (Universit\u00e9 Paris-Dauphine, France)<\/h4>\n<p>Title: <strong>Phase transitions and symmetry in PDEs<\/strong><\/p>\n<a href=\"http:\/\/eventos.cmm.uchile.cl\/flacam2019\/wp-content\/uploads\/sites\/74\/2019\/10\/Flacam2019_abstract_Dolbeault_01.pdf\" class=\"su-button su-button-style-flat\" style=\"color:#FFFFFF;background-color:#2C2C84;border-color:#24246a;border-radius:5px\" target=\"_blank\" rel=\"noopener noreferrer\"><span style=\"color:#FFFFFF;padding:6px 16px;font-size:13px;line-height:20px;border-color:#6c6ca9;border-radius:5px;text-shadow:none\"><i class=\"sui sui-file-pdf-o\" style=\"font-size:13px;color:#FFFFFF\"><\/i> Abstract<\/span><\/a>\n<h4>Fabien Durand (Universit\u00e9 Picardie Jules Verne, France)<\/h4>\n<p>Title: <strong>Eigenvalues and approximation of (Cantor) dynamical systems: 20 years of mathematics with the CMM and Chile<\/strong><\/p>\n<a href=\"http:\/\/eventos.cmm.uchile.cl\/flacam2019\/wp-content\/uploads\/sites\/74\/2019\/10\/Flacam2019_abstract_Durand_01.pdf\" class=\"su-button su-button-style-flat\" style=\"color:#FFFFFF;background-color:#2C2C84;border-color:#24246a;border-radius:5px\" target=\"_blank\" rel=\"noopener noreferrer\"><span style=\"color:#FFFFFF;padding:6px 16px;font-size:13px;line-height:20px;border-color:#6c6ca9;border-radius:5px;text-shadow:none\"><i class=\"sui sui-file-pdf-o\" style=\"font-size:13px;color:#FFFFFF\"><\/i> Abstract<\/span><\/a>\n<h4>Yoshiharu Kohayakawa (U. de S\u00e3o Paulo, Brazil)<\/h4>\n<p>Title: <strong>Large graphs and other combinatorial structures<\/strong><\/p>\n<a href=\"http:\/\/eventos.cmm.uchile.cl\/flacam2019\/wp-content\/uploads\/sites\/74\/2019\/10\/Flacam2019_abstract_Kohayakawa_01.pdf\" class=\"su-button su-button-style-flat\" style=\"color:#FFFFFF;background-color:#2C2C84;border-color:#24246a;border-radius:5px\" target=\"_blank\" rel=\"noopener noreferrer\"><span style=\"color:#FFFFFF;padding:6px 16px;font-size:13px;line-height:20px;border-color:#6c6ca9;border-radius:5px;text-shadow:none\"><i class=\"sui sui-file-pdf-o\" style=\"font-size:13px;color:#FFFFFF\"><\/i> Abstract<\/span><\/a>\n<h4>Salom\u00e9 Mart\u00ednez (Universidad de Chile, Chile)<\/h4>\n<p>Title: <strong>Diffusion and competition in population and gender dynamics<\/strong><\/p>\n<a href=\"http:\/\/eventos.cmm.uchile.cl\/flacam2019\/wp-content\/uploads\/sites\/74\/2019\/10\/Flacam2019_abstract_Martinez_01.pdf\" class=\"su-button su-button-style-flat\" style=\"color:#FFFFFF;background-color:#2C2C84;border-color:#24246a;border-radius:5px\" target=\"_blank\" rel=\"noopener noreferrer\"><span style=\"color:#FFFFFF;padding:6px 16px;font-size:13px;line-height:20px;border-color:#6c6ca9;border-radius:5px;text-shadow:none\"><i class=\"sui sui-file-pdf-o\" style=\"font-size:13px;color:#FFFFFF\"><\/i> Abstract<\/span><\/a>\n<h4>Claudia Sagastiz\u00e1bal (IMECC Unicamp, Brazil)<\/h4>\n<p>Title: <strong>Defining shadow prices in industrial mathematics<\/strong><\/p>\n<a href=\"http:\/\/eventos.cmm.uchile.cl\/flacam2019\/wp-content\/uploads\/sites\/74\/2019\/10\/Flacam2019_abstract_Sagastizabal_01.pdf\" class=\"su-button su-button-style-flat\" style=\"color:#FFFFFF;background-color:#2C2C84;border-color:#24246a;border-radius:5px\" target=\"_blank\" rel=\"noopener noreferrer\"><span style=\"color:#FFFFFF;padding:6px 16px;font-size:13px;line-height:20px;border-color:#6c6ca9;border-radius:5px;text-shadow:none\"><i class=\"sui sui-file-pdf-o\" style=\"font-size:13px;color:#FFFFFF\"><\/i> Abstract<\/span><\/a>\n<h4>Eric Bonnetier (Universit\u00e9 Grenoble-Alpes, France)<\/h4>\n<p>Title: <strong>Homogenization and the Neumann-Poincar\u00e9 operator<\/strong><\/p>\n<a href=\"http:\/\/eventos.cmm.uchile.cl\/flacam2019\/wp-content\/uploads\/sites\/74\/2019\/10\/Flacam2019_abstract_Bonnetier_01.pdf\" class=\"su-button su-button-style-flat\" style=\"color:#FFFFFF;background-color:#2C2C84;border-color:#24246a;border-radius:5px\" target=\"_blank\" rel=\"noopener noreferrer\"><span style=\"color:#FFFFFF;padding:6px 16px;font-size:13px;line-height:20px;border-color:#6c6ca9;border-radius:5px;text-shadow:none\"><i class=\"sui sui-file-pdf-o\" style=\"font-size:13px;color:#FFFFFF\"><\/i> Abstract<\/span><\/a>\n<div class=\"su-divider su-divider-style-default\" style=\"margin:15px 0;border-width:3px;border-color:#2C2C84\"><a href=\"#\" style=\"color:#999999\">Go to top<\/a><\/div>\n<h2 id=\"workshops\"><strong>Workshops (parallel sessions)<\/strong><\/h2>\n<a href=\"http:\/\/eventos.cmm.uchile.cl\/flacam2019\/wp-content\/uploads\/sites\/74\/2019\/11\/Flacam2019_workshops_overview_03.pdf\" class=\"su-button su-button-style-flat\" style=\"color:#FFFFFF;background-color:#2C2C84;border-color:#24246a;border-radius:7px\" target=\"_blank\" rel=\"noopener noreferrer\"><span style=\"color:#FFFFFF;padding:7px 20px;font-size:16px;line-height:24px;border-color:#6c6ca9;border-radius:7px;text-shadow:none\"><i class=\"sui sui-file-pdf-o\" style=\"font-size:16px;color:#FFFFFF\"><\/i> Download Workshops Overview<\/span><\/a>\n<a href=\"http:\/\/eventos.cmm.uchile.cl\/flacam2019\/wp-content\/uploads\/sites\/74\/2019\/11\/Abstracts-FLACAM-Workshops.pdf\" class=\"su-button su-button-style-flat\" style=\"color:#FFFFFF;background-color:#2C2C84;border-color:#24246a;border-radius:7px\" target=\"_blank\" rel=\"noopener noreferrer\"><span style=\"color:#FFFFFF;padding:7px 20px;font-size:16px;line-height:24px;border-color:#6c6ca9;border-radius:7px;text-shadow:none\"><i class=\"sui sui-file-pdf-o\" style=\"font-size:16px;color:#FFFFFF\"><\/i> Download Workshops Abstracts<\/span><\/a>\n<p>&nbsp;<\/p>\n<p>The conference is divided into seven workshops, each of them taking place on parallel tracks. The list of workshops, with their respective sessions, is listed below:<\/p>\n<h3><strong>Stochastic Processes and Ergodic Theory<br \/>\n<\/strong><\/h3>\n<ul>\n<li>Chair: <strong>Joaqu\u00edn Fontbona<\/strong><\/li>\n<li>\u00a0Sessions:\n<ul>\n<li>Stochastic processes (Organizers: Joaqu\u00edn Fontbona &amp; Daniel Remenik)<\/li>\n<li>Ergodic theory (Organizer: Sebasti\u00e1n Donoso)<\/li>\n<\/ul>\n<\/li>\n<\/ul>\n<p>Click <a href=\"http:\/\/eventos.cmm.uchile.cl\/flacam2019\/wp-content\/uploads\/sites\/74\/2019\/11\/SPET.pdf\" target=\"_blank\" rel=\"noopener noreferrer\">here<\/a> to access to a detailed program.<\/p>\n<h3><strong>Optimization<br \/>\n<\/strong><\/h3>\n<ul>\n<li>Chair: <strong>H\u00e9ctor Ram\u00edrez<\/strong><\/li>\n<li>\u00a0Sessions:\n<ul>\n<li>Energy (Organizer: Tito Homem-de-Mello &amp; H\u00e9ctor Ram\u00edrez)<\/li>\n<li>Optimal Control (Organizers: Cristopher Hermosilla)<\/li>\n<li>Optimization meets biomathematics (Organizers: Pedro Gajardo &amp; H\u00e9ctor Ram\u00edrez)<\/li>\n<li>Combinatorial optimization (Organizer: Jos\u00e9 Verschae)<\/li>\n<li>New results on support vector machines and conic programming (Organizers: H\u00e9ctor Ram\u00edrez)<\/li>\n<li>New trends in algorithmics and learning (Organizers: Mario Bravo &amp; H\u00e9ctor Ram\u00edrez)<\/li>\n<\/ul>\n<\/li>\n<\/ul>\n<p>Click <a href=\"http:\/\/eventos.cmm.uchile.cl\/flacam2019\/wp-content\/uploads\/sites\/74\/2019\/11\/Optimization-workshop-v2.pdf\" target=\"_blank\" rel=\"noopener noreferrer\">here<\/a> to access to a detailed program, without abstract.<\/p>\n<p>Click <a href=\"http:\/\/eventos.cmm.uchile.cl\/flacam2019\/wp-content\/uploads\/sites\/74\/2019\/11\/Flacam2019_workshops_overview-optimizationbiomathematics.pdf\" target=\"_blank\" rel=\"noopener noreferrer\">here<\/a> to access to a detailed program, including abstract.<\/p>\n<h3><strong>Biomathematics<\/strong><\/h3>\n<ul>\n<li>Chairs:\u00a0 <strong>Alejandro Maass &amp; H\u00e9ctor Ram\u00edrez<\/strong><\/li>\n<li>Sessions:\n<ul>\n<li>Optimization meets biomathematics (Organizers: Pedro Gajardo &amp; H\u00e9ctor Ram\u00edrez)<\/li>\n<li>Mathematical modeling for natural resources and cancer progression (Organizers: Alejandro Maass &amp; H\u00e9ctor Ram\u00edrez)<\/li>\n<\/ul>\n<\/li>\n<\/ul>\n<p>Click <a href=\"http:\/\/eventos.cmm.uchile.cl\/flacam2019\/wp-content\/uploads\/sites\/74\/2019\/10\/Biomath-workshop-v3.pdf\" target=\"_blank\" rel=\"noopener noreferrer\">here<\/a> to access to a detailed program, without abstract.<\/p>\n<p>Click <a href=\"http:\/\/eventos.cmm.uchile.cl\/flacam2019\/wp-content\/uploads\/sites\/74\/2019\/11\/Flacam2019_workshops_overview-optimizationbiomathematics.pdf\" target=\"_blank\" rel=\"noopener noreferrer\">here<\/a> to access to a detailed program, including abstract.<\/p>\n<h3><strong>Mathematical Mechanics and Inverse Problems<\/strong><\/h3>\n<ul>\n<li>Chair: <strong>Axel Osses<\/strong><\/li>\n<li>\u00a0Sessions:\n<ul>\n<li>Control of PDEs (Organizer: Eduardo Cerpa)<\/li>\n<li>Mathematical Mechanics &amp; Inverse Problems (Organizer: Carlos Conca &amp; Jaime Ortega)<\/li>\n<\/ul>\n<\/li>\n<\/ul>\n<p>Click <a href=\"http:\/\/eventos.cmm.uchile.cl\/flacam2019\/wp-content\/uploads\/sites\/74\/2019\/11\/CIPPDE-Workshop-vf.pdf\" target=\"_blank\" rel=\"noopener noreferrer\">here<\/a> to access to a detailed program, without abstract.<\/p>\n<p>Click <a href=\"http:\/\/eventos.cmm.uchile.cl\/flacam2019\/wp-content\/uploads\/sites\/74\/2019\/11\/Abstracts-CIPPDE-Sessions-1.pdf\">here<\/a> to access to a detailed program, including abstracts.<\/p>\n<h3><strong>Partial Differential Equations<br \/>\n<\/strong><\/h3>\n<ul>\n<li>Chairs: <strong>Claudio Mu\u00f1oz &amp; Michal Kowalczyk<\/strong><\/li>\n<li>\u00a0Sessions:\n<ul>\n<li>PDE I (Organizer: Michal Kowalczyk)<\/li>\n<li>PDE II (Organizer: Mircea Petrache)<\/li>\n<li>PDE III (Organizer: Erwin Topp)<\/li>\n<\/ul>\n<\/li>\n<\/ul>\n<p>Click <a href=\"http:\/\/eventos.cmm.uchile.cl\/flacam2019\/wp-content\/uploads\/sites\/74\/2019\/11\/Tentative-schedule-PDE-sessions-Flacam-v4.pdf\" target=\"_blank\" rel=\"noopener noreferrer\">here<\/a> to access to a detailed program. See abstracts <a href=\"http:\/\/eventos.cmm.uchile.cl\/flacam2019\/wp-content\/uploads\/sites\/74\/2019\/11\/Abstracts-CIPPDE-Sessions.pdf\" target=\"_blank\" rel=\"noopener noreferrer\">here<\/a>.<\/p>\n<h3><strong>Algorithms and Combinatorics<br \/>\n<\/strong><\/h3>\n<ul>\n<li>Chair: <strong>Maya Stein<\/strong><\/li>\n<li>Sessions:\n<ul>\n<li>Graph classes and Algorithms (Organizer: Maya Stein)<\/li>\n<li>Random graphs and limits (Organizer: Maya Stein)<\/li>\n<li>Structural graph theory (Organizer: Maya Stein)<\/li>\n<li>Extremal graph theory and colouring (Organizer: Maya Stein)<\/li>\n<\/ul>\n<\/li>\n<\/ul>\n<p>Click <a href=\"http:\/\/eventos.cmm.uchile.cl\/flacam2019\/wp-content\/uploads\/sites\/74\/2019\/11\/graph_session_Flacam-vf-1.pdf\" target=\"_blank\" rel=\"noopener noreferrer\">here<\/a> to access to a detailed program.<\/p>\n<h3><strong>Numerical Methods for Partial Differential Equations<br \/>\n<\/strong><\/h3>\n<ul>\n<li>Chair: <strong>Mauricio Sep\u00falveda<\/strong><\/li>\n<\/ul>\n<p>Click <a href=\"http:\/\/eventos.cmm.uchile.cl\/flacam2019\/wp-content\/uploads\/sites\/74\/2019\/11\/Numerical-Analysis-workshop-v4.pdf\" target=\"_blank\" rel=\"noopener noreferrer\">here<\/a> to access to a detailed program.<\/p>\n<div class=\"su-divider su-divider-style-default\" style=\"margin:15px 0;border-width:3px;border-color:#2C2C84\"><a href=\"#\" style=\"color:#999999\">Go to top<\/a><\/div>\n<p>&nbsp;<\/p>\n<div id=\"gtx-trans\" style=\"position: absolute; left: 105px; top: 2922px;\">\n<div class=\"gtx-trans-icon\"><\/div>\n<\/div>\n","protected":false},"excerpt":{"rendered":"<p>Program overview |\u00a0Plenary Talks | Workshops (parallel sessions) Program overview &nbsp; Tuesday, Nov 5 13:30-14:30 Registration 14:30-14:50 Opening words 14:50-15:30 Sylvie M\u00e9l\u00e9ard 15:30-16:10 Raimund B\u00fcrger 16:10-&#8230; Social activity Wednesday, Nov 6 Thursday, Nov 7 Friday, Nov 8 9:00-9:40 Jean Dolbeault Yoshiharu Kohayakawa Claudia Sagastiz\u00e1bal 9:40-10:20 Fabien Durand Salom\u00e9 Mart\u00ednez Eric Bonnetier 10:20-11:00 Coffee break Coffee &hellip; <a href=\"https:\/\/eventos.cmm.uchile.cl\/flacam2019\/program\/\" class=\"more-link\">Continue reading <span class=\"screen-reader-text\">Program<\/span> <span class=\"meta-nav\">&rarr;<\/span><\/a><\/p>\n","protected":false},"author":2,"featured_media":0,"parent":0,"menu_order":1,"comment_status":"closed","ping_status":"closed","template":"","meta":{"inline_featured_image":false,"footnotes":""},"class_list":["post-20","page","type-page","status-publish","hentry"],"_links":{"self":[{"href":"https:\/\/eventos.cmm.uchile.cl\/flacam2019\/wp-json\/wp\/v2\/pages\/20","targetHints":{"allow":["GET"]}}],"collection":[{"href":"https:\/\/eventos.cmm.uchile.cl\/flacam2019\/wp-json\/wp\/v2\/pages"}],"about":[{"href":"https:\/\/eventos.cmm.uchile.cl\/flacam2019\/wp-json\/wp\/v2\/types\/page"}],"author":[{"embeddable":true,"href":"https:\/\/eventos.cmm.uchile.cl\/flacam2019\/wp-json\/wp\/v2\/users\/2"}],"replies":[{"embeddable":true,"href":"https:\/\/eventos.cmm.uchile.cl\/flacam2019\/wp-json\/wp\/v2\/comments?post=20"}],"version-history":[{"count":108,"href":"https:\/\/eventos.cmm.uchile.cl\/flacam2019\/wp-json\/wp\/v2\/pages\/20\/revisions"}],"predecessor-version":[{"id":529,"href":"https:\/\/eventos.cmm.uchile.cl\/flacam2019\/wp-json\/wp\/v2\/pages\/20\/revisions\/529"}],"wp:attachment":[{"href":"https:\/\/eventos.cmm.uchile.cl\/flacam2019\/wp-json\/wp\/v2\/media?parent=20"}],"curies":[{"name":"wp","href":"https:\/\/api.w.org\/{rel}","templated":true}]}}