{"id":13,"date":"2022-06-06T16:51:59","date_gmt":"2022-06-06T20:51:59","guid":{"rendered":"https:\/\/eventos.cmm.uchile.cl\/fondefnsp\/?page_id=13"},"modified":"2026-01-09T14:16:36","modified_gmt":"2026-01-09T17:16:36","slug":"inicio","status":"publish","type":"page","link":"https:\/\/eventos.cmm.uchile.cl\/fondefira\/","title":{"rendered":"Evento de cierre"},"content":{"rendered":"<p><strong>H\u00e9ctor Ram\u00edrez<\/strong>, director del Centro de Modelamiento Matem\u00e1tico (CMM) de la Universidad de Chile y director del proyecto, y\u00a0<strong>Gloria Henr\u00edquez<\/strong>, investigadora de la L\u00ednea de Salud Digital del mismo centro y directora alterna del proyecto, invitan al evento de cierre del <strong>Proyecto FONDEF IDeA I+D ID23I10423 \u201cSistema inform\u00e1tico en base a inteligencia artificial para predecir peak de hospitalizaciones pedi\u00e1tricas por causas respiratorias\u201d<\/strong>, ejecutado por el CMM en colaboraci\u00f3n con el Ministerio de Salud de Chile y el Hospital Luis Calvo Mackenna.<\/p>\n<p>El encuentro se llevar\u00e1 a cabo el\u00a0<strong>martes 20 de enero de 2026, entre las 10:30 y las 12:00 horas<\/strong>, en la Sala de seminarios John von Neumann del Centro de Modelamiento Matem\u00e1tico (CMM), ubicada en Av. Beauchef 851, Santiago, Edificio Norte, piso 7.<\/p>\n<p>&nbsp;<\/p>\n<p style=\"text-align: center\"><a href=\"https:\/\/eventos.cmm.uchile.cl\/fondefira\/registro\/\" class=\"su-button su-button-style-flat\" style=\"color:#FFFFFF;background-color:#7d83bd;border-color:#646998;border-radius:7px\" target=\"_self\" title=\"Reserve su cupo\"><span style=\"color:#FFFFFF;padding:7px 20px;font-size:16px;line-height:24px;border-color:#a4a9d1;border-radius:7px;text-shadow:none\"><i class=\"sui sui-wpforms\" style=\"font-size:16px;color:#FFFFFF\"><\/i> Registrarme<\/span><\/a>\n<p><a href=\"https:\/\/eventos.cmm.uchile.cl\/fondefira\/wp-content\/uploads\/sites\/228\/2026\/01\/logos_website_fondefira-2.svg\"><img loading=\"lazy\" decoding=\"async\" class=\"alignnone wp-image-148\" src=\"https:\/\/eventos.cmm.uchile.cl\/fondefira\/wp-content\/uploads\/sites\/228\/2026\/01\/logos_website_fondefira-2.svg\" alt=\"\" width=\"607\" height=\"182\" \/><\/a><\/p>\n<hr \/>\n<p>El\u00a0<strong>Centro de Modelamiento Matem\u00e1tico (CMM)<\/strong>\u00a0es un centro cient\u00edfico de referencia nacional para la investigaci\u00f3n y las aplicaciones de las matem\u00e1ticas. Su objetivo es crear nuevas matem\u00e1ticas y utilizarlas para resolver problemas procedentes de otras ciencias, la industria y las pol\u00edticas p\u00fablicas.<\/p>\n<p class=\"p1\"><strong>CMM Salud Digital<\/strong> es una de las seis l\u00edneas de investigaci\u00f3n aplicada del CMM, que nace del inter\u00e9s de mejorar el acceso y eficiencia de la salud en Chile a trav\u00e9s de la incorporaci\u00f3n de la modelaci\u00f3n matem\u00e1tica y herramientas de inteligencia artificial en los distintos procesos que tienen lugar en los centros de salud.<\/p>\n<p>&nbsp;<\/p>\n<p><small>Este evento cuenta con financiamiento de Proyecto Basal ANID FB210005.\u00a0<\/small><\/p>\n","protected":false},"excerpt":{"rendered":"<p>H\u00e9ctor Ram\u00edrez, director del Centro de Modelamiento Matem\u00e1tico (CMM) de la Universidad de Chile y director del proyecto, y\u00a0Gloria Henr\u00edquez, investigadora de la L\u00ednea de Salud Digital del mismo centro y directora alterna del proyecto, invitan al evento de cierre del Proyecto FONDEF IDeA I+D ID23I10423 \u201cSistema inform\u00e1tico en base a inteligencia artificial para predecir &hellip; <a href=\"https:\/\/eventos.cmm.uchile.cl\/fondefira\/\" class=\"more-link\">Contin\u00fae leyendo <span class=\"screen-reader-text\">Evento de cierre<\/span> <span class=\"meta-nav\">&rarr;<\/span><\/a><\/p>\n","protected":false},"author":2,"featured_media":0,"parent":0,"menu_order":0,"comment_status":"closed","ping_status":"closed","template":"","meta":{"inline_featured_image":false,"footnotes":""},"class_list":["post-13","page","type-page","status-publish","hentry"],"_links":{"self":[{"href":"https:\/\/eventos.cmm.uchile.cl\/fondefira\/wp-json\/wp\/v2\/pages\/13","targetHints":{"allow":["GET"]}}],"collection":[{"href":"https:\/\/eventos.cmm.uchile.cl\/fondefira\/wp-json\/wp\/v2\/pages"}],"about":[{"href":"https:\/\/eventos.cmm.uchile.cl\/fondefira\/wp-json\/wp\/v2\/types\/page"}],"author":[{"embeddable":true,"href":"https:\/\/eventos.cmm.uchile.cl\/fondefira\/wp-json\/wp\/v2\/users\/2"}],"replies":[{"embeddable":true,"href":"https:\/\/eventos.cmm.uchile.cl\/fondefira\/wp-json\/wp\/v2\/comments?post=13"}],"version-history":[{"count":31,"href":"https:\/\/eventos.cmm.uchile.cl\/fondefira\/wp-json\/wp\/v2\/pages\/13\/revisions"}],"predecessor-version":[{"id":167,"href":"https:\/\/eventos.cmm.uchile.cl\/fondefira\/wp-json\/wp\/v2\/pages\/13\/revisions\/167"}],"wp:attachment":[{"href":"https:\/\/eventos.cmm.uchile.cl\/fondefira\/wp-json\/wp\/v2\/media?parent=13"}],"curies":[{"name":"wp","href":"https:\/\/api.w.org\/{rel}","templated":true}]}}