{"id":13,"date":"2022-06-06T16:51:59","date_gmt":"2022-06-06T20:51:59","guid":{"rendered":"https:\/\/eventos.cmm.uchile.cl\/fondefnsp\/?page_id=13"},"modified":"2023-04-06T11:15:49","modified_gmt":"2023-04-06T15:15:49","slug":"inicio","status":"publish","type":"page","link":"https:\/\/eventos.cmm.uchile.cl\/generostem\/","title":{"rendered":"Charla"},"content":{"rendered":"<p>El Centro de Modelamiento Matem\u00e1tico (CMM) de la Universidad de Chile, le invita a participar en la charla <strong>\u201cPol\u00edticas p\u00fablicas para la igualdad de g\u00e9nero en ciencia, tecnolog\u00eda, ingenier\u00eda y matem\u00e1ticas (STEM)\u201d<\/strong>.<\/p>\n<p>Este evento contar\u00e1 con la presencia de <strong>Carolina Mu\u00f1oz Rojas<\/strong>, Asesora de G\u00e9nero del Gabinete de la Subsecretar\u00eda de Educaci\u00f3n Superior del Ministerio de Educaci\u00f3n, en una conversaci\u00f3n moderada por Darinka Radovic, investigadora asociada CMM y subdirectora de la Direcci\u00f3n de Diversidad y G\u00e9nero, Facultad de Ciencias F\u00edsicas y Matem\u00e1ticas de la Universidad de Chile.<\/p>\n<p>La charla se llevar\u00e1 a cabo el <strong>lunes 10 de abril de 2023 a las 16:30 hrs.<\/strong> en la sala de seminarios John von Neumann del Centro de Modelamiento Matem\u00e1tico de la Universidad de Chile, ubicado en Beauchef 851, Santiago \u2013 Edificio Norte, piso 7.<\/p>\n<p>Reg\u00edstrese para asistir a esta charla <a href=\"https:\/\/eventos.cmm.uchile.cl\/generostem\/registro\/\">aqu\u00ed<\/a>.<\/p>\n<p style=\"text-align: center;\"><a href=\"https:\/\/eventos.cmm.uchile.cl\/generostem\/registro\/\" class=\"su-button su-button-style-flat\" style=\"color:#FFFFFF;background-color:#662D91;border-color:#522474;border-radius:7px\" target=\"_self\" title=\"Reserve su cupo\"><span style=\"color:#FFFFFF;padding:7px 20px;font-size:16px;line-height:24px;border-color:#946cb2;border-radius:7px;text-shadow:none\"><i class=\"sui sui-wpforms\" style=\"font-size:16px;color:#FFFFFF\"><\/i> Registrarme<\/span><\/a>\n<p><img loading=\"lazy\" decoding=\"async\" class=\"alignnone size-full wp-image-128\" src=\"https:\/\/eventos.cmm.uchile.cl\/generostem\/wp-content\/uploads\/sites\/164\/2023\/04\/charla_genero_stem_mailing_B01.png\" alt=\"\" width=\"660\" height=\"700\" srcset=\"https:\/\/eventos.cmm.uchile.cl\/generostem\/wp-content\/uploads\/sites\/164\/2023\/04\/charla_genero_stem_mailing_B01.png 660w, https:\/\/eventos.cmm.uchile.cl\/generostem\/wp-content\/uploads\/sites\/164\/2023\/04\/charla_genero_stem_mailing_B01-283x300.png 283w\" sizes=\"auto, (max-width: 660px) 100vw, 660px\" \/><\/p>\n<p><img loading=\"lazy\" decoding=\"async\" class=\"alignnone size-full wp-image-129\" src=\"https:\/\/eventos.cmm.uchile.cl\/generostem\/wp-content\/uploads\/sites\/164\/2023\/04\/cmm_mailing_footer_A_01.png\" alt=\"\" width=\"660\" height=\"200\" srcset=\"https:\/\/eventos.cmm.uchile.cl\/generostem\/wp-content\/uploads\/sites\/164\/2023\/04\/cmm_mailing_footer_A_01.png 660w, https:\/\/eventos.cmm.uchile.cl\/generostem\/wp-content\/uploads\/sites\/164\/2023\/04\/cmm_mailing_footer_A_01-300x91.png 300w\" sizes=\"auto, (max-width: 660px) 100vw, 660px\" \/><\/p>\n<p>&nbsp;<\/p>\n<p>&nbsp;<\/p>\n<hr \/>\n<p>El\u00a0<strong>Centro de Modelamiento Matem\u00e1tico (CMM)<\/strong>\u00a0es un centro cient\u00edfico de referencia nacional para la investigaci\u00f3n y las aplicaciones de las matem\u00e1ticas. Su objetivo es crear nuevas matem\u00e1ticas y utilizarlas para resolver problemas procedentes de otras ciencias, la industria y las pol\u00edticas p\u00fablicas.<\/p>\n","protected":false},"excerpt":{"rendered":"<p>El Centro de Modelamiento Matem\u00e1tico (CMM) de la Universidad de Chile, le invita a participar en la charla \u201cPol\u00edticas p\u00fablicas para la igualdad de g\u00e9nero en ciencia, tecnolog\u00eda, ingenier\u00eda y matem\u00e1ticas (STEM)\u201d. Este evento contar\u00e1 con la presencia de Carolina Mu\u00f1oz Rojas, Asesora de G\u00e9nero del Gabinete de la Subsecretar\u00eda de Educaci\u00f3n Superior del Ministerio &hellip; <a href=\"https:\/\/eventos.cmm.uchile.cl\/generostem\/\" class=\"more-link\">Seguir leyendo <span class=\"screen-reader-text\">Charla<\/span> <span class=\"meta-nav\">&rarr;<\/span><\/a><\/p>\n","protected":false},"author":2,"featured_media":0,"parent":0,"menu_order":0,"comment_status":"closed","ping_status":"closed","template":"","meta":{"inline_featured_image":false,"footnotes":""},"class_list":["post-13","page","type-page","status-publish","hentry"],"_links":{"self":[{"href":"https:\/\/eventos.cmm.uchile.cl\/generostem\/wp-json\/wp\/v2\/pages\/13","targetHints":{"allow":["GET"]}}],"collection":[{"href":"https:\/\/eventos.cmm.uchile.cl\/generostem\/wp-json\/wp\/v2\/pages"}],"about":[{"href":"https:\/\/eventos.cmm.uchile.cl\/generostem\/wp-json\/wp\/v2\/types\/page"}],"author":[{"embeddable":true,"href":"https:\/\/eventos.cmm.uchile.cl\/generostem\/wp-json\/wp\/v2\/users\/2"}],"replies":[{"embeddable":true,"href":"https:\/\/eventos.cmm.uchile.cl\/generostem\/wp-json\/wp\/v2\/comments?post=13"}],"version-history":[{"count":28,"href":"https:\/\/eventos.cmm.uchile.cl\/generostem\/wp-json\/wp\/v2\/pages\/13\/revisions"}],"predecessor-version":[{"id":133,"href":"https:\/\/eventos.cmm.uchile.cl\/generostem\/wp-json\/wp\/v2\/pages\/13\/revisions\/133"}],"wp:attachment":[{"href":"https:\/\/eventos.cmm.uchile.cl\/generostem\/wp-json\/wp\/v2\/media?parent=13"}],"curies":[{"name":"wp","href":"https:\/\/api.w.org\/{rel}","templated":true}]}}