{"id":16,"date":"2022-06-06T17:02:08","date_gmt":"2022-06-06T21:02:08","guid":{"rendered":"https:\/\/eventos.cmm.uchile.cl\/fondefnsp\/?page_id=16"},"modified":"2023-04-05T18:04:26","modified_gmt":"2023-04-05T22:04:26","slug":"lugar","status":"publish","type":"page","link":"https:\/\/eventos.cmm.uchile.cl\/generostem\/lugar\/","title":{"rendered":"Lugar"},"content":{"rendered":"<p>La charla <strong>\u201cPol\u00edticas p\u00fablicas para la igualdad de g\u00e9nero en ciencia, tecnolog\u00eda, ingenier\u00eda y matem\u00e1ticas (STEM)\u201d<\/strong>, se llevar\u00e1 a cabo el<strong> lunes 10 de abril de 2023 a las 16:30 hrs.<\/strong>, en el <strong>Auditorio John von Neumann<\/strong> del Centro de Modelamiento Matem\u00e1tico en la Facultad de Ciencias F\u00edsicas y Matem\u00e1ticas de la Universidad de Chile, ubicado en <strong>Beauchef 851, Santiago<\/strong>.<\/p>\n<p><img loading=\"lazy\" decoding=\"async\" class=\"alignnone wp-image-60 size-full\" src=\"https:\/\/static.cmm.uchile.cl\/descargas\/venue\/cmm_hall_venue01.jpg\" alt=\"Centro de Modelamiento Matem\u00e1tico\" width=\"604\" height=\"200\" \/><br \/>\n<b>Auditorio John von Neumann<\/b><br \/>\nCentro de Modelamiento Matem\u00e1tico (CMM)<br \/>\nFacultad de Ciencias F\u00edsicas y Matem\u00e1ticas (FCFM)<br \/>\nUniversidad de Chile<br \/>\nBeauchef 851,<br \/>\nSantiago\u00a0\u2013 Chile<\/p>\n\n<!-- iframe plugin v.6.0 wordpress.org\/plugins\/iframe\/ -->\n<iframe loading=\"lazy\" src=\"https:\/\/www.google.com\/maps\/d\/u\/0\/embed?mid=11XYy6-ZNTAFgGhj6OXCsNmktJirz8_Nc\" width=\"604\" 0=\"height=&quot;502&quot;frameborder=&quot;0&quot;\" marginwidth=\"0\" marginheight=\"0\" scrolling=\"no\" height=\"500\" class=\"iframe-class\" frameborder=\"0\"><\/iframe>\n\n<small>Ver la\u00a0<a href=\"https:\/\/drive.google.com\/open?id=1uprp-B0vGzc8gZOKUS6zOnhk6us&amp;usp=sharing\" target=\"_blank\" rel=\"noopener noreferrer\">Facultad<\/a>\u00a0en un mapa m\u00e1s amplio<br \/>\n<\/small><\/p>\n<p><a href=\"https:\/\/static.cmm.uchile.cl\/descargas\/venue\/uchile_cmm-dim_map03.png\" target=\"_blank\" rel=\"noopener\"><img loading=\"lazy\" decoding=\"async\" class=\"wp-image-76 size-medium aligncenter\" src=\"https:\/\/static.cmm.uchile.cl\/descargas\/venue\/uchile_cmm-dim_map03.png\" alt=\"cmm-dim map\" width=\"604\" height=\"604\" \/><\/a><\/p>\n<p style=\"text-align: justify;\">Las estaciones de Metro m\u00e1s cercanas son <em>Toesca<\/em> y <em>Parque O\u2019Higgins<\/em>, ambas en l\u00ednea 2.<\/p>\n<p style=\"text-align: center;\"><a href=\"https:\/\/static.cmm.uchile.cl\/descargas\/venue\/2017-plano-metro-red.pdf\" class=\"su-button su-button-style-default\" style=\"color:#FFF;background-color:#EE3124;border-color:#bf281d;border-radius:5px\" target=\"__blank\" title=\"download map\"><span style=\"color:#FFF;padding:6px 16px;font-size:13px;line-height:20px;border-color:#f46f66;border-radius:5px;text-shadow:none\"><i class=\"sui sui-file-pdf-o\" style=\"font-size:13px;color:#FFF\"><\/i> Mapa de red Metro de Santiago<\/span><\/a> <a href=\"https:\/\/static.cmm.uchile.cl\/descargas\/venue\/uchile_cmm-dim_map03.pdf\" class=\"su-button su-button-style-default\" style=\"color:#FFF;background-color:#EE3124;border-color:#bf281d;border-radius:5px\" target=\"__blank\" title=\"download map\"><span style=\"color:#FFF;padding:6px 16px;font-size:13px;line-height:20px;border-color:#f46f66;border-radius:5px;text-shadow:none\"><i class=\"sui sui-file-pdf-o\" style=\"font-size:13px;color:#FFF\"><\/i> Mapa de ubicaci\u00f3n del CMM y la FCFM<\/span><\/a>\n<p><a href=\"https:\/\/static.cmm.uchile.cl\/descargas\/venue\/b851_acceso_cmm02.png\" target=\"_blank\" rel=\"noopener\"><img loading=\"lazy\" decoding=\"async\" class=\"alignnone size-full wp-image-68\" src=\"https:\/\/static.cmm.uchile.cl\/descargas\/venue\/b851_acceso_cmm02_th.png\" alt=\"Acceso al CMM\" width=\"604\" height=\"329\" \/><\/a><\/p>\n<p style=\"text-align: justify;\">Desde la entrada principal por Beauchef 851, ingrese por el patio central y camine hacia su derecha para llegar al Edificio Norte y tomar el ascensor hasta el piso 7.<\/p>\n<p>&nbsp;<\/p>\n<p>&nbsp;<\/p>\n","protected":false},"excerpt":{"rendered":"<p>La charla \u201cPol\u00edticas p\u00fablicas para la igualdad de g\u00e9nero en ciencia, tecnolog\u00eda, ingenier\u00eda y matem\u00e1ticas (STEM)\u201d, se llevar\u00e1 a cabo el lunes 10 de abril de 2023 a las 16:30 hrs., en el Auditorio John von Neumann del Centro de Modelamiento Matem\u00e1tico en la Facultad de Ciencias F\u00edsicas y Matem\u00e1ticas de la Universidad de Chile, &hellip; <a href=\"https:\/\/eventos.cmm.uchile.cl\/generostem\/lugar\/\" class=\"more-link\">Seguir leyendo <span class=\"screen-reader-text\">Lugar<\/span> <span class=\"meta-nav\">&rarr;<\/span><\/a><\/p>\n","protected":false},"author":2,"featured_media":0,"parent":0,"menu_order":4,"comment_status":"closed","ping_status":"closed","template":"","meta":{"inline_featured_image":false,"footnotes":""},"class_list":["post-16","page","type-page","status-publish","hentry"],"_links":{"self":[{"href":"https:\/\/eventos.cmm.uchile.cl\/generostem\/wp-json\/wp\/v2\/pages\/16","targetHints":{"allow":["GET"]}}],"collection":[{"href":"https:\/\/eventos.cmm.uchile.cl\/generostem\/wp-json\/wp\/v2\/pages"}],"about":[{"href":"https:\/\/eventos.cmm.uchile.cl\/generostem\/wp-json\/wp\/v2\/types\/page"}],"author":[{"embeddable":true,"href":"https:\/\/eventos.cmm.uchile.cl\/generostem\/wp-json\/wp\/v2\/users\/2"}],"replies":[{"embeddable":true,"href":"https:\/\/eventos.cmm.uchile.cl\/generostem\/wp-json\/wp\/v2\/comments?post=16"}],"version-history":[{"count":19,"href":"https:\/\/eventos.cmm.uchile.cl\/generostem\/wp-json\/wp\/v2\/pages\/16\/revisions"}],"predecessor-version":[{"id":124,"href":"https:\/\/eventos.cmm.uchile.cl\/generostem\/wp-json\/wp\/v2\/pages\/16\/revisions\/124"}],"wp:attachment":[{"href":"https:\/\/eventos.cmm.uchile.cl\/generostem\/wp-json\/wp\/v2\/media?parent=16"}],"curies":[{"name":"wp","href":"https:\/\/api.w.org\/{rel}","templated":true}]}}