{"id":17,"date":"2023-11-09T23:54:49","date_gmt":"2023-11-09T22:54:49","guid":{"rendered":"https:\/\/eventos.cmm.uchile.cl\/alvinroth\/?page_id=17"},"modified":"2024-04-19T09:19:04","modified_gmt":"2024-04-19T13:19:04","slug":"acerca","status":"publish","type":"page","link":"https:\/\/eventos.cmm.uchile.cl\/goberna2024\/acerca\/","title":{"rendered":"Miguel \u00c1ngel Goberna"},"content":{"rendered":"<p><img loading=\"lazy\" decoding=\"async\" class=\"speaker_pic alignleft wp-image-75 size-full\" src=\"https:\/\/eventos.cmm.uchile.cl\/goberna2024\/wp-content\/uploads\/sites\/188\/2024\/04\/goberna_02.jpg\" alt=\"Miguel \u00c1ngel Goberna\" width=\"241\" height=\"241\" srcset=\"https:\/\/eventos.cmm.uchile.cl\/goberna2024\/wp-content\/uploads\/sites\/188\/2024\/04\/goberna_02.jpg 241w, https:\/\/eventos.cmm.uchile.cl\/goberna2024\/wp-content\/uploads\/sites\/188\/2024\/04\/goberna_02-150x150.jpg 150w\" sizes=\"auto, (max-width: 241px) 100vw, 241px\" \/>Miguel A. Goberna es profesor em\u00e9rito de estad\u00edstica e investigaci\u00f3n operativa en la Universidad de Alicante. Se doctor\u00f3 en Matem\u00e1ticas en 1979 por la Universidad de Valencia. Sus principales \u00e1reas de investigaci\u00f3n aparecen en el t\u00edtulo, <em>Geometry, Optimization, and Convex Analysis<\/em>, del n\u00famero especial de la revista Springer <em>Set-Valued and Variational Analysis<\/em> con motivo de su 70 aniversario (Volumen 30, No. 4, diciembre de 2022).<\/p>\n<p>Ha publicado m\u00e1s de 150 art\u00edculos de investigaci\u00f3n, pero es m\u00e1s conocido por sus monograf\u00edas <em>Linear Semi-Infinite Optimization<\/em> (J. Wiley, 1998), <em>Post-Optimal Analysis in Linear Semi-Infinite Optimization<\/em> (Springer, 2014) y <em>Even Convexity and Optimization<\/em>. (Springer, 2020), y por sus libros de texto \u00c1lgebra y Fundamentos (Ariel, 2000, en espa\u00f1ol), Optimizaci\u00f3n lineal (McGraw-Hill, 2004, en espa\u00f1ol) y Optimizaci\u00f3n no lineal (Springer, 2019).<\/p>\n<p>Tambi\u00e9n ha publicado numerosos art\u00edculos sobre matem\u00e1ticas y\/o pol\u00edtica, educaci\u00f3n e historia de las matem\u00e1ticas, el m\u00e1s conocido de los cuales es <em>Jorge Juan: Mathematician, Seaman, Engineer, Diplomat, and Spy of the Spanish Enlightenment<\/em> (Math. Intelligencer 45, 2023). Ha sido editor en jefe de la revista TOP entre 2013 y 2016.<\/p>\n<p><a href=\"https:\/\/www.researchgate.net\/profile\/Miguel-Angel-Goberna\" target=\"_blank\" rel=\"noopener\"><span class=\"simple-icon-researchgate\" style=\"fill:#00CCBB; height:20px; width:20px;\"><svg role=\"img\" xmlns=\"http:\/\/www.w3.org\/2000\/svg\" viewBox=\"0 0 24 24\"><title>ResearchGate<\/title><path d=\"M19.586 0c-.818 0-1.508.19-2.073.565-.563.377-.97.936-1.213 1.68a3.193 3.193 0 0 0-.112.437 8.365 8.365 0 0 0-.078.53 9 9 0 0 0-.05.727c-.01.282-.013.621-.013 1.016a31.121 31.123 0 0 0 .014 1.017 9 9 0 0 0 .05.727 7.946 7.946 0 0 0 .077.53h-.005a3.334 3.334 0 0 0 .113.438c.245.743.65 1.303 1.214 1.68.565.376 1.256.564 2.075.564.8 0 1.536-.213 2.105-.603.57-.39.94-.916 1.175-1.65.076-.235.135-.558.177-.93a10.9 10.9 0 0 0 .043-1.207v-.82c0-.095-.047-.142-.14-.142h-3.064c-.094 0-.14.047-.14.141v.956c0 .094.046.14.14.14h1.666c.056 0 .084.03.084.086 0 .36 0 .62-.036.865-.038.244-.1.447-.147.606-.108.385-.348.664-.638.876-.29.212-.738.35-1.227.35-.545 0-.901-.15-1.21-.353-.306-.203-.517-.454-.67-.915a3.136 3.136 0 0 1-.147-.762 17.366 17.367 0 0 1-.034-.656c-.01-.26-.014-.572-.014-.939a26.401 26.403 0 0 1 .014-.938 15.821 15.822 0 0 1 .035-.656 3.19 3.19 0 0 1 .148-.76 1.89 1.89 0 0 1 .742-1.01c.344-.244.593-.352 1.137-.352.508 0 .815.096 1.144.303.33.207.528.492.764.925.047.094.111.118.198.07l1.044-.43c.075-.048.09-.115.042-.199a3.549 3.549 0 0 0-.466-.742 3 3 0 0 0-.679-.607 3.313 3.313 0 0 0-.903-.41A4.068 4.068 0 0 0 19.586 0zM8.217 5.836c-1.69 0-3.036.086-4.297.086-1.146 0-2.291 0-3.007-.029v.831l1.088.2c.744.144 1.174.488 1.174 2.264v11.288c0 1.777-.43 2.12-1.174 2.263l-1.088.2v.832c.773-.029 2.12-.086 3.465-.086 1.29 0 2.951.057 3.667.086v-.831l-1.49-.2c-.773-.115-1.174-.487-1.174-2.264v-4.784c.688.057 1.29.057 2.206.057 1.748 3.123 3.41 5.472 4.355 6.56.86 1.032 2.177 1.691 3.839 1.691.487 0 1.003-.086 1.318-.23v-.744c-1.031 0-2.063-.716-2.808-1.518-1.26-1.376-2.95-3.582-4.355-6.074 2.32-.545 4.04-2.722 4.04-4.9 0-3.208-2.492-4.698-5.758-4.698zm-.515 1.29c2.406 0 3.839 1.26 3.839 3.552 0 2.263-1.547 3.782-4.097 3.782-.974 0-1.404-.03-2.063-.086v-7.19c.66-.059 1.547-.059 2.32-.059z\" \/><\/svg><\/span><\/a> <a href=\"https:\/\/orcid.org\/0000-0002-5363-7991\" target=\"_blank\" rel=\"noopener\"><span class=\"simple-icon-orcid\" style=\"fill:#A6CE39; height:20px; width:20px;\"><svg role=\"img\" viewBox=\"0 0 24 24\" xmlns=\"http:\/\/www.w3.org\/2000\/svg\"><title>ORCID<\/title><path d=\"M12 0C5.372 0 0 5.372 0 12s5.372 12 12 12 12-5.372 12-12S18.628 0 12 0zM7.369 4.378c.525 0 .947.431.947.947s-.422.947-.947.947a.95.95 0 0 1-.947-.947c0-.525.422-.947.947-.947zm-.722 3.038h1.444v10.041H6.647V7.416zm3.562 0h3.9c3.712 0 5.344 2.653 5.344 5.025 0 2.578-2.016 5.025-5.325 5.025h-3.919V7.416zm1.444 1.303v7.444h2.297c3.272 0 4.022-2.484 4.022-3.722 0-2.016-1.284-3.722-4.097-3.722h-2.222z\" \/><\/svg><\/span><\/a><\/p>\n<p><img loading=\"lazy\" decoding=\"async\" class=\"alignright size-full wp-image-68\" src=\"https:\/\/eventos.cmm.uchile.cl\/goberna2024\/wp-content\/uploads\/sites\/188\/2024\/04\/mathematics_in_politics_and_governance_cover_web_01.jpg\" alt=\"Portada libro\" width=\"320\" height=\"482\" srcset=\"https:\/\/eventos.cmm.uchile.cl\/goberna2024\/wp-content\/uploads\/sites\/188\/2024\/04\/mathematics_in_politics_and_governance_cover_web_01.jpg 320w, https:\/\/eventos.cmm.uchile.cl\/goberna2024\/wp-content\/uploads\/sites\/188\/2024\/04\/mathematics_in_politics_and_governance_cover_web_01-199x300.jpg 199w\" sizes=\"auto, (max-width: 320px) 100vw, 320px\" \/><\/p>\n<p>&nbsp;<\/p>\n<p>&nbsp;<\/p>\n<p>&nbsp;<\/p>\n<p>&nbsp;<\/p>\n<p>&nbsp;<\/p>\n<p>&nbsp;<\/p>\n<p>&nbsp;<\/p>\n<p>&nbsp;<\/p>\n<p>&nbsp;<\/p>\n<p>&nbsp;<\/p>\n<p>&nbsp;<\/p>\n<div class=\"su-divider su-divider-style-default\" style=\"margin:15px 0;border-width:3px;border-color:#5197B3\"><a href=\"#\" style=\"color:#999999\">\u2303 Volver arriba<\/a><\/div>\n<p>&nbsp;<\/p>\n<p>&nbsp;<\/p>\n","protected":false},"excerpt":{"rendered":"<p>Miguel A. Goberna es profesor em\u00e9rito de estad\u00edstica e investigaci\u00f3n operativa en la Universidad de Alicante. Se doctor\u00f3 en Matem\u00e1ticas en 1979 por la Universidad de Valencia. Sus principales \u00e1reas de investigaci\u00f3n aparecen en el t\u00edtulo, Geometry, Optimization, and Convex Analysis, del n\u00famero especial de la revista Springer Set-Valued and Variational Analysis con motivo de &hellip; <a href=\"https:\/\/eventos.cmm.uchile.cl\/goberna2024\/acerca\/\" class=\"more-link\">Seguir leyendo <span class=\"screen-reader-text\">Miguel \u00c1ngel Goberna<\/span> <span class=\"meta-nav\">&rarr;<\/span><\/a><\/p>\n","protected":false},"author":2,"featured_media":0,"parent":0,"menu_order":1,"comment_status":"closed","ping_status":"closed","template":"","meta":{"inline_featured_image":false,"footnotes":""},"class_list":["post-17","page","type-page","status-publish","hentry"],"_links":{"self":[{"href":"https:\/\/eventos.cmm.uchile.cl\/goberna2024\/wp-json\/wp\/v2\/pages\/17","targetHints":{"allow":["GET"]}}],"collection":[{"href":"https:\/\/eventos.cmm.uchile.cl\/goberna2024\/wp-json\/wp\/v2\/pages"}],"about":[{"href":"https:\/\/eventos.cmm.uchile.cl\/goberna2024\/wp-json\/wp\/v2\/types\/page"}],"author":[{"embeddable":true,"href":"https:\/\/eventos.cmm.uchile.cl\/goberna2024\/wp-json\/wp\/v2\/users\/2"}],"replies":[{"embeddable":true,"href":"https:\/\/eventos.cmm.uchile.cl\/goberna2024\/wp-json\/wp\/v2\/comments?post=17"}],"version-history":[{"count":13,"href":"https:\/\/eventos.cmm.uchile.cl\/goberna2024\/wp-json\/wp\/v2\/pages\/17\/revisions"}],"predecessor-version":[{"id":91,"href":"https:\/\/eventos.cmm.uchile.cl\/goberna2024\/wp-json\/wp\/v2\/pages\/17\/revisions\/91"}],"wp:attachment":[{"href":"https:\/\/eventos.cmm.uchile.cl\/goberna2024\/wp-json\/wp\/v2\/media?parent=17"}],"curies":[{"name":"wp","href":"https:\/\/api.w.org\/{rel}","templated":true}]}}