{"id":8,"date":"2015-10-26T15:43:29","date_gmt":"2015-10-26T18:43:29","guid":{"rendered":"http:\/\/eventos.cmm.uchile.cl\/gta2015\/?page_id=8"},"modified":"2015-12-02T14:59:05","modified_gmt":"2015-12-02T17:59:05","slug":"participants","status":"publish","type":"page","link":"https:\/\/eventos.cmm.uchile.cl\/gta2015\/participants\/","title":{"rendered":"Participants"},"content":{"rendered":"<p>Henning Bruhn, Universit\u00e4t Ulm, Germany<\/p>\n<p>Flavia Bonomo, UBA, Argentina<\/p>\n<p>Sebasti\u00e1n Bustamante, U Chile<\/p>\n<p>Felipe Contreras, U Chile<\/p>\n<p>Louis DeBiasio, Miami Univ., US<\/p>\n<p>Matt DeVos, Simon Fraser University, Canada<\/p>\n<p>Cristina Fernandes, USP, Brasil<\/p>\n<p><span class=\"il\">Florencia<\/span>\u00a0Fern\u00e1ndez Slezak, UBA, Argentina<\/p>\n<p>Luciano Grippo, UNGS, Argentina<\/p>\n<p>Andrea Jim\u00e9nez, Univ. Valpara\u00edso, Chile<\/p>\n<p>Hi\u00eap H\u00e0n,\u00a0U Chile, Chile<\/p>\n<p>Carlos Hoppen, UFRGS, Brazil<\/p>\n<p>Marcos Kiwi,\u00a0U Chile, Chile<\/p>\n<p>Richard Lang, U Chile, Chile<\/p>\n<p>Mar\u00eda\u00a0<span class=\"il\">Pia<\/span>\u00a0Mazzoleni, Univ. Nacional de la Plata, Argentina<\/p>\n<p>Dieter Mitsche, Univ.\u00a0Nice Sophia-Antipolis, France<\/p>\n<p>Ver\u00f3nica Moyano, UBA, Argentina<\/p>\n<p>Sang-il Oum, KAIST, Korea<\/p>\n<p>Janos Pach, EPFL, Lausanne, Switzerland<\/p>\n<p><span class=\"il\">Nina<\/span>\u00a0Pardal, UBA, Argentina<\/p>\n<p>Sebasti\u00e1n Perez, U Chile<\/p>\n<p>Sim\u00f3n Piga, U Chile<\/p>\n<p>Iv\u00e1n Rapaport, U Chile, Chile<\/p>\n<p>Paul Rochet,\u00a0\u00a0Universit\u00e9 de Nantes, France<\/p>\n<p>Mart\u00edn Safe, UNGS, Argentina<\/p>\n<p>Mathias Schacht, Universit\u00e4t Hamburg, Germany<\/p>\n<p>Alex Scott, Oxford<\/p>\n<p>Paul Seymour, Princeton University, US<\/p>\n<p>Jozef Skokan, LSE, UK<\/p>\n<p>Jos\u00e9 Soto,\u00a0U Chile, Chile<\/p>\n<p>Maya Stein, U Chile, Chile<\/p>\n<p>Jayme Szwarcfiter, UFRJ, Brazil<\/p>\n<p>Jos\u00e9 Zamora, UAB, Chile<\/p>\n<p>&nbsp;<\/p>\n","protected":false},"excerpt":{"rendered":"<p>Henning Bruhn, Universit\u00e4t Ulm, Germany Flavia Bonomo, UBA, Argentina Sebasti\u00e1n Bustamante, U Chile Felipe Contreras, U Chile Louis DeBiasio, Miami Univ., US Matt DeVos, Simon Fraser University, Canada Cristina Fernandes, USP, Brasil Florencia\u00a0Fern\u00e1ndez Slezak, UBA, Argentina Luciano Grippo, UNGS, Argentina Andrea Jim\u00e9nez, Univ. Valpara\u00edso, Chile Hi\u00eap H\u00e0n,\u00a0U Chile, Chile Carlos Hoppen, UFRGS, Brazil Marcos Kiwi,\u00a0U &hellip; <a href=\"https:\/\/eventos.cmm.uchile.cl\/gta2015\/participants\/\" class=\"more-link\">Continue reading <span class=\"screen-reader-text\">Participants<\/span> <span class=\"meta-nav\">&rarr;<\/span><\/a><\/p>\n","protected":false},"author":2,"featured_media":0,"parent":0,"menu_order":1,"comment_status":"closed","ping_status":"closed","template":"","meta":{"inline_featured_image":false,"footnotes":""},"class_list":["post-8","page","type-page","status-publish","hentry"],"_links":{"self":[{"href":"https:\/\/eventos.cmm.uchile.cl\/gta2015\/wp-json\/wp\/v2\/pages\/8","targetHints":{"allow":["GET"]}}],"collection":[{"href":"https:\/\/eventos.cmm.uchile.cl\/gta2015\/wp-json\/wp\/v2\/pages"}],"about":[{"href":"https:\/\/eventos.cmm.uchile.cl\/gta2015\/wp-json\/wp\/v2\/types\/page"}],"author":[{"embeddable":true,"href":"https:\/\/eventos.cmm.uchile.cl\/gta2015\/wp-json\/wp\/v2\/users\/2"}],"replies":[{"embeddable":true,"href":"https:\/\/eventos.cmm.uchile.cl\/gta2015\/wp-json\/wp\/v2\/comments?post=8"}],"version-history":[{"count":12,"href":"https:\/\/eventos.cmm.uchile.cl\/gta2015\/wp-json\/wp\/v2\/pages\/8\/revisions"}],"predecessor-version":[{"id":94,"href":"https:\/\/eventos.cmm.uchile.cl\/gta2015\/wp-json\/wp\/v2\/pages\/8\/revisions\/94"}],"wp:attachment":[{"href":"https:\/\/eventos.cmm.uchile.cl\/gta2015\/wp-json\/wp\/v2\/media?parent=8"}],"curies":[{"name":"wp","href":"https:\/\/api.w.org\/{rel}","templated":true}]}}