{"id":8,"date":"2015-10-26T15:43:29","date_gmt":"2015-10-26T18:43:29","guid":{"rendered":"http:\/\/eventos.cmm.uchile.cl\/gta2024\/?page_id=8"},"modified":"2024-03-30T11:43:21","modified_gmt":"2024-03-30T14:43:21","slug":"participants","status":"publish","type":"page","link":"https:\/\/eventos.cmm.uchile.cl\/gta2024\/participants\/","title":{"rendered":"Participants"},"content":{"rendered":"<p>Gabriel Dahia, IMPA, Brazil<\/p>\n<p>Louis DeBiasio, Miami University, US<\/p>\n<p>Giovanne dos Santos, U Chile, Chile<\/p>\n<p>Henry Echeverr\u00eda, U Valpara\u00edso, Chile<\/p>\n<p>Cristina Fernandes, USP, Brazil<\/p>\n<p>Antonio Gir\u00e3o, Oxford, UK<\/p>\n<p>Simon Griffiths, PUC Rio, Brazil<\/p>\n<p>Hi\u00eap H\u00e0n, USACH, Chile<\/p>\n<p>Penny Haxell, Waterloo, Canada<\/p>\n<p>Carlos Hoppen, UFRGS, Brazil<\/p>\n<p>Freddie Illingworth, UCL, UK<\/p>\n<p>Andrea Jim\u00e9nez, U Valpara\u00edso, Chile<\/p>\n<p>George Kontogeorgiou, CMM, Chile<\/p>\n<p>Richard Lang, Univ. Hamburg, Germany<\/p>\n<p>Jo\u00e3o Pedro Marciano, IMPA, Brazil<\/p>\n<p>Suchismita Mishra, UAB, Chile<\/p>\n<p>Guilherme Mota, USP, Brazil<\/p>\n<p>Mat\u00edas Pavez-Sign\u00e9, CMM, Chile<\/p>\n<p>Danni Peng, IMPA, Brazil<\/p>\n<p>Juan Pablo Pe\u00f1a, U Chile, Chile<\/p>\n<p>Nicol\u00e1s Sanhueza-Matamala, UDEC, Chile<\/p>\n<p>U\u00e9verton Souza, UFF, Brazil<\/p>\n<p>Maya Stein, U Chile, Chile<\/p>\n<p>Andrew Treglown, U Birmingham, UK<\/p>\n<p>Ana Trujillo Negrete, CMM, Chile<\/p>\n<p>Yoshiko Wakabayashi, USP, Brazil<\/p>\n<p>Mauricio Yepez, U Valpara\u00edso, Chile<\/p>\n<p>Jos\u00e9 Zamora, UAB, Chile<\/p>\n<p>&nbsp;<\/p>\n<p>&nbsp;<\/p>\n","protected":false},"excerpt":{"rendered":"<p>Gabriel Dahia, IMPA, Brazil Louis DeBiasio, Miami University, US Giovanne dos Santos, U Chile, Chile Henry Echeverr\u00eda, U Valpara\u00edso, Chile Cristina Fernandes, USP, Brazil Antonio Gir\u00e3o, Oxford, UK Simon Griffiths, PUC Rio, Brazil Hi\u00eap H\u00e0n, USACH, Chile Penny Haxell, Waterloo, Canada Carlos Hoppen, UFRGS, Brazil Freddie Illingworth, UCL, UK Andrea Jim\u00e9nez, U Valpara\u00edso, Chile George &hellip; <a href=\"https:\/\/eventos.cmm.uchile.cl\/gta2024\/participants\/\" class=\"more-link\">Continue reading <span class=\"screen-reader-text\">Participants<\/span> <span class=\"meta-nav\">&rarr;<\/span><\/a><\/p>\n","protected":false},"author":2,"featured_media":0,"parent":0,"menu_order":4,"comment_status":"closed","ping_status":"closed","template":"","meta":{"inline_featured_image":false,"footnotes":""},"class_list":["post-8","page","type-page","status-publish","hentry"],"_links":{"self":[{"href":"https:\/\/eventos.cmm.uchile.cl\/gta2024\/wp-json\/wp\/v2\/pages\/8","targetHints":{"allow":["GET"]}}],"collection":[{"href":"https:\/\/eventos.cmm.uchile.cl\/gta2024\/wp-json\/wp\/v2\/pages"}],"about":[{"href":"https:\/\/eventos.cmm.uchile.cl\/gta2024\/wp-json\/wp\/v2\/types\/page"}],"author":[{"embeddable":true,"href":"https:\/\/eventos.cmm.uchile.cl\/gta2024\/wp-json\/wp\/v2\/users\/2"}],"replies":[{"embeddable":true,"href":"https:\/\/eventos.cmm.uchile.cl\/gta2024\/wp-json\/wp\/v2\/comments?post=8"}],"version-history":[{"count":27,"href":"https:\/\/eventos.cmm.uchile.cl\/gta2024\/wp-json\/wp\/v2\/pages\/8\/revisions"}],"predecessor-version":[{"id":173,"href":"https:\/\/eventos.cmm.uchile.cl\/gta2024\/wp-json\/wp\/v2\/pages\/8\/revisions\/173"}],"wp:attachment":[{"href":"https:\/\/eventos.cmm.uchile.cl\/gta2024\/wp-json\/wp\/v2\/media?parent=8"}],"curies":[{"name":"wp","href":"https:\/\/api.w.org\/{rel}","templated":true}]}}