{"id":10,"date":"2018-09-25T16:44:46","date_gmt":"2018-09-25T19:44:46","guid":{"rendered":"http:\/\/eventos.cmm.uchile.cl\/ide-cmm2018\/?page_id=10"},"modified":"2018-09-27T16:16:21","modified_gmt":"2018-09-27T19:16:21","slug":"programa","status":"publish","type":"page","link":"https:\/\/eventos.cmm.uchile.cl\/ide-cmm2018\/programa\/","title":{"rendered":"Programa"},"content":{"rendered":"<div class=\"su-button-center\"><a href=\"http:\/\/vcespresso.redclara.net\/@352109705c115cdd511fb968f9f4ff86#\" class=\"su-button su-button-style-flat\" style=\"color:#FFFFFF;background-color:#006ED7;border-color:#0058ac;border-radius:9px\" target=\"_blank\" rel=\"nofollow\"><span style=\"color:#FFFFFF;padding:8px 24px;font-size:18px;line-height:27px;border-color:#4d9ae3;border-radius:9px;text-shadow:none\"><i class=\"sui sui-video-camera\" style=\"font-size:18px;color:#FFFFFF\"><\/i> Transmisi\u00f3n en l\u00ednea<\/span><\/a><\/div>\n<h2>27 de Septiembre<\/h2>\n<table>\n<tbody>\n<tr>\n<td width=\"95\">08:30 &#8211; 09:00<\/td>\n<td width=\"509\">Registro de los participantes<\/td>\n<\/tr>\n<tr>\n<td>09:00 &#8211; 09:15<\/td>\n<td>Inauguraci\u00f3n y bienvenida<br \/>\nMacarena P\u00e9rez Garc\u00eda, Secretaria Ejecutiva SNIT<br \/>\nMinisterio de Bienes Nacionales<\/td>\n<\/tr>\n<tr>\n<td>09:15 &#8211; 09:30<\/td>\n<td>Inauguraci\u00f3n y bienvenida<br \/>\nFacultad de Ciencias F\u00edsicas y Matem\u00e1ticas<br \/>\nUniversidad de Chile<\/td>\n<\/tr>\n<tr>\n<td colspan=\"1\" rowspan=\"5\">09:30 &#8211; 11:00<\/td>\n<td><strong>Grupos de Trabajo de Estandarizaci\u00f3n y Gesti\u00f3n de Informaci\u00f3n<\/strong><br \/>\nMSc. Pablo Morales<br \/>\nEncargado \u00c1rea de Informaci\u00f3n y Normas Secretar\u00eda Ejecutiva SNIT<\/td>\n<\/tr>\n<tr>\n<td><strong>Grupo de Trabajo de Geodesia &#8211; Sistema de Referencia Geod\u00e9sico para Chile<\/strong><br \/>\nMayor Julio Neira<br \/>\nInstituto Geogr\u00e1fico Militar<\/td>\n<\/tr>\n<tr>\n<td><strong>Grupo de Trabajo de Divisi\u00f3n Pol\u00edtico Administrativa &#8211; L\u00edmites Administrativos Internos del Pa\u00eds.<\/strong><br \/>\nRodrigo Osorio<br \/>\nSubsecretar\u00eda de Desarrollo Regional y Administrativa<\/td>\n<\/tr>\n<tr>\n<td><strong>Grupo de Trabajo de Hidrograf\u00eda &#8211; Densificaci\u00f3n de la Red H\u00eddrica Nacional<\/strong><br \/>\nHugo Neira<br \/>\nServicio Nacional de Geolog\u00eda y Miner\u00eda SERNAGEOMIN<\/td>\n<\/tr>\n<tr>\n<td><strong>Grupo de Trabajo de Ejes Viales &#8211; Utilizaci\u00f3n de python para optimizar procesos en cartograf\u00eda de ejes viales<\/strong><br \/>\nIv\u00e1n Soto<br \/>\nInstituto Nacional de Estad\u00edsticas<\/td>\n<\/tr>\n<tr>\n<td>11:00 &#8211; 11:20<\/td>\n<td><strong>Caf\u00e9<\/strong><\/td>\n<\/tr>\n<tr>\n<td>11:20 &#8211; 11:50<\/td>\n<td><strong>Proyecto Calidad de Datos Geogr\u00e1ficos &#8211; IPGH<\/strong><br \/>\nMSc. Rosario Casanova<br \/>\nUniversidad de la Rep\u00fablica Uruguay<\/td>\n<\/tr>\n<tr>\n<td>11:50 &#8211; 12:30<\/td>\n<td><strong>Adopci\u00f3n del LADM en la administraci\u00f3n de tierras. Caso: Colombia<\/strong><br \/>\nGolgi \u00c1lvarez<br \/>\nProyecto LADM Colombia<\/td>\n<\/tr>\n<tr>\n<td>12:30 &#8211; 13:30<\/td>\n<td><strong>Almuerzo (Colaci\u00f3n Fr\u00eda)<\/strong><\/td>\n<\/tr>\n<tr>\n<td colspan=\"2\" rowspan=\"1\"><strong>Grupo de Trabajo Im\u00e1genes: Datos raster para la toma de decisiones y el manejo de gesti\u00f3n del riesgo de desastres<\/strong><\/td>\n<\/tr>\n<tr>\n<td>13:30 &#8211; 13:50<\/td>\n<td><strong>Proyecto Copernicus<\/strong><br \/>\nDr. Florencio Utreras<br \/>\nCentro de Modelamiento Matem\u00e1tico, Universidad de Chile.<\/td>\n<\/tr>\n<tr>\n<td>13:50 &#8211; 14:10<\/td>\n<td><strong>Recursos de Informaci\u00f3n Raster para la Gesti\u00f3n de Emergencia<\/strong><br \/>\nCapit\u00e1n Leonardo Ibarra<br \/>\nServicio Aerofotogram\u00e9trico de la Fuerza A\u00e9rea de Chile<\/td>\n<\/tr>\n<tr>\n<td>14:10 &#8211; 14:40<\/td>\n<td><strong>Uso de informaci\u00f3n geoespacial para el estudio de peligros geol\u00f3gicos y gesti\u00f3n de emergencias: casos de estudio Sernageomin<\/strong><br \/>\nLaura Bono &#8211; Paula G\u00e1rate &#8211; Sandra Huerta<br \/>\nServicio Nacional de Geolog\u00eda y Miner\u00eda<\/td>\n<\/tr>\n<tr>\n<td>14:40 &#8211; 15:00<\/td>\n<td><strong>Im\u00e1genes Satelitales en la GRD<\/strong><br \/>\nAndr\u00e9s Ibaceta Poblete, Jefe de la Divisi\u00f3n de Protecci\u00f3n civil de ONEMI.<br \/>\nOficina Nacional de Emergencia del Ministerio del Interior<\/td>\n<\/tr>\n<tr>\n<td>15:00 &#8211; 15:20<\/td>\n<td><strong>Procesamiento y manejo de im\u00e1genes de alta, mediana y baja resoluci\u00f3n en apoyo a proyectos institucionales y del MINAGRI; como tambi\u00e9n en respuesta a cat\u00e1strofes y desastres naturales &#8211; CIREN<\/strong><br \/>\nDr. Marcelo Dur\u00e1n<br \/>\nCentro de Informaci\u00f3n de Recursos Naturales<\/td>\n<\/tr>\n<tr>\n<td>15:20 &#8211; 15:40<\/td>\n<td><strong>Utilizaci\u00f3n de Im\u00e1genes Sentinel y Landsat en la metodolog\u00eda para medir las \u00e1reas urbanas consolidadas de Chile<\/strong><br \/>\nAlejandro Guti\u00e9rrez<br \/>\nComisi\u00f3n de Estudios Habitacionales y Urbanos, MINVU<\/td>\n<\/tr>\n<tr>\n<td>15:40 &#8211; 16:00<\/td>\n<td><strong>Ronda de Preguntas<\/strong><\/td>\n<\/tr>\n<tr>\n<td>16:00 &#8211; 16:15<\/td>\n<td><strong>Palabras de cierre<\/strong><\/td>\n<\/tr>\n<\/tbody>\n<\/table>\n<h2><\/h2>\n<p>&nbsp;<\/p>\n<h2>28 de septiembre<\/h2>\n<h5>Taller Pr\u00e1ctico Informaci\u00f3n Geogr\u00e1fica y Normas 2018<\/h5>\n<h3>QGIS: Potencialidades, Interoperabilidad y Ejercicios pr\u00e1cticos. Sentinel Application Platform (SNAP)<\/h3>\n<p>Esta actividad ser\u00e1 certificada.<br \/>\nInscripciones en el siguiente v\u00ednculo: <a href=\"https:\/\/goo.gl\/forms\/eL1QnyQKploRKTrr2\" target=\"_blank\" rel=\"noopener\">https:\/\/goo.gl\/forms\/eL1QnyQKploRKTrr2<\/a><\/p>\n<p>Se requiere que los participantes asistan con sus computadores personales con los software QGIS 2.18 y Google Earth instalados. Descarga los software desde los siguientes v\u00ednculos:<\/p>\n<ul>\n<li>QGIS 2.18 <a href=\"http:\/\/qgis.org\/downloads\/QGIS-OSGeo4W-2.18.24-1-Setup-x86_64.exe\" target=\"_blank\" rel=\"noopener\">http:\/\/qgis.org\/downloads\/QGIS-OSGeo4W-2.18.24-1-Setup-x86_64.exe<\/a><\/li>\n<li>Google Earth <a href=\"https:\/\/www.google.com\/earth\/download\/gep\/agree.html\" target=\"_blank\" rel=\"noopener\">https:\/\/www.google.com\/earth\/download\/gep\/agree.html<\/a><\/li>\n<\/ul>\n<p>Dudas o consultas en la instalaci\u00f3n del software a pmorales@mbienes.cl<\/p>\n<table>\n<tbody>\n<tr>\n<td width=\"95\"><span style=\"font-size: 16px\">08:30 &#8211; 09:00<\/span><\/td>\n<td width=\"509\"><span style=\"font-size: 16px\">Registro de los participantes<\/span><\/td>\n<\/tr>\n<tr>\n<td><span style=\"font-size: 16px\">09:00 &#8211; 09:10<\/span><\/td>\n<td><span style=\"font-size: 16px\">Palabras de Bienvenida<\/span><\/td>\n<\/tr>\n<tr>\n<td><span style=\"font-size: 16px\">09:10 &#8211; 10:20<\/span><\/td>\n<td><span style=\"font-size: 16px\">QGIS: Potencialidades y Ejercicios pr\u00e1cticos<br \/>\nMSc. Pablo Morales<br \/>\nEncargado \u00c1rea de Informaci\u00f3n y Normas<br \/>\nSecretar\u00eda Ejecutiva SNIT Ministerio de Bienes Nacionales<\/span><\/td>\n<\/tr>\n<tr>\n<td><span style=\"font-size: 16px\">10:20 &#8211; 10:30<\/span><\/td>\n<td><span style=\"font-size: 16px\">Caf\u00e9<\/span><\/td>\n<\/tr>\n<tr>\n<td><span style=\"font-size: 16px\">10:30 &#8211; 11:30<\/span><\/td>\n<td><span style=\"font-size: 16px\">QGIS: Potencialidades y Ejercicios pr\u00e1cticos<br \/>\nMSc. Pablo Morales<br \/>\nEncargado \u00c1rea de Informaci\u00f3n y Normas<br \/>\nSecretar\u00eda Ejecutiva SNIT Ministerio de Bienes Nacionales<\/span><\/td>\n<\/tr>\n<tr>\n<td><span style=\"font-size: 16px\">11:30 &#8211; 13:30<\/span><\/td>\n<td><span style=\"font-size: 16px\">Sentinel Application Platform (SNAP)<br \/>\nDr. H\u00e9ctor Jaime Hern\u00e1ndez<br \/>\nUniversidad de Chile<\/span><\/td>\n<\/tr>\n<\/tbody>\n<\/table>\n","protected":false},"excerpt":{"rendered":"<p>27 de Septiembre 08:30 &#8211; 09:00 Registro de los participantes 09:00 &#8211; 09:15 Inauguraci\u00f3n y bienvenida Macarena P\u00e9rez Garc\u00eda, Secretaria Ejecutiva SNIT Ministerio de Bienes Nacionales 09:15 &#8211; 09:30 Inauguraci\u00f3n y bienvenida Facultad de Ciencias F\u00edsicas y Matem\u00e1ticas Universidad de Chile 09:30 &#8211; 11:00 Grupos de Trabajo de Estandarizaci\u00f3n y Gesti\u00f3n de Informaci\u00f3n MSc. Pablo &hellip; <a href=\"https:\/\/eventos.cmm.uchile.cl\/ide-cmm2018\/programa\/\" class=\"more-link\">Seguir leyendo <span class=\"screen-reader-text\">Programa<\/span> <span class=\"meta-nav\">&rarr;<\/span><\/a><\/p>\n","protected":false},"author":2,"featured_media":0,"parent":0,"menu_order":1,"comment_status":"closed","ping_status":"closed","template":"","meta":{"inline_featured_image":false,"footnotes":""},"class_list":["post-10","page","type-page","status-publish","hentry"],"_links":{"self":[{"href":"https:\/\/eventos.cmm.uchile.cl\/ide-cmm2018\/wp-json\/wp\/v2\/pages\/10","targetHints":{"allow":["GET"]}}],"collection":[{"href":"https:\/\/eventos.cmm.uchile.cl\/ide-cmm2018\/wp-json\/wp\/v2\/pages"}],"about":[{"href":"https:\/\/eventos.cmm.uchile.cl\/ide-cmm2018\/wp-json\/wp\/v2\/types\/page"}],"author":[{"embeddable":true,"href":"https:\/\/eventos.cmm.uchile.cl\/ide-cmm2018\/wp-json\/wp\/v2\/users\/2"}],"replies":[{"embeddable":true,"href":"https:\/\/eventos.cmm.uchile.cl\/ide-cmm2018\/wp-json\/wp\/v2\/comments?post=10"}],"version-history":[{"count":12,"href":"https:\/\/eventos.cmm.uchile.cl\/ide-cmm2018\/wp-json\/wp\/v2\/pages\/10\/revisions"}],"predecessor-version":[{"id":47,"href":"https:\/\/eventos.cmm.uchile.cl\/ide-cmm2018\/wp-json\/wp\/v2\/pages\/10\/revisions\/47"}],"wp:attachment":[{"href":"https:\/\/eventos.cmm.uchile.cl\/ide-cmm2018\/wp-json\/wp\/v2\/media?parent=10"}],"curies":[{"name":"wp","href":"https:\/\/api.w.org\/{rel}","templated":true}]}}