{"id":15,"date":"2018-11-12T17:13:56","date_gmt":"2018-11-12T20:13:56","guid":{"rendered":"http:\/\/eventos.cmm.uchile.cl\/ipmas2019\/?page_id=15"},"modified":"2019-01-14T15:14:28","modified_gmt":"2019-01-14T18:14:28","slug":"speakers","status":"publish","type":"page","link":"https:\/\/eventos.cmm.uchile.cl\/ipmas2019\/speakers\/","title":{"rendered":"Speakers"},"content":{"rendered":"<h3>Astronomy<\/h3>\n<ul>\n<li>Sim\u00f3n Cassasus (U. Chile, Chile)<\/li>\n<li>Tapio Helin (LUT University, Finland)<\/li>\n<li>\u00c9ric Thi\u00e9baut (Lyon Observatory, France)<\/li>\n<li>F\u00e9rreol Soulez (Lyon Observatory, France)<\/li>\n<\/ul>\n<h3>Medicine<\/h3>\n<ul>\n<li>Crist\u00f3bal Bertoglio (U. Gr\u00f6ningen, Netherlands)<\/li>\n<li>Daniel Hurtado (PUC, Chile)<\/li>\n<li>Jean-Gabriel Minonzio (CNRS-U. Valpara\u00edso, Chile)<\/li>\n<li>Joaqu\u00edn Mura (PUC, Chile)<\/li>\n<li>Benjam\u00edn Palacios (postdoc U. Chicago, USA)<\/li>\n<li>V\u00edctor Casta\u00f1eda (U. de Chile, Chile)<\/li>\n<li>Sergio Uribe (PUC, Chile)<\/li>\n<\/ul>\n<h3>Geophysics<\/h3>\n<ul>\n<li>Chen Ji (UCLA-Sta Barbara, USA)<\/li>\n<li>Marcos Moreno Switt (U. Concepci\u00f3n, Chile)<\/li>\n<li>Francisco Ortega (U. Chile, Chile)<\/li>\n<li>Felipe Aron (CIGIDEN-PUC, Chile)<\/li>\n<\/ul>\n<h3>Mining<\/h3>\n<ul>\n<li>Sergio Gaete (CODELCO, Chile)<\/li>\n<li>Christian Ihle (U. Chile, Chile)<\/li>\n<li>Joaqu\u00edn Fontbona (U. Chile, Chile)<\/li>\n<\/ul>\n","protected":false},"excerpt":{"rendered":"<p>Astronomy Sim\u00f3n Cassasus (U. Chile, Chile) Tapio Helin (LUT University, Finland) \u00c9ric Thi\u00e9baut (Lyon Observatory, France) F\u00e9rreol Soulez (Lyon Observatory, France) Medicine Crist\u00f3bal Bertoglio (U. Gr\u00f6ningen, Netherlands) Daniel Hurtado (PUC, Chile) Jean-Gabriel Minonzio (CNRS-U. Valpara\u00edso, Chile) Joaqu\u00edn Mura (PUC, Chile) Benjam\u00edn Palacios (postdoc U. Chicago, USA) V\u00edctor Casta\u00f1eda (U. de Chile, Chile) Sergio Uribe (PUC, &hellip; <a href=\"https:\/\/eventos.cmm.uchile.cl\/ipmas2019\/speakers\/\" class=\"more-link\">Continue reading <span class=\"screen-reader-text\">Speakers<\/span> <span class=\"meta-nav\">&rarr;<\/span><\/a><\/p>\n","protected":false},"author":2,"featured_media":0,"parent":0,"menu_order":1,"comment_status":"closed","ping_status":"closed","template":"","meta":{"inline_featured_image":false,"footnotes":""},"class_list":["post-15","page","type-page","status-publish","hentry"],"_links":{"self":[{"href":"https:\/\/eventos.cmm.uchile.cl\/ipmas2019\/wp-json\/wp\/v2\/pages\/15","targetHints":{"allow":["GET"]}}],"collection":[{"href":"https:\/\/eventos.cmm.uchile.cl\/ipmas2019\/wp-json\/wp\/v2\/pages"}],"about":[{"href":"https:\/\/eventos.cmm.uchile.cl\/ipmas2019\/wp-json\/wp\/v2\/types\/page"}],"author":[{"embeddable":true,"href":"https:\/\/eventos.cmm.uchile.cl\/ipmas2019\/wp-json\/wp\/v2\/users\/2"}],"replies":[{"embeddable":true,"href":"https:\/\/eventos.cmm.uchile.cl\/ipmas2019\/wp-json\/wp\/v2\/comments?post=15"}],"version-history":[{"count":10,"href":"https:\/\/eventos.cmm.uchile.cl\/ipmas2019\/wp-json\/wp\/v2\/pages\/15\/revisions"}],"predecessor-version":[{"id":191,"href":"https:\/\/eventos.cmm.uchile.cl\/ipmas2019\/wp-json\/wp\/v2\/pages\/15\/revisions\/191"}],"wp:attachment":[{"href":"https:\/\/eventos.cmm.uchile.cl\/ipmas2019\/wp-json\/wp\/v2\/media?parent=15"}],"curies":[{"name":"wp","href":"https:\/\/api.w.org\/{rel}","templated":true}]}}