{"id":192,"date":"2019-01-14T15:50:42","date_gmt":"2019-01-14T18:50:42","guid":{"rendered":"http:\/\/eventos.cmm.uchile.cl\/ipmas2019\/?page_id=192"},"modified":"2019-01-14T15:54:54","modified_gmt":"2019-01-14T18:54:54","slug":"posters-session","status":"publish","type":"page","link":"https:\/\/eventos.cmm.uchile.cl\/ipmas2019\/posters-session\/","title":{"rendered":"Posters session"},"content":{"rendered":"<p>The posters session will be open at the Beauchef Room, FCFM, Universidad de Chile on Wednesday 17th from 13:00 to 18:00. See <a href=\"http:\/\/eventos.cmm.uchile.cl\/ipmas2019\/venue\/\">&#8220;Venue&#8221;<\/a> section for guiding and maps details. We invite the authors to be present spetially during the wecome brunch (13:30-14:30) and during the cocktail (17:00-18:00) to present their works.<\/p>\n<p>List of selected IPMAS2019 posters:<\/p>\n<p><strong><em>An unsupervised patch-based approach for exoplanet detection by direct imaging. The PACO algorithm.<\/em><\/strong> Olivier Flasseur (1), Lo\u00efc Denis (1), Eric Thi\u00e9baut (2) and Maud Langlois (2). (1) University of Lyon, La. Hubert Curien (CNRS\/IOGS), France. (2) University of Lyon, Centre de Recherche Astrophysique de Lyon (CNRS\/ENS), France.<\/p>\n<p><strong><em>Compressed Sensing Dictionary Selection in the Radio-Interferometry Context.<\/em> <\/strong>Roberto Rojas (1), Jorge F. Silva (1) and Axel Osses (2), (1) Departamento de Ingenier\u00eda El\u00e9ctrica, FCFM, U. de Chile. (2) Departamento de Ingenier\u00eda Matem\u00e1tica &#8211; CMM, FCFM, U. de Chile.<\/p>\n<p><em><strong>Modelo 2-D t\u00e9rmico de la subducci\u00f3n chilena, mediante el m\u00e9todo de elementos finitos.<\/strong><\/em> R. Mancini (1), E. Contreras-Reyes (1), A. Osses (2), L. Cabrera (1), S. Ruiz (1). (1) Departamento de Geof\u00edsica, FCFM, U. de Chile. Departamento de Ingenier\u00eda Matem\u00e1tica &#8211; CMM, FCFM, U. de Chile.<\/p>\n<p><strong><em>Analysis of the Tocopilla (Mw7.7) 2007 earthquake using fully Bayesian Inverse Methods.<\/em><\/strong> Natalia D\u00edaz (1), Francisco Ortega-Culaciatti (1,2), Javier A. Ruiz (1), Mark Simons (3) and Sarah E. Minson (4). (1) Geophysics Department, FCFM, U. de Chile. (2) Advanced Mining Technology Center AMTC, FCFM, U. de Chile. (3) Seismological Laboratory, CALTECH, USA. (4) United States Geological Survey USGS, USA.<\/p>\n<p><em><strong>Mathematical modelling in Light Sheet Fluorescence Microscopy image reconstruction.<\/strong> <\/em>Evelyn Cueva (1), V\u00edctor Casta\u00f1eda (2), Mat\u00edas Courdurier (3), Steffen H\u00e4rtel (4), Axel Osses (1). (1) Departamento de Ingenier\u00eda Matem\u00e1tica &#8211; CMM, FCFM, U. de Chile. (2) Departamento de Tecnolog\u00eda M\u00e9dica, Fac. de Medicina, U. de Chile. (3) Departamento de Matem\u00e1tica, PUC. (4) SCIAN-Lab, CIMT, CENS, ICBM, Fac. de Medicina, U. de Chile.<\/p>\n<p><em><strong>Problema inverso para la conductividad del tejido del coraz\u00f3n.<\/strong><\/em> Pablo Arratia and Manuel Suil. Departamento de Ingenier\u00eda Matem\u00e1tica &#8211; CMM, FCFM, U. de Chile.<\/p>\n<p><strong><em>Numerical Validation of an Homogenized Bone Model.<\/em><\/strong> Reidmen Ar\u00f3stica (1), Jean-Gabriel Minonzio (2,3) and Axel Osses (1).\u00a0 (1) Departamento de Ingenier\u00eda Matem\u00e1tica &#8211; CMM, FCFM, U. de Chile. (2) Universidad de Valpara\u00edso, Chile. (3) Sorbonne Universit\u00e9 CNRS INSERM.<\/p>\n<p><strong><em>Lung image registration problem from CT images for medical applications.<\/em><\/strong> Rodrigo Quezada (1), Daniel Hurtado (2) and Axel Osses (1). (1) Institute for Biological and Medical Engineering, PUC. (2) Departamento de Ingenier\u00eda Matem\u00e1tica &#8211; CMM, FCFM, U. de Chile.<\/p>\n<p><strong><em>Optical Coherence Tomography. Application in Ophthalmology.<\/em><\/strong> Claudio Catal\u00e1n, Mitcheel Lanas and Patricia Menares. Mag\u00edster en Inform\u00e1tica M\u00e9dica. Fac. de Medicina, U. de Chile.<\/p>\n<p><strong><em>Optimal Dual-VENC (ODV) Unwrapping in Phase-Contrast MRI.<\/em><\/strong> Hugo Carrillo (1), Axel Osses (1), Sergio Uribe (2,3,4), Crist\u00f3bal Bertoglio (3).\u00a0 (1) Departamento de Ingenier\u00eda Matem\u00e1tica &#8211; CMM, FCFM, U. de Chile. (2) Millenium Nucleous for Cardiovascular Magnetic Resonance. (3) Center for Biomedical Imaging, PUC. Radiology Department, School of Medicine, PUC. (4) Bernouilli Institute, U. of Gr\u00f6ningen, The Neetherlands.<\/p>\n<p><strong><em>Airway Strain Quantification using NURBS.<\/em><\/strong> David Ortiz P. (1), Daniel Hurtado (1,2). (1) Departamento de Ingenier\u00eda Estructural y Geot\u00e9cnica, PUC. (2) Institute for Biological and Medical Engineering, PUC.<\/p>\n","protected":false},"excerpt":{"rendered":"<p>The posters session will be open at the Beauchef Room, FCFM, Universidad de Chile on Wednesday 17th from 13:00 to 18:00. See &#8220;Venue&#8221; section for guiding and maps details. We invite the authors to be present spetially during the wecome brunch (13:30-14:30) and during the cocktail (17:00-18:00) to present their works. List of selected IPMAS2019 &hellip; <a href=\"https:\/\/eventos.cmm.uchile.cl\/ipmas2019\/posters-session\/\" class=\"more-link\">Continue reading <span class=\"screen-reader-text\">Posters session<\/span> <span class=\"meta-nav\">&rarr;<\/span><\/a><\/p>\n","protected":false},"author":21,"featured_media":0,"parent":0,"menu_order":0,"comment_status":"closed","ping_status":"closed","template":"","meta":{"inline_featured_image":false,"footnotes":""},"class_list":["post-192","page","type-page","status-publish","hentry"],"_links":{"self":[{"href":"https:\/\/eventos.cmm.uchile.cl\/ipmas2019\/wp-json\/wp\/v2\/pages\/192","targetHints":{"allow":["GET"]}}],"collection":[{"href":"https:\/\/eventos.cmm.uchile.cl\/ipmas2019\/wp-json\/wp\/v2\/pages"}],"about":[{"href":"https:\/\/eventos.cmm.uchile.cl\/ipmas2019\/wp-json\/wp\/v2\/types\/page"}],"author":[{"embeddable":true,"href":"https:\/\/eventos.cmm.uchile.cl\/ipmas2019\/wp-json\/wp\/v2\/users\/21"}],"replies":[{"embeddable":true,"href":"https:\/\/eventos.cmm.uchile.cl\/ipmas2019\/wp-json\/wp\/v2\/comments?post=192"}],"version-history":[{"count":13,"href":"https:\/\/eventos.cmm.uchile.cl\/ipmas2019\/wp-json\/wp\/v2\/pages\/192\/revisions"}],"predecessor-version":[{"id":206,"href":"https:\/\/eventos.cmm.uchile.cl\/ipmas2019\/wp-json\/wp\/v2\/pages\/192\/revisions\/206"}],"wp:attachment":[{"href":"https:\/\/eventos.cmm.uchile.cl\/ipmas2019\/wp-json\/wp\/v2\/media?parent=192"}],"curies":[{"name":"wp","href":"https:\/\/api.w.org\/{rel}","templated":true}]}}