{"id":9,"date":"2014-11-10T12:19:48","date_gmt":"2014-11-10T15:19:48","guid":{"rendered":"http:\/\/eventos.cmm.uchile.cl\/ipphys2015\/?page_id=9"},"modified":"2015-07-31T10:08:41","modified_gmt":"2015-07-31T13:08:41","slug":"speakers","status":"publish","type":"page","link":"https:\/\/eventos.cmm.uchile.cl\/ipphys2015\/speakers\/","title":{"rendered":"Speakers"},"content":{"rendered":"<p class=\"p1\"><strong>Eric Bonnetier<\/strong>, Universit\u00e9 Joseph Fourier, Lab. Jean Kuntzmann, Grenoble, France<\/p>\n<p class=\"p1\"><strong>Rafael Benguria<\/strong>, Instituto de F\u00edsica, Facultad de F\u00edsica, Pontificia Universidad Cat\u00f3lica de Chile<\/p>\n<p class=\"p1\"><strong>Crist\u00f3bal Bertoglio<\/strong>, Centro de Modelamiento Matem\u00e1tico, Universidad de Chile.<\/p>\n<p class=\"p1\"><strong>Sim\u00f3n Cassasus<\/strong>, Departamento de Astronom\u00eda, Universidad de Chile.<\/p>\n<p class=\"p1\"><strong>Galina Garc\u00eda<\/strong>, Departamento de Matem\u00e1tica y Ciencia de la Computaci\u00f3n, Universidad de Santiago de Chile.<\/p>\n<p class=\"p1\"><strong>Maarten de Hoop<\/strong>, Department of Mathematics, Purdue University.<\/p>\n<p><strong>Pablo Irarr\u00e1zaval<\/strong>, Biomedical Imaging Center, Pontificia Universidad Cat\u00f3lica de Chile, Chile<\/p>\n<p><strong>Fernando Lund<\/strong>, Departamento de F\u00edsica, Universidad de Chile, Chile<\/p>\n<p><strong>Nicol\u00e1s Mujica<\/strong>, Departamento de F\u00edsica, Universidad de Chile, Chile<\/p>\n<p class=\"p1\"><strong>Claudio Mu\u00f1oz<\/strong>, Departamento de Ingenier\u00eda Matem\u00e1tica, Universidad de Chile, Chile<\/p>\n<p class=\"p1\"><strong>Francisco Ortega<\/strong>, Departamento de Geof\u00edsica, Universidad de Chile, Chile<\/p>\n<p class=\"p1\"><strong>Gabriel Paternain<\/strong>, Department of Pure Mathematics and Mathematical Statistics, University of Cambridge, UK<\/p>\n<p class=\"p1\"><strong>Kui Ren<\/strong>, Mathematics Department, University of Texas-Austin, US<\/p>\n<p class=\"p1\"><strong>Mat\u00edas Ruiz<\/strong>,\u00a0Department of Mathematics and Applications, Ecole Normale Sup\u00e9rieure, France<\/p>\n<p><strong>Carlos Sing-Long<\/strong>, <span class=\"st\">Institute for Computational and Mathematical Engineering, Stanford University, US<\/span><\/p>\n<p><strong>Gunther Uhlmann<\/strong>, Department of Mathematics, University of Washington, US<\/p>\n","protected":false},"excerpt":{"rendered":"<p>Eric Bonnetier, Universit\u00e9 Joseph Fourier, Lab. Jean Kuntzmann, Grenoble, France Rafael Benguria, Instituto de F\u00edsica, Facultad de F\u00edsica, Pontificia Universidad Cat\u00f3lica de Chile Crist\u00f3bal Bertoglio, Centro de Modelamiento Matem\u00e1tico, Universidad de Chile. Sim\u00f3n Cassasus, Departamento de Astronom\u00eda, Universidad de Chile. Galina Garc\u00eda, Departamento de Matem\u00e1tica y Ciencia de la Computaci\u00f3n, Universidad de Santiago de Chile. &hellip; <a href=\"https:\/\/eventos.cmm.uchile.cl\/ipphys2015\/speakers\/\" class=\"more-link\">Continue reading <span class=\"screen-reader-text\">Speakers<\/span> <span class=\"meta-nav\">&rarr;<\/span><\/a><\/p>\n","protected":false},"author":2,"featured_media":0,"parent":0,"menu_order":1,"comment_status":"closed","ping_status":"closed","template":"","meta":{"inline_featured_image":false,"footnotes":""},"class_list":["post-9","page","type-page","status-publish","hentry"],"_links":{"self":[{"href":"https:\/\/eventos.cmm.uchile.cl\/ipphys2015\/wp-json\/wp\/v2\/pages\/9","targetHints":{"allow":["GET"]}}],"collection":[{"href":"https:\/\/eventos.cmm.uchile.cl\/ipphys2015\/wp-json\/wp\/v2\/pages"}],"about":[{"href":"https:\/\/eventos.cmm.uchile.cl\/ipphys2015\/wp-json\/wp\/v2\/types\/page"}],"author":[{"embeddable":true,"href":"https:\/\/eventos.cmm.uchile.cl\/ipphys2015\/wp-json\/wp\/v2\/users\/2"}],"replies":[{"embeddable":true,"href":"https:\/\/eventos.cmm.uchile.cl\/ipphys2015\/wp-json\/wp\/v2\/comments?post=9"}],"version-history":[{"count":18,"href":"https:\/\/eventos.cmm.uchile.cl\/ipphys2015\/wp-json\/wp\/v2\/pages\/9\/revisions"}],"predecessor-version":[{"id":124,"href":"https:\/\/eventos.cmm.uchile.cl\/ipphys2015\/wp-json\/wp\/v2\/pages\/9\/revisions\/124"}],"wp:attachment":[{"href":"https:\/\/eventos.cmm.uchile.cl\/ipphys2015\/wp-json\/wp\/v2\/media?parent=9"}],"curies":[{"name":"wp","href":"https:\/\/api.w.org\/{rel}","templated":true}]}}