{"id":9,"date":"2014-11-10T12:19:48","date_gmt":"2014-11-10T15:19:48","guid":{"rendered":"http:\/\/eventos.cmm.uchile.cl\/ipphys2024\/?page_id=9"},"modified":"2024-01-11T14:34:16","modified_gmt":"2024-01-11T17:34:16","slug":"speakers","status":"publish","type":"page","link":"https:\/\/eventos.cmm.uchile.cl\/ipphys2024\/speakers\/","title":{"rendered":"Speakers"},"content":{"rendered":"<h2>Invited speakers<\/h2>\n<table class=\"evento_speakers\" width=\"100%\">\n<tbody>\n<tr>\n<td width=\"40%\"><strong>Speaker<\/strong><\/td>\n<td width=\"40%\"><strong>Institution<\/strong><\/td>\n<td width=\"20%\"><strong>Country<\/strong><\/td>\n<\/tr>\n<tr>\n<td>Acosta, Sebastian<\/td>\n<td>Baylor College of Medicine and Texas Children&#8217;s Hospital<\/td>\n<td>US<\/td>\n<\/tr>\n<tr>\n<td>Alberti, Giovanni<\/td>\n<td>Department of Mathematics, University of Genoa<\/td>\n<td>Italy<\/td>\n<\/tr>\n<tr>\n<td>Bonnetier, Eric<\/td>\n<td>Institut Fourier, Universit\u00e9 Grenoble Alpes<\/td>\n<td>France<\/td>\n<\/tr>\n<tr>\n<td>Holman, Sean<\/td>\n<td>Department of Mathematics, The University of Manchester<\/td>\n<td>UK<\/td>\n<\/tr>\n<tr>\n<td>Lassas, Matti<\/td>\n<td>Department of Mathematics and Statistics, University of Helsinki<\/td>\n<td>Finland<\/td>\n<\/tr>\n<tr>\n<td>Oksanen, Lauri<\/td>\n<td>Centre of Excellence of Inverse Modelling and Imaging, University of Helsinki<\/td>\n<td>Finland<\/td>\n<\/tr>\n<tr>\n<td>Osses, Axel<\/td>\n<td>Department of Mathematical Engineering, Universidad de Chile<\/td>\n<td>Chile<\/td>\n<\/tr>\n<tr>\n<td>Petrache, Mirchea<\/td>\n<td>Department of Mathematics, Pontificia Universidad Cat\u00f3lica de Chile<\/td>\n<td>Chile<\/td>\n<\/tr>\n<tr>\n<td>Prakash, Ravi<\/td>\n<td>Department of Mathematics, Universidad de Concepci\u00f3n<\/td>\n<td>Chile<\/td>\n<\/tr>\n<tr>\n<td>Schotland, John<\/td>\n<td>Department of Mathematics, Yale University<\/td>\n<td>US<\/td>\n<\/tr>\n<tr>\n<td>Seppecher, Laurent<\/td>\n<td>Institut Camille Jordan, \u00c9cole Centrale de Lyon<\/td>\n<td>France<\/td>\n<\/tr>\n<tr>\n<td>Stefanov, Plamen<\/td>\n<td>Department of Mathematics, Purdue University<\/td>\n<td>US<\/td>\n<\/tr>\n<tr>\n<td>Uhlmann, Gunther<\/td>\n<td>Department of Mathematics, University of Washington<\/td>\n<td>US<\/td>\n<\/tr>\n<tr>\n<td>Vasy, Andr\u00e1s<\/td>\n<td>Department of Mathematics, Stanford University<\/td>\n<td>US<\/td>\n<\/tr>\n<\/tbody>\n<\/table>\n<p>&nbsp;<\/p>\n<h2>Young speakers<\/h2>\n<table class=\"evento_speakers\" width=\"100%\">\n<tbody>\n<tr>\n<td width=\"40%\"><strong>Speaker<\/strong><\/td>\n<td width=\"40%\"><strong>Institution<\/strong><\/td>\n<td width=\"20%\"><strong>Country<\/strong><\/td>\n<\/tr>\n<tr>\n<td>Carrillo, Hugo<\/td>\n<td>Instituto de Ingenier\u00eda Matem\u00e1tica y Computacional, Pontificia Universidad Cat\u00f3lica de Chile<\/td>\n<td>Chile<\/td>\n<\/tr>\n<tr>\n<td>Filippas, Spyridon<\/td>\n<td>Department of Mathematics and Statistics, University of Helsinki<\/td>\n<td>Finland<\/td>\n<\/tr>\n<tr>\n<td>Imba, Alex<\/td>\n<td>Department of Mathematics, Universidad T\u00e9cnica Federico Santa Mar\u00eda<\/td>\n<td>Chile<\/td>\n<\/tr>\n<tr>\n<td>Mu\u00f1oz, Sebastian<\/td>\n<td>Department of Mathematics, Purdue University<\/td>\n<td>US<\/td>\n<\/tr>\n<tr>\n<td>Nursultanov, Medet<\/td>\n<td>Department of Mathematics and Statistics, University of Helsinki<\/td>\n<td>Finland<\/td>\n<\/tr>\n<tr>\n<td>Paduro, Esteban<\/td>\n<td>Millennium Nucleus For Applied Control And Inverse Problems, Pontificia Universidad Cat\u00f3lica de Chile<\/td>\n<td>Chile<\/td>\n<\/tr>\n<\/tbody>\n<\/table>\n","protected":false},"excerpt":{"rendered":"<p>Invited speakers Speaker Institution Country Acosta, Sebastian Baylor College of Medicine and Texas Children&#8217;s Hospital US Alberti, Giovanni Department of Mathematics, University of Genoa Italy Bonnetier, Eric Institut Fourier, Universit\u00e9 Grenoble Alpes France Holman, Sean Department of Mathematics, The University of Manchester UK Lassas, Matti Department of Mathematics and Statistics, University of Helsinki Finland Oksanen, &hellip; <a href=\"https:\/\/eventos.cmm.uchile.cl\/ipphys2024\/speakers\/\" class=\"more-link\">Continue reading <span class=\"screen-reader-text\">Speakers<\/span> <span class=\"meta-nav\">&rarr;<\/span><\/a><\/p>\n","protected":false},"author":2,"featured_media":0,"parent":0,"menu_order":1,"comment_status":"closed","ping_status":"closed","template":"","meta":{"inline_featured_image":false,"footnotes":""},"class_list":["post-9","page","type-page","status-publish","hentry"],"_links":{"self":[{"href":"https:\/\/eventos.cmm.uchile.cl\/ipphys2024\/wp-json\/wp\/v2\/pages\/9","targetHints":{"allow":["GET"]}}],"collection":[{"href":"https:\/\/eventos.cmm.uchile.cl\/ipphys2024\/wp-json\/wp\/v2\/pages"}],"about":[{"href":"https:\/\/eventos.cmm.uchile.cl\/ipphys2024\/wp-json\/wp\/v2\/types\/page"}],"author":[{"embeddable":true,"href":"https:\/\/eventos.cmm.uchile.cl\/ipphys2024\/wp-json\/wp\/v2\/users\/2"}],"replies":[{"embeddable":true,"href":"https:\/\/eventos.cmm.uchile.cl\/ipphys2024\/wp-json\/wp\/v2\/comments?post=9"}],"version-history":[{"count":42,"href":"https:\/\/eventos.cmm.uchile.cl\/ipphys2024\/wp-json\/wp\/v2\/pages\/9\/revisions"}],"predecessor-version":[{"id":28,"href":"https:\/\/eventos.cmm.uchile.cl\/ipphys2024\/wp-json\/wp\/v2\/pages\/9\/revisions\/28"}],"wp:attachment":[{"href":"https:\/\/eventos.cmm.uchile.cl\/ipphys2024\/wp-json\/wp\/v2\/media?parent=9"}],"curies":[{"name":"wp","href":"https:\/\/api.w.org\/{rel}","templated":true}]}}