{"id":12,"date":"2014-11-10T12:28:51","date_gmt":"2014-11-10T15:28:51","guid":{"rendered":"http:\/\/eventos.cmm.uchile.cl\/ipphys2026\/?page_id=12"},"modified":"2025-10-22T13:12:32","modified_gmt":"2025-10-22T16:12:32","slug":"venue","status":"publish","type":"page","link":"https:\/\/eventos.cmm.uchile.cl\/ipphys2026\/venue\/","title":{"rendered":"Venue"},"content":{"rendered":"<p>Puerto Varas, Chile<\/p>\n<p>The Summer School will take place at Hotel Caba\u00f1as del Lago,\u00a0 <strong>Sal\u00f3n Petrohu\u00e9<\/strong> (Petrohu\u00e9 Hall).<\/p>\n<p><a href=\"https:\/\/hotelcabanadellago.cl\">Hotel Caba\u00f1a del Lago<\/a>, <span class=\"LrzXr\">Klenner 195, 5550447 Puerto Varas, Los Lagos.<\/span><\/p>\n<p>Caba\u00f1as y hospedaje Amancay, Puerto Varas (MsC and PhD students, reservation January 4th-8th, 5 nights)<\/p>\n<p>&nbsp;<\/p>\n","protected":false},"excerpt":{"rendered":"<p>Puerto Varas, Chile The Summer School will take place at Hotel Caba\u00f1as del Lago,\u00a0 Sal\u00f3n Petrohu\u00e9 (Petrohu\u00e9 Hall). Hotel Caba\u00f1a del Lago, Klenner 195, 5550447 Puerto Varas, Los Lagos. Caba\u00f1as y hospedaje Amancay, Puerto Varas (MsC and PhD students, reservation January 4th-8th, 5 nights) &nbsp;<\/p>\n","protected":false},"author":2,"featured_media":0,"parent":0,"menu_order":3,"comment_status":"closed","ping_status":"closed","template":"","meta":{"inline_featured_image":false,"footnotes":""},"class_list":["post-12","page","type-page","status-publish","hentry"],"_links":{"self":[{"href":"https:\/\/eventos.cmm.uchile.cl\/ipphys2026\/wp-json\/wp\/v2\/pages\/12","targetHints":{"allow":["GET"]}}],"collection":[{"href":"https:\/\/eventos.cmm.uchile.cl\/ipphys2026\/wp-json\/wp\/v2\/pages"}],"about":[{"href":"https:\/\/eventos.cmm.uchile.cl\/ipphys2026\/wp-json\/wp\/v2\/types\/page"}],"author":[{"embeddable":true,"href":"https:\/\/eventos.cmm.uchile.cl\/ipphys2026\/wp-json\/wp\/v2\/users\/2"}],"replies":[{"embeddable":true,"href":"https:\/\/eventos.cmm.uchile.cl\/ipphys2026\/wp-json\/wp\/v2\/comments?post=12"}],"version-history":[{"count":15,"href":"https:\/\/eventos.cmm.uchile.cl\/ipphys2026\/wp-json\/wp\/v2\/pages\/12\/revisions"}],"predecessor-version":[{"id":336,"href":"https:\/\/eventos.cmm.uchile.cl\/ipphys2026\/wp-json\/wp\/v2\/pages\/12\/revisions\/336"}],"wp:attachment":[{"href":"https:\/\/eventos.cmm.uchile.cl\/ipphys2026\/wp-json\/wp\/v2\/media?parent=12"}],"curies":[{"name":"wp","href":"https:\/\/api.w.org\/{rel}","templated":true}]}}