{"id":328,"date":"2025-10-16T17:06:41","date_gmt":"2025-10-16T20:06:41","guid":{"rendered":"https:\/\/eventos.cmm.uchile.cl\/ipphys2026\/?page_id=328"},"modified":"2025-12-15T21:49:07","modified_gmt":"2025-12-16T00:49:07","slug":"postulacion","status":"publish","type":"page","link":"https:\/\/eventos.cmm.uchile.cl\/ipphys2026\/postulacion\/","title":{"rendered":"Postulaci\u00f3n a becas y registro"},"content":{"rendered":"<p><strong style=\"color: #ff0000\"> Other academics or students who are not among the scholarship recipients and are interested in attending are kindly requested to send a brief CV to: ipphys@cmm.uchile.cl since as the number of participants is limited, attendance will be subject to approval by the organizing committee.<\/strong><\/p>\n<p>La organizaci\u00f3n de la escuela IPPhys2026 cuenta con un n\u00famero limitado de 13 becas de alojamiento en caba\u00f1as y habitaciones compartidas en Puerto Varas, a una distancia cercana y caminable del lugar donde se realizar\u00e1n las clases. Al menos 3 de estas becas est\u00e1n reservadas para alumnas e investigadoras j\u00f3venes y se est\u00e1 trabajando para poder ampliar el n\u00famero total de becas.<\/p>\n<p>Es importante se\u00f1alar que las becas consisten solamente en el pago de la estad\u00eda en caba\u00f1as o habitaciones de hotel, por las 5 noches de la escuela, y que no se cuenta con fondos adicionales para gastos de transporte ni de asignaciones de alimentaci\u00f3n, las que correr\u00e1n por parte de cada becado. Tampoco se incluye el desayuno en las caba\u00f1as compartidas. En todo caso, se han programado coffee breaks a las 10 de la ma\u00f1ana para cada uno de los cuatro d\u00edas de la escuela.<\/p>\n<p>Para poder postular, se requiere ser actualmente alumno\/a regular de un programa de Mag\u00edster o de Doctorado acreditado o Investigador\/a Postdoctoral o investigador\/a activo\/a, con doctorado obtenido el 2020 o posterior. Lamentablemente, no podemos becar alumnos o alumnas de pregrado. Tambi\u00e9n se requiere presentar un p\u00f3ster en la sesi\u00f3n de p\u00f3sters del <strong>d\u00eda martes 6 de enero 2026 a las 12:30<\/strong> en el mismo lugar de la escuela.<\/p>\n<h5>Proceso de postulaci\u00f3n becas de estad\u00eda IPPhys2026:<\/h5>\n<p>&#8211; Registrarse en este <a href=\"https:\/\/docs.google.com\/forms\/d\/e\/1FAIpQLSeUakdf64pKttaIXjV2lE9JeGLFYQozkVqzRiX97nOqEMM6EQ\/viewform?usp=header\"><strong>formulario<\/strong><\/a> a m\u00e1s tardar el d\u00eda <del><strong>10 de noviembre<\/strong><\/del> 2025 a las 23:59 hrs (el registro y los cursos son gratuitos).<br \/>\n<strong style=\"color: #ff0000\"> Nota: Plazo extendido al viernes 14 de noviembre 23:59 hrs.<\/strong><br \/>\n<strong style=\"color: #ff0000\"> Nota: proceso de postulaci\u00f3n a trav\u00e9s del formulario cerrado. Las\/los postulantes preseleccionados\/as ser\u00e1n informados por mail de la decisi\u00f3n del comit\u00e9 cient\u00edfico.<\/strong><\/p>\n<p>&#8211; Enviar a este <a href=\"mailto:ipphys@cmm.uchile.cl\"><strong>email<\/strong><\/a> a m\u00e1s tardar el d\u00eda <del><strong>15 de noviembre<\/strong><\/del> 2025 un CV resumido y cuando corresponda el t\u00edtulo de la investigaci\u00f3n propuesta para p\u00f3ster. En caso de alumnos de Mag\u00edster o Doctorado, enviar adem\u00e1s una breve carta de motivaci\u00f3n y al menos una carta de recomendaci\u00f3n, de preferencia de su profesor o profesora tutor\/gu\u00eda.<br \/>\n<strong style=\"color: #ff0000\"> Nota: Plazo extendido al martes <del>21<\/del> 2 de diciembre 23:59 hrs.<\/strong><br \/>\n<strong style=\"color: #ff0000\">Nota: Las\/los postulantes seleccionados\/as ser\u00e1n informados por mail de la decisi\u00f3n del comit\u00e9 cient\u00edfico.<\/strong><\/p>\n<p>-En caso de ser seleccionado, enviar al mismo <strong><a href=\"mailto:ipphys@cmm.uchile.cl\">email<\/a><\/strong> anterior a m\u00e1s tardar el d\u00eda <del><strong>15 de diciembre<\/strong><\/del> <strong style=\"color: #ff0000\">19 de diciembre<\/strong> 2025 un p\u00f3ster en pdf formato A0 vertical con la investigaci\u00f3n referida antes e indicando qui\u00e9n lo presentar\u00e1 (debe estar dentro de los autores del trabajo). Indicar si el presentador puede llevar el p\u00f3ster impreso e instalarlo el d\u00eda martes en el lugar del evento.<br \/>\n<strong style=\"color: #ff0000\"> Nota: Plazo extendido al viernes 15 de diciembre 23:59 hrs.<\/strong><\/p>\n<p>Los antecedentes ser\u00e1n evaluados por el Comit\u00e9 Organizador y Cient\u00edfico de la escuela y los alumnos, alumnas, investigadores e investigadoras seleccionados\/as ser\u00e1n informados al email que registraron el <strong>20 de noviembre 2025 <\/strong>para que indiquen si aceptan o no la beca. En caso de no recibir respuesta en 2 d\u00edas se proceder\u00e1 a hacer correr la lista de espera.<\/p>\n","protected":false},"excerpt":{"rendered":"<p>Other academics or students who are not among the scholarship recipients and are interested in attending are kindly requested to send a brief CV to: ipphys@cmm.uchile.cl since as the number of participants is limited, attendance will be subject to approval by the organizing committee. La organizaci\u00f3n de la escuela IPPhys2026 cuenta con un n\u00famero limitado &hellip; <a href=\"https:\/\/eventos.cmm.uchile.cl\/ipphys2026\/postulacion\/\" class=\"more-link\">Continue reading <span class=\"screen-reader-text\">Postulaci\u00f3n a becas y registro<\/span> <span class=\"meta-nav\">&rarr;<\/span><\/a><\/p>\n","protected":false},"author":21,"featured_media":0,"parent":0,"menu_order":3,"comment_status":"closed","ping_status":"closed","template":"","meta":{"inline_featured_image":false,"footnotes":""},"class_list":["post-328","page","type-page","status-publish","hentry"],"_links":{"self":[{"href":"https:\/\/eventos.cmm.uchile.cl\/ipphys2026\/wp-json\/wp\/v2\/pages\/328","targetHints":{"allow":["GET"]}}],"collection":[{"href":"https:\/\/eventos.cmm.uchile.cl\/ipphys2026\/wp-json\/wp\/v2\/pages"}],"about":[{"href":"https:\/\/eventos.cmm.uchile.cl\/ipphys2026\/wp-json\/wp\/v2\/types\/page"}],"author":[{"embeddable":true,"href":"https:\/\/eventos.cmm.uchile.cl\/ipphys2026\/wp-json\/wp\/v2\/users\/21"}],"replies":[{"embeddable":true,"href":"https:\/\/eventos.cmm.uchile.cl\/ipphys2026\/wp-json\/wp\/v2\/comments?post=328"}],"version-history":[{"count":22,"href":"https:\/\/eventos.cmm.uchile.cl\/ipphys2026\/wp-json\/wp\/v2\/pages\/328\/revisions"}],"predecessor-version":[{"id":421,"href":"https:\/\/eventos.cmm.uchile.cl\/ipphys2026\/wp-json\/wp\/v2\/pages\/328\/revisions\/421"}],"wp:attachment":[{"href":"https:\/\/eventos.cmm.uchile.cl\/ipphys2026\/wp-json\/wp\/v2\/media?parent=328"}],"curies":[{"name":"wp","href":"https:\/\/api.w.org\/{rel}","templated":true}]}}