{"id":15,"date":"2016-06-24T16:44:36","date_gmt":"2016-06-24T20:44:36","guid":{"rendered":"http:\/\/eventos.cmm.uchile.cl\/ir2016\/?page_id=15"},"modified":"2016-12-10T08:56:00","modified_gmt":"2016-12-10T11:56:00","slug":"invited-talks","status":"publish","type":"page","link":"https:\/\/eventos.cmm.uchile.cl\/ir2016\/invited-talks\/","title":{"rendered":"Invited Talks"},"content":{"rendered":"<ol>\n<li>Ellen Baake, University of \u00a0Bielefeld, Germany (<a href=\"http:\/\/eventos.cmm.uchile.cl\/ir2016\/wp-content\/uploads\/sites\/36\/2016\/12\/Ellen-Baake.pdf\">ellen-baake<\/a>\u00a0slides)<\/li>\n<li>Michael\u00a0Baake, University of Bielefeld, Germany (<a href=\"http:\/\/eventos.cmm.uchile.cl\/ir2016\/wp-content\/uploads\/sites\/36\/2016\/12\/Michael-Baake.pdf\">michael-baake<\/a>\u00a0slides)<\/li>\n<li>Pierre Collet, CNRS, \u00c9cole Polytechnique, France (<a href=\"http:\/\/eventos.cmm.uchile.cl\/ir2016\/wp-content\/uploads\/sites\/36\/2016\/12\/Pierre-Collet.pdf\">pierre-collet<\/a>\u00a0slides)<\/li>\n<li>Fernando Cordero, University of Bielefeld, Germany (<a href=\"http:\/\/eventos.cmm.uchile.cl\/ir2016\/wp-content\/uploads\/sites\/36\/2016\/12\/Fernando-Cordero.pdf\">fernando-cordero<\/a>\u00a0slides)<\/li>\n<li>Sebasti\u00e1n Donoso, Center for Mathematical\u00a0Modeling, Chile (<a href=\"http:\/\/eventos.cmm.uchile.cl\/ir2016\/wp-content\/uploads\/sites\/36\/2016\/12\/Sebastian-Donoso.pdf\">sebastian-donoso<\/a>\u00a0slides)<\/li>\n<li>Pablo Ferrari, University of \u00a0Buenos Aires, Argentine (<a href=\"http:\/\/eventos.cmm.uchile.cl\/ir2016\/wp-content\/uploads\/sites\/36\/2016\/12\/Pablo-Ferrari-IR2016.pdf\">pablo-ferrari<\/a>\u00a0slides)<\/li>\n<li>Damian Gaboriau, Center for Mathematical\u00a0Modeling, Chile<\/li>\n<li>Antonio Galves, University of Sao Paulo,\u00a0Brazil (<a href=\"http:\/\/eventos.cmm.uchile.cl\/ir2016\/wp-content\/uploads\/sites\/36\/2016\/12\/Antonio-Galves.pdf\">antonio-galves<\/a>\u00a0slides)<\/li>\n<li>Felipe Garc\u00eda Ramos,\u00a0Universidad Aut\u00f3noma de San Lu\u00eds Potos\u00ed, Mexico (<a href=\"http:\/\/eventos.cmm.uchile.cl\/ir2016\/wp-content\/uploads\/sites\/36\/2016\/06\/Felipe-Garcia-Ramos.pdf\">felipe-garcia-ramos<\/a>\u00a0slides)<\/li>\n<li>Yonatan Gutman, Poland Academy of Sciences, Poland<\/li>\n<li>Thierry Huillet, CNRS, University of Cergy-Pontoise, France (T<a href=\"http:\/\/eventos.cmm.uchile.cl\/ir2016\/wp-content\/uploads\/sites\/36\/2016\/12\/ThierryHuilletSIR2016.pdf\">hierry Huillet<\/a>\u00a0slides)<\/li>\n<li>Sylvie M\u00e9l\u00e9ard,\u00a0\u00c9cole Polytechnique, France (<a href=\"http:\/\/eventos.cmm.uchile.cl\/ir2016\/wp-content\/uploads\/sites\/36\/2016\/12\/Sylvie-Meleard.pdf\">sylvie-meleard<\/a>\u00a0slides)<\/li>\n<li>Karl Petersen, University of North Carolina, USA (<a href=\"http:\/\/eventos.cmm.uchile.cl\/ir2016\/wp-content\/uploads\/sites\/36\/2016\/12\/Karl-Petersen.pdf\">karl-petersen<\/a>\u00a0slides)<\/li>\n<li>Pierre Picco, CNRS, Institut de Math\u00e9matiques de Marseille, France (<a href=\"http:\/\/eventos.cmm.uchile.cl\/ir2016\/wp-content\/uploads\/sites\/36\/2016\/12\/Pierre-Picco.pdf\">pierre-picco<\/a>\u00a0slides)<\/li>\n<li>Pablo Shmerkin, University Torcuato di Tella, Argentine (<a href=\"http:\/\/eventos.cmm.uchile.cl\/ir2016\/wp-content\/uploads\/sites\/36\/2016\/12\/Pablo-Shmerkin.pdf\">pablo-shmerkin<\/a>\u00a0slides)<\/li>\n<li>Michael Schraudner, Center for Mathematical\u00a0Modeling, Chile (<a href=\"http:\/\/eventos.cmm.uchile.cl\/ir2016\/wp-content\/uploads\/sites\/36\/2016\/12\/Michael-Schraudner.pdf\">michael-schraudner<\/a>\u00a0slides)<\/li>\n<li>Edgardo Ugalde, Universidad Aut\u00f3noma de San Lu\u00eds Potos\u00ed, Mexico (<a href=\"http:\/\/eventos.cmm.uchile.cl\/ir2016\/wp-content\/uploads\/sites\/36\/2016\/12\/Edgardo-Ugalde.pdf\">edgardo-ugalde<\/a>\u00a0slides)<\/li>\n<li>Denis Villemonais,\u00a0University of Lorraine, France (<a href=\"http:\/\/eventos.cmm.uchile.cl\/ir2016\/wp-content\/uploads\/sites\/36\/2016\/12\/Denis-Villemonais.pdf\">denis-villemonais<\/a>\u00a0slides)<\/li>\n<\/ol>\n<p>Download <a href=\"http:\/\/eventos.cmm.uchile.cl\/ir2016\/wp-content\/uploads\/sites\/36\/2016\/11\/Abstracts.pdf\">abstracts<\/a><\/p>\n<p>&nbsp;<\/p>\n","protected":false},"excerpt":{"rendered":"<p>Ellen Baake, University of \u00a0Bielefeld, Germany (ellen-baake\u00a0slides) Michael\u00a0Baake, University of Bielefeld, Germany (michael-baake\u00a0slides) Pierre Collet, CNRS, \u00c9cole Polytechnique, France (pierre-collet\u00a0slides) Fernando Cordero, University of Bielefeld, Germany (fernando-cordero\u00a0slides) Sebasti\u00e1n Donoso, Center for Mathematical\u00a0Modeling, Chile (sebastian-donoso\u00a0slides) Pablo Ferrari, University of \u00a0Buenos Aires, Argentine (pablo-ferrari\u00a0slides) Damian Gaboriau, Center for Mathematical\u00a0Modeling, Chile Antonio Galves, University of Sao Paulo,\u00a0Brazil (antonio-galves\u00a0slides) &hellip; <a href=\"https:\/\/eventos.cmm.uchile.cl\/ir2016\/invited-talks\/\" class=\"more-link\">Continue reading <span class=\"screen-reader-text\">Invited Talks<\/span> <span class=\"meta-nav\">&rarr;<\/span><\/a><\/p>\n","protected":false},"author":2,"featured_media":0,"parent":0,"menu_order":2,"comment_status":"closed","ping_status":"closed","template":"","meta":{"inline_featured_image":false,"footnotes":""},"class_list":["post-15","page","type-page","status-publish","hentry"],"_links":{"self":[{"href":"https:\/\/eventos.cmm.uchile.cl\/ir2016\/wp-json\/wp\/v2\/pages\/15","targetHints":{"allow":["GET"]}}],"collection":[{"href":"https:\/\/eventos.cmm.uchile.cl\/ir2016\/wp-json\/wp\/v2\/pages"}],"about":[{"href":"https:\/\/eventos.cmm.uchile.cl\/ir2016\/wp-json\/wp\/v2\/types\/page"}],"author":[{"embeddable":true,"href":"https:\/\/eventos.cmm.uchile.cl\/ir2016\/wp-json\/wp\/v2\/users\/2"}],"replies":[{"embeddable":true,"href":"https:\/\/eventos.cmm.uchile.cl\/ir2016\/wp-json\/wp\/v2\/comments?post=15"}],"version-history":[{"count":49,"href":"https:\/\/eventos.cmm.uchile.cl\/ir2016\/wp-json\/wp\/v2\/pages\/15\/revisions"}],"predecessor-version":[{"id":209,"href":"https:\/\/eventos.cmm.uchile.cl\/ir2016\/wp-json\/wp\/v2\/pages\/15\/revisions\/209"}],"wp:attachment":[{"href":"https:\/\/eventos.cmm.uchile.cl\/ir2016\/wp-json\/wp\/v2\/media?parent=15"}],"curies":[{"name":"wp","href":"https:\/\/api.w.org\/{rel}","templated":true}]}}