{"id":11,"date":"2015-05-28T15:19:38","date_gmt":"2015-05-28T18:19:38","guid":{"rendered":"http:\/\/eventos.cmm.uchile.cl\/jmbm2015\/?page_id=11"},"modified":"2015-05-28T15:42:30","modified_gmt":"2015-05-28T18:42:30","slug":"programa","status":"publish","type":"page","link":"https:\/\/eventos.cmm.uchile.cl\/jmbm2015\/programa\/","title":{"rendered":"Programa"},"content":{"rendered":"<table width=\"604\">\n<tbody>\n<tr>\n<td width=\"100\">13:30 \u2013 14:00<\/td>\n<td width=\"504\"><strong>Caf\u00e9 de bienvenida<\/strong><\/td>\n<\/tr>\n<tr>\n<td>14:00 \u2013 14:25<\/td>\n<td><strong>Rodrigo Assar<\/strong> (Universidad de Chile)<\/td>\n<\/tr>\n<tr>\n<td><\/td>\n<td>Uso de sistemas h\u00edbridos para modelamiento y simulaci\u00f3n de procesos biol\u00f3gicos complejos<\/td>\n<\/tr>\n<tr>\n<td>14:25 \u2013 14:50<\/td>\n<td><strong>Crist\u00f3bal Bertoglio<\/strong> (CMM-UChile)<\/td>\n<\/tr>\n<tr>\n<td><\/td>\n<td>Estimaci\u00f3n de las fibras cardiacas a partir de resonancia magn\u00e9tica de difusi\u00f3n<\/td>\n<\/tr>\n<tr>\n<td>14:50 \u2013 15:15<\/td>\n<td><strong>Mat\u00edas Courdurier<\/strong> (PUC-Santiago)<\/td>\n<\/tr>\n<tr>\n<td><\/td>\n<td>Reconstrucci\u00f3n simultanea de fuentes y atenuaci\u00f3n en SPECT usando datos bal\u00edsticos y de dispersi\u00f3n<\/td>\n<\/tr>\n<tr>\n<td>15:15 \u2013 15:40<\/td>\n<td><strong>Claudio Garc\u00eda<\/strong> (Universidad de Santiago)<\/td>\n<\/tr>\n<tr>\n<td><\/td>\n<td>An\u00e1lisis num\u00e9rico y experimental de la respuesta mec\u00e1nica de aneurismas provocados por el mal de Marfan<\/td>\n<\/tr>\n<tr>\n<td>15:40 \u2013 16:05<\/td>\n<td><strong>Daniel Hurtado<\/strong> (PUC-Santiago)<\/td>\n<\/tr>\n<tr>\n<td><\/td>\n<td>An\u00e1lisis biomec\u00e1nico del parenquima pulmonar a partir de im\u00e1genes m\u00e9dicas: un enfoque de elementos finitos<\/td>\n<\/tr>\n<tr>\n<td>16:05 \u2013 16:35<\/td>\n<td><strong>Pausa<\/strong><\/td>\n<\/tr>\n<tr>\n<td>16:35 \u2013 17:00<\/td>\n<td><strong>Carlos Jerez<\/strong> (PUC-Santiago)<\/td>\n<\/tr>\n<tr>\n<td><\/td>\n<td>Formulaci\u00f3n en integrales de borde y acoplamiento no lineal en el tiempo para la modelaci\u00f3n de axones bajo estimulaci\u00f3n el\u00e9ctrica<\/td>\n<\/tr>\n<tr>\n<td>17:00 \u2013 17:25<\/td>\n<td><strong>Claudio Lobos<\/strong> (U. T\u00e9cnica Federico Santa Mar\u00eda)<\/td>\n<\/tr>\n<tr>\n<td><\/td>\n<td>Generaci\u00f3n autom\u00e1tica de mallas geom\u00e9tricas con concentraci\u00f3n de hexaedros perfectos en las zonas de inter\u00e9s de una simulaci\u00f3n y elementos mixtos en el resto del dominio: Aplicaciones biomec\u00e1nicas<\/td>\n<\/tr>\n<tr>\n<td>17:25 \u2013 17:50<\/td>\n<td><strong>Gino Montecinos<\/strong> (CMM-UChile)<\/td>\n<\/tr>\n<tr>\n<td><\/td>\n<td>Un modelo multi-escala simplificado para hemodin\u00e1mica venosa<\/td>\n<\/tr>\n<tr>\n<td>17:50 \u2013 18:15<\/td>\n<td><strong>Joaqu\u00edn Mura<\/strong> (PUC-Valpara\u00edso)<\/td>\n<\/tr>\n<tr>\n<td><\/td>\n<td>Un modelo multi-escala basado en homogenizaci\u00f3n para la estimaci\u00f3n de las porosidades<\/td>\n<\/tr>\n<tr>\n<td>18:15 \u2013 18:40<\/td>\n<td><strong>Andrea Colins<\/strong> (Universidad de Chile)<\/td>\n<\/tr>\n<tr>\n<td><\/td>\n<td>Predicci\u00f3n de los flujos de absorci\u00f3n intestinal de hierro usando algoritmos gen\u00e9ticos y modelos de estado<\/td>\n<\/tr>\n<\/tbody>\n<\/table>\n<p><a href=\"http:\/\/eventos.cmm.uchile.cl\/jmbm2015\/wp-content\/uploads\/sites\/23\/2015\/05\/programaJMBM15.pdf\">Descargar el programa (PDF)<\/a><\/p>\n","protected":false},"excerpt":{"rendered":"<p>13:30 \u2013 14:00 Caf\u00e9 de bienvenida 14:00 \u2013 14:25 Rodrigo Assar (Universidad de Chile) Uso de sistemas h\u00edbridos para modelamiento y simulaci\u00f3n de procesos biol\u00f3gicos complejos 14:25 \u2013 14:50 Crist\u00f3bal Bertoglio (CMM-UChile) Estimaci\u00f3n de las fibras cardiacas a partir de resonancia magn\u00e9tica de difusi\u00f3n 14:50 \u2013 15:15 Mat\u00edas Courdurier (PUC-Santiago) Reconstrucci\u00f3n simultanea de fuentes y &hellip; <a href=\"https:\/\/eventos.cmm.uchile.cl\/jmbm2015\/programa\/\" class=\"more-link\">Seguir leyendo <span class=\"screen-reader-text\">Programa<\/span> <span class=\"meta-nav\">&rarr;<\/span><\/a><\/p>\n","protected":false},"author":2,"featured_media":0,"parent":0,"menu_order":1,"comment_status":"closed","ping_status":"closed","template":"","meta":{"inline_featured_image":false,"footnotes":""},"class_list":["post-11","page","type-page","status-publish","hentry"],"_links":{"self":[{"href":"https:\/\/eventos.cmm.uchile.cl\/jmbm2015\/wp-json\/wp\/v2\/pages\/11","targetHints":{"allow":["GET"]}}],"collection":[{"href":"https:\/\/eventos.cmm.uchile.cl\/jmbm2015\/wp-json\/wp\/v2\/pages"}],"about":[{"href":"https:\/\/eventos.cmm.uchile.cl\/jmbm2015\/wp-json\/wp\/v2\/types\/page"}],"author":[{"embeddable":true,"href":"https:\/\/eventos.cmm.uchile.cl\/jmbm2015\/wp-json\/wp\/v2\/users\/2"}],"replies":[{"embeddable":true,"href":"https:\/\/eventos.cmm.uchile.cl\/jmbm2015\/wp-json\/wp\/v2\/comments?post=11"}],"version-history":[{"count":10,"href":"https:\/\/eventos.cmm.uchile.cl\/jmbm2015\/wp-json\/wp\/v2\/pages\/11\/revisions"}],"predecessor-version":[{"id":24,"href":"https:\/\/eventos.cmm.uchile.cl\/jmbm2015\/wp-json\/wp\/v2\/pages\/11\/revisions\/24"}],"wp:attachment":[{"href":"https:\/\/eventos.cmm.uchile.cl\/jmbm2015\/wp-json\/wp\/v2\/media?parent=11"}],"curies":[{"name":"wp","href":"https:\/\/api.w.org\/{rel}","templated":true}]}}