{"id":35,"date":"2020-01-28T09:41:04","date_gmt":"2020-01-28T12:41:04","guid":{"rendered":"http:\/\/eventos.cmm.uchile.cl\/lawcg2020\/?page_id=35"},"modified":"2020-01-30T18:19:31","modified_gmt":"2020-01-30T21:19:31","slug":"steering-committee","status":"publish","type":"page","link":"https:\/\/eventos.cmm.uchile.cl\/lawcg2020\/steering-committee\/","title":{"rendered":"Steering Committee"},"content":{"rendered":"<p align=\"justify\">Celina de Figueiredo, UFRJ, Rio do Janeiro, Brazil<\/p>\n<p align=\"justify\">Erika Coelho, UFG, Goi\u00e2nia, Brazil<\/p>\n<p align=\"justify\">Jayme Szwarcfiter, UFRJ and UERJ, Rio do Janeiro, Brazil<\/p>\n<p align=\"justify\">Liliana Alc\u00f3n, UNLP, La Plata, Argentina<\/p>\n<p align=\"justify\">M\u00e1rcia Cappelle, UFG, Goi\u00e2nia, Brazil<\/p>\n<p align=\"justify\">Marina Groshaus, UBA, Buenos Aires, Argentina<\/p>\n<p align=\"justify\">Marisa Gutierrez, UNLP, La Plata, Argentina<\/p>\n<p align=\"justify\">Miguel Piza\u00f1a, UAM, Mexico, Mexico<\/p>\n","protected":false},"excerpt":{"rendered":"<p>Celina de Figueiredo, UFRJ, Rio do Janeiro, Brazil Erika Coelho, UFG, Goi\u00e2nia, Brazil Jayme Szwarcfiter, UFRJ and UERJ, Rio do Janeiro, Brazil Liliana Alc\u00f3n, UNLP, La Plata, Argentina M\u00e1rcia Cappelle, UFG, Goi\u00e2nia, Brazil Marina Groshaus, UBA, Buenos Aires, Argentina Marisa Gutierrez, UNLP, La Plata, Argentina Miguel Piza\u00f1a, UAM, Mexico, Mexico<\/p>\n","protected":false},"author":72,"featured_media":0,"parent":0,"menu_order":3,"comment_status":"closed","ping_status":"closed","template":"","meta":{"inline_featured_image":false,"footnotes":""},"class_list":["post-35","page","type-page","status-publish","hentry"],"_links":{"self":[{"href":"https:\/\/eventos.cmm.uchile.cl\/lawcg2020\/wp-json\/wp\/v2\/pages\/35","targetHints":{"allow":["GET"]}}],"collection":[{"href":"https:\/\/eventos.cmm.uchile.cl\/lawcg2020\/wp-json\/wp\/v2\/pages"}],"about":[{"href":"https:\/\/eventos.cmm.uchile.cl\/lawcg2020\/wp-json\/wp\/v2\/types\/page"}],"author":[{"embeddable":true,"href":"https:\/\/eventos.cmm.uchile.cl\/lawcg2020\/wp-json\/wp\/v2\/users\/72"}],"replies":[{"embeddable":true,"href":"https:\/\/eventos.cmm.uchile.cl\/lawcg2020\/wp-json\/wp\/v2\/comments?post=35"}],"version-history":[{"count":3,"href":"https:\/\/eventos.cmm.uchile.cl\/lawcg2020\/wp-json\/wp\/v2\/pages\/35\/revisions"}],"predecessor-version":[{"id":72,"href":"https:\/\/eventos.cmm.uchile.cl\/lawcg2020\/wp-json\/wp\/v2\/pages\/35\/revisions\/72"}],"wp:attachment":[{"href":"https:\/\/eventos.cmm.uchile.cl\/lawcg2020\/wp-json\/wp\/v2\/media?parent=35"}],"curies":[{"name":"wp","href":"https:\/\/api.w.org\/{rel}","templated":true}]}}