{"id":62,"date":"2020-01-30T16:09:46","date_gmt":"2020-01-30T19:09:46","guid":{"rendered":"http:\/\/eventos.cmm.uchile.cl\/lawcg2020\/?page_id=62"},"modified":"2020-04-03T16:06:55","modified_gmt":"2020-04-03T19:06:55","slug":"program-committee","status":"publish","type":"page","link":"https:\/\/eventos.cmm.uchile.cl\/lawcg2020\/program-committee\/","title":{"rendered":"Program Committee"},"content":{"rendered":"<p><img loading=\"lazy\" decoding=\"async\" class=\"alignnone wp-image-105\" src=\"http:\/\/eventos.cmm.uchile.cl\/lawcg2020\/wp-content\/uploads\/sites\/88\/2020\/02\/adriana.jpeg\" alt=\"\" width=\"123\" height=\"157\" \/><\/p>\n<p>Adriana Hansberg, UNAM<\/p>\n<p><img loading=\"lazy\" decoding=\"async\" class=\"alignnone wp-image-98\" src=\"http:\/\/eventos.cmm.uchile.cl\/lawcg2020\/wp-content\/uploads\/sites\/88\/2020\/01\/Screen-Shot-2020-01-31-at-17.11.54-247x300.png\" alt=\"\" width=\"127\" height=\"154\" srcset=\"https:\/\/eventos.cmm.uchile.cl\/lawcg2020\/wp-content\/uploads\/sites\/88\/2020\/01\/Screen-Shot-2020-01-31-at-17.11.54-247x300.png 247w, https:\/\/eventos.cmm.uchile.cl\/lawcg2020\/wp-content\/uploads\/sites\/88\/2020\/01\/Screen-Shot-2020-01-31-at-17.11.54.png 374w\" sizes=\"auto, (max-width: 127px) 100vw, 127px\" \/><\/p>\n<p>Amanda Montejano, UNAM<\/p>\n<p><img loading=\"lazy\" decoding=\"async\" class=\"alignnone wp-image-107\" src=\"http:\/\/eventos.cmm.uchile.cl\/lawcg2020\/wp-content\/uploads\/sites\/88\/2020\/02\/andrea-245x300.jpg\" alt=\"\" width=\"123\" height=\"149\" \/><\/p>\n<p>Andrea Jim\u00e9nez, U. de Valpara\u00edso<\/p>\n<p><img loading=\"lazy\" decoding=\"async\" class=\"alignnone wp-image-101\" src=\"http:\/\/eventos.cmm.uchile.cl\/lawcg2020\/wp-content\/uploads\/sites\/88\/2020\/01\/Screen-Shot-2020-01-31-at-18.42.00.png\" alt=\"\" width=\"100\" height=\"89\" \/><\/p>\n<p>Bernardo Llano, UAM<\/p>\n<p><img loading=\"lazy\" decoding=\"async\" class=\"alignnone wp-image-106\" src=\"http:\/\/eventos.cmm.uchile.cl\/lawcg2020\/wp-content\/uploads\/sites\/88\/2020\/02\/cristina-300x300.jpg\" alt=\"\" width=\"134\" height=\"134\" srcset=\"https:\/\/eventos.cmm.uchile.cl\/lawcg2020\/wp-content\/uploads\/sites\/88\/2020\/02\/cristina-300x300.jpg 300w, https:\/\/eventos.cmm.uchile.cl\/lawcg2020\/wp-content\/uploads\/sites\/88\/2020\/02\/cristina-150x150.jpg 150w, https:\/\/eventos.cmm.uchile.cl\/lawcg2020\/wp-content\/uploads\/sites\/88\/2020\/02\/cristina.jpg 512w\" sizes=\"auto, (max-width: 134px) 100vw, 134px\" \/><\/p>\n<p>Cristina G. Fernandes, U. S\u00e3o Paulo<\/p>\n<p><img loading=\"lazy\" decoding=\"async\" class=\"alignnone wp-image-95\" src=\"http:\/\/eventos.cmm.uchile.cl\/lawcg2020\/wp-content\/uploads\/sites\/88\/2020\/01\/daniel.jpg\" alt=\"\" width=\"125\" height=\"150\" \/><\/p>\n<p>Daniel Quiroz, U. Chile<\/p>\n<p><img loading=\"lazy\" decoding=\"async\" class=\"alignnone wp-image-76\" src=\"http:\/\/eventos.cmm.uchile.cl\/lawcg2020\/wp-content\/uploads\/sites\/88\/2020\/01\/fabio.jpeg\" alt=\"\" width=\"123\" height=\"162\" \/><\/p>\n<p>Fabio Protti, U. Federal Fluminense<\/p>\n<p><img loading=\"lazy\" decoding=\"async\" class=\"alignnone wp-image-85\" src=\"http:\/\/eventos.cmm.uchile.cl\/lawcg2020\/wp-content\/uploads\/sites\/88\/2020\/01\/fabricio.jpg\" alt=\"\" width=\"149\" height=\"149\" srcset=\"https:\/\/eventos.cmm.uchile.cl\/lawcg2020\/wp-content\/uploads\/sites\/88\/2020\/01\/fabricio.jpg 200w, https:\/\/eventos.cmm.uchile.cl\/lawcg2020\/wp-content\/uploads\/sites\/88\/2020\/01\/fabricio-150x150.jpg 150w\" sizes=\"auto, (max-width: 149px) 100vw, 149px\" \/><\/p>\n<p>Fabr\u00edcio Benevides,\u00a0 Universidade Federal do Cear\u00e1<\/p>\n<p><img loading=\"lazy\" decoding=\"async\" class=\"alignnone wp-image-83\" src=\"http:\/\/eventos.cmm.uchile.cl\/lawcg2020\/wp-content\/uploads\/sites\/88\/2020\/01\/gabriela.jpeg\" alt=\"\" width=\"131\" height=\"197\" \/><\/p>\n<p>Gabriela Araujo, U. Nacional Aut\u00f3noma Mexico<\/p>\n<p><img loading=\"lazy\" decoding=\"async\" class=\"alignnone wp-image-88\" src=\"http:\/\/eventos.cmm.uchile.cl\/lawcg2020\/wp-content\/uploads\/sites\/88\/2020\/01\/willy.jpeg\" alt=\"\" width=\"148\" height=\"148\" srcset=\"https:\/\/eventos.cmm.uchile.cl\/lawcg2020\/wp-content\/uploads\/sites\/88\/2020\/01\/willy.jpeg 225w, https:\/\/eventos.cmm.uchile.cl\/lawcg2020\/wp-content\/uploads\/sites\/88\/2020\/01\/willy-150x150.jpeg 150w\" sizes=\"auto, (max-width: 148px) 100vw, 148px\" \/><\/p>\n<p>Guilermo Dur\u00e1n, UBA<\/p>\n<p><img loading=\"lazy\" decoding=\"async\" class=\"alignnone wp-image-80\" src=\"http:\/\/eventos.cmm.uchile.cl\/lawcg2020\/wp-content\/uploads\/sites\/88\/2020\/01\/javier.jpeg\" alt=\"\" width=\"139\" height=\"115\" \/><\/p>\n<p>Javier Marenco, U. Nacional General Sarmiento<\/p>\n<p><img loading=\"lazy\" decoding=\"async\" class=\"alignnone wp-image-81\" src=\"http:\/\/eventos.cmm.uchile.cl\/lawcg2020\/wp-content\/uploads\/sites\/88\/2020\/01\/jose-225x300.jpg\" alt=\"\" width=\"120\" height=\"159\" srcset=\"https:\/\/eventos.cmm.uchile.cl\/lawcg2020\/wp-content\/uploads\/sites\/88\/2020\/01\/jose-225x300.jpg 225w, https:\/\/eventos.cmm.uchile.cl\/lawcg2020\/wp-content\/uploads\/sites\/88\/2020\/01\/jose.jpg 360w\" sizes=\"auto, (max-width: 120px) 100vw, 120px\" \/><\/p>\n<p>Jos\u00e9 Zamora, U. Nacional Andr\u00e9s Bello<\/p>\n<p><img loading=\"lazy\" decoding=\"async\" class=\"alignnone wp-image-91\" src=\"http:\/\/eventos.cmm.uchile.cl\/lawcg2020\/wp-content\/uploads\/sites\/88\/2020\/01\/martind.jpeg\" alt=\"\" width=\"163\" height=\"163\" srcset=\"https:\/\/eventos.cmm.uchile.cl\/lawcg2020\/wp-content\/uploads\/sites\/88\/2020\/01\/martind.jpeg 225w, https:\/\/eventos.cmm.uchile.cl\/lawcg2020\/wp-content\/uploads\/sites\/88\/2020\/01\/martind-150x150.jpeg 150w\" sizes=\"auto, (max-width: 163px) 100vw, 163px\" \/><\/p>\n<p>Mart\u00edn Safe, Universidad Nacional del Sur<\/p>\n<p><img loading=\"lazy\" decoding=\"async\" class=\"alignnone wp-image-86\" src=\"http:\/\/eventos.cmm.uchile.cl\/lawcg2020\/wp-content\/uploads\/sites\/88\/2020\/01\/martin.jpg\" alt=\"\" width=\"132\" height=\"158\" \/><\/p>\n<p>Mart\u00edn Matamala, U. Chile<\/p>\n<p><img loading=\"lazy\" decoding=\"async\" class=\"alignnone wp-image-77\" src=\"http:\/\/eventos.cmm.uchile.cl\/lawcg2020\/wp-content\/uploads\/sites\/88\/2020\/01\/mayabildxx.jpg\" alt=\"\" width=\"129\" height=\"161\" \/><\/p>\n<p>Maya Stein, U.Chile<\/p>\n<p><img loading=\"lazy\" decoding=\"async\" class=\"alignnone wp-image-90\" src=\"http:\/\/eventos.cmm.uchile.cl\/lawcg2020\/wp-content\/uploads\/sites\/88\/2020\/01\/orlando.png\" alt=\"\" width=\"134\" height=\"187\" \/><\/p>\n<p>Orlando Lee, U. Campinas<\/p>\n<p><img loading=\"lazy\" decoding=\"async\" class=\"alignnone size-full wp-image-89\" src=\"http:\/\/eventos.cmm.uchile.cl\/lawcg2020\/wp-content\/uploads\/sites\/88\/2020\/01\/pablo.jpg\" alt=\"\" width=\"130\" height=\"180\" \/><\/p>\n<p>Pablo P\u00e9rez-Lantero, U. Santiago<\/p>\n<p><img loading=\"lazy\" decoding=\"async\" class=\"alignnone wp-image-74\" src=\"http:\/\/eventos.cmm.uchile.cl\/lawcg2020\/wp-content\/uploads\/sites\/88\/2020\/01\/vinicius-245x300.jpeg\" alt=\"\" width=\"139\" height=\"170\" srcset=\"https:\/\/eventos.cmm.uchile.cl\/lawcg2020\/wp-content\/uploads\/sites\/88\/2020\/01\/vinicius-245x300.jpeg 245w, https:\/\/eventos.cmm.uchile.cl\/lawcg2020\/wp-content\/uploads\/sites\/88\/2020\/01\/vinicius.jpeg 282w\" sizes=\"auto, (max-width: 139px) 100vw, 139px\" \/><\/p>\n<p>Vin\u00edcius Fernandes dos Santos,\u00a0 U. Federal Minas Gerais<\/p>\n<p>&nbsp;<\/p>\n<p>&nbsp;<\/p>\n<p>&nbsp;<\/p>\n","protected":false},"excerpt":{"rendered":"<p>Adriana Hansberg, UNAM Amanda Montejano, UNAM Andrea Jim\u00e9nez, U. de Valpara\u00edso Bernardo Llano, UAM Cristina G. Fernandes, U. S\u00e3o Paulo Daniel Quiroz, U. Chile Fabio Protti, U. Federal Fluminense Fabr\u00edcio Benevides,\u00a0 Universidade Federal do Cear\u00e1 Gabriela Araujo, U. Nacional Aut\u00f3noma Mexico Guilermo Dur\u00e1n, UBA Javier Marenco, U. Nacional General Sarmiento Jos\u00e9 Zamora, U. Nacional Andr\u00e9s &hellip; <a href=\"https:\/\/eventos.cmm.uchile.cl\/lawcg2020\/program-committee\/\" class=\"more-link\">Continue reading <span class=\"screen-reader-text\">Program Committee<\/span> <span class=\"meta-nav\">&rarr;<\/span><\/a><\/p>\n","protected":false},"author":72,"featured_media":0,"parent":0,"menu_order":5,"comment_status":"closed","ping_status":"closed","template":"","meta":{"inline_featured_image":false,"footnotes":""},"class_list":["post-62","page","type-page","status-publish","hentry"],"_links":{"self":[{"href":"https:\/\/eventos.cmm.uchile.cl\/lawcg2020\/wp-json\/wp\/v2\/pages\/62","targetHints":{"allow":["GET"]}}],"collection":[{"href":"https:\/\/eventos.cmm.uchile.cl\/lawcg2020\/wp-json\/wp\/v2\/pages"}],"about":[{"href":"https:\/\/eventos.cmm.uchile.cl\/lawcg2020\/wp-json\/wp\/v2\/types\/page"}],"author":[{"embeddable":true,"href":"https:\/\/eventos.cmm.uchile.cl\/lawcg2020\/wp-json\/wp\/v2\/users\/72"}],"replies":[{"embeddable":true,"href":"https:\/\/eventos.cmm.uchile.cl\/lawcg2020\/wp-json\/wp\/v2\/comments?post=62"}],"version-history":[{"count":17,"href":"https:\/\/eventos.cmm.uchile.cl\/lawcg2020\/wp-json\/wp\/v2\/pages\/62\/revisions"}],"predecessor-version":[{"id":113,"href":"https:\/\/eventos.cmm.uchile.cl\/lawcg2020\/wp-json\/wp\/v2\/pages\/62\/revisions\/113"}],"wp:attachment":[{"href":"https:\/\/eventos.cmm.uchile.cl\/lawcg2020\/wp-json\/wp\/v2\/media?parent=62"}],"curies":[{"name":"wp","href":"https:\/\/api.w.org\/{rel}","templated":true}]}}