{"id":10,"date":"2013-09-11T15:37:09","date_gmt":"2013-09-11T18:37:09","guid":{"rendered":"http:\/\/eventos.cmm.uchile.cl\/lopezcerda2025\/?page_id=10"},"modified":"2024-09-17T01:45:40","modified_gmt":"2024-09-17T04:45:40","slug":"committee","status":"publish","type":"page","link":"https:\/\/eventos.cmm.uchile.cl\/lopezcerda2025\/committee\/","title":{"rendered":"Committee"},"content":{"rendered":"<h4><strong><span class=\"puwcIf C9DxTc \">Scientific<\/span><span class=\"puwcIf C9DxTc \">\u00a0Committee<\/span><\/strong><\/h4>\n<ul>\n<li style=\"font-weight: 400\"><span style=\"font-weight: 400\">Rafael Correa, CMM &amp; Uchile (Chair)<\/span><\/li>\n<li>Abderrahim Hantoute, UA<\/li>\n<li>Miguel A. Goberna, UA<\/li>\n<li style=\"font-weight: 400\"><span style=\"font-weight: 400\">Pedro P\u00e9rez-Aros, CMM &amp; UChile\u00a0<\/span><\/li>\n<li>H\u00e9ctor Ram\u00edrez, CMM &amp; UChile<\/li>\n<li>Claudia Sagastiz\u00e1bal, IMECC-Unicamp<\/li>\n<li>Emilio Vilches, CMM &amp; UOH<\/li>\n<\/ul>\n<p>&nbsp;<\/p>\n<h4><strong><span class=\"puwcIf C9DxTc \">Organizing<\/span><span class=\"puwcIf C9DxTc \">\u00a0Committee<\/span><\/strong><\/h4>\n<ul>\n<li style=\"font-weight: 400\"><span style=\"font-weight: 400\">Rafael Correa, CMM &amp; Uchile (Chair)<\/span><\/li>\n<li style=\"font-weight: 400\"><span style=\"font-weight: 400\">Pedro P\u00e9rez-Aros, CMM &amp; UChile\u00a0<\/span><\/li>\n<li style=\"font-weight: 400\"><span style=\"font-weight: 400\">Emilio Vilches, CMM &amp; UOH<\/span><\/li>\n<\/ul>\n<div class=\"su-divider su-divider-style-default\" style=\"margin:15px 0;border-width:3px;border-color:#b989c5\"><a href=\"#\" style=\"color:#999999\">Go to top<\/a><\/div>\n","protected":false},"excerpt":{"rendered":"<p>Scientific\u00a0Committee Rafael Correa, CMM &amp; Uchile (Chair) Abderrahim Hantoute, UA Miguel A. Goberna, UA Pedro P\u00e9rez-Aros, CMM &amp; UChile\u00a0 H\u00e9ctor Ram\u00edrez, CMM &amp; UChile Claudia Sagastiz\u00e1bal, IMECC-Unicamp Emilio Vilches, CMM &amp; UOH &nbsp; Organizing\u00a0Committee Rafael Correa, CMM &amp; Uchile (Chair) Pedro P\u00e9rez-Aros, CMM &amp; UChile\u00a0 Emilio Vilches, CMM &amp; UOH<\/p>\n","protected":false},"author":2,"featured_media":0,"parent":0,"menu_order":1,"comment_status":"closed","ping_status":"closed","template":"","meta":{"inline_featured_image":false,"footnotes":""},"class_list":["post-10","page","type-page","status-publish","hentry"],"_links":{"self":[{"href":"https:\/\/eventos.cmm.uchile.cl\/lopezcerda2025\/wp-json\/wp\/v2\/pages\/10","targetHints":{"allow":["GET"]}}],"collection":[{"href":"https:\/\/eventos.cmm.uchile.cl\/lopezcerda2025\/wp-json\/wp\/v2\/pages"}],"about":[{"href":"https:\/\/eventos.cmm.uchile.cl\/lopezcerda2025\/wp-json\/wp\/v2\/types\/page"}],"author":[{"embeddable":true,"href":"https:\/\/eventos.cmm.uchile.cl\/lopezcerda2025\/wp-json\/wp\/v2\/users\/2"}],"replies":[{"embeddable":true,"href":"https:\/\/eventos.cmm.uchile.cl\/lopezcerda2025\/wp-json\/wp\/v2\/comments?post=10"}],"version-history":[{"count":23,"href":"https:\/\/eventos.cmm.uchile.cl\/lopezcerda2025\/wp-json\/wp\/v2\/pages\/10\/revisions"}],"predecessor-version":[{"id":552,"href":"https:\/\/eventos.cmm.uchile.cl\/lopezcerda2025\/wp-json\/wp\/v2\/pages\/10\/revisions\/552"}],"wp:attachment":[{"href":"https:\/\/eventos.cmm.uchile.cl\/lopezcerda2025\/wp-json\/wp\/v2\/media?parent=10"}],"curies":[{"name":"wp","href":"https:\/\/api.w.org\/{rel}","templated":true}]}}