{"id":7,"date":"2018-11-15T15:47:39","date_gmt":"2018-11-15T18:47:39","guid":{"rendered":"http:\/\/eventos.cmm.uchile.cl\/matpostsec2018\/?page_id=7"},"modified":"2018-11-15T17:41:12","modified_gmt":"2018-11-15T20:41:12","slug":"seminario","status":"publish","type":"page","link":"https:\/\/eventos.cmm.uchile.cl\/matpostsec2018\/","title":{"rendered":"Seminario"},"content":{"rendered":"<h3>Aprendizaje activo, trabajo colaborativo y resoluci\u00f3n de problemas en la ense\u00f1anza de la matem\u00e1tica postsecundaria y dos contrapuntos<\/h3>\n<p><a href=\"http:\/\/eventos.cmm.uchile.cl\/matpostsec2018\/wp-content\/uploads\/sites\/71\/2018\/11\/afiche_seminario_matpostsec2018_web.jpg\" target=\"_blank\" rel=\"noopener\"><img loading=\"lazy\" decoding=\"async\" class=\"alignright size-full wp-image-22\" src=\"http:\/\/eventos.cmm.uchile.cl\/matpostsec2018\/wp-content\/uploads\/sites\/71\/2018\/11\/afiche_seminario_matpostsec2018_thumb02.jpg\" alt=\"\" width=\"280\" height=\"181\" \/><\/a>7 de diciembre de 2018<br \/>\n9:00-18:00<br \/>\nSala G 302, Edificio de Geolog\u00eda<br \/>\nPlaza Ercilla 803<br \/>\nFacultad de Ciencias F\u00edsicas y Matem\u00e1ticas<br \/>\nUniversidad de Chile<\/p>\n<p>Este seminario tiene como prop\u00f3sito conversar sobre experiencias de aprendizaje activo, trabajo colaborativo y de resoluci\u00f3n de problemas en la ense\u00f1anza de la matem\u00e1tica postsecundaria.<\/p>\n<p>En las aulas de algunas instituciones universitarias y centros de formaci\u00f3n t\u00e9cnica se est\u00e1n realizando experiencias de aprendizaje activo, trabajo colaborativo y de resoluci\u00f3n de problemas como una forma de vigorizar el aprendizaje de la matem\u00e1tica. Queremos que este encuentro, sea un lugar donde compartir esas experiencias, sus resultados, sus limitaciones, consecuencias y proyecci\u00f3n en el largo plazo.<\/p>\n<div class=\"su-button-center\"><a href=\"http:\/\/eventos.cmm.uchile.cl\/matpostsec2018\/registro\/\" class=\"su-button su-button-style-flat\" style=\"color:#FFFFFF;background-color:#087F47;border-color:#076639;border-radius:7px\" target=\"_self\"><span style=\"color:#FFFFFF;padding:7px 20px;font-size:16px;line-height:24px;border-color:#53a67f;border-radius:7px;text-shadow:none\"><i class=\"sui sui-wpforms\" style=\"font-size:16px;color:#FFFFFF\"><\/i> Registro en l\u00ednea<\/span><\/a><\/div>\n","protected":false},"excerpt":{"rendered":"<p>Aprendizaje activo, trabajo colaborativo y resoluci\u00f3n de problemas en la ense\u00f1anza de la matem\u00e1tica postsecundaria y dos contrapuntos 7 de diciembre de 2018 9:00-18:00 Sala G 302, Edificio de Geolog\u00eda Plaza Ercilla 803 Facultad de Ciencias F\u00edsicas y Matem\u00e1ticas Universidad de Chile Este seminario tiene como prop\u00f3sito conversar sobre experiencias de aprendizaje activo, trabajo colaborativo &hellip; <a href=\"https:\/\/eventos.cmm.uchile.cl\/matpostsec2018\/\" class=\"more-link\">Contin\u00fae leyendo <span class=\"screen-reader-text\">Seminario<\/span> <span class=\"meta-nav\">&rarr;<\/span><\/a><\/p>\n","protected":false},"author":2,"featured_media":0,"parent":0,"menu_order":0,"comment_status":"closed","ping_status":"closed","template":"","meta":{"inline_featured_image":false,"footnotes":""},"class_list":["post-7","page","type-page","status-publish","hentry"],"_links":{"self":[{"href":"https:\/\/eventos.cmm.uchile.cl\/matpostsec2018\/wp-json\/wp\/v2\/pages\/7","targetHints":{"allow":["GET"]}}],"collection":[{"href":"https:\/\/eventos.cmm.uchile.cl\/matpostsec2018\/wp-json\/wp\/v2\/pages"}],"about":[{"href":"https:\/\/eventos.cmm.uchile.cl\/matpostsec2018\/wp-json\/wp\/v2\/types\/page"}],"author":[{"embeddable":true,"href":"https:\/\/eventos.cmm.uchile.cl\/matpostsec2018\/wp-json\/wp\/v2\/users\/2"}],"replies":[{"embeddable":true,"href":"https:\/\/eventos.cmm.uchile.cl\/matpostsec2018\/wp-json\/wp\/v2\/comments?post=7"}],"version-history":[{"count":6,"href":"https:\/\/eventos.cmm.uchile.cl\/matpostsec2018\/wp-json\/wp\/v2\/pages\/7\/revisions"}],"predecessor-version":[{"id":31,"href":"https:\/\/eventos.cmm.uchile.cl\/matpostsec2018\/wp-json\/wp\/v2\/pages\/7\/revisions\/31"}],"wp:attachment":[{"href":"https:\/\/eventos.cmm.uchile.cl\/matpostsec2018\/wp-json\/wp\/v2\/media?parent=7"}],"curies":[{"name":"wp","href":"https:\/\/api.w.org\/{rel}","templated":true}]}}