{"id":13,"date":"2013-09-09T10:15:53","date_gmt":"2013-09-09T13:15:53","guid":{"rendered":"http:\/\/eventos.cmm.uchile.cl\/merluzadecola2013\/?page_id=13"},"modified":"2013-09-10T18:04:42","modified_gmt":"2013-09-10T21:04:42","slug":"comite-organizador","status":"publish","type":"page","link":"https:\/\/eventos.cmm.uchile.cl\/merluzadecola2013\/comite-organizador\/","title":{"rendered":"Comit\u00e9 Organizador"},"content":{"rendered":"<ul>\n<li>Andr\u00e9s Franco (<a title=\"Centro de Estudios Pesqueros\" href=\"http:\/\/www.cepes.cl\/\">CEPES &#8211; Centro de Estudios Pesqueros<\/a>)<\/li>\n<li>H\u00e9ctor Ram\u00edrez (<a title=\"Centro de Modelamiento Matem\u00e1tico\" href=\"http:\/\/www.cmm.uchile.cl\/\">CMM &#8211; Centro de Modelamiento Matem\u00e1tico<\/a>, U. de Chile)<\/li>\n<li>Alejandro Zuleta (<a title=\"Centro de Estudios Pesqueros\" href=\"http:\/\/www.cepes.cl\/\">CEPES &#8211; Centro de Estudios Pesqueros<\/a>)<\/li>\n<\/ul>\n<p>&nbsp;<\/p>\n<p><img loading=\"lazy\" decoding=\"async\" class=\"alignnone size-full wp-image-62\" alt=\"Organiza: CEPES\" src=\"http:\/\/eventos.cmm.uchile.cl\/merluzadecola2013\/wp-content\/uploads\/sites\/3\/2013\/09\/organizadores_web01.png\" width=\"604\" height=\"120\" srcset=\"https:\/\/eventos.cmm.uchile.cl\/merluzadecola2013\/wp-content\/uploads\/sites\/3\/2013\/09\/organizadores_web01.png 604w, https:\/\/eventos.cmm.uchile.cl\/merluzadecola2013\/wp-content\/uploads\/sites\/3\/2013\/09\/organizadores_web01-300x59.png 300w\" sizes=\"auto, (max-width: 604px) 100vw, 604px\" \/><\/p>\n","protected":false},"excerpt":{"rendered":"<p>Andr\u00e9s Franco (CEPES &#8211; Centro de Estudios Pesqueros) H\u00e9ctor Ram\u00edrez (CMM &#8211; Centro de Modelamiento Matem\u00e1tico, U. de Chile) Alejandro Zuleta (CEPES &#8211; Centro de Estudios Pesqueros) &nbsp;<\/p>\n","protected":false},"author":2,"featured_media":0,"parent":0,"menu_order":3,"comment_status":"closed","ping_status":"closed","template":"","meta":{"inline_featured_image":false,"footnotes":""},"class_list":["post-13","page","type-page","status-publish","hentry"],"_links":{"self":[{"href":"https:\/\/eventos.cmm.uchile.cl\/merluzadecola2013\/wp-json\/wp\/v2\/pages\/13","targetHints":{"allow":["GET"]}}],"collection":[{"href":"https:\/\/eventos.cmm.uchile.cl\/merluzadecola2013\/wp-json\/wp\/v2\/pages"}],"about":[{"href":"https:\/\/eventos.cmm.uchile.cl\/merluzadecola2013\/wp-json\/wp\/v2\/types\/page"}],"author":[{"embeddable":true,"href":"https:\/\/eventos.cmm.uchile.cl\/merluzadecola2013\/wp-json\/wp\/v2\/users\/2"}],"replies":[{"embeddable":true,"href":"https:\/\/eventos.cmm.uchile.cl\/merluzadecola2013\/wp-json\/wp\/v2\/comments?post=13"}],"version-history":[{"count":7,"href":"https:\/\/eventos.cmm.uchile.cl\/merluzadecola2013\/wp-json\/wp\/v2\/pages\/13\/revisions"}],"predecessor-version":[{"id":67,"href":"https:\/\/eventos.cmm.uchile.cl\/merluzadecola2013\/wp-json\/wp\/v2\/pages\/13\/revisions\/67"}],"wp:attachment":[{"href":"https:\/\/eventos.cmm.uchile.cl\/merluzadecola2013\/wp-json\/wp\/v2\/media?parent=13"}],"curies":[{"name":"wp","href":"https:\/\/api.w.org\/{rel}","templated":true}]}}