{"id":9,"date":"2013-09-09T10:13:16","date_gmt":"2013-09-09T13:13:16","guid":{"rendered":"http:\/\/eventos.cmm.uchile.cl\/merluzadecola2013\/?page_id=9"},"modified":"2013-09-12T23:07:42","modified_gmt":"2013-09-13T02:07:42","slug":"participantes","status":"publish","type":"page","link":"https:\/\/eventos.cmm.uchile.cl\/merluzadecola2013\/participantes\/","title":{"rendered":"Participantes"},"content":{"rendered":"<p>CEPES<\/p>\n<ul>\n<li>Alejandro Zuleta<\/li>\n<li>Sarah Hopf<\/li>\n<li>Patricia Ruiz<\/li>\n<li>Andr\u00e9s Franco<\/li>\n<\/ul>\n<p>IFOP<\/p>\n<ul>\n<li>Jos\u00e9 Luis Blanco<\/li>\n<li>Ignacio Pay\u00e1<\/li>\n<li>Cristi\u00e1n Canales<\/li>\n<li>Jorge Castillo<\/li>\n<li>Claudio Bernal<\/li>\n<\/ul>\n<p>INPESCA<\/p>\n<ul>\n<li>Aquiles Sep\u00falveda<\/li>\n<li>Claudio Gatica<\/li>\n<\/ul>\n<p>SUBPESCA<\/p>\n<ul>\n<li>Pablo Galilea<\/li>\n<li>Maximiliano Alarma<\/li>\n<li>Italo Campod\u00f3nico<\/li>\n<li>Dar\u00edo Rivas<\/li>\n<li>Jorge Far\u00edas<\/li>\n<\/ul>\n<p>Universidades<\/p>\n<ul>\n<li>Fernando Balbont\u00edn (U. de Valpara\u00edso)<\/li>\n<li>Patricio Arana (U. Cat\u00f3lica de Valpara\u00edso)<\/li>\n<li>Luis Cubillos (U. de Concepci\u00f3n)<\/li>\n<li>Edwin Niklitscheck (U. de los Lagos)<\/li>\n<li>H\u00e9ctor Ram\u00edrez (CMM, U. de Chile)<\/li>\n<li>Maximiliano Olivares (CMM, U. de Chile)<\/li>\n<\/ul>\n<p>INVITADOS<\/p>\n<ul>\n<li>Gerentes de Industria del sector<\/li>\n<\/ul>\n","protected":false},"excerpt":{"rendered":"<p>CEPES Alejandro Zuleta Sarah Hopf Patricia Ruiz Andr\u00e9s Franco IFOP Jos\u00e9 Luis Blanco Ignacio Pay\u00e1 Cristi\u00e1n Canales Jorge Castillo Claudio Bernal INPESCA Aquiles Sep\u00falveda Claudio Gatica SUBPESCA Pablo Galilea Maximiliano Alarma Italo Campod\u00f3nico Dar\u00edo Rivas Jorge Far\u00edas Universidades Fernando Balbont\u00edn (U. de Valpara\u00edso) Patricio Arana (U. Cat\u00f3lica de Valpara\u00edso) Luis Cubillos (U. de Concepci\u00f3n) Edwin &hellip; <a href=\"https:\/\/eventos.cmm.uchile.cl\/merluzadecola2013\/participantes\/\" class=\"more-link\">Seguir leyendo <span class=\"screen-reader-text\">Participantes<\/span> <span class=\"meta-nav\">&rarr;<\/span><\/a><\/p>\n","protected":false},"author":2,"featured_media":0,"parent":0,"menu_order":2,"comment_status":"closed","ping_status":"closed","template":"","meta":{"inline_featured_image":false,"footnotes":""},"class_list":["post-9","page","type-page","status-publish","hentry"],"_links":{"self":[{"href":"https:\/\/eventos.cmm.uchile.cl\/merluzadecola2013\/wp-json\/wp\/v2\/pages\/9","targetHints":{"allow":["GET"]}}],"collection":[{"href":"https:\/\/eventos.cmm.uchile.cl\/merluzadecola2013\/wp-json\/wp\/v2\/pages"}],"about":[{"href":"https:\/\/eventos.cmm.uchile.cl\/merluzadecola2013\/wp-json\/wp\/v2\/types\/page"}],"author":[{"embeddable":true,"href":"https:\/\/eventos.cmm.uchile.cl\/merluzadecola2013\/wp-json\/wp\/v2\/users\/2"}],"replies":[{"embeddable":true,"href":"https:\/\/eventos.cmm.uchile.cl\/merluzadecola2013\/wp-json\/wp\/v2\/comments?post=9"}],"version-history":[{"count":7,"href":"https:\/\/eventos.cmm.uchile.cl\/merluzadecola2013\/wp-json\/wp\/v2\/pages\/9\/revisions"}],"predecessor-version":[{"id":69,"href":"https:\/\/eventos.cmm.uchile.cl\/merluzadecola2013\/wp-json\/wp\/v2\/pages\/9\/revisions\/69"}],"wp:attachment":[{"href":"https:\/\/eventos.cmm.uchile.cl\/merluzadecola2013\/wp-json\/wp\/v2\/media?parent=9"}],"curies":[{"name":"wp","href":"https:\/\/api.w.org\/{rel}","templated":true}]}}