{"id":11,"date":"2013-10-03T16:44:38","date_gmt":"2013-10-03T19:44:38","guid":{"rendered":"http:\/\/eventos.cmm.uchile.cl\/moaibio\/?page_id=11"},"modified":"2013-10-10T12:39:25","modified_gmt":"2013-10-10T15:39:25","slug":"organizadores","status":"publish","type":"page","link":"https:\/\/eventos.cmm.uchile.cl\/moaibio\/organizadores\/","title":{"rendered":"Organizadores"},"content":{"rendered":"<h5><img loading=\"lazy\" decoding=\"async\" class=\"alignleft size-full wp-image-20\" alt=\"acuna_vicente_120\" src=\"http:\/\/eventos.cmm.uchile.cl\/moaibio\/wp-content\/uploads\/sites\/5\/2013\/10\/acuna_vicente_120.jpg\" width=\"100\" height=\"120\" \/>Vicente Acu\u00f1a<\/h5>\n<p>Investigador, Centro de Modelamiento Matem\u00e1tico,<br \/>\nUniversidad de Chile<\/p>\n<p>&nbsp;<\/p>\n<h5><img loading=\"lazy\" decoding=\"async\" class=\"alignleft size-full wp-image-22\" alt=\"loira_nicolas_120\" src=\"http:\/\/eventos.cmm.uchile.cl\/moaibio\/wp-content\/uploads\/sites\/5\/2013\/10\/loira_nicolas_120.jpg\" width=\"100\" height=\"120\" \/>Nicol\u00e1s Loira<\/h5>\n<p>Post-doc Centro de Regulaci\u00f3n del Genoma \/ CIRIC Chile<\/p>\n<p>&nbsp;<\/p>\n<h5><img loading=\"lazy\" decoding=\"async\" class=\"alignleft size-full wp-image-23\" alt=\"maass_alejandro_120\" src=\"http:\/\/eventos.cmm.uchile.cl\/moaibio\/wp-content\/uploads\/sites\/5\/2013\/10\/maass_alejandro_120.jpg\" width=\"100\" height=\"120\" \/>Alejandro Maass<\/h5>\n<p>Profesor Titular, Centro de Modelamiento Matem\u00e1tico, Universidad de Chile<\/p>\n<p>&nbsp;<\/p>\n","protected":false},"excerpt":{"rendered":"<p>Vicente Acu\u00f1a Investigador, Centro de Modelamiento Matem\u00e1tico, Universidad de Chile &nbsp; Nicol\u00e1s Loira Post-doc Centro de Regulaci\u00f3n del Genoma \/ CIRIC Chile &nbsp; Alejandro Maass Profesor Titular, Centro de Modelamiento Matem\u00e1tico, Universidad de Chile &nbsp;<\/p>\n","protected":false},"author":2,"featured_media":0,"parent":0,"menu_order":2,"comment_status":"closed","ping_status":"closed","template":"","meta":{"inline_featured_image":false,"footnotes":""},"class_list":["post-11","page","type-page","status-publish","hentry"],"_links":{"self":[{"href":"https:\/\/eventos.cmm.uchile.cl\/moaibio\/wp-json\/wp\/v2\/pages\/11","targetHints":{"allow":["GET"]}}],"collection":[{"href":"https:\/\/eventos.cmm.uchile.cl\/moaibio\/wp-json\/wp\/v2\/pages"}],"about":[{"href":"https:\/\/eventos.cmm.uchile.cl\/moaibio\/wp-json\/wp\/v2\/types\/page"}],"author":[{"embeddable":true,"href":"https:\/\/eventos.cmm.uchile.cl\/moaibio\/wp-json\/wp\/v2\/users\/2"}],"replies":[{"embeddable":true,"href":"https:\/\/eventos.cmm.uchile.cl\/moaibio\/wp-json\/wp\/v2\/comments?post=11"}],"version-history":[{"count":5,"href":"https:\/\/eventos.cmm.uchile.cl\/moaibio\/wp-json\/wp\/v2\/pages\/11\/revisions"}],"predecessor-version":[{"id":39,"href":"https:\/\/eventos.cmm.uchile.cl\/moaibio\/wp-json\/wp\/v2\/pages\/11\/revisions\/39"}],"wp:attachment":[{"href":"https:\/\/eventos.cmm.uchile.cl\/moaibio\/wp-json\/wp\/v2\/media?parent=11"}],"curies":[{"name":"wp","href":"https:\/\/api.w.org\/{rel}","templated":true}]}}