{"id":18,"date":"2013-10-04T09:43:13","date_gmt":"2013-10-04T12:43:13","guid":{"rendered":"http:\/\/eventos.cmm.uchile.cl\/moaibio\/?page_id=18"},"modified":"2013-10-07T17:35:35","modified_gmt":"2013-10-07T20:35:35","slug":"seminarios-moai","status":"publish","type":"page","link":"https:\/\/eventos.cmm.uchile.cl\/moaibio\/","title":{"rendered":"Seminarios MOAI-Bio"},"content":{"rendered":"<p><img loading=\"lazy\" decoding=\"async\" class=\"size-full wp-image-30 alignleft\" alt=\"imagen moai\" src=\"http:\/\/eventos.cmm.uchile.cl\/moaibio\/wp-content\/uploads\/sites\/5\/2013\/10\/imagen-moai.png\" width=\"94\" height=\"193\" \/><\/p>\n<p>Sobre\u00a0el seminario: El Laboratorio de Bioinform\u00e1tica y Matem\u00e1tica del Genoma (<a href=\"http:\/\/www.mathomics.cl\/\">LBMG-Mathomics<\/a>) del Centro de Modelamiento Matem\u00e1tico (<a href=\"http:\/\/www.cmm.uchile.cl\/\">CMM<\/a>) y el Centro de Regulaci\u00f3n del Genoma (<a href=\"http:\/\/www.genomacrg.cl\/inicio\">CRG<\/a>) dela Universidad de Chile invitan a la comunidad cient\u00edfica chilena a participar en el seminario MOAI-Bio: MOdelamiento, An\u00e1lisis e Ingenier\u00eda en Sistemas Biol\u00f3gicos.<\/p>\n<p>Este seminario busca conectar a la comunidad cient\u00edfica interesada en la creaci\u00f3n y an\u00e1lisis de modelos de sistemas biol\u00f3gicos, utilizando t\u00e9cnicas matem\u00e1ticas y computacionales. Visitaremos temas como ensamble y an\u00e1lisis de secuencias gen\u00f3micas, b\u00fasqueda de SNPs, reconstrucci\u00f3n y an\u00e1lisis de modelos metab\u00f3licos y regulatorios, interacciones metagen\u00f3micas, entre muchos otros.<\/p>\n<p>La invitaci\u00f3n es a encontrarnos una vez al mes en torno a estos temas. <strong>La asistencia es completamente abierta y no requiere inscripci\u00f3n previa<\/strong>.<\/p>\n<p>Si desea mantenerse informado sobre los pr\u00f3ximos encuentros, puede\u00a0enviarnos un correo electr\u00f3nico a mathomics@dim.uchile.cl con el asunto \u00ab<em>quiero recibir info sobre pr\u00f3ximo MOAI-Bio<\/em>\u00bb y le enviaremos informaci\u00f3n detallada sobre cada encuentro. Por favor incluir Nombre, Actividad e Instituci\u00f3n.<\/p>\n","protected":false},"excerpt":{"rendered":"<p>Sobre\u00a0el seminario: El Laboratorio de Bioinform\u00e1tica y Matem\u00e1tica del Genoma (LBMG-Mathomics) del Centro de Modelamiento Matem\u00e1tico (CMM) y el Centro de Regulaci\u00f3n del Genoma (CRG) dela Universidad de Chile invitan a la comunidad cient\u00edfica chilena a participar en el seminario MOAI-Bio: MOdelamiento, An\u00e1lisis e Ingenier\u00eda en Sistemas Biol\u00f3gicos. Este seminario busca conectar a la comunidad &hellip; <a href=\"https:\/\/eventos.cmm.uchile.cl\/moaibio\/\" class=\"more-link\">Seguir leyendo <span class=\"screen-reader-text\">Seminarios MOAI-Bio<\/span> <span class=\"meta-nav\">&rarr;<\/span><\/a><\/p>\n","protected":false},"author":2,"featured_media":0,"parent":0,"menu_order":0,"comment_status":"closed","ping_status":"closed","template":"","meta":{"inline_featured_image":false,"footnotes":""},"class_list":["post-18","page","type-page","status-publish","hentry"],"_links":{"self":[{"href":"https:\/\/eventos.cmm.uchile.cl\/moaibio\/wp-json\/wp\/v2\/pages\/18","targetHints":{"allow":["GET"]}}],"collection":[{"href":"https:\/\/eventos.cmm.uchile.cl\/moaibio\/wp-json\/wp\/v2\/pages"}],"about":[{"href":"https:\/\/eventos.cmm.uchile.cl\/moaibio\/wp-json\/wp\/v2\/types\/page"}],"author":[{"embeddable":true,"href":"https:\/\/eventos.cmm.uchile.cl\/moaibio\/wp-json\/wp\/v2\/users\/2"}],"replies":[{"embeddable":true,"href":"https:\/\/eventos.cmm.uchile.cl\/moaibio\/wp-json\/wp\/v2\/comments?post=18"}],"version-history":[{"count":4,"href":"https:\/\/eventos.cmm.uchile.cl\/moaibio\/wp-json\/wp\/v2\/pages\/18\/revisions"}],"predecessor-version":[{"id":33,"href":"https:\/\/eventos.cmm.uchile.cl\/moaibio\/wp-json\/wp\/v2\/pages\/18\/revisions\/33"}],"wp:attachment":[{"href":"https:\/\/eventos.cmm.uchile.cl\/moaibio\/wp-json\/wp\/v2\/media?parent=18"}],"curies":[{"name":"wp","href":"https:\/\/api.w.org\/{rel}","templated":true}]}}