{"id":28,"date":"2013-10-07T17:14:18","date_gmt":"2013-10-07T20:14:18","guid":{"rendered":"http:\/\/eventos.cmm.uchile.cl\/moaibio\/?page_id=28"},"modified":"2013-10-07T17:15:47","modified_gmt":"2013-10-07T20:15:47","slug":"patrocinadores","status":"publish","type":"page","link":"https:\/\/eventos.cmm.uchile.cl\/moaibio\/patrocinadores\/","title":{"rendered":"Patrocinadores"},"content":{"rendered":"<p>Organiza:<\/p>\n<p><img loading=\"lazy\" decoding=\"async\" alt=\"logo_cmm\" src=\"http:\/\/eventos.cmm.uchile.cl\/bioasp\/wp-content\/uploads\/sites\/6\/2013\/10\/logo_cmm.png\" width=\"118\" height=\"103\" \/><br \/>\n<a title=\"CMM - Centro de Modelamiento Matem\u00e1tico\" href=\"http:\/\/www.cmm.uchile.cl\/\">Centro de Modelamiento Matem\u00e1tico<\/a><\/p>\n<p>Patrocinan:<\/p>\n<p><img loading=\"lazy\" decoding=\"async\" alt=\"logo-crg\" src=\"http:\/\/eventos.cmm.uchile.cl\/bioasp\/wp-content\/uploads\/sites\/6\/2013\/10\/logo-crg-150x150.jpg\" width=\"130\" height=\"130\" \/><br \/>\n<a title=\"CRG - Centro FONDAP de Regulaci\u00f3n del Genoma\" href=\"http:\/\/www.genomacrg.cl\/\">Centro de Regulaci\u00f3n del Genoma<\/a><\/p>\n<p><img loading=\"lazy\" decoding=\"async\" alt=\"logo_fcfm\" src=\"http:\/\/eventos.cmm.uchile.cl\/bioasp\/wp-content\/uploads\/sites\/6\/2013\/10\/logo_fcfm.png\" width=\"261\" height=\"93\" \/><br \/>\n<a title=\"Departamento de Ingenier\u00eda Matem\u00e1tica\" href=\"http:\/\/www.dim.uchile.cl\/\">Departamento de Ingenier\u00eda Matem\u00e1tica<\/a><\/p>\n<p><img loading=\"lazy\" decoding=\"async\" alt=\"Inria-Chile-transparent\" src=\"http:\/\/eventos.cmm.uchile.cl\/bioasp\/wp-content\/uploads\/sites\/6\/2013\/10\/Inria-Chile-transparent-300x141.png\" width=\"192\" height=\"90\" \/><br \/>\n<a title=\"INRIA Chile\" href=\"http:\/\/www.inria.cl\/\">Inria Chile<\/a><\/p>\n","protected":false},"excerpt":{"rendered":"<p>Organiza: Centro de Modelamiento Matem\u00e1tico Patrocinan: Centro de Regulaci\u00f3n del Genoma Departamento de Ingenier\u00eda Matem\u00e1tica Inria Chile<\/p>\n","protected":false},"author":6,"featured_media":0,"parent":0,"menu_order":4,"comment_status":"closed","ping_status":"closed","template":"","meta":{"inline_featured_image":false,"footnotes":""},"class_list":["post-28","page","type-page","status-publish","hentry"],"_links":{"self":[{"href":"https:\/\/eventos.cmm.uchile.cl\/moaibio\/wp-json\/wp\/v2\/pages\/28","targetHints":{"allow":["GET"]}}],"collection":[{"href":"https:\/\/eventos.cmm.uchile.cl\/moaibio\/wp-json\/wp\/v2\/pages"}],"about":[{"href":"https:\/\/eventos.cmm.uchile.cl\/moaibio\/wp-json\/wp\/v2\/types\/page"}],"author":[{"embeddable":true,"href":"https:\/\/eventos.cmm.uchile.cl\/moaibio\/wp-json\/wp\/v2\/users\/6"}],"replies":[{"embeddable":true,"href":"https:\/\/eventos.cmm.uchile.cl\/moaibio\/wp-json\/wp\/v2\/comments?post=28"}],"version-history":[{"count":1,"href":"https:\/\/eventos.cmm.uchile.cl\/moaibio\/wp-json\/wp\/v2\/pages\/28\/revisions"}],"predecessor-version":[{"id":29,"href":"https:\/\/eventos.cmm.uchile.cl\/moaibio\/wp-json\/wp\/v2\/pages\/28\/revisions\/29"}],"wp:attachment":[{"href":"https:\/\/eventos.cmm.uchile.cl\/moaibio\/wp-json\/wp\/v2\/media?parent=28"}],"curies":[{"name":"wp","href":"https:\/\/api.w.org\/{rel}","templated":true}]}}