{"id":49,"date":"2013-09-26T17:38:06","date_gmt":"2013-09-26T20:38:06","guid":{"rendered":"http:\/\/eventos.cmm.uchile.cl\/mordukhovich2024\/?page_id=49"},"modified":"2024-01-15T21:44:21","modified_gmt":"2024-01-16T00:44:21","slug":"list_of_participants","status":"publish","type":"page","link":"https:\/\/eventos.cmm.uchile.cl\/mordukhovich2024\/list_of_participants\/","title":{"rendered":"List of Participants"},"content":{"rendered":"<ul>\n<li style=\"list-style-type: none;\">\n<ol>\n<li>Aldo Guti\u00e9rrez (Universidad de Chile), Chile<\/li>\n<li>Alejandro Jofr\u00e9 (Universidad de Chile and CMM), Chile<\/li>\n<li>Andrea Ridolfi (Universidad Nacional de Cuyo), Argentina<\/li>\n<li>Boris Mordukhovich (Wayne State University), USA<\/li>\n<li>Carolina Chiu (Universidad de Chile), Chile<\/li>\n<li>Catherine Lemun (Universidad de Chile), Chile<\/li>\n<li>Claudia Sagastiz\u00e1bal (IMECC-Unicamp), Brazil<\/li>\n<li>Claudia Soto (Universidad de O&#8217;Higgins), Chile<\/li>\n<li>Crist\u00f3bal Vivar (Universidad T\u00e9cnica Federico Santa Mar\u00eda), Chile<\/li>\n<li>Cristopher Hermosilla (Universidad T\u00e9cnica Federico Santa Mar\u00eda), Chile<\/li>\n<li>Daniel Lasluisa (Universidad de Chile), Chile<\/li>\n<li>David Salas (Universidad de O&#8217;Higgins), Chile<\/li>\n<li>David Sossa (Universidad de O&#8217;Higgins), Chile<\/li>\n<li>David Villac\u00eds (Universidad de O&#8217;Higgins), Chile<\/li>\n<li>Diana Narv\u00e1ez (Universidad de Chile), Chile<\/li>\n<li>Didier Aussel (Universit\u00e9 de Perpignan), France<\/li>\n<li>Diego Morales (Universidad de Chile), Chile<\/li>\n<li>Diego Olgu\u00edn (Universidad de Chile), Chile<\/li>\n<li>Diego Pinto (Universidad T\u00e9cnica Federico Santa Mar\u00eda), Chile<\/li>\n<li>Ebrahim Sarabi (Miami University), USA<\/li>\n<li>Eladio Oca\u00f1a (IMCA, Universidad Nacional de Ingenier\u00eda), Per\u00fa<\/li>\n<li>Emilio Vilches (Universidad de O&#8217;Higgins), Chile<\/li>\n<li>Ernesto Treum\u00fan (Universidad T\u00e9cnica Federico Santa Mar\u00eda), Chile<\/li>\n<li>Felipe Lara (Universidad de Tarapac\u00e1), Chile<\/li>\n<li>Fernanda Urrea (INSA Rouen Normandie), France<\/li>\n<li>Filip Agust\u00edn Thiele Guerrero (Universidad de Concepci\u00f3n), Chile<\/li>\n<li>Francisco Silva (Universit\u00e9 de Limoges), France<\/li>\n<li>Francisco Venegas (Universidad de O&#8217;Higgins), Chile<\/li>\n<li>Hasnaa Zidani (INSA Rouen Normandie), France<\/li>\n<li>H\u00e9ctor Ramirez (Universidad de Chile and CMM), Chile<\/li>\n<li>Javier Mart\u00ednez (Universidad de Tarapac\u00e1), Chile<\/li>\n<li>Javiera Guti\u00e9rrez-Ram\u00edrez (Universidad de Chile), Chile<\/li>\n<li>Jiri Outrata (The Czech Academy of Sciences), Czech Republic<\/li>\n<li>Johannes Royset (University of Southern California), USA<\/li>\n<li>Jorge Amaya (Universidad de Chile, CMM)<\/li>\n<li>Juan Garrido (Universidad de Chile), Chile<\/li>\n<li>Juan Jos\u00e9 Maul\u00e9n (Universidad de Chile), Chile<\/li>\n<li>Jules Berry (University of Rennes &#8211; INSA Rennes), France<\/li>\n<li>Julio Deride (Universidad T\u00e9cnica Federico Santa Mar\u00eda), Chile<\/li>\n<li>Luis Brice\u00f1o (Universidad T\u00e9cnica Federico Santa Mar\u00eda), Chile<\/li>\n<li>Manuel Torres (Universidad de Chile), Chile<\/li>\n<li>Marco L\u00f3pez-Cerd\u00e1 (Universidad de Alicante), Spain<\/li>\n<li>Maria Soledad Aronna (School of Applied Mathematics, FGV EMAp), Brazil<\/li>\n<li>Matthieu Marechal (Universidad Diego Portales), Chile<\/li>\n<li>Matus Benko (RICAM), Austria<\/li>\n<li>Maximiliano Beltr\u00e1n (Universidad de Chile), Chile<\/li>\n<li>Micaela Virga (Universidad Nacional de Cuyo), Chile<\/li>\n<li><span data-sheets-root=\"1\" data-sheets-value=\"{&quot;1&quot;:2,&quot;2&quot;:&quot;Michel De Lara&quot;}\" data-sheets-userformat=\"{&quot;2&quot;:2561,&quot;3&quot;:{&quot;1&quot;:0},&quot;12&quot;:0,&quot;14&quot;:{&quot;1&quot;:2,&quot;2&quot;:0}}\">Michel De Lara (CERMICS &#8211; Ecole des Ponts ParisTech), France<\/span><\/li>\n<li>Mihn Tri Le (TU Wien), Austria<\/li>\n<li>Mikhail Solodov (IMPA &#8211; Institute for Pure and Applied Mathematics), Brazil<\/li>\n<li>Nicol\u00e1s Hern\u00e1ndez (Universidad T\u00e9cnica Federico Santa Mar\u00eda), Chile<\/li>\n<li>Patrick Combettes (North Carolina State University), USA<\/li>\n<li>Pedro P\u00e9rez (Universidad de Chile and CMM), Chile<\/li>\n<li>Rafael Correa (Universidad de Chile and CMM), Chile<\/li>\n<li>Ren\u00e9 Henrion (Weierstrass Institute), Germany<\/li>\n<li>Samir Adly (Universit\u00e9 de Limoges), France<\/li>\n<li>Sebasti\u00e1n Arellano (Universidad de Chile), Chile<\/li>\n<li>Sebasti\u00e1n Tapia (TU Wien), Austria<\/li>\n<li>Sergio L\u00f3pez (Universidad de Chile), Chile<\/li>\n<li>Stephanie Caro (Universidad de Chile), Chile<\/li>\n<li>Terry Rockafellar (University of Washington), USA<\/li>\n<li>Victor Riquelme (Universidad de Chile, CMM), Chile<\/li>\n<\/ol>\n<\/li>\n<\/ul>\n","protected":false},"excerpt":{"rendered":"<p>Aldo Guti\u00e9rrez (Universidad de Chile), Chile Alejandro Jofr\u00e9 (Universidad de Chile and CMM), Chile Andrea Ridolfi (Universidad Nacional de Cuyo), Argentina Boris Mordukhovich (Wayne State University), USA Carolina Chiu (Universidad de Chile), Chile Catherine Lemun (Universidad de Chile), Chile Claudia Sagastiz\u00e1bal (IMECC-Unicamp), Brazil Claudia Soto (Universidad de O&#8217;Higgins), Chile Crist\u00f3bal Vivar (Universidad T\u00e9cnica Federico Santa &hellip; <a href=\"https:\/\/eventos.cmm.uchile.cl\/mordukhovich2024\/list_of_participants\/\" class=\"more-link\">Continue reading <span class=\"screen-reader-text\">List of Participants<\/span> <span class=\"meta-nav\">&rarr;<\/span><\/a><\/p>\n","protected":false},"author":5,"featured_media":0,"parent":0,"menu_order":2,"comment_status":"closed","ping_status":"closed","template":"","meta":{"inline_featured_image":false,"footnotes":""},"class_list":["post-49","page","type-page","status-publish","hentry"],"_links":{"self":[{"href":"https:\/\/eventos.cmm.uchile.cl\/mordukhovich2024\/wp-json\/wp\/v2\/pages\/49","targetHints":{"allow":["GET"]}}],"collection":[{"href":"https:\/\/eventos.cmm.uchile.cl\/mordukhovich2024\/wp-json\/wp\/v2\/pages"}],"about":[{"href":"https:\/\/eventos.cmm.uchile.cl\/mordukhovich2024\/wp-json\/wp\/v2\/types\/page"}],"author":[{"embeddable":true,"href":"https:\/\/eventos.cmm.uchile.cl\/mordukhovich2024\/wp-json\/wp\/v2\/users\/5"}],"replies":[{"embeddable":true,"href":"https:\/\/eventos.cmm.uchile.cl\/mordukhovich2024\/wp-json\/wp\/v2\/comments?post=49"}],"version-history":[{"count":58,"href":"https:\/\/eventos.cmm.uchile.cl\/mordukhovich2024\/wp-json\/wp\/v2\/pages\/49\/revisions"}],"predecessor-version":[{"id":452,"href":"https:\/\/eventos.cmm.uchile.cl\/mordukhovich2024\/wp-json\/wp\/v2\/pages\/49\/revisions\/452"}],"wp:attachment":[{"href":"https:\/\/eventos.cmm.uchile.cl\/mordukhovich2024\/wp-json\/wp\/v2\/media?parent=49"}],"curies":[{"name":"wp","href":"https:\/\/api.w.org\/{rel}","templated":true}]}}