{"id":10,"date":"2019-11-24T19:49:14","date_gmt":"2019-11-24T22:49:14","guid":{"rendered":"http:\/\/eventos.cmm.uchile.cl\/moveco2020\/?page_id=10"},"modified":"2020-01-12T12:10:05","modified_gmt":"2020-01-12T15:10:05","slug":"program","status":"publish","type":"page","link":"https:\/\/eventos.cmm.uchile.cl\/moveco2020\/program\/","title":{"rendered":"Program"},"content":{"rendered":"<table width=\"329\">\n<tbody>\n<tr>\n<td width=\"89\">Time<\/td>\n<td width=\"240\">Monday January 13<\/td>\n<\/tr>\n<tr>\n<td>\u00a0\u00a0 9:00 &#8211; 9:10<\/td>\n<td>Openning<\/td>\n<\/tr>\n<tr>\n<td rowspan=\"2\">\u00a0\u00a0 9:10 &#8211; 10:30<\/td>\n<td>Carla Castillo<\/td>\n<\/tr>\n<tr>\n<td>\u00a0V\u00edctor Riquelme<\/td>\n<\/tr>\n<tr>\n<td>10:30 &#8211; 11:00<\/td>\n<td>Coffee break<\/td>\n<\/tr>\n<tr>\n<td rowspan=\"2\">11:00 &#8211; 12:20<\/td>\n<td>Daiver Carmona Salgado<\/td>\n<\/tr>\n<tr>\n<td>Agnieszka Wiszniewska-Matyszkiel<\/td>\n<\/tr>\n<tr>\n<td>12:20 &#8211; 14:00<\/td>\n<td>Lunch<\/td>\n<\/tr>\n<tr>\n<td rowspan=\"3\">14:00 &#8211; 16:00<\/td>\n<td>Doris Campo &amp; Lilian Sep\u00falveda<\/td>\n<\/tr>\n<tr>\n<td>Elmer de la Parva<\/td>\n<\/tr>\n<tr>\n<td>Diego Vicencio<\/td>\n<\/tr>\n<tr>\n<td>16:00 &#8211; 16:30<\/td>\n<td>Coffee break<\/td>\n<\/tr>\n<tr>\n<td rowspan=\"2\">16:30 &#8211; 17:50<\/td>\n<td>Juan Gabriel Verga\u00f1o<\/td>\n<\/tr>\n<tr>\n<td>Luc Doyen<\/td>\n<\/tr>\n<\/tbody>\n<\/table>\n<h3><\/h3>\n<h3><strong>Talks:<\/strong><\/h3>\n<p><strong>Carla Castillo<\/strong>, Universidad del Desarrollo, Chile<\/p>\n<p>Cost-effectiveness analysis of rapid tests for detecting infectious diseases in imprisoned populations: the case of syphilis<\/p>\n<p><strong>V\u00edctor Riquelme<\/strong>, Universidad T\u00e9cnica Federico Santa Mar\u00eda, Chile<\/p>\n<p>Optimal control of diseases in imprisoned populations<\/p>\n<p>&#8212;<\/p>\n<p><strong>Daiver Cardona Salgado<\/strong>, Universidad Aut\u00f3noma de Occidente, Colombia<\/p>\n<p>Methodologies using sterile insects as a control to eliminate the population of wild vectors<\/p>\n<p><strong>Agnieszka Wiszniewska-Matyszkiel<\/strong>,\u00a0University of Warsaw, Poland<\/p>\n<p>Title:\u00a0Antimicrobial resistance &#8211; a dynamic game theoretic study<\/p>\n<p>&#8212;<\/p>\n<p><strong>Doris Campo<\/strong>, Universidad Aut\u00f3noma de Occidente, Colombia &amp; <strong>Lilian Sep\u00falveda<\/strong>, Universidad Aut\u00f3noma de Occidente, Colombia<\/p>\n<p>Wolbachia as a biological control against the arbovirus transmitted by the Aedes mosquito<\/p>\n<p><strong>Elmer de la Parva<\/strong>, Universidad Aut\u00f3noma de Occidente, Colombia<\/p>\n<p>Modeling of biological control of dengue with Wolbachia<\/p>\n<p><strong>Diego Vicencio<\/strong>, Universidad T\u00e9cnica Federico Santa Mar\u00eda, Chile<\/p>\n<p>Study of a Model of Wolbachia infection in a Mosquito population and design of control policies<\/p>\n<p>&#8212;<\/p>\n<p><strong>Juan Gabriel Verga\u00f1o<\/strong>, Universidad Cat\u00f3lica del Maule, Chile<\/p>\n<p>Interaction dynamics, on a cellular scale, for allergic diseases<\/p>\n<p><strong>Luc Doyen<\/strong>, CNRS, France<\/p>\n<p>The 3 R&#8217;s of resilience<\/p>\n<p>&nbsp;<\/p>\n<h3><strong>Confirmed participants:<\/strong><\/h3>\n<ul>\n<li>Jorge Amaya, Universidad de Chile, Chile<\/li>\n<li>Ximena Aguilera, Universidad del Desarrollo, Chile<\/li>\n<li>Pablo Aguirre, Universidad T\u00e9cnica Federico Santa Mar\u00eda, Chile<\/li>\n<li>Edwin Barrios, Universidad del Valle, Colombia<\/li>\n<li>Doris E. Campo, Universidad Aut\u00f3noma de Occidente, Colombia<\/li>\n<li>Daiver Cardona, Universidad Aut\u00f3noma de Occidente, Colombia<\/li>\n<li>Carla Castillo, Universidad del Desarrollo, Chile<\/li>\n<li>Fernando Cordova, Universidad Cat\u00f3lica del Maule, Chile<\/li>\n<li>Elmer de la Pava, Universidad Aut\u00f3noma de Occidente, Colombia<\/li>\n<li>Michel de Lara, Universit\u00e9 Paris Tech, France<\/li>\n<li>Luc Doyen, Universit\u00e9 de Bordeaux &amp; CNRS, France<\/li>\n<li>Oscar E. Escobar, Universidad de Valle, Colombia<\/li>\n<li>Pedro Gajardo, Universidad T\u00e9cnica Federico Santa Mar\u00eda, Chile<\/li>\n<li>Cristopher Hermosilla, Universidad T\u00e9cnica Federico Santa Mar\u00eda, Chile<\/li>\n<li>Isabel Matute, Universidad del Desarrollo, Chile<\/li>\n<li>H\u00e9ctor Ram\u00edrez, Universidad de Chile, Chile<\/li>\n<li>Alejandro Rojas, Universidad Cat\u00f3lica del Maule, Chile<\/li>\n<li>Johana Romero, Yachay Tech, Chile<\/li>\n<li>V\u00edctor Riquelme, Universidad T\u00e9cnica Federico Santa Mar\u00eda, Chile<\/li>\n<li>Lilian S. Sep\u00falveda, Universidad Aut\u00f3noma de Occidente, Colombia<\/li>\n<li>Juan Gabriel Verga\u00f1o, Universidad Cat\u00f3lica del Maule, Chile<\/li>\n<li>Diego Vicencio, Universidad T\u00e9cnica Federico Santa Mar\u00eda, Chile<\/li>\n<li>Agnieszka Wiszniewska-Matyszkiel, University of Warsaw, Polonia<\/li>\n<\/ul>\n","protected":false},"excerpt":{"rendered":"<p>Time Monday January 13 \u00a0\u00a0 9:00 &#8211; 9:10 Openning \u00a0\u00a0 9:10 &#8211; 10:30 Carla Castillo \u00a0V\u00edctor Riquelme 10:30 &#8211; 11:00 Coffee break 11:00 &#8211; 12:20 Daiver Carmona Salgado Agnieszka Wiszniewska-Matyszkiel 12:20 &#8211; 14:00 Lunch 14:00 &#8211; 16:00 Doris Campo &amp; Lilian Sep\u00falveda Elmer de la Parva Diego Vicencio 16:00 &#8211; 16:30 Coffee break 16:30 &#8211; &hellip; <a href=\"https:\/\/eventos.cmm.uchile.cl\/moveco2020\/program\/\" class=\"more-link\">Continue reading <span class=\"screen-reader-text\">Program<\/span> <span class=\"meta-nav\">&rarr;<\/span><\/a><\/p>\n","protected":false},"author":67,"featured_media":0,"parent":0,"menu_order":1,"comment_status":"closed","ping_status":"closed","template":"","meta":{"inline_featured_image":false,"footnotes":""},"class_list":["post-10","page","type-page","status-publish","hentry"],"_links":{"self":[{"href":"https:\/\/eventos.cmm.uchile.cl\/moveco2020\/wp-json\/wp\/v2\/pages\/10","targetHints":{"allow":["GET"]}}],"collection":[{"href":"https:\/\/eventos.cmm.uchile.cl\/moveco2020\/wp-json\/wp\/v2\/pages"}],"about":[{"href":"https:\/\/eventos.cmm.uchile.cl\/moveco2020\/wp-json\/wp\/v2\/types\/page"}],"author":[{"embeddable":true,"href":"https:\/\/eventos.cmm.uchile.cl\/moveco2020\/wp-json\/wp\/v2\/users\/67"}],"replies":[{"embeddable":true,"href":"https:\/\/eventos.cmm.uchile.cl\/moveco2020\/wp-json\/wp\/v2\/comments?post=10"}],"version-history":[{"count":20,"href":"https:\/\/eventos.cmm.uchile.cl\/moveco2020\/wp-json\/wp\/v2\/pages\/10\/revisions"}],"predecessor-version":[{"id":95,"href":"https:\/\/eventos.cmm.uchile.cl\/moveco2020\/wp-json\/wp\/v2\/pages\/10\/revisions\/95"}],"wp:attachment":[{"href":"https:\/\/eventos.cmm.uchile.cl\/moveco2020\/wp-json\/wp\/v2\/media?parent=10"}],"curies":[{"name":"wp","href":"https:\/\/api.w.org\/{rel}","templated":true}]}}