{"id":13,"date":"2019-08-22T16:49:55","date_gmt":"2019-08-22T19:49:55","guid":{"rendered":"http:\/\/eventos.cmm.uchile.cl\/nlhpc2019\/?page_id=13"},"modified":"2019-09-03T15:33:05","modified_gmt":"2019-09-03T18:33:05","slug":"oradores","status":"publish","type":"page","link":"https:\/\/eventos.cmm.uchile.cl\/nlhpc2019\/oradores\/","title":{"rendered":"Oradores"},"content":{"rendered":"<h3><img loading=\"lazy\" decoding=\"async\" class=\"size-full wp-image-70 alignnone\" src=\"http:\/\/eventos.cmm.uchile.cl\/nlhpc2019\/wp-content\/uploads\/sites\/81\/2019\/09\/andres_avila.jpg\" alt=\"\" width=\"120\" height=\"120\" \/><\/h3>\n<h3>Andr\u00e9s \u00c1vila<\/h3>\n<p>Andr\u00e9s \u00c1vila es doctor en Matem\u00e1ticas por la University of Missouri (Estados Unidos). Sus l\u00edneas de investigaci\u00f3n se enfocan en las ecuaciones diferenciales parciales, m\u00e9todos num\u00e9ricos para PDEs y computaci\u00f3n de alto rendimiento. Actualmente es profesor asociado del Departamento de Ingenier\u00eda Matem\u00e1tica (Facultad de Ingenier\u00eda y Ciencias) de la Universidad de La Frontera, y docente del Mag\u00edster en Ciencias de la Ingenier\u00eda Menci\u00f3n Biotecnolog\u00eda de la misma casa de estudios.<\/p>\n<p>&nbsp;<\/p>\n<p><img loading=\"lazy\" decoding=\"async\" class=\"size-full wp-image-72 alignnone\" src=\"http:\/\/eventos.cmm.uchile.cl\/nlhpc2019\/wp-content\/uploads\/sites\/81\/2019\/09\/judit_gimenez.jpg\" alt=\"\" width=\"120\" height=\"120\" \/><\/p>\n<h3>Judit Gim\u00e9nez<\/h3>\n<p>Judit Gim\u00e9nez es investigadora en la UPC \/ BSC, y ha estado trabajando en el \u00e1rea de la computaci\u00f3n paralela desde 1989 cuando obtuvo su t\u00edtulo en inform\u00e1tica. Desde el a\u00f1o 2000, es responsable de la investigaci\u00f3n, el desarrollo y la distribuci\u00f3n de las herramientas de rendimiento de Paraver, siendo la l\u00edder del equipo de Herramientas de rendimiento en el departamento de Ciencias de la Computaci\u00f3n en BSC desde su creaci\u00f3n. La flexibilidad y el an\u00e1lisis detallado son los pilares principales de las herramientas de rendimiento de c\u00f3digo abierto destinadas a comprender las aplicaciones que utilizamos, as\u00ed como el middleware, el sistema operativo y el hardware subyacentes. Desde 2015, participa activamente en el Centro de Excelencia POP (EU H2020 projects) promoviendo la evaluaci\u00f3n y la optimizaci\u00f3n del rendimiento como el camino para mejorar la productividad de las aplicaciones paralelas.<\/p>\n<p>&nbsp;<\/p>\n<p><img loading=\"lazy\" decoding=\"async\" class=\"size-full wp-image-71 alignnone\" src=\"http:\/\/eventos.cmm.uchile.cl\/nlhpc2019\/wp-content\/uploads\/sites\/81\/2019\/09\/gines_guerrero.jpg\" alt=\"\" width=\"120\" height=\"120\" \/><\/p>\n<h3>Gin\u00e9s Guerrero<\/h3>\n<p>Gin\u00e9s Guerrero es doctor en Inform\u00e1tica por la Universidad de Murcia (Espa\u00f1a). Es especialista en computaci\u00f3n de alto rendimiento y el an\u00e1lisis, dise\u00f1o e implementaci\u00f3n de algoritmos paralelos en diferentes arquitecturas. Ha sido coautor de m\u00e1s de 20 publicaciones en revistas y congresos internacionales. Hoy, dirige el Laboratorio Nacional de Computaci\u00f3n de Alto Rendimiento, desde donde ha promovido las posibilidades de la computaci\u00f3n de alto rendimiento en la ciencia, la industria y las pol\u00edticas p\u00fablicas.<\/p>\n","protected":false},"excerpt":{"rendered":"<p>Andr\u00e9s \u00c1vila Andr\u00e9s \u00c1vila es doctor en Matem\u00e1ticas por la University of Missouri (Estados Unidos). Sus l\u00edneas de investigaci\u00f3n se enfocan en las ecuaciones diferenciales parciales, m\u00e9todos num\u00e9ricos para PDEs y computaci\u00f3n de alto rendimiento. Actualmente es profesor asociado del Departamento de Ingenier\u00eda Matem\u00e1tica (Facultad de Ingenier\u00eda y Ciencias) de la Universidad de La Frontera, &hellip; <a href=\"https:\/\/eventos.cmm.uchile.cl\/nlhpc2019\/oradores\/\" class=\"more-link\">Seguir leyendo <span class=\"screen-reader-text\">Oradores<\/span> <span class=\"meta-nav\">&rarr;<\/span><\/a><\/p>\n","protected":false},"author":2,"featured_media":0,"parent":0,"menu_order":1,"comment_status":"closed","ping_status":"closed","template":"","meta":{"inline_featured_image":false,"footnotes":""},"class_list":["post-13","page","type-page","status-publish","hentry"],"_links":{"self":[{"href":"https:\/\/eventos.cmm.uchile.cl\/nlhpc2019\/wp-json\/wp\/v2\/pages\/13","targetHints":{"allow":["GET"]}}],"collection":[{"href":"https:\/\/eventos.cmm.uchile.cl\/nlhpc2019\/wp-json\/wp\/v2\/pages"}],"about":[{"href":"https:\/\/eventos.cmm.uchile.cl\/nlhpc2019\/wp-json\/wp\/v2\/types\/page"}],"author":[{"embeddable":true,"href":"https:\/\/eventos.cmm.uchile.cl\/nlhpc2019\/wp-json\/wp\/v2\/users\/2"}],"replies":[{"embeddable":true,"href":"https:\/\/eventos.cmm.uchile.cl\/nlhpc2019\/wp-json\/wp\/v2\/comments?post=13"}],"version-history":[{"count":8,"href":"https:\/\/eventos.cmm.uchile.cl\/nlhpc2019\/wp-json\/wp\/v2\/pages\/13\/revisions"}],"predecessor-version":[{"id":73,"href":"https:\/\/eventos.cmm.uchile.cl\/nlhpc2019\/wp-json\/wp\/v2\/pages\/13\/revisions\/73"}],"wp:attachment":[{"href":"https:\/\/eventos.cmm.uchile.cl\/nlhpc2019\/wp-json\/wp\/v2\/media?parent=13"}],"curies":[{"name":"wp","href":"https:\/\/api.w.org\/{rel}","templated":true}]}}