{"id":7,"date":"2019-08-22T16:33:13","date_gmt":"2019-08-22T19:33:13","guid":{"rendered":"http:\/\/eventos.cmm.uchile.cl\/nlhpc2019\/?page_id=7"},"modified":"2019-10-02T09:27:48","modified_gmt":"2019-10-02T12:27:48","slug":"workshop","status":"publish","type":"page","link":"https:\/\/eventos.cmm.uchile.cl\/nlhpc2019\/","title":{"rendered":"Workshop"},"content":{"rendered":"<p>El Laboratorio Nacional de Computaci\u00f3n de Alto Rendimiento te invita a participar en el Workshop NLHPC 2019, a realizarse los d\u00edas 30 de septiembre, 1 y 2 de octubre del 2019 en el aula <span class=\"il\">B07<\/span> de la Facultad de Ciencias F\u00edsicas y Matem\u00e1ticas de la Universidad de Chile (Beauchef 851).<\/p>\n<p>Para poder hacer un uso eficiente de un supercomputador, es importante evaluar el rendimiento que obtenemos al ejecutar nuestra aplicaci\u00f3n en el sistema. Por lo mismo, este workshop estar\u00e1 enfocado en el an\u00e1lisis del rendimiento de aplicaciones, principalmente aplicaciones paralelas usando la herramienta Paraver (<a href=\"https:\/\/tools.bsc.es\/paraver\">https:\/\/tools.bsc.es\/paraver<\/a>). Con objeto de que puedan asistir aquellos interesados que no tengan nociones b\u00e1sicas del uso de un supercomputador, se dar\u00e1 una introducci\u00f3n al uso del supercomputador de Chile, Leftraru. Adem\u00e1s, se dar\u00e1 una introducci\u00f3n a la programaci\u00f3n paralela y al uso de contadores de rendimiento para diagnosticar problemas en aplicaciones (<a href=\"https:\/\/icl.utk.edu\/papi\/\" target=\"_blank\" rel=\"noopener noreferrer\">https:\/\/icl.utk.edu\/papi\/<\/a>).<\/p>\n<p>Requisitos: Es necesario contar con conocimientos en el lenguaje de programaci\u00f3n C e, idealmente, en programaci\u00f3n paralela (MPI).<\/p>\n<p>\u00bfTienes alg\u00fan programa MPI para que podamos analizar en el Workshop? \u00a1Tr\u00e1elo y con gusto lo analizaremos el d\u00eda del evento!<\/p>\n<p>Se retransmitir\u00e1 <span class=\"il\">via<\/span>\u00a0<span class=\"il\">streaming<\/span>, para los que no puedan asistir de forma presencial.<\/p>\n<div class=\"su-youtube su-u-responsive-media-yes\"><iframe loading=\"lazy\" width=\"600\" height=\"400\" src=\"https:\/\/www.youtube.com\/embed\/Mmh8VlwDHZk?\" frameborder=\"0\" allowfullscreen allow=\"autoplay; encrypted-media; picture-in-picture\" title=\"Workshop NLHPC 2019\"><\/iframe><\/div>\n<p>&nbsp;<\/p>\n<p><img loading=\"lazy\" decoding=\"async\" class=\"aligncenter size-medium wp-image-24\" src=\"http:\/\/eventos.cmm.uchile.cl\/nlhpc2019\/wp-content\/uploads\/sites\/81\/2019\/08\/logo_NLHPC_horiz01_rgb-300x150.png\" alt=\"\" width=\"300\" height=\"150\" srcset=\"https:\/\/eventos.cmm.uchile.cl\/nlhpc2019\/wp-content\/uploads\/sites\/81\/2019\/08\/logo_NLHPC_horiz01_rgb-300x150.png 300w, https:\/\/eventos.cmm.uchile.cl\/nlhpc2019\/wp-content\/uploads\/sites\/81\/2019\/08\/logo_NLHPC_horiz01_rgb.png 640w\" sizes=\"auto, (max-width: 300px) 100vw, 300px\" \/><\/p>\n","protected":false},"excerpt":{"rendered":"<p>El Laboratorio Nacional de Computaci\u00f3n de Alto Rendimiento te invita a participar en el Workshop NLHPC 2019, a realizarse los d\u00edas 30 de septiembre, 1 y 2 de octubre del 2019 en el aula B07 de la Facultad de Ciencias F\u00edsicas y Matem\u00e1ticas de la Universidad de Chile (Beauchef 851). Para poder hacer un uso &hellip; <a href=\"https:\/\/eventos.cmm.uchile.cl\/nlhpc2019\/\" class=\"more-link\">Seguir leyendo <span class=\"screen-reader-text\">Workshop<\/span> <span class=\"meta-nav\">&rarr;<\/span><\/a><\/p>\n","protected":false},"author":2,"featured_media":0,"parent":0,"menu_order":0,"comment_status":"closed","ping_status":"closed","template":"","meta":{"inline_featured_image":false,"footnotes":""},"class_list":["post-7","page","type-page","status-publish","hentry"],"_links":{"self":[{"href":"https:\/\/eventos.cmm.uchile.cl\/nlhpc2019\/wp-json\/wp\/v2\/pages\/7","targetHints":{"allow":["GET"]}}],"collection":[{"href":"https:\/\/eventos.cmm.uchile.cl\/nlhpc2019\/wp-json\/wp\/v2\/pages"}],"about":[{"href":"https:\/\/eventos.cmm.uchile.cl\/nlhpc2019\/wp-json\/wp\/v2\/types\/page"}],"author":[{"embeddable":true,"href":"https:\/\/eventos.cmm.uchile.cl\/nlhpc2019\/wp-json\/wp\/v2\/users\/2"}],"replies":[{"embeddable":true,"href":"https:\/\/eventos.cmm.uchile.cl\/nlhpc2019\/wp-json\/wp\/v2\/comments?post=7"}],"version-history":[{"count":17,"href":"https:\/\/eventos.cmm.uchile.cl\/nlhpc2019\/wp-json\/wp\/v2\/pages\/7\/revisions"}],"predecessor-version":[{"id":85,"href":"https:\/\/eventos.cmm.uchile.cl\/nlhpc2019\/wp-json\/wp\/v2\/pages\/7\/revisions\/85"}],"wp:attachment":[{"href":"https:\/\/eventos.cmm.uchile.cl\/nlhpc2019\/wp-json\/wp\/v2\/media?parent=7"}],"curies":[{"name":"wp","href":"https:\/\/api.w.org\/{rel}","templated":true}]}}