{"id":7,"date":"2023-05-15T20:05:07","date_gmt":"2023-05-16T00:05:07","guid":{"rendered":"https:\/\/eventos.cmm.uchile.cl\/num2otmfg\/?page_id=7"},"modified":"2024-01-16T09:51:16","modified_gmt":"2024-01-16T12:51:16","slug":"home","status":"publish","type":"page","link":"https:\/\/eventos.cmm.uchile.cl\/num2otmfg\/","title":{"rendered":"Home"},"content":{"rendered":"<p>The goal of the conference <strong>&#8220;Numerical methods for optimal transport problems, mean field games, and multi-agent dynamics\u201d<\/strong> is to share and discuss the advances in numerical techniques for the resolution of optimal transport problems, mean field games, and multi-agent dynamics. Several methodologies have been developed in parallel in these fields in the last years, which opens the door to new collaborations because of the relations among the three topics. We expect to motivate these collaborations via plenary talks of experts in the three fields, thematic sessions, and a summer school to incorporate students in order to extend the arising connections.<\/p>\n<p>Click <a href=\"https:\/\/drive.google.com\/drive\/folders\/1MyiRFFf7_ECOpmSGOmH93qpARpHOQWew\">here<\/a> to see some of the photos and videos taken during the conference.<\/p>\n<p><strong>January 8-12, \u00a02024<\/strong>, Universidad T\u00e9cnica Federico Santa Mar\u00eda, Valpara\u00edso, Chile.<\/p>\n<h3>Organizing Committee<\/h3>\n<ul>\n<li>Luis Brice\u00f1o Arias (U. T\u00e9cnica Federico Santa Mar\u00eda and CMM, Chile)<\/li>\n<li>Jos\u00e9 A. Carrillo de la Plata (U. Oxford, UK)<\/li>\n<li>Francisco J. Silva (U. Limoges, France)<\/li>\n<\/ul>\n<h3>Important dates (new)<\/h3>\n<ul>\n<li><em>Abstract submission deadline:<\/em> <strong><del datetime=\"2023-09-13T14:34:09+00:00\">September 15th, 2023<\/del>\u00a0 \u00a0-October 15th, 2023.<\/strong><\/li>\n<li><em>Notification of acceptance:<\/em> <strong><del datetime=\"2023-09-13T14:34:09+00:00\">October 15th, 2023<\/del>\u00a0 \u00a0-October 30th, 2023.<\/strong><\/li>\n<li><em>Registration and payment deadline:<\/em> <strong><del datetime=\"2023-09-13T14:34:09+00:00\">November 8th, 2023<\/del>\u00a0 \u00a0-November 15th, 2023.<\/strong><\/li>\n<\/ul>\n<h4>Registration fees<\/h4>\n<p>Beyond the conference material, the registration fee includes a welcome cocktail, coffee breaks, and a social dinner. In addition,\u00a0 we will support accommodation for students with the collected funds.<\/p>\n<ul>\n<li><strong>Regular: 250,000 Chilean pesos (CLP)<\/strong><\/li>\n<li><strong>Student: 150,000 Chilean pesos (CLP)<\/strong><\/li>\n<\/ul>\n<p>The registration secured payment website is available <a href=\"https:\/\/serviciodepagos.usm.cl\/?event=yiEniWhxiYG0ILnOKXzw\">here<\/a>. Participants must also register and\/or submit their abstract<a href=\"https:\/\/eventos.cmm.uchile.cl\/num2otmfg\/registration\/\">\u00a0here<\/a>.<\/p>\n<p>The organization considers financial support for registration and accommodation for students. The recommendation of a professor\/researcher is needed and we will contact her for details. For students needing financial aid, <a href=\"https:\/\/eventos.cmm.uchile.cl\/num2otmfg\/registration\/\">click here<\/a>.<\/p>\n<p>If you have any questions or comments, <a href=\"https:\/\/eventos.cmm.uchile.cl\/num2otmfg\/contact\/\">contact us<\/a>.<\/p>\n<h3>Organizing Institutions<\/h3>\n<p><a href=\"https:\/\/www.usm.cl\" target=\"_blank\" rel=\"noopener\"><img loading=\"lazy\" decoding=\"async\" class=\"alignleft wp-image-104 size-full\" title=\"Universidad T\u00e9cnica Federico Santa Mar\u00eda\" src=\"https:\/\/eventos.cmm.uchile.cl\/num2otmfg\/wp-content\/uploads\/sites\/167\/2023\/09\/logo_usm_01.png\" alt=\"Universidad T\u00e9cnica Federico Santa Mar\u00eda\" width=\"320\" height=\"160\" srcset=\"https:\/\/eventos.cmm.uchile.cl\/num2otmfg\/wp-content\/uploads\/sites\/167\/2023\/09\/logo_usm_01.png 320w, https:\/\/eventos.cmm.uchile.cl\/num2otmfg\/wp-content\/uploads\/sites\/167\/2023\/09\/logo_usm_01-300x150.png 300w\" sizes=\"auto, (max-width: 320px) 100vw, 320px\" \/><\/a><a href=\"https:\/\/www.cmm.uchile.cl\/\" target=\"_blank\" rel=\"noopener\"><img loading=\"lazy\" decoding=\"async\" class=\"alignnone wp-image-105 size-full\" title=\"Center for Mathematical Modeling\" src=\"https:\/\/eventos.cmm.uchile.cl\/num2otmfg\/wp-content\/uploads\/sites\/167\/2023\/09\/logo_cmm_01.png\" alt=\"Center for Mathematical Modeling\" width=\"180\" height=\"160\" \/><\/a><\/p>\n<h3>Sponsors:<\/h3>\n<p><img loading=\"lazy\" decoding=\"async\" class=\"alignnone wp-image-201\" src=\"https:\/\/eventos.cmm.uchile.cl\/num2otmfg\/wp-content\/uploads\/sites\/167\/2024\/01\/rs-300x169.jpg\" alt=\"\" width=\"270\" height=\"152\" srcset=\"https:\/\/eventos.cmm.uchile.cl\/num2otmfg\/wp-content\/uploads\/sites\/167\/2024\/01\/rs-300x169.jpg 300w, https:\/\/eventos.cmm.uchile.cl\/num2otmfg\/wp-content\/uploads\/sites\/167\/2024\/01\/rs-1024x576.jpg 1024w, https:\/\/eventos.cmm.uchile.cl\/num2otmfg\/wp-content\/uploads\/sites\/167\/2024\/01\/rs-768x432.jpg 768w, https:\/\/eventos.cmm.uchile.cl\/num2otmfg\/wp-content\/uploads\/sites\/167\/2024\/01\/rs.jpg 1366w\" sizes=\"auto, (max-width: 270px) 100vw, 270px\" \/><\/p>\n","protected":false},"excerpt":{"rendered":"<p>The goal of the conference &#8220;Numerical methods for optimal transport problems, mean field games, and multi-agent dynamics\u201d is to share and discuss the advances in numerical techniques for the resolution of optimal transport problems, mean field games, and multi-agent dynamics. Several methodologies have been developed in parallel in these fields in the last years, which &hellip; <a href=\"https:\/\/eventos.cmm.uchile.cl\/num2otmfg\/\" class=\"more-link\">Continue reading <span class=\"screen-reader-text\">Home<\/span> <span class=\"meta-nav\">&rarr;<\/span><\/a><\/p>\n","protected":false},"author":2,"featured_media":249,"parent":0,"menu_order":0,"comment_status":"closed","ping_status":"closed","template":"","meta":{"inline_featured_image":false,"footnotes":""},"class_list":["post-7","page","type-page","status-publish","has-post-thumbnail","hentry"],"_links":{"self":[{"href":"https:\/\/eventos.cmm.uchile.cl\/num2otmfg\/wp-json\/wp\/v2\/pages\/7","targetHints":{"allow":["GET"]}}],"collection":[{"href":"https:\/\/eventos.cmm.uchile.cl\/num2otmfg\/wp-json\/wp\/v2\/pages"}],"about":[{"href":"https:\/\/eventos.cmm.uchile.cl\/num2otmfg\/wp-json\/wp\/v2\/types\/page"}],"author":[{"embeddable":true,"href":"https:\/\/eventos.cmm.uchile.cl\/num2otmfg\/wp-json\/wp\/v2\/users\/2"}],"replies":[{"embeddable":true,"href":"https:\/\/eventos.cmm.uchile.cl\/num2otmfg\/wp-json\/wp\/v2\/comments?post=7"}],"version-history":[{"count":29,"href":"https:\/\/eventos.cmm.uchile.cl\/num2otmfg\/wp-json\/wp\/v2\/pages\/7\/revisions"}],"predecessor-version":[{"id":248,"href":"https:\/\/eventos.cmm.uchile.cl\/num2otmfg\/wp-json\/wp\/v2\/pages\/7\/revisions\/248"}],"wp:featuredmedia":[{"embeddable":true,"href":"https:\/\/eventos.cmm.uchile.cl\/num2otmfg\/wp-json\/wp\/v2\/media\/249"}],"wp:attachment":[{"href":"https:\/\/eventos.cmm.uchile.cl\/num2otmfg\/wp-json\/wp\/v2\/media?parent=7"}],"curies":[{"name":"wp","href":"https:\/\/api.w.org\/{rel}","templated":true}]}}