{"id":9,"date":"2023-06-23T15:57:08","date_gmt":"2023-06-23T19:57:08","guid":{"rendered":"https:\/\/eventos.cmm.uchile.cl\/waves2023\/?page_id=9"},"modified":"2025-04-21T19:17:56","modified_gmt":"2025-04-21T23:17:56","slug":"speakers","status":"publish","type":"page","link":"https:\/\/eventos.cmm.uchile.cl\/operations2025\/speakers\/","title":{"rendered":"Speakers"},"content":{"rendered":"<h3 id=\"flores\"><img loading=\"lazy\" decoding=\"async\" class=\"speaker_pic wp-image-147 size-full alignleft\" src=\"https:\/\/eventos.cmm.uchile.cl\/operations2025\/wp-content\/uploads\/sites\/215\/2025\/04\/flores_01.jpg\" alt=\"\u00c1ngela Flores\" width=\"225\" height=\"225\" \/>\u00c1ngela Flores<\/h3>\n<p>\u00c1ngela Flores is Assistant Professor of Electrical Power Systems at the Department of Electrical Engineering, Universidad de Chile.<\/p>\n<p>She holds a Ph.D. from Technische Universit\u00e4t Berlin. She also earned both her MSc and BSc in Electrical and Electronics Engineering from the University of Chile.<\/p>\n<div class=\"su-divider su-divider-style-default\" style=\"margin:15px 0;border-width:3px;border-color:#DC2A2A\"><a href=\"#\" style=\"color:#999999\">Go to top<\/a><\/div>\n<h3 id=\"limbourg\"><img loading=\"lazy\" decoding=\"async\" class=\"speaker_pic wp-image-148 size-full alignleft\" src=\"https:\/\/eventos.cmm.uchile.cl\/operations2025\/wp-content\/uploads\/sites\/215\/2025\/04\/limbourg_01.jpg\" alt=\"Sabine Limbourg\" width=\"225\" height=\"225\" \/>Sabine Limbourg<\/h3>\n<p>Professor of Logistics at HEC-ULiege and Vice-President of Logistics in Wallonia. Sabine Limbourg is a full Professor in transport, logistics, and supply chain management. Her research, strongly related to sustainable development goals, has led to the improvement of decision support systems for logistics. It focuses on establishing links between advanced operations management and the needs of both enterprises and communities. She is also involved in several multidisciplinary research projects.<\/p>\n<p>She holds a Ph.D. in Economic and Management Sciences from the Facult\u00e9s Universitaires Catholiques de Mons. She also earned a degree in Physics with a specialization in Mathematics from the University of Mons.<\/p>\n<div class=\"su-divider su-divider-style-default\" style=\"margin:15px 0;border-width:3px;border-color:#DC2A2A\"><a href=\"#\" style=\"color:#999999\">Go to top<\/a><\/div>\n<h3 id=\"ordonez\"><img loading=\"lazy\" decoding=\"async\" class=\"speaker_pic alignleft wp-image-62 \" src=\"https:\/\/eventos.cmm.uchile.cl\/operations2025\/wp-content\/uploads\/sites\/215\/2025\/04\/ordonez_01.jpg\" alt=\"Fernando Ord\u00f3\u00f1ez\" width=\"225\" height=\"225\" \/>Fernando Ord\u00f3\u00f1ez<\/h3>\n<p>Fernando Ord\u00f3\u00f1ez is a Professor in the Department of Industrial Engineering at the University of Chile. His research focuses on convex and robust optimization, complexity of algorithms, sensitivity analysis, and applications of optimization to engineering and management science.\u00a0His research spans operations research, optimization, and data-driven decision-making.<\/p>\n<p>He earned his Ph.D. in Operations Research from the Massachusetts Institute of Technology (MIT) and holds a professional degree in Mathematical Engineering from the University of Chile. His work has been awarded the Wagner prize for Excellence in Operations Research practice and the Rist Prize of the Military Operations Research Society.<\/p>\n<div class=\"su-divider su-divider-style-default\" style=\"margin:15px 0;border-width:3px;border-color:#DC2A2A\"><a href=\"#\" style=\"color:#999999\">Go to top<\/a><\/div>\n<h3 id=\"pironet\"><img loading=\"lazy\" decoding=\"async\" class=\"speaker_pic wp-image-149 alignleft\" src=\"https:\/\/eventos.cmm.uchile.cl\/operations2025\/wp-content\/uploads\/sites\/215\/2025\/04\/pironet_01.jpg\" alt=\"Thierry Pironet\" width=\"225\" height=\"225\" \/>Thierry Pironet<\/h3>\n<p>Thierry Pironet is an Associate professor tenured at HEC-University of Li\u00e8ge. He earned a Ph.D. in Economic and Management Sciences and a DEA in Management Sciences from the University of Li\u00e8ge. He also holds a Master\u2019s in Logistics from HEC-Li\u00e8ge Institut Gramme, a DEC in Business Management from the Universit\u00e9 Catholique de Louvain-la-Neuve, and an Industrial Engineering degree from Institut Gramme Li\u00e8ge.<\/p>\n<p>His research includes Quantitative management methods, Operations research, Numerical computation programming, Management information systems, Information and communication technologies [ICT].<\/p>\n<div class=\"su-divider su-divider-style-default\" style=\"margin:15px 0;border-width:3px;border-color:#DC2A2A\"><a href=\"#\" style=\"color:#999999\">Go to top<\/a><\/div>\n<h3 id=\"soto\"><img loading=\"lazy\" decoding=\"async\" class=\"speaker_pic wp-image-152 alignleft\" src=\"https:\/\/eventos.cmm.uchile.cl\/operations2025\/wp-content\/uploads\/sites\/215\/2025\/04\/soto_01.jpg\" alt=\"Jos\u00e9 Soto\" width=\"225\" height=\"225\" \/>Jos\u00e9 Soto<\/h3>\n<p>Jos\u00e9 Soto is an Associate Professor and Academic Chair in the Department of Mathematical Engineering at the University of Chile. He is also an Associate Researcher at the Center for Mathematical Modeling (CMM).\u00a0His research interests include combinatorics, algorithms, and combinatorial optimization.<\/p>\n<p>He earned his Ph.D. in Mathematics from the Massachusetts Institute of Technology (MIT) in 2011, under the supervision of Professor Michel Goemans. He completed his undergraduate studies in the Department of Mathematical Engineering at the University of Chile.<\/p>\n<div class=\"su-divider su-divider-style-default\" style=\"margin:15px 0;border-width:3px;border-color:#DC2A2A\"><a href=\"#\" style=\"color:#999999\">Go to top<\/a><\/div>\n<h3 id=\"zamora\"><img loading=\"lazy\" decoding=\"async\" class=\"speaker_pic alignleft wp-image-310\" src=\"https:\/\/eventos.cmm.uchile.cl\/operations2025\/wp-content\/uploads\/sites\/215\/2025\/04\/zamora_02.jpg\" alt=\"M\u00f3nica Zamora Zapata\" width=\"225\" height=\"225\" srcset=\"https:\/\/eventos.cmm.uchile.cl\/operations2025\/wp-content\/uploads\/sites\/215\/2025\/04\/zamora_02.jpg 240w, https:\/\/eventos.cmm.uchile.cl\/operations2025\/wp-content\/uploads\/sites\/215\/2025\/04\/zamora_02-150x150.jpg 150w\" sizes=\"auto, (max-width: 225px) 100vw, 225px\" \/>M\u00f3nica Zamora Zapata<\/h3>\n<p>M\u00f3nica Zamora\u00a0is an Assistant Professor at the Department of Mechanical Engineering, Faculty of Physical and Mathematical Sciences, Universidad de Chile.<\/p>\n<p>She holds a Ph.D. and a Master of Science in Mechanical Engineering from the University of California San Diego. She completed her undergraduate studies in Mechanical Engineering at the University of Chile.<\/p>\n<div class=\"su-divider su-divider-style-default\" style=\"margin:15px 0;border-width:3px;border-color:#DC2A2A\"><a href=\"#\" style=\"color:#999999\">Go to top<\/a><\/div>\n","protected":false},"excerpt":{"rendered":"<p>\u00c1ngela Flores \u00c1ngela Flores is Assistant Professor of Electrical Power Systems at the Department of Electrical Engineering, Universidad de Chile. She holds a Ph.D. from Technische Universit\u00e4t Berlin. She also earned both her MSc and BSc in Electrical and Electronics Engineering from the University of Chile. Sabine Limbourg Professor of Logistics at HEC-ULiege and Vice-President &hellip; <a href=\"https:\/\/eventos.cmm.uchile.cl\/operations2025\/speakers\/\" class=\"more-link\">Continue reading <span class=\"screen-reader-text\">Speakers<\/span> <span class=\"meta-nav\">&rarr;<\/span><\/a><\/p>\n","protected":false},"author":2,"featured_media":0,"parent":0,"menu_order":2,"comment_status":"closed","ping_status":"closed","template":"","meta":{"inline_featured_image":false,"footnotes":""},"class_list":["post-9","page","type-page","status-publish","hentry"],"_links":{"self":[{"href":"https:\/\/eventos.cmm.uchile.cl\/operations2025\/wp-json\/wp\/v2\/pages\/9","targetHints":{"allow":["GET"]}}],"collection":[{"href":"https:\/\/eventos.cmm.uchile.cl\/operations2025\/wp-json\/wp\/v2\/pages"}],"about":[{"href":"https:\/\/eventos.cmm.uchile.cl\/operations2025\/wp-json\/wp\/v2\/types\/page"}],"author":[{"embeddable":true,"href":"https:\/\/eventos.cmm.uchile.cl\/operations2025\/wp-json\/wp\/v2\/users\/2"}],"replies":[{"embeddable":true,"href":"https:\/\/eventos.cmm.uchile.cl\/operations2025\/wp-json\/wp\/v2\/comments?post=9"}],"version-history":[{"count":22,"href":"https:\/\/eventos.cmm.uchile.cl\/operations2025\/wp-json\/wp\/v2\/pages\/9\/revisions"}],"predecessor-version":[{"id":311,"href":"https:\/\/eventos.cmm.uchile.cl\/operations2025\/wp-json\/wp\/v2\/pages\/9\/revisions\/311"}],"wp:attachment":[{"href":"https:\/\/eventos.cmm.uchile.cl\/operations2025\/wp-json\/wp\/v2\/media?parent=9"}],"curies":[{"name":"wp","href":"https:\/\/api.w.org\/{rel}","templated":true}]}}