{"id":22,"date":"2019-12-23T09:24:31","date_gmt":"2019-12-23T12:24:31","guid":{"rendered":"http:\/\/eventos.cmm.uchile.cl\/optva2020\/?page_id=22"},"modified":"2020-01-19T23:47:02","modified_gmt":"2020-01-20T02:47:02","slug":"speakers","status":"publish","type":"page","link":"https:\/\/eventos.cmm.uchile.cl\/optva2020\/speakers\/","title":{"rendered":"Speakers"},"content":{"rendered":"<ul>\n<li>Marco L\u00f3pez, University of Alicante, Spain<\/li>\n<li>Fabi\u00e1n Flores-Baz\u00e1n, <span class=\"st\">University of Concepcion<\/span>, Chile<\/li>\n<li>Claudia Sagastiz\u00e1bal,\u00a0<span class=\"st\">University of Campinas, Brazil<\/span><\/li>\n<li>Aris Daniilidis, University of Chile, Chile<\/li>\n<li>Marc Quincampoix, University of Brest, France<\/li>\n<li>Rafael Correa, University of Chile, Chile<\/li>\n<li>Stephan Dempe, TU Bergakademie Freiberg, Freiberg, Germany<\/li>\n<li>Patrick-Louis Combettes, North Carolina State University<\/li>\n<li>Marc Lassonde, University of Clermont-Ferrand, France<\/li>\n<li>Didier Aussel, University of Perpignan, France<\/li>\n<\/ul>\n","protected":false},"excerpt":{"rendered":"<p>Marco L\u00f3pez, University of Alicante, Spain Fabi\u00e1n Flores-Baz\u00e1n, University of Concepcion, Chile Claudia Sagastiz\u00e1bal,\u00a0University of Campinas, Brazil Aris Daniilidis, University of Chile, Chile Marc Quincampoix, University of Brest, France Rafael Correa, University of Chile, Chile Stephan Dempe, TU Bergakademie Freiberg, Freiberg, Germany Patrick-Louis Combettes, North Carolina State University Marc Lassonde, University of Clermont-Ferrand, France Didier &hellip; <a href=\"https:\/\/eventos.cmm.uchile.cl\/optva2020\/speakers\/\" class=\"more-link\">Continue reading <span class=\"screen-reader-text\">Speakers<\/span> <span class=\"meta-nav\">&rarr;<\/span><\/a><\/p>\n","protected":false},"author":2,"featured_media":0,"parent":0,"menu_order":1,"comment_status":"closed","ping_status":"closed","template":"","meta":{"inline_featured_image":false,"footnotes":""},"class_list":["post-22","page","type-page","status-publish","hentry"],"_links":{"self":[{"href":"https:\/\/eventos.cmm.uchile.cl\/optva2020\/wp-json\/wp\/v2\/pages\/22","targetHints":{"allow":["GET"]}}],"collection":[{"href":"https:\/\/eventos.cmm.uchile.cl\/optva2020\/wp-json\/wp\/v2\/pages"}],"about":[{"href":"https:\/\/eventos.cmm.uchile.cl\/optva2020\/wp-json\/wp\/v2\/types\/page"}],"author":[{"embeddable":true,"href":"https:\/\/eventos.cmm.uchile.cl\/optva2020\/wp-json\/wp\/v2\/users\/2"}],"replies":[{"embeddable":true,"href":"https:\/\/eventos.cmm.uchile.cl\/optva2020\/wp-json\/wp\/v2\/comments?post=22"}],"version-history":[{"count":7,"href":"https:\/\/eventos.cmm.uchile.cl\/optva2020\/wp-json\/wp\/v2\/pages\/22\/revisions"}],"predecessor-version":[{"id":88,"href":"https:\/\/eventos.cmm.uchile.cl\/optva2020\/wp-json\/wp\/v2\/pages\/22\/revisions\/88"}],"wp:attachment":[{"href":"https:\/\/eventos.cmm.uchile.cl\/optva2020\/wp-json\/wp\/v2\/media?parent=22"}],"curies":[{"name":"wp","href":"https:\/\/api.w.org\/{rel}","templated":true}]}}