{"id":100,"date":"2022-04-06T15:49:10","date_gmt":"2022-04-06T19:49:10","guid":{"rendered":"https:\/\/eventos.cmm.uchile.cl\/pdeseminar\/?page_id=100"},"modified":"2022-06-16T18:11:35","modified_gmt":"2022-06-16T22:11:35","slug":"past-seminars","status":"publish","type":"page","link":"https:\/\/eventos.cmm.uchile.cl\/pdeseminar\/past-seminars\/","title":{"rendered":"Past seminars"},"content":{"rendered":"<ul class=\"lcp_catlist\" id=\"lcp_instance_0\"><li><h2><a href=\"https:\/\/eventos.cmm.uchile.cl\/pdeseminar\/2025\/08\/evolution-of-viscous-vortex-filaments\/\">Evolution of viscous vortex filaments.<\/a><\/h2><div class=\"catlist-fecha\">August 13th, 2025 at 16:15 <\/div><div class=\"lcp_excerpt\">Mikel Ispizua Moreno (Universidad del Pa\u00eds Vasco (UPV\/EHU))\n<\/div><a href=\"https:\/\/eventos.cmm.uchile.cl\/pdeseminar\/2025\/08\/evolution-of-viscous-vortex-filaments\/\">Read more<\/a><\/li><li><h2><a href=\"https:\/\/eventos.cmm.uchile.cl\/pdeseminar\/2025\/08\/renormalized-volume-area-from-conformal-gravity\/\">Renormalized Volume\/Area from Conformal Gravity<\/a><\/h2><div class=\"catlist-fecha\">August 8th, 2025 at 12:10 pm<\/div><div class=\"lcp_excerpt\">Rodrigo Olea (Pontificia Universidad Cat\u00f3lica de Valpara\u00edso (PUCV))\n<\/div><a href=\"https:\/\/eventos.cmm.uchile.cl\/pdeseminar\/2025\/08\/renormalized-volume-area-from-conformal-gravity\/\">Read more<\/a><\/li><li><h2><a href=\"https:\/\/eventos.cmm.uchile.cl\/pdeseminar\/2025\/07\/finding-many-prescribed-mean-curvature-surfaces-in-the-presence-of-a-strictly-stable-minimal-surfaces\/\">Finding (many) prescribed mean curvature surfaces in the presence of a strictly stable minimal surfaces<\/a><\/h2><div class=\"catlist-fecha\">July 11th, 2025 at 12:10 pm<\/div><div class=\"lcp_excerpt\">Pedro Gaspar (Pontificia Universidad Cat\u00f3lica de Chile)\n<\/div><a href=\"https:\/\/eventos.cmm.uchile.cl\/pdeseminar\/2025\/07\/finding-many-prescribed-mean-curvature-surfaces-in-the-presence-of-a-strictly-stable-minimal-surfaces\/\">Read more<\/a><\/li><li><h2><a href=\"https:\/\/eventos.cmm.uchile.cl\/pdeseminar\/2025\/07\/topological-methods-for-an-eigenvalue-problem\/\">Topological Methods for an eigenvalue Problem<\/a><\/h2><div class=\"catlist-fecha\">July 04th, 2025 at 12:10 pm<\/div><div class=\"lcp_excerpt\">Lorena Soriano (Universidad Distrital Francisco Jos\u00e9 de Caldas)\n<\/div><a href=\"https:\/\/eventos.cmm.uchile.cl\/pdeseminar\/2025\/07\/topological-methods-for-an-eigenvalue-problem\/\">Read more<\/a><\/li><li><h2><a href=\"https:\/\/eventos.cmm.uchile.cl\/pdeseminar\/2025\/07\/the-korteweg-de-vries-on-the-general-star-graphs\/\">The Korteweg-de Vries on the general star graphs<\/a><\/h2><div class=\"catlist-fecha\">June 23rd, 2025 at 12:10 pm<\/div><div class=\"lcp_excerpt\">M\u00e1rcio Melo (Universidade Federal de Alagoas)\n<\/div><a href=\"https:\/\/eventos.cmm.uchile.cl\/pdeseminar\/2025\/07\/the-korteweg-de-vries-on-the-general-star-graphs\/\">Read more<\/a><\/li><li><h2><a href=\"https:\/\/eventos.cmm.uchile.cl\/pdeseminar\/2025\/07\/well-posedness-results-for-non-isotropic-perturbations-of-the-nonlinear-schrodinger-equation-on-cylindrical-domains\/\">Well-Posedness results for non-isotropic perturbations of the nonlinear Schr\u00f6dinger equation on cylindrical domains<\/a><\/h2><div class=\"catlist-fecha\">June 18th, 2025 at 12:10 pm<\/div><div class=\"lcp_excerpt\">Ad\u00e1n Corcho (Universidad de C\u00f3rdoba (Spain).)\n<\/div><a href=\"https:\/\/eventos.cmm.uchile.cl\/pdeseminar\/2025\/07\/well-posedness-results-for-non-isotropic-perturbations-of-the-nonlinear-schrodinger-equation-on-cylindrical-domains\/\">Read more<\/a><\/li><li><h2><a href=\"https:\/\/eventos.cmm.uchile.cl\/pdeseminar\/2025\/07\/the-limiting-case-of-the-fractional-caffarelli-kohn-nirenberg-inequality-in-dimension-one\/\">The limiting case of the fractional Caffarelli-Kohn-Nirenberg inequality in dimension one<\/a><\/h2><div class=\"catlist-fecha\">June 13th, 2025 at 12:10 pm<\/div><div class=\"lcp_excerpt\">Mar\u00eda del Mar Gonz\u00e1lez (Universidad Aut\u00f3noma de Madrid) \n<\/div><a href=\"https:\/\/eventos.cmm.uchile.cl\/pdeseminar\/2025\/07\/the-limiting-case-of-the-fractional-caffarelli-kohn-nirenberg-inequality-in-dimension-one\/\">Read more<\/a><\/li><li><h2><a href=\"https:\/\/eventos.cmm.uchile.cl\/pdeseminar\/2025\/07\/asymptotic-stability-of-the-sine-gordon-kink-outside-symmetry\/\">Asymptotic stability of the sine-Gordon kink outside symmetry<\/a><\/h2><div class=\"catlist-fecha\">June 6th , 2025 at 12:10 pm<\/div><div class=\"lcp_excerpt\">Gong Chen (Georgia Institute of Technology.)\n<\/div><a href=\"https:\/\/eventos.cmm.uchile.cl\/pdeseminar\/2025\/07\/asymptotic-stability-of-the-sine-gordon-kink-outside-symmetry\/\">Read more<\/a><\/li><li><h2><a href=\"https:\/\/eventos.cmm.uchile.cl\/pdeseminar\/2025\/07\/the-steady-navier-stokes-equations-in-a-system-of-unbounded-channels-with-sources-and-sinks\/\">The steady Navier-Stokes equations in a system of unbounded channels with sources and sinks<\/a><\/h2><div class=\"catlist-fecha\">May 30th, 2025 at 12:10 pm<\/div><div class=\"lcp_excerpt\">Gianmarco Sperone (Pontificia Universidad Cat\u00f3lica de Chile.)\n<\/div><a href=\"https:\/\/eventos.cmm.uchile.cl\/pdeseminar\/2025\/07\/the-steady-navier-stokes-equations-in-a-system-of-unbounded-channels-with-sources-and-sinks\/\">Read more<\/a><\/li><li><h2><a href=\"https:\/\/eventos.cmm.uchile.cl\/pdeseminar\/2025\/07\/exploring-elliptic-problems-with-choquard-nonlinearity\/\">Exploring elliptic problems with Choquard nonlinearity<\/a><\/h2><div class=\"catlist-fecha\">May 23rd, 2025 at 12:10 pm<\/div><div class=\"lcp_excerpt\">Sushmita Rawat (University of Petroleum and Energy Studies (UPES) Dehradun.)\n<\/div><a href=\"https:\/\/eventos.cmm.uchile.cl\/pdeseminar\/2025\/07\/exploring-elliptic-problems-with-choquard-nonlinearity\/\">Read more<\/a><\/li><\/ul><ul class='lcp_paginator'><li class='lcp_currentpage'>1<\/li><li><a href='https:\/\/eventos.cmm.uchile.cl\/pdeseminar\/wp-json\/wp\/v2\/pages\/100?lcp_page0=2#lcp_instance_0' title='2'>2<\/a><\/li><li><a href='https:\/\/eventos.cmm.uchile.cl\/pdeseminar\/wp-json\/wp\/v2\/pages\/100?lcp_page0=3#lcp_instance_0' title='3'>3<\/a><\/li><li><a href='https:\/\/eventos.cmm.uchile.cl\/pdeseminar\/wp-json\/wp\/v2\/pages\/100?lcp_page0=4#lcp_instance_0' title='4'>4<\/a><\/li><li><a href='https:\/\/eventos.cmm.uchile.cl\/pdeseminar\/wp-json\/wp\/v2\/pages\/100?lcp_page0=5#lcp_instance_0' title='5'>5<\/a><\/li><li><a href='https:\/\/eventos.cmm.uchile.cl\/pdeseminar\/wp-json\/wp\/v2\/pages\/100?lcp_page0=6#lcp_instance_0' title='6'>6<\/a><\/li><span class='lcp_elipsis'>...<\/span><li><a href='https:\/\/eventos.cmm.uchile.cl\/pdeseminar\/wp-json\/wp\/v2\/pages\/100?lcp_page0=13#lcp_instance_0' title='13'>13<\/a><\/li><li><a href='https:\/\/eventos.cmm.uchile.cl\/pdeseminar\/wp-json\/wp\/v2\/pages\/100?lcp_page0=2#lcp_instance_0' title='2' class='lcp_nextlink'>\u25b6\ufe0e<\/a><\/li><\/ul>\n","protected":false},"excerpt":{"rendered":"","protected":false},"author":2,"featured_media":0,"parent":0,"menu_order":0,"comment_status":"closed","ping_status":"closed","template":"","meta":{"inline_featured_image":false,"footnotes":""},"class_list":["post-100","page","type-page","status-publish","hentry"],"_links":{"self":[{"href":"https:\/\/eventos.cmm.uchile.cl\/pdeseminar\/wp-json\/wp\/v2\/pages\/100","targetHints":{"allow":["GET"]}}],"collection":[{"href":"https:\/\/eventos.cmm.uchile.cl\/pdeseminar\/wp-json\/wp\/v2\/pages"}],"about":[{"href":"https:\/\/eventos.cmm.uchile.cl\/pdeseminar\/wp-json\/wp\/v2\/types\/page"}],"author":[{"embeddable":true,"href":"https:\/\/eventos.cmm.uchile.cl\/pdeseminar\/wp-json\/wp\/v2\/users\/2"}],"replies":[{"embeddable":true,"href":"https:\/\/eventos.cmm.uchile.cl\/pdeseminar\/wp-json\/wp\/v2\/comments?post=100"}],"version-history":[{"count":5,"href":"https:\/\/eventos.cmm.uchile.cl\/pdeseminar\/wp-json\/wp\/v2\/pages\/100\/revisions"}],"predecessor-version":[{"id":245,"href":"https:\/\/eventos.cmm.uchile.cl\/pdeseminar\/wp-json\/wp\/v2\/pages\/100\/revisions\/245"}],"wp:attachment":[{"href":"https:\/\/eventos.cmm.uchile.cl\/pdeseminar\/wp-json\/wp\/v2\/media?parent=100"}],"curies":[{"name":"wp","href":"https:\/\/api.w.org\/{rel}","templated":true}]}}