{"id":45,"date":"2020-06-19T23:59:27","date_gmt":"2020-06-20T03:59:27","guid":{"rendered":"http:\/\/eventos.cmm.uchile.cl\/probseminar\/?page_id=45"},"modified":"2020-06-20T00:25:32","modified_gmt":"2020-06-20T04:25:32","slug":"past-seminars","status":"publish","type":"page","link":"https:\/\/eventos.cmm.uchile.cl\/probseminar\/past-seminars\/","title":{"rendered":"Past seminars"},"content":{"rendered":"<ul class=\"lcp_catlist\" id=\"lcp_instance_0\"><li><h2><a href=\"https:\/\/eventos.cmm.uchile.cl\/probseminar\/2020\/10\/unraveling-parking-on-random-trees-via-random-graphs\/\">Unraveling parking on random trees via random graphs<\/a><\/h2><div class=\"catlist-fecha\">Oct 14, 2020 at 16:15<\/div><div class=\"lcp_excerpt\">Speaker: Nicolas Curien\nUniversit\u00e9 Paris Saclay\n<\/div><a href=\"https:\/\/eventos.cmm.uchile.cl\/probseminar\/2020\/10\/unraveling-parking-on-random-trees-via-random-graphs\/\">Read more<\/a><\/li><li><h2><a href=\"https:\/\/eventos.cmm.uchile.cl\/probseminar\/2020\/09\/facilitated-exclusion-process-and-stefan-problem\/\">Facilitated Exclusion Process and Stefan Problem<\/a><\/h2><div class=\"catlist-fecha\">Sep 23, 2020 at 16:00<\/div><div class=\"lcp_excerpt\">Speaker: Orianne Blondel\n<\/div><a href=\"https:\/\/eventos.cmm.uchile.cl\/probseminar\/2020\/09\/facilitated-exclusion-process-and-stefan-problem\/\">Read more<\/a><\/li><li><h2><a href=\"https:\/\/eventos.cmm.uchile.cl\/probseminar\/2020\/08\/a-mean-field-theory-for-certain-deep-neural-networks\/\">A mean-field theory for certain deep neural networks<\/a><\/h2><div class=\"catlist-fecha\">Aug 20, 2020 at 15:00<\/div><div class=\"lcp_excerpt\">Speaker: Roberto Imbuzeiro Oliveira\nIMPA\n<\/div><a href=\"https:\/\/eventos.cmm.uchile.cl\/probseminar\/2020\/08\/a-mean-field-theory-for-certain-deep-neural-networks\/\">Read more<\/a><\/li><li><h2><a href=\"https:\/\/eventos.cmm.uchile.cl\/probseminar\/2020\/06\/sobre-el-fenomeno-de-transicion-de-fase-en-percolacion\/\">Sobre el fen\u00f3meno de transici\u00f3n de fase en percolaci\u00f3n<\/a><\/h2><div class=\"catlist-fecha\">Jul 2, 2020 at 14:30<\/div><div class=\"lcp_excerpt\">Speaker: Alejandro Rivera\nEPFL\n<\/div><a href=\"https:\/\/eventos.cmm.uchile.cl\/probseminar\/2020\/06\/sobre-el-fenomeno-de-transicion-de-fase-en-percolacion\/\">Read more<\/a><\/li><li><h2><a href=\"https:\/\/eventos.cmm.uchile.cl\/probseminar\/2020\/06\/random-time-transformation-analysis-of-covid19-2020\/\">Random time transformation analysis of Covid19 2020<\/a><\/h2><div class=\"catlist-fecha\">Jun 18, 2020 at 14:30<\/div><div class=\"lcp_excerpt\">Speaker: Isaac Meilijson, Tel Aviv University.\n<\/div><a href=\"https:\/\/eventos.cmm.uchile.cl\/probseminar\/2020\/06\/random-time-transformation-analysis-of-covid19-2020\/\">Read more<\/a><\/li><li><h2><a href=\"https:\/\/eventos.cmm.uchile.cl\/probseminar\/2020\/06\/topological-phase-transition-as-a-statistical-reconstruction-problem\/\">Topological phase transition as a statistical reconstruction problem<\/a><\/h2><div class=\"catlist-fecha\">Jun 04, 2020 at 14:30<\/div><div class=\"lcp_excerpt\">Speaker: Avelio Sep\u00falveda, CMM, Universidad de Chile.\n<\/div><a href=\"https:\/\/eventos.cmm.uchile.cl\/probseminar\/2020\/06\/topological-phase-transition-as-a-statistical-reconstruction-problem\/\">Read more<\/a><\/li><\/ul>\n<div id=\"gtx-trans\" style=\"position: absolute; left: -6px; top: -16px;\">\n<div class=\"gtx-trans-icon\"><\/div>\n<\/div>\n","protected":false},"excerpt":{"rendered":"","protected":false},"author":2,"featured_media":0,"parent":0,"menu_order":0,"comment_status":"closed","ping_status":"closed","template":"","meta":{"inline_featured_image":false,"footnotes":""},"class_list":["post-45","page","type-page","status-publish","hentry"],"_links":{"self":[{"href":"https:\/\/eventos.cmm.uchile.cl\/probseminar\/wp-json\/wp\/v2\/pages\/45","targetHints":{"allow":["GET"]}}],"collection":[{"href":"https:\/\/eventos.cmm.uchile.cl\/probseminar\/wp-json\/wp\/v2\/pages"}],"about":[{"href":"https:\/\/eventos.cmm.uchile.cl\/probseminar\/wp-json\/wp\/v2\/types\/page"}],"author":[{"embeddable":true,"href":"https:\/\/eventos.cmm.uchile.cl\/probseminar\/wp-json\/wp\/v2\/users\/2"}],"replies":[{"embeddable":true,"href":"https:\/\/eventos.cmm.uchile.cl\/probseminar\/wp-json\/wp\/v2\/comments?post=45"}],"version-history":[{"count":3,"href":"https:\/\/eventos.cmm.uchile.cl\/probseminar\/wp-json\/wp\/v2\/pages\/45\/revisions"}],"predecessor-version":[{"id":50,"href":"https:\/\/eventos.cmm.uchile.cl\/probseminar\/wp-json\/wp\/v2\/pages\/45\/revisions\/50"}],"wp:attachment":[{"href":"https:\/\/eventos.cmm.uchile.cl\/probseminar\/wp-json\/wp\/v2\/media?parent=45"}],"curies":[{"name":"wp","href":"https:\/\/api.w.org\/{rel}","templated":true}]}}