{"id":12,"date":"2015-06-05T17:05:13","date_gmt":"2015-06-05T20:05:13","guid":{"rendered":"http:\/\/eventos.cmm.uchile.cl\/pucon2015\/?page_id=12"},"modified":"2015-08-28T11:08:53","modified_gmt":"2015-08-28T14:08:53","slug":"program","status":"publish","type":"page","link":"https:\/\/eventos.cmm.uchile.cl\/pucon2015\/program\/","title":{"rendered":"Program"},"content":{"rendered":"<hr \/>\n<p><strong>pm-Tue 25<\/strong><\/p>\n<p><strong>Registration<\/strong><br \/>\n18:00-19:00 Registration (Conference Hall, Entrance of Petrohu\u00e9 Room, 8th floor)<em><br \/>\n<\/em><\/p>\n<p><strong>Opening Remarks and Introduction<br \/>\nChair: Eduardo Vera<\/strong><br \/>\n19:00-19:30 \u201cThe Purpose, History and the Driving Forces behind the Puc\u00f3n Symposium\u201d<br \/>\nWelcome words: Chris Miller, R. Chris Smith, Jorge Ibsen, Mario Hamuy<br \/>\n19:30-21:00\u00a0Welcome Reception (everyone invited) (Bar Tronador, Reception Hall, 6th floor)<\/p>\n<hr \/>\n<p><strong>Wed Aug 26<\/strong><\/p>\n<p><strong>Session 1 &#8211; The Upcoming Astronomical Facilities <\/strong>(Petrohu\u00e9 Room, 8th floor)<strong><br \/>\nChair: Eduardo Vera<\/strong><br \/>\n<em>In this session, we hear about and discuss the upcoming facilities that will generate and manage huge volumes of astronomical data.<\/em><br \/>\n09:00-09:30\u00a0\u00a0 \u00a0\u201cNext Generation Optical Astronomy\u201d, Chris Smith, AURA Observatory in Chile<br \/>\n09:30-10:00\u00a0\u00a0 \u00a0\u201cDigital Highway for Science &amp; Education\u201d, Jos\u00e9 Palacios, REUNA<br \/>\n10:00-10:30\u00a0\u00a0 \u00a0\u201cDigital Depositaries for e-Science\u201d, Jorge Ibsen, Joint ALMA Observatory<\/p>\n<p>10:30-11:00\u00a0\u00a0 \u00a0Coffee Break (Bar Tronador, Reception Hall, 6th floor)<\/p>\n<p><strong>Session 2 &#8211; Big Data Analysis Infrastructure for e-Science<\/strong> (Petrohu\u00e9 Room, 8th floor)<br \/>\n<strong>Chair: Chris Smith<em><br \/>\n<\/em><\/strong><em>In this session, we will hear about the research tools and infrastructure frameworks that are being developed and used by the scientific community to deal with massive data.<\/em><strong><em><br \/>\n<\/em><\/strong>11:00-11:30\u00a0\u00a0 \u00a0&#8220;Separating the wheat from the chaff: finding interesting events with the LSST&#8221;, Andrew Connolly, University of Washington, USA<br \/>\n11:30-12:00\u00a0\u00a0 \u00a0\u201cPlug and Play &#8211; No Way! 10Gbps at the interfase of research, development and education in medical informatics\u201d, Steffen H\u00e4rtel, SCIAN Lab, BNI, ICBM, F-Med, University of Chile<br \/>\n12:00-12:30\u00a0\u00a0 \u00a0\u201cMethodology transfer in data science\u201d, Matthew Graham and George Djorgovski, Caltech, USA<br \/>\n12:30-13:00\u00a0\u00a0 \u00a0\u201cALMA: a data processing challenge\u201d, Jorge Garcia, Joint ALMA Observatory, Chile<\/p>\n<p>13:00-15:00\u00a0\u00a0 \u00a0Conference Lunch (hosted by Fundaci\u00f3n Copec-UC: everyone invited!) (Hotel Caba\u00f1a del Lago, Restaurant Parrilla Ail\u00e9n 75, 7th floor)<\/p>\n<p><strong>Session 3 &#8211; Big Data in Real-time<\/strong> (Petrohu\u00e9 Room, 8th floor)<br \/>\n<strong>Chair: Jaime San Martin<em><br \/>\n<\/em><\/strong><em>In this session, we will hear how researchers are developing and applying new modern techniques and algorithms for real-time analysis of massive astronomical data.<\/em><strong><em><br \/>\n<\/em><\/strong>15:00-15:30 \u201cThe High cadence Transient Survey (HiTS) at CMM\/MAS: the search for Young and other fast transients\u201d, Francisco F\u00f6rster, CMM University of Chile \/ MAS<br \/>\n15:30-16:00\u00a0\u00a0 \u00a0\u201cDiscriminating Variable Star Candidates in HITS Large Image Data Bases using NMF\u201d, Pablo Estevez, DIE University of Chile \/ MAS<br \/>\n16:00-16:30\u00a0\u00a0 \u00a0\u201cSemi-supervised classification of HiTS candidates using active learning\u201d, Pablo Huijse, DIE University of Chile \/ MAS<\/p>\n<p>16:30-17:00\u00a0\u00a0 \u00a0Coffee Break (Bar Tronador, Reception Hall, 6th floor)<\/p>\n<p><strong>Session 4 &#8211; Time Series and Classification <\/strong>(Petrohu\u00e9 Room, 8th floor)<br \/>\n<strong>Chair: Susana Eyheramendy<\/strong><br \/>\n<em>In this session we learn about how astronomers are using the latest tools and techniques to analyze and classify objects in time series datasets.<\/em><br \/>\n17:00-17:30\u00a0\u00a0 \u00a0\u201cUnderstanding the outlier populations in astronomical time series\u201d, Matthew Graham, Caltech<br \/>\n17:30-18:00\u00a0\u00a0 \u00a0\u201cA time series model for the light-curves from the VVV project\u201d, Wilfredo Palma, Catholic University of Chile \/ MAS<br \/>\n18:00-18:30\u00a0\u00a0 \u00a0\u201cAutomated classification of RRLyrae stars from the VVV project\u201d, Felipe Elorrieta, Catholic University of Chile<\/p>\n<p>Dinner on your own (Hotel Caba\u00f1a del Lago or other alternatives in Puerto Varas)<\/p>\n<hr \/>\n<p><strong>Thu Aug 27<\/strong><\/p>\n<p><strong>Session 5 &#8211; Advanced Machine Learning Tools <\/strong>(Petrohu\u00e9 Room, 8th floor)<br \/>\n<strong>Chair: Pablo Estevez<\/strong><br \/>\n<em>In this session we will hear how advanced machine learning tools are being applied to extract knowledge from massive datasets.<\/em><br \/>\n09:00-09:30\u00a0\u00a0 \u00a0\u201cDeep Convolutional Neural Networks Applied to Astronomy\u201d, Guillermo Cabrera, MAS \/ CMM University of Chile<br \/>\n09:30-10:00\u00a0\u00a0 \u00a0\u201cKronecker Product PCA for Spatio-Temporal Covariance Estimation of the Atmosphere\u00a0\u00a0 \u00a0in CMB Observations\u201d, Chris Miller, University of Michigan, USA<br \/>\n10:00-10:30\u00a0\u00a0 \u00a0\u201cAutomatic integration of different context lightcurve classifiers\u201d, Karim Pichara, Catholic University of Chile<\/p>\n<p>10:30-11:00\u00a0\u00a0 \u00a0Coffee Break (Bar Tronador, Reception Hall, 6th floor)<\/p>\n<p><strong>Session 6\u00a0&#8211; HPC: from Image Synthesis to Simulations<\/strong> (Petrohu\u00e9 Room, 8th floor)<br \/>\n<strong>Chair: Jorge Ibsen<\/strong><br \/>\n<em>In this session we will discuss applications of high performance computing for image synthesis and the power of simulations to understand the universe around us.<\/em><br \/>\n11:00-11:30\u00a0\u00a0 \u00a0\u201cImage Synthesis of\u00a0 Full ALMA data\u201d, Simon Casassus, DAS, and Pablo Roman, CMM University of Chile<br \/>\n11:30-12:00\u00a0\u00a0 \u00a0\u201cHigh performance GPU image synthesis: The MEM algorithm&#8221;, Miguel C\u00e1rcamo, University of Santiago (USACH)<br \/>\n12:00-12:30\u00a0\u00a0 \u00a0\u201cPlanet formation via 3D hydrodynamic simulations and ALMA\u201d, Sebasti\u00e1n P\u00e9rez, DAS University of Chile<br \/>\n12:30-13:00\u00a0\u00a0 \u00a0\u201cCosmological Simulations: Load balancing schemes for HPC\u201d, Roberto Gonz\u00e1lez, Catholic University of Chile<\/p>\n<p>13:00-15:00\u00a0\u00a0 \u00a0Lunch on your own (Hotel Caba\u00f1a del Lago or other alternatives in Puerto Varas)<\/p>\n<p><strong><em>Special Meetings and Informal discussions<\/em><\/strong><\/p>\n<p><strong><em>Parallel Session 7A &#8211; Topics in Astroinformatics\u00a0I <\/em><\/strong><em>(Petrohu\u00e9 Room, 8th floor)<\/em><br \/>\n<strong>Chair: Francisco F\u00f6rster<\/strong><br \/>\n<em>In this session we address specific work currently ongoing in massive\u00a0\u00a0 \u00a0astronomy data analytics, astroinformatics and astrostatistics.<\/em><br \/>\n15:00-15:15\u00a0\u00a0 \u00a0\u201cUsing DBSCAN and mpi4py to detect regions of interest in ALMA FITS files&#8221;, Alejandro Barrientos, Joint ALMA Observatory<br \/>\n15:15-15:30\u00a0\u00a0 \u00a0\u201cChasing ghost galaxies in the Fornax cluster: New opportunities for the Deep Learning community\u201d, Roberto Mu\u00f1oz, Catholic University of Chile<br \/>\n15:30-15:45\u00a0\u00a0 \u00a0\u201cThe Rise-Time of Type II Supernovae\u201d, Santiago Gonzalez, MAS<br \/>\n15:45-16:00\u00a0\u00a0 \u00a0\u201cCompilation and characterization of light-curves catalogues for the HiTS project\u201d, Jorge Mart\u00ednez, DAS \/ CMM University of Chile<br \/>\n16:00-16:15\u00a0\u00a0 \u00a0\u201cApplying a real BigData framework to astronomy\u201d, Juan Carlos Maureira, CMM University of Chile<br \/>\n16:15-16:30\u00a0\u00a0\u00a0 \u201cCorrentropy Kalman Filter for Transient Detection\u201d, Huentelemu, DIE University of Chile<\/p>\n<p><strong><em>Parallel Session 7B &#8211; Topics in Bioinformatics\u00a0I <\/em><\/strong><em>(Calbuco Room, 7th floor)<\/em><br \/>\n<strong>Chair: Mauricio Cerda<\/strong><br \/>\n<em>In this session we present new initiatives and transdisciplinary approaches in the field of e-health, life science and aging at the interface of IT, connectivity, bioinformatics, remote biomedicine, and massive biological data analytics.<\/em><br \/>\n15:00-15:30\u00a0\u00a0 \u00a0\u201cConstrucci\u00f3n de una Red Transdisciplinaria para Abordar el Desaf\u00edo del Envejecimiento en Chile\u201d \/ \u201cBuilding a Transdisciplinary Network to Address the Aging Challenge in Chile\u201d, Benjam\u00edn Suarez, F-Med, University of Chile<br \/>\n15:30-15:50\u00a0\u00a0 \u00a0\u201cUsando Datos para Aprender y Decidir en Salud: una Visi\u00f3n Ingenieril\u201d \/ Using data for learning and deciding in Health: an engineering approach within the Center for Geroscience, Brain Health and metabolism\u201d, Rodrigo Assar, ICBM, F-Med, University of Chile<br \/>\n15:50-16:10\u00a0\u00a0 \u00a0\u201cDise\u00f1o de un SNP-Array para Estimar la Proporci\u00f3n Global de Ancestr\u00eda en Gen\u00f3mas Chilenos\u201d \/ \u201cDesign of an SNP-Array to Estimate Global Ancestry Proportion in Chilean Genomes\u201d, Alex di Genova, CMM, University of Chile<br \/>\n16:10-16:30\u00a0\u00a0 \u00a0\u201cModelando Sistemas Biol\u00f3gicos: Desde Experimentos hacia Predicciones\u201d \/ \u201cModeling Biological Systems: From experiment to prediction\u201d, Nicol\u00e1s Loira, CMM, University of Chile<\/p>\n<p><em>16:30-17:00\u00a0\u00a0 \u00a0Coffee Break (Bar Tronador, Reception Hall, 6th floor)<br \/>\n<\/em><\/p>\n<p><strong><em>Parallel Session 8A\u00a0 &#8211; Topics in Astroinformatics\u00a0II <\/em><\/strong><em>(Petrohu\u00e9 Room, 8th floor)<\/em><br \/>\n<strong>Chair: Guillermo Cabrera<\/strong><br \/>\n<em>In this session we address specific work currently ongoing in massive astronomy data analytics, astroinformatics and astrostatistics.<\/em><br \/>\n17:00-17:15\u00a0 \u201cModeling quasi-periodic lightcurves using Neuropercolation\u201d, Catalina Elzo, DIE University of Chile<br \/>\n17:15-17:30\u00a0\u00a0 \u00a0\u201cPerformance analysis of multi-frame super-resolution using simulated astronomical images\u201d, Fernando Caro, DCC University of Chile<br \/>\n17:30-17:45\u00a0\u00a0 \u00a0\u201cTransient detetection using convolutional networks\u201d, Ignacio Reyes, DIE University of Chile<br \/>\n17:45-18:00\u00a0\u00a0 \u00a0\u201cStellar systems in HCG 90: Challenges of the image processing of HAWKI and VIMOS data\u201d, Yasna Ordenes, Catholic University of Chile<br \/>\n18:00-18:15\u00a0\u00a0 \u00a0\u201cTowards an Chilean ALMA Data Center\u201d, Diego Mardones, DAS University of Chile<br \/>\n18:00-19:00\u00a0\u00a0 \u00a0Round Table Discussion: Current Issues faced by the astroinformatics community, All participants (Co-chairs: Francisco Forster and Guillermo Cabrera<\/p>\n<p><strong><em>Parallel Session 8B\u00a0 &#8211; Topics in Bioinformatics\u00a0II <\/em><\/strong><em>(Calbuco Room, 7th floor)<\/em><br \/>\n<strong>Chair: Steffen H\u00e4rte<\/strong>l<br \/>\n<em>In this session we present recent requirements and new initiatives in telemedicine, bioinformatics, connectivity, medical informatics, and massive biological imaging and data analytics.<\/em><br \/>\n17:00-17:20\u00a0\u00a0 \u00a0\u201cUna soluci\u00f3n RIS\/PACS para Chile\u201d \/ \u201cA RIS\/PACS solution for Chile\u201d<br \/>\nJorge Herrera, Unidad de Coordinaci\u00f3n de los Proyectos Sectoriales de TIC, MINSAL<br \/>\n17:20-17:40\u00a0\u00a0 \u00a0\u201cEl Centro de Inform\u00e1tica Medica y Telemedicina CIMt: Desaf\u00edos de Telemedicina en Chile y la Regi\u00f3n\u201d \/ \u201cThe Center of Medical Informatics and Telemedicine CIMt: The challenges of Telemedicine in Chile and the Region\u201d, Maurizio Mattoli, CMIt, MIM U-Chile \/ U-Heidelberg, F-Med, University of Chile<br \/>\n17:40-18:00\u00a0\u00a0 \u00a0\u201cU-Redes BioMed-HPC: Conectando la Facultad de Medicina, el Hospital Universitario y la Direcci\u00f3n de Servicios de Tecnolog\u00edas de la Informaci\u00f3n y Comunicaci\u00f3n STI v\u00eda la Corporaci\u00f3n Red Universitaria Nacional REUNA al Laboratorio Nacional de Computaci\u00f3n de Alto Rendimiento (NLHPC); y Microscop\u00eda de 4 Lentes de Iluminaci\u00f3n Plana de Alta Velocidad\u201d \/ \u201cConnecting the Faculty of Medicine, University Hospital and STI-UChile via REUNA to the National Laboratory for High Performance Computing (NLHPC); and performing High Speed 4-Lens Light Sheet Fluorescence Microscopy, Victor Casta\u00f1eda, SCIAN-Lab, ICBM, F-Med, University of Chile<br \/>\n18:00-18:20\u00a0\u00a0 \u00a0Red de Equipamiento Cient\u00edfico Avanzado REDECA y el Sistema de Almacenamiento y Servicios Inform\u00e1ticos Biom\u00e9dicos Avanzados SASIBA \/ Network for Advanced Scientific Equipment and Services &amp; System for Storage and Advanced Service for Biomedical Informatics, Mauricio Cerda, SCIAN-Lab, ICBM, F-Med, University of Chile<\/p>\n<p><em>20:00-22:00 Conference Dinner (hosted by CMM-UChile: everyone invited!) (Hotel Caba\u00f1a del Lago, Restaurant Parrilla Ail\u00e9n 75, 7th floor)<br \/>\n<\/em><\/p>\n<hr \/>\n<p><strong>am-Fri Aug 28<\/strong><\/p>\n<p><strong>Session 9 &#8211; Big Data Visualization <\/strong>(Petrohu\u00e9 Room, 8th floor)<br \/>\n<strong>Chair: M\u00f3nica Rubio<\/strong><br \/>\n<em>In this session we will hear how researchers are developing and applying new computational and mathematical tools to visualize massive data.<\/em><br \/>\n09:00-09:30\u00a0\u00a0 \u00a0\u201cState of the art in data visualization, connecting the local and global archives\u201d, Amelia Bayo, University of Valpara\u00edso, Chile<br \/>\n09:30-10:00\u00a0\u00a0 \u00a0\u201cData visualization in the Andes wall display\u201d, Amanda Ibsen, INRIA Chile<br \/>\n10:00-10:30\u00a0\u00a0 \u00a0\u201cAstroCloud: An agile visualization platform for specific analyses of astronomical images \u201d, Faviola Molina, DCC, University of Chile<br \/>\n10:30-11:00\u00a0\u00a0\u00a0 \u201cVO Tools for ALMA\u201d, Antonio Hales, Joint ALMA Observatory, Chile<\/p>\n<p><strong>Session 10 &#8211;\u00a0Challenges Ahead: Open Discussion <\/strong>(Petrohu\u00e9 Room, 8th floor)<br \/>\n<strong>Chair: Chris Miller<\/strong><br \/>\n<em>In this session we will collectively address all the major issues and challenges ahead to develop the right tools to handle massive data in our scientific and technological projects of e-science.<\/em><br \/>\n11:00-12:00\u00a0\u00a0 \u00a0All Participants<\/p>\n","protected":false},"excerpt":{"rendered":"<p>pm-Tue 25 Registration 18:00-19:00 Registration (Conference Hall, Entrance of Petrohu\u00e9 Room, 8th floor) Opening Remarks and Introduction Chair: Eduardo Vera 19:00-19:30 \u201cThe Purpose, History and the Driving Forces behind the Puc\u00f3n Symposium\u201d Welcome words: Chris Miller, R. Chris Smith, Jorge Ibsen, Mario Hamuy 19:30-21:00\u00a0Welcome Reception (everyone invited) (Bar Tronador, Reception Hall, 6th floor) Wed Aug &hellip; <a href=\"https:\/\/eventos.cmm.uchile.cl\/pucon2015\/program\/\" class=\"more-link\">Continue reading <span class=\"screen-reader-text\">Program<\/span> <span class=\"meta-nav\">&rarr;<\/span><\/a><\/p>\n","protected":false},"author":2,"featured_media":0,"parent":0,"menu_order":2,"comment_status":"closed","ping_status":"closed","template":"","meta":{"inline_featured_image":false,"footnotes":""},"class_list":["post-12","page","type-page","status-publish","hentry"],"_links":{"self":[{"href":"https:\/\/eventos.cmm.uchile.cl\/pucon2015\/wp-json\/wp\/v2\/pages\/12","targetHints":{"allow":["GET"]}}],"collection":[{"href":"https:\/\/eventos.cmm.uchile.cl\/pucon2015\/wp-json\/wp\/v2\/pages"}],"about":[{"href":"https:\/\/eventos.cmm.uchile.cl\/pucon2015\/wp-json\/wp\/v2\/types\/page"}],"author":[{"embeddable":true,"href":"https:\/\/eventos.cmm.uchile.cl\/pucon2015\/wp-json\/wp\/v2\/users\/2"}],"replies":[{"embeddable":true,"href":"https:\/\/eventos.cmm.uchile.cl\/pucon2015\/wp-json\/wp\/v2\/comments?post=12"}],"version-history":[{"count":19,"href":"https:\/\/eventos.cmm.uchile.cl\/pucon2015\/wp-json\/wp\/v2\/pages\/12\/revisions"}],"predecessor-version":[{"id":91,"href":"https:\/\/eventos.cmm.uchile.cl\/pucon2015\/wp-json\/wp\/v2\/pages\/12\/revisions\/91"}],"wp:attachment":[{"href":"https:\/\/eventos.cmm.uchile.cl\/pucon2015\/wp-json\/wp\/v2\/media?parent=12"}],"curies":[{"name":"wp","href":"https:\/\/api.w.org\/{rel}","templated":true}]}}