{"id":12,"date":"2015-06-05T17:05:13","date_gmt":"2015-06-05T20:05:13","guid":{"rendered":"http:\/\/eventos.cmm.uchile.cl\/pucon2015\/?page_id=12"},"modified":"2022-08-19T08:04:05","modified_gmt":"2022-08-19T12:04:05","slug":"program","status":"publish","type":"page","link":"https:\/\/eventos.cmm.uchile.cl\/pucon2022\/program\/","title":{"rendered":"Program"},"content":{"rendered":"<table dir=\"ltr\" border=\"1\" cellspacing=\"0\" cellpadding=\"0\">\n<colgroup>\n<col width=\"75\" \/>\n<col width=\"212\" \/>\n<col width=\"212\" \/>\n<col width=\"212\" \/><\/colgroup>\n<tbody>\n<tr>\n<td><\/td>\n<td data-sheets-value=\"{&quot;1&quot;:2,&quot;2&quot;:&quot;Wednesday 17&quot;}\"><strong>Wednesday 17<\/strong><\/td>\n<td data-sheets-value=\"{&quot;1&quot;:2,&quot;2&quot;:&quot;Thursday 18&quot;}\"><strong>Thursday 18<\/strong><\/td>\n<td data-sheets-value=\"{&quot;1&quot;:2,&quot;2&quot;:&quot;Friday 19&quot;}\"><strong>Friday 19<\/strong><\/td>\n<\/tr>\n<tr>\n<td data-sheets-value=\"{&quot;1&quot;:3,&quot;3&quot;:0.3958333333333333}\" data-sheets-numberformat=\"{&quot;1&quot;:6,&quot;2&quot;:&quot;h:mm am\/pm&quot;,&quot;3&quot;:1}\">09:30<\/td>\n<td data-sheets-value=\"{&quot;1&quot;:2,&quot;2&quot;:&quot;Registration&quot;}\">Registration<\/td>\n<td><\/td>\n<td><\/td>\n<\/tr>\n<tr>\n<td data-sheets-value=\"{&quot;1&quot;:3,&quot;3&quot;:0.4166666666666667}\" data-sheets-numberformat=\"{&quot;1&quot;:6,&quot;2&quot;:&quot;h:mm am\/pm&quot;,&quot;3&quot;:1}\">10:00<\/td>\n<td data-sheets-value=\"{&quot;1&quot;:2,&quot;2&quot;:&quot;Opening by E. Vera (CMM-UChile)\\nKeynote Speaker - Chris Smith (NSF)&quot;}\" data-sheets-textstyleruns=\"{&quot;1&quot;:0,&quot;2&quot;:{}}\uee10{&quot;1&quot;:7}\uee10{&quot;1&quot;:32,&quot;2&quot;:{}}\uee10{&quot;1&quot;:47}\"><strong>Opening<\/strong> by E. Vera (CMM-UChile)<br \/>\n<strong>Keynote Speaker<\/strong> &#8211; Chris Smith (NSF)<\/td>\n<td data-sheets-value=\"{&quot;1&quot;:2,&quot;2&quot;:&quot;New perspectives in Data Science &amp; Applications:\\nKeynote Speaker - Cecilia Arag\u00f3n (TBC)\\nJoaqu\u00edn Fontbona (CMM-UChile)\\nPablo Est\u00e9vez (DIE-UChile)\\nHern\u00e1n Lira (INRIA Chile)\\n\\n\\n\\n&quot;}\" data-sheets-textstyleruns=\"{&quot;1&quot;:0,&quot;2&quot;:{}}\uee10{&quot;1&quot;:66}\"><strong>New perspectives in Data Science &amp; Applications:<\/strong><br \/>\n<strong>Keynote Speaker<\/strong> &#8211; Cecilia Arag\u00f3n (UWashington)<br \/>\nJoaqu\u00edn Fontbona (CMM-UChile)<br \/>\nPablo Est\u00e9vez (DIE-UChile\/ MAS)<br \/>\nHern\u00e1n Lira (INRIA Chile)<\/td>\n<td data-sheets-value=\"{&quot;1&quot;:2,&quot;2&quot;:&quot;New perspective in Data for Astronomy:\\nFrancisco F\u00f6rster (IDIA&amp;CMM-UChile\/MAS)\\nGuillermo Cabrera (UdeC)\\nM\u00f3nica Rubio (CATA-UChile)\\nElise Servajean (CATA-UChile)&quot;}\" data-sheets-textstyleruns=\"{&quot;1&quot;:0,&quot;2&quot;:{}}\uee10{&quot;1&quot;:39}\"><strong>New perspectives in Data for Astronomy:<\/strong><br \/>\nFrancisco F\u00f6rster (IDIA&amp;CMM-UChile\/MAS)<br \/>\nGuillermo Cabrera (UdeC)<br \/>\nElise Servajean (CATA-UChile)<\/td>\n<\/tr>\n<tr>\n<td data-sheets-value=\"{&quot;1&quot;:3,&quot;3&quot;:0.4583333333333333}\" data-sheets-numberformat=\"{&quot;1&quot;:6,&quot;2&quot;:&quot;h:mm am\/pm&quot;,&quot;3&quot;:1}\">11:00<\/td>\n<td data-sheets-value=\"{&quot;1&quot;:2,&quot;2&quot;:&quot;Coffee Break&quot;}\"><strong>Coffee Break<\/strong><\/td>\n<td data-sheets-value=\"{&quot;1&quot;:2,&quot;2&quot;:&quot;Coffee Break&quot;}\"><strong>Coffee Break<\/strong><\/td>\n<td data-sheets-value=\"{&quot;1&quot;:2,&quot;2&quot;:&quot;Coffee Break&quot;}\"><strong>Coffee Break<\/strong><\/td>\n<\/tr>\n<tr>\n<td data-sheets-value=\"{&quot;1&quot;:3,&quot;3&quot;:0.4791666666666667}\" data-sheets-numberformat=\"{&quot;1&quot;:6,&quot;2&quot;:&quot;h:mm am\/pm&quot;,&quot;3&quot;:1}\">11:30<\/td>\n<td data-sheets-value=\"{&quot;1&quot;:2,&quot;2&quot;:&quot;Data &amp; Math Modeling in Health:\\nH\u00e9ctor Ram\u00edrez (CMM-UChile)\\nSteffen H\u00e4rtel (Fac Med-UChile)\\nAlex di Genova (UOH)\\nAlexis Salas (UdeC)\\n\\n&quot;}\" data-sheets-textstyleruns=\"{&quot;1&quot;:0,&quot;2&quot;:{}}\uee10{&quot;1&quot;:32}\"><strong>Data &amp; Math Modeling in Health:<\/strong><br \/>\nH\u00e9ctor Ram\u00edrez (CMM-UChile)<br \/>\nGloria Henr\u00edquez (CMM-UChile)<br \/>\nSteffen H\u00e4rtel (Fac Med-UChile)<br \/>\nAlex di Genova (UOH)<br \/>\nAlexis Salas (UdeC)<\/td>\n<td data-sheets-value=\"{&quot;1&quot;:2,&quot;2&quot;:&quot;New perspectives in Data Science &amp; Applications:\\nNancy Hitschfeld (DCC-UChile)\\nKornelius Kupczik (Facso-UChile)\\nLuis Mart\u00ed (INRIA Chile)\\nJaime Ortega (CMM-UChile)\\n\\n&quot;}\" data-sheets-textstyleruns=\"{&quot;1&quot;:0,&quot;2&quot;:{}}\uee10{&quot;1&quot;:48}\"><strong>New perspectives in Data Science &amp; Applications:<\/strong><br \/>\nNancy Hitschfeld (DCC-UChile)<br \/>\nKornelius Kupczik (Facso-UChile)<br \/>\nLuis Mart\u00ed (INRIA Chile)<br \/>\nJaime Ortega (CMM-UChile)<\/td>\n<td data-sheets-value=\"{&quot;1&quot;:2,&quot;2&quot;:&quot;Round Table - Data &amp; AI in Chile: moderated by Jaime San Mart\u00edn\\nFelipe Tobar (IDIA\/CMM-UChile)\\nNayat S\u00e1nchez (INRIA Chile)\\nDiego Moreno (Min Ciencia Chile)\\nAlejandro Jofr\u00e9 (CMM-UChile)\\n\\n&quot;}\" data-sheets-textstyleruns=\"{&quot;1&quot;:0,&quot;2&quot;:{}}\uee10{&quot;1&quot;:32}\"><strong>Round Table &#8211; Data &amp; AI in Chile:<\/strong> moderated by Jaime San Mart\u00edn<br \/>\nFelipe Tobar (IDIA\/CMM-UChile)<br \/>\nNayat S\u00e1nchez (INRIA Chile)<br \/>\nDiego Moreno (Min Ciencia Chile)<br \/>\nAlejandro Jofr\u00e9 (CMM-UChile)<\/td>\n<\/tr>\n<tr>\n<td data-sheets-value=\"{&quot;1&quot;:2,&quot;2&quot;:&quot;13:00 PM&quot;}\">13:00<\/td>\n<td data-sheets-value=\"{&quot;1&quot;:2,&quot;2&quot;:&quot;Lunch&quot;}\"><strong>Lunch<\/strong><\/td>\n<td data-sheets-value=\"{&quot;1&quot;:2,&quot;2&quot;:&quot;Lunch&quot;}\"><strong>Lunch<\/strong><\/td>\n<td data-sheets-value=\"{&quot;1&quot;:2,&quot;2&quot;:&quot;Lunch&quot;}\"><strong>Lunch<\/strong><\/td>\n<\/tr>\n<tr>\n<td data-sheets-value=\"{&quot;1&quot;:3,&quot;3&quot;:0.625}\" data-sheets-numberformat=\"{&quot;1&quot;:6,&quot;2&quot;:&quot;h:mm am\/pm&quot;,&quot;3&quot;:1}\">15:00<\/td>\n<td data-sheets-value=\"{&quot;1&quot;:2,&quot;2&quot;:&quot;Data &amp; Math Modeling in Health:\\nMay Chomal\u00ed (CENS)\\nData &amp; Math Modeling for Climate &amp; Biodiversity:\\nAxel Osses (CMM - UChile)\\nRodrigo V\u00e1squez (Fac Cs - UChile)\\nAndrew Berry (INRIA Chile)&quot;}\" data-sheets-textstyleruns=\"{&quot;1&quot;:0,&quot;2&quot;:{}}\uee10{&quot;1&quot;:32}\uee10{&quot;1&quot;:51,&quot;2&quot;:{}}\uee10{&quot;1&quot;:100}\"><strong>Data &amp; Math Modeling in Health:<\/strong><br \/>\nMay Chomal\u00ed (CENS)<br \/>\n<strong>Data &amp; Math Modeling for Climate &amp; Biodiversity:<\/strong><br \/>\nAxel Osses (CMM &#8211; UChile)<br \/>\nRodrigo V\u00e1squez (Fac Cs &#8211; UChile)<br \/>\nAndrew Berry (INRIA Chile)<\/td>\n<td data-sheets-value=\"{&quot;1&quot;:2,&quot;2&quot;:&quot;Modeling Physical Systems with AI ideas:\\nKeynote Speaker - Pavlos Protopapas (Harvard U)\\nBenjam\u00edn Herrmann (DCC-UChile)\\nHugo Carrillo (INRIA Chile)&quot;}\" data-sheets-textstyleruns=\"{&quot;1&quot;:0,&quot;2&quot;:{}}\uee10{&quot;1&quot;:56}\"><strong>Modeling Physical Systems with AI ideas:<\/strong><br \/>\n<strong>Keynote Speaker<\/strong> &#8211; Pavlos Protopapas (Harvard U)<br \/>\nBenjam\u00edn Herrmann (DIMEC-UChile)<br \/>\nHugo Carrillo (INRIA Chile)<\/td>\n<td>Free time for<br \/>\nspecial meetings<\/td>\n<\/tr>\n<tr>\n<td data-sheets-value=\"{&quot;1&quot;:3,&quot;3&quot;:0.6875}\" data-sheets-numberformat=\"{&quot;1&quot;:6,&quot;2&quot;:&quot;h:mm am\/pm&quot;,&quot;3&quot;:1}\">16:30<\/td>\n<td data-sheets-value=\"{&quot;1&quot;:2,&quot;2&quot;:&quot;Coffee Break&quot;}\"><strong>Coffee Break<\/strong><\/td>\n<td data-sheets-value=\"{&quot;1&quot;:2,&quot;2&quot;:&quot;Coffee Break&quot;}\"><strong>Coffee Break<\/strong><\/td>\n<td><\/td>\n<\/tr>\n<tr>\n<td data-sheets-value=\"{&quot;1&quot;:3,&quot;3&quot;:0.7083333333333334}\" data-sheets-numberformat=\"{&quot;1&quot;:6,&quot;2&quot;:&quot;h:mm am\/pm&quot;,&quot;3&quot;:1}\">17:00<\/td>\n<td data-sheets-value=\"{&quot;1&quot;:2,&quot;2&quot;:&quot;Data &amp; Math Modeling for Climate &amp; Biodiversity:\\nAlejandro Maass (CMM - UChile)\\nLuis Valenzuela (INRIA Chile)\\nGerard Olivar (UAys\u00e9n)\\n&quot;}\" data-sheets-textstyleruns=\"{&quot;1&quot;:0,&quot;2&quot;:{}}\uee10{&quot;1&quot;:48}\"><strong>Data &amp; Math Modeling for Climate &amp; Biodiversity:<\/strong><br \/>\nAlejandro Maass (CMM &#8211; UChile)<br \/>\nLuis Valenzuela (INRIA Chile)<br \/>\nGerard Olivar (UAys\u00e9n)<\/td>\n<td data-sheets-value=\"{&quot;1&quot;:2,&quot;2&quot;:&quot;Round Table - Data in Industry: moderated by E. Vera\\nIv\u00e1n Rodr\u00edguez (PSINET)\\nJos\u00e9 Miguel Ugarte &amp; Katharina Correa (AquaChile)\\nErik Atenas (Solunova)\\nLuis Loyola (Allm Inc)&quot;}\" data-sheets-textstyleruns=\"{&quot;1&quot;:0,&quot;2&quot;:{}}\uee10{&quot;1&quot;:32}\"><strong>Round Table &#8211; Data in Industry:<\/strong> moderated by E. Vera<br \/>\nIv\u00e1n Rodr\u00edguez (PSINET)<br \/>\nJos\u00e9 Miguel Ugarte &amp; Carolina Pe\u00f1a (AquaChile)<br \/>\nErik Atenas (Solunova)<\/td>\n<td><\/td>\n<\/tr>\n<tr>\n<td>18:30<\/td>\n<td>Wrap-up<\/td>\n<td>Wrap-up<\/td>\n<td><\/td>\n<\/tr>\n<\/tbody>\n<\/table>\n<p>&nbsp;<\/p>\n<div class=\"su-divider su-divider-style-default\" style=\"margin:15px 0;border-width:4px;border-color:#262461\"><a href=\"#\" style=\"color:#999999\">Go to top<\/a><\/div>\n<h3><strong>Wed 17 Aug 2022<\/strong><\/h3>\n<div class=\"su-divider su-divider-style-default\" style=\"margin:15px 0;border-width:2px;border-color:#262461\"><\/div>\n<p><strong>Opening Session<\/strong><\/p>\n<p>&#8212;&#8212;&#8212;&#8212;&#8212;&#8212;&#8212;&#8212;&#8212;&#8212;&#8212;&#8212;&#8212;&#8212;&#8212;&#8212;&#8212;&#8212;&#8212;&#8212;&#8212;&#8212;&#8212;&#8212;&#8212;&#8212;&#8212;&#8212;<\/p>\n<p><strong>10:00-11:00\u00a0<\/strong><\/p>\n<p>Eduardo Vera, CMM-UChile<br \/>\nWelcome words: Symposium Background &amp; Purpose<\/p>\n<p>Chris Smith, NSF-USA<br \/>\nKeynote speech: Large Facilities for multi-messenger astronomy and beyond<\/p>\n<p>&#8212;&#8212;&#8212;&#8212;&#8212;&#8212;&#8212;&#8212;&#8212;&#8212;&#8212;&#8212;&#8212;&#8212;&#8212;&#8212;&#8212;&#8212;&#8212;&#8212;&#8212;&#8212;&#8212;&#8212;&#8212;&#8212;&#8212;&#8212;<\/p>\n<h4><strong>Data &amp; Math Modeling in Health<\/strong><\/h4>\n<div class=\"su-divider su-divider-style-default\" style=\"margin:15px 0;border-width:1px;border-color:#262461\"><\/div>\n<p><strong>11:30-13:00 \u00a0\u00a0<\/strong><\/p>\n<ul>\n<li>H\u00e9ctor Ram\u00edrez, CMM-UChile<br \/>\nAnalysis and prediction of the peak of beds demand for respiratory diseases in pediatric hospitals<\/li>\n<li>Gloria Henr\u00edquez, CMM-UChile<br \/>\nPrediction of urgency treatment demand for respiratory diseases based on quality of air measurements<\/li>\n<li>Steffen H\u00e4rtel, FacMed-UChile<br \/>\nDigital Health, Quality and Management of Data towards 2030<\/li>\n<li>Alex Di Genova, CMM-UOH<br \/>\nSequencing and assembly of a haplotype-resolved Chilean genome<\/li>\n<li>Alexis Salas, UdeC<br \/>\nHuman-Machine Interaction in Cancer Disease<\/li>\n<\/ul>\n<p><strong>13:00-15:00\u00a0<\/strong><\/p>\n<p>Lunch break<\/p>\n<p><strong>15:00-15:30\u00a0<\/strong><\/p>\n<ul>\n<li>May Chomal\u00ed, CENS<br \/>\nCurrent projects &amp; collaboration opportunities at CENS<\/li>\n<\/ul>\n<p>&#8212;&#8212;&#8212;&#8212;&#8212;&#8212;&#8212;&#8212;&#8212;&#8212;&#8212;&#8212;&#8212;&#8212;&#8212;&#8212;&#8212;&#8212;&#8212;&#8212;&#8212;&#8212;&#8212;&#8212;&#8212;&#8212;&#8212;&#8212;<\/p>\n<h4><strong>Data &amp; Math Modeling for Climate &amp; Biodiversity<\/strong><\/h4>\n<div class=\"su-divider su-divider-style-default\" style=\"margin:15px 0;border-width:1px;border-color:#262461\"><\/div>\n<p><strong>15:30-16:30\u00a0<\/strong><\/p>\n<ul>\n<li>Axel Osses, CMM-UChile<br \/>\nModeling urban resilience to climate<\/li>\n<li>Rodrigo V\u00e1squez, FacCs-UChile \/ CHIC<br \/>\nOrnithological research at high latitude<\/li>\n<li>Andrew Berry, INRIA Chile<br \/>\nSatellite images &amp; deforestation<\/li>\n<\/ul>\n<p><strong>16:30-17:00<\/strong><\/p>\n<p>Coffee break<\/p>\n<p><strong>17:00-18:30<\/strong><\/p>\n<ul>\n<li>Alejandro Maass, CMM-UChile<br \/>\nAbout Mission-Microbione oceanographic expedition and opportunities for mathematics and data science<\/li>\n<li>Luis Valenzuela, INRIA Chile<br \/>\nModeling global plankton communities via multinomics &amp; AI approaches<\/li>\n<li>Gerard Olivar, UAys\u00e9n<br \/>\nSocial sustainability with multidimensional challenges in aquaculture of southern fiords<\/li>\n<\/ul>\n<div class=\"su-divider su-divider-style-default\" style=\"margin:15px 0;border-width:3px;border-color:#262461\"><a href=\"#\" style=\"color:#999999\">Go to top<\/a><\/div>\n<h3><strong>Thu 18 Aug 2022<\/strong><\/h3>\n<div class=\"su-divider su-divider-style-default\" style=\"margin:15px 0;border-width:2px;border-color:#262461\"><\/div>\n<h4><strong>New Perspectives in Data Science &amp; Applications<\/strong><\/h4>\n<div class=\"su-divider su-divider-style-default\" style=\"margin:15px 0;border-width:1px;border-color:#262461\"><\/div>\n<p><strong>10:00-11:00 \u00a0 \u00a0<\/strong><\/p>\n<ul>\n<li>Cecilia Arag\u00f3n, University of Washington USA<br \/>\nKeynote Speech: Human-centered Data Science &amp; Natural Language Processing<\/li>\n<li>Joaqu\u00edn Fontbona, CMM-UChile<br \/>\nProbabilistic approaches to some questions in machine learning<\/li>\n<li>Pablo Est\u00e9vez, DIE-UChile \/ MAS<br \/>\nDeep Attention Models (Transformers) for Supernovae Classification<\/li>\n<li>Hern\u00e1n Lira, INRIA Chile<br \/>\nGraph neural network for multisources time series forecasting<\/li>\n<\/ul>\n<p><strong>11:00-11:30<\/strong><\/p>\n<p>Coffee break<\/p>\n<p><strong>11:30-13:00<\/strong><\/p>\n<ul>\n<li>Nancy Hitschfeld, DCC-UChile<br \/>\nMeshing tasks and GPU computing<\/li>\n<li>Kornelius Kupczik, FACSO-UChile<br \/>\nMicrotomography imaging for archeological &amp; historical heritage<\/li>\n<li>Luis Mart\u00ed, INRIA Chile<br \/>\nSurfing the next AI winter<\/li>\n<\/ul>\n<p><strong>13:00-15:00\u00a0<\/strong><\/p>\n<p>Lunch break<\/p>\n<p>&#8212;&#8212;&#8212;&#8212;&#8212;&#8212;&#8212;&#8212;&#8212;&#8212;&#8212;&#8212;&#8212;&#8212;&#8212;&#8212;&#8212;&#8212;&#8212;&#8212;&#8212;&#8212;&#8212;&#8212;&#8212;&#8212;&#8211;<\/p>\n<h4><strong>Modeling Physical Systems with AI Ideas<\/strong><\/h4>\n<div class=\"su-divider su-divider-style-default\" style=\"margin:15px 0;border-width:1px;border-color:#262461\"><\/div>\n<p><strong>15:00-16:30 \u00a0 \u00a0<\/strong><\/p>\n<ul>\n<li>Pavlos Protopapas, Harvard University<br \/>\nPhysics informed neural networks<\/li>\n<li>Jaime Ortega, CMM-UChile<br \/>\nUse of satellite information for climate change and monitoring systems<\/li>\n<li>Benjamin Herrman, DIMEC-UChile<br \/>\nPhysically meaningful dimensionality reduction of high-dimensional dynamical systems<\/li>\n<li>Hugo Carrillo, INRIA Chile<br \/>\nEfficient physics-informed neural networks<\/li>\n<\/ul>\n<p><strong>16:30-17:00<\/strong><\/p>\n<p>Coffee break<\/p>\n<p>&#8212;&#8212;&#8212;&#8212;&#8212;&#8212;&#8212;&#8212;&#8212;&#8212;&#8212;&#8212;&#8212;&#8212;&#8212;&#8212;&#8212;&#8212;&#8212;&#8212;&#8212;&#8212;&#8212;-<\/p>\n<h4><strong>Round Table: Data in Industry<\/strong><\/h4>\n<div class=\"su-divider su-divider-style-default\" style=\"margin:15px 0;border-width:1px;border-color:#262461\"><\/div>\n<p><strong>17:00-18:30<\/strong><\/p>\n<p>Chair: Eduardo Vera, CMM-UChile<\/p>\n<p>Participants:<\/p>\n<ul>\n<li>Iv\u00e1n Rodr\u00edguez, PSINET<\/li>\n<li>Jos\u00e9 Miguel Ugarte &amp; Carolina Pe\u00f1a, AquaChile<\/li>\n<li>Erik Atenas, Solunova<\/li>\n<\/ul>\n<div class=\"su-divider su-divider-style-default\" style=\"margin:15px 0;border-width:3px;border-color:#262461\"><a href=\"#\" style=\"color:#999999\">Go to top<\/a><\/div>\n<h3><strong>Fri 19 Aug 2022<\/strong><\/h3>\n<div class=\"su-divider su-divider-style-default\" style=\"margin:15px 0;border-width:2px;border-color:#262461\"><\/div>\n<h4><strong>New Perspectives in Data for Astronomy<\/strong><\/h4>\n<div class=\"su-divider su-divider-style-default\" style=\"margin:15px 0;border-width:1px;border-color:#262461\"><\/div>\n<p><strong>10:00-11:00 \u00a0 \u00a0<\/strong><\/p>\n<ul>\n<li>Francisco F\u00f6rster, CMM-UChile \/ MAS<br \/>\nALeRCE I<\/li>\n<li>Guillermo Cabrera, UdeC<br \/>\nALeRCE II<\/li>\n<li>Elise Servajean, CATA<\/li>\n<\/ul>\n<p><strong>11:00-11:30<\/strong><\/p>\n<p>Coffee break<\/p>\n<p>&#8212;&#8212;&#8212;&#8212;&#8212;&#8212;&#8212;&#8212;&#8212;&#8212;&#8212;&#8212;&#8212;&#8212;&#8212;&#8212;&#8212;&#8212;&#8212;&#8212;&#8212;&#8212;&#8212;-<\/p>\n<h4><strong>Round Table: Data &amp; AI in Chile<\/strong><\/h4>\n<div class=\"su-divider su-divider-style-default\" style=\"margin:15px 0;border-width:1px;border-color:#262461\"><\/div>\n<p><strong>11:30-13:00<\/strong><\/p>\n<p>Chair: Jaime San Mart\u00edn, CMM-UChile<\/p>\n<p>Participants:<\/p>\n<ul>\n<li>Felipe Tobar, CMM-UChile \/ IDIA<\/li>\n<li>Nayat S\u00e1nchez-Pi, INRIA Chile<\/li>\n<li>Diego Moreno, Min Ciencia<\/li>\n<li>Alejandro Jofr\u00e9, CMM-UChile<\/li>\n<\/ul>\n<p><strong>13:00-15:00\u00a0<\/strong><\/p>\n<p>Lunch break<\/p>\n<p>&#8212;&#8212;&#8212;&#8212;&#8212;&#8212;&#8212;&#8212;&#8212;&#8212;&#8212;&#8212;&#8212;&#8212;&#8212;&#8212;&#8212;&#8212;&#8212;&#8212;&#8212;&#8212;&#8212;-<\/p>\n<p><strong>Free Time for special meetings<\/strong><\/p>\n<p>&#8212;&#8212;&#8212;&#8212;&#8212;&#8212;&#8212;&#8212;&#8212;&#8212;&#8212;&#8212;&#8212;&#8212;&#8212;&#8212;&#8212;&#8212;&#8212;&#8212;&#8212;&#8212;&#8212;-<\/p>\n<p><strong>15:00-16:30 \u00a0 \u00a0<\/strong><\/p>\n<p>Everyone<\/p>\n<div class=\"su-divider su-divider-style-default\" style=\"margin:15px 0;border-width:3px;border-color:#262461\"><a href=\"#\" style=\"color:#999999\">Go to top<\/a><\/div>\n","protected":false},"excerpt":{"rendered":"<p>Wednesday 17 Thursday 18 Friday 19 09:30 Registration 10:00 Opening by E. Vera (CMM-UChile) Keynote Speaker &#8211; Chris Smith (NSF) New perspectives in Data Science &amp; Applications: Keynote Speaker &#8211; Cecilia Arag\u00f3n (UWashington) Joaqu\u00edn Fontbona (CMM-UChile) Pablo Est\u00e9vez (DIE-UChile\/ MAS) Hern\u00e1n Lira (INRIA Chile) New perspectives in Data for Astronomy: Francisco F\u00f6rster (IDIA&amp;CMM-UChile\/MAS) Guillermo Cabrera &hellip; <a href=\"https:\/\/eventos.cmm.uchile.cl\/pucon2022\/program\/\" class=\"more-link\">Continue reading <span class=\"screen-reader-text\">Program<\/span> <span class=\"meta-nav\">&rarr;<\/span><\/a><\/p>\n","protected":false},"author":2,"featured_media":0,"parent":0,"menu_order":2,"comment_status":"closed","ping_status":"closed","template":"","meta":{"inline_featured_image":false,"footnotes":""},"class_list":["post-12","page","type-page","status-publish","hentry"],"_links":{"self":[{"href":"https:\/\/eventos.cmm.uchile.cl\/pucon2022\/wp-json\/wp\/v2\/pages\/12","targetHints":{"allow":["GET"]}}],"collection":[{"href":"https:\/\/eventos.cmm.uchile.cl\/pucon2022\/wp-json\/wp\/v2\/pages"}],"about":[{"href":"https:\/\/eventos.cmm.uchile.cl\/pucon2022\/wp-json\/wp\/v2\/types\/page"}],"author":[{"embeddable":true,"href":"https:\/\/eventos.cmm.uchile.cl\/pucon2022\/wp-json\/wp\/v2\/users\/2"}],"replies":[{"embeddable":true,"href":"https:\/\/eventos.cmm.uchile.cl\/pucon2022\/wp-json\/wp\/v2\/comments?post=12"}],"version-history":[{"count":74,"href":"https:\/\/eventos.cmm.uchile.cl\/pucon2022\/wp-json\/wp\/v2\/pages\/12\/revisions"}],"predecessor-version":[{"id":340,"href":"https:\/\/eventos.cmm.uchile.cl\/pucon2022\/wp-json\/wp\/v2\/pages\/12\/revisions\/340"}],"wp:attachment":[{"href":"https:\/\/eventos.cmm.uchile.cl\/pucon2022\/wp-json\/wp\/v2\/media?parent=12"}],"curies":[{"name":"wp","href":"https:\/\/api.w.org\/{rel}","templated":true}]}}