{"id":282,"date":"2024-09-23T10:22:35","date_gmt":"2024-09-23T13:22:35","guid":{"rendered":"https:\/\/eventos.cmm.uchile.cl\/pde-uoh-2024\/?page_id=282"},"modified":"2025-10-30T02:38:51","modified_gmt":"2025-10-30T05:38:51","slug":"lugar","status":"publish","type":"page","link":"https:\/\/eventos.cmm.uchile.cl\/randim2025\/lugar\/","title":{"rendered":"Lugar"},"content":{"rendered":"[et_pb_section fb_built=&#8221;1&#8243; admin_label=&#8221;Hero&#8221; _builder_version=&#8221;4.27.0&#8243; _module_preset=&#8221;74c69059-8e69-4122-b1e6-dfeabf6c5711&#8243; use_background_color_gradient=&#8221;on&#8221; background_color_gradient_direction=&#8221;-90deg&#8221; background_color_gradient_stops=&#8221;rgba(0,0,0,0.6) 0%|rgba(0,0,0,0.9) 100%&#8221; background_color_gradient_overlays_image=&#8221;on&#8221; background_color_gradient_start=&#8221;rgba(0,0,0,0.5)&#8221; background_color_gradient_end=&#8221;rgba(0,0,0,0.75)&#8221; background_image=&#8221;https:\/\/eventos.cmm.uchile.cl\/randim2025\/wp-content\/uploads\/sites\/227\/2024\/09\/uoh_ingenieria_01.jpg&#8221; custom_padding=&#8221;4vw||4vw||true|false&#8221; locked=&#8221;off&#8221; collapsed=&#8221;off&#8221; global_colors_info=&#8221;{}&#8221;][et_pb_row column_structure=&#8221;2_3,1_3&#8243; _builder_version=&#8221;4.27.0&#8243; _module_preset=&#8221;5138c454-be54-4233-bd3b-f8e6a8747976&#8243; locked=&#8221;off&#8221; global_colors_info=&#8221;{}&#8221;][et_pb_column type=&#8221;2_3&#8243; _builder_version=&#8221;4.16&#8243; _module_preset=&#8221;73121f80-a3ef-4484-8763-c3f18e3c56d2&#8243; global_colors_info=&#8221;{}&#8221;][et_pb_heading title=&#8221; 6 y 7 de noviembre 2025, Auditorio John von Neumann Centro de Modelamiento Matem\u00e1tico (CMM) Facultad de Ciencias F\u00edsicas y Matem\u00e1ticas (FCFM) Universidad de Chile&#8221; admin_label=&#8221;Heading&#8221; _builder_version=&#8221;4.27.0&#8243; _module_preset=&#8221;f0c675ea-2574-4d0e-b725-30f8550a8550&#8243; title_level=&#8221;h4&#8243; title_font=&#8221;Proza Libre|Cormorant Garamond_weight||on|||||&#8221; title_text_color=&#8221;#FFFFFF&#8221; title_font_size=&#8221;14px&#8221; title_letter_spacing=&#8221;1px&#8221; title_line_height=&#8221;1.4em&#8221; custom_margin=&#8221;||10px||false|false&#8221; hover_enabled=&#8221;0&#8243; title_font_size_tablet=&#8221;13px&#8221; title_font_size_phone=&#8221;13px&#8221; title_font_size_last_edited=&#8221;on|desktop&#8221; locked=&#8221;off&#8221; global_colors_info=&#8221;{}&#8221; sticky_enabled=&#8221;0&#8243;][\/et_pb_heading][et_pb_heading title=&#8221;@ET-DC@eyJkeW5hbWljIjp0cnVlLCJjb250ZW50IjoicG9zdF90aXRsZSIsInNldHRpbmdzIjp7ImJlZm9yZSI6IiIsImFmdGVyIjoiIiwiZW5hYmxlX2h0bWwiOiJvZmYifX0=@&#8221; admin_label=&#8221;Heading&#8221; _builder_version=&#8221;4.27.0&#8243; _dynamic_attributes=&#8221;title&#8221; _module_preset=&#8221;ddeb8c09-9078-4424-bc15-2efb6572e28e&#8221; title_font=&#8221;Cormorant Garamond|Cormorant Garamond_weight|||||||&#8221; title_text_color=&#8221;#FFFFFF&#8221; title_font_size=&#8221;72px&#8221; title_line_height=&#8221;1.15em&#8221; title_font_size_tablet=&#8221;40px&#8221; title_font_size_phone=&#8221;24px&#8221; title_font_size_last_edited=&#8221;on|phone&#8221; locked=&#8221;off&#8221; global_colors_info=&#8221;{}&#8221;][\/et_pb_heading][\/et_pb_column][et_pb_column type=&#8221;1_3&#8243; _builder_version=&#8221;4.16&#8243; _module_preset=&#8221;73121f80-a3ef-4484-8763-c3f18e3c56d2&#8243; global_colors_info=&#8221;{}&#8221;][\/et_pb_column][\/et_pb_row][\/et_pb_section][et_pb_section fb_built=&#8221;1&#8243; admin_label=&#8221;Timeline&#8221; _builder_version=&#8221;4.18.0&#8243; _module_preset=&#8221;default&#8221; custom_padding=&#8221;|16px||||&#8221; locked=&#8221;off&#8221; collapsed=&#8221;off&#8221; global_colors_info=&#8221;{}&#8221;][et_pb_row _builder_version=&#8221;4.18.0&#8243; _module_preset=&#8221;5138c454-be54-4233-bd3b-f8e6a8747976&#8243; global_colors_info=&#8221;{}&#8221;][et_pb_column type=&#8221;4_4&#8243; _builder_version=&#8221;4.18.0&#8243; _module_preset=&#8221;73121f80-a3ef-4484-8763-c3f18e3c56d2&#8243; global_colors_info=&#8221;{}&#8221;][et_pb_text quote_border_color=&#8221;#ffc300&#8243; admin_label=&#8221;Text&#8221; _builder_version=&#8221;4.27.0&#8243; _module_preset=&#8221;2c55a9c4-feed-423b-9edb-ae0b5b365cac&#8221; text_font=&#8221;Proza Libre|Proza Libre_weight|||||||&#8221; text_text_color=&#8221;#3c3a47&#8243; text_font_size=&#8221;16px&#8221; text_line_height=&#8221;1.75em&#8221; link_font=&#8221;|Proza Libre_weight|||||||&#8221; link_text_color=&#8221;#003566&#8243; quote_font=&#8221;Cormorant Garamond|Cormorant Garamond_weight|||||||&#8221; quote_text_color=&#8221;#0e0c19&#8243; header_font=&#8221;Cormorant Garamond|Cormorant Garamond_weight|||||||&#8221; header_text_color=&#8221;#0e0c19&#8243; header_font_size=&#8221;72px&#8221; header_line_height=&#8221;1.15em&#8221; header_2_font=&#8221;Cormorant Garamond|Cormorant Garamond_weight|||||||&#8221; header_2_text_color=&#8221;#0e0c19&#8243; header_2_font_size=&#8221;50px&#8221; header_2_line_height=&#8221;1.2em&#8221; header_3_font=&#8221;Cormorant Garamond|Cormorant Garamond_weight|||||||&#8221; header_3_text_color=&#8221;#0e0c19&#8243; header_3_font_size=&#8221;32px&#8221; header_3_line_height=&#8221;1.3em&#8221; header_4_font=&#8221;Cormorant Garamond|Cormorant Garamond_weight|||||||&#8221; header_4_text_color=&#8221;#0e0c19&#8243; header_4_font_size=&#8221;24px&#8221; header_4_line_height=&#8221;1.4em&#8221; header_5_font=&#8221;Cormorant Garamond|Cormorant Garamond_weight|||||||&#8221; header_5_text_color=&#8221;#0e0c19&#8243; header_5_font_size=&#8221;18px&#8221; header_5_line_height=&#8221;1.4em&#8221; header_6_font=&#8221;Cormorant Garamond|Cormorant Garamond_weight|||||||&#8221; header_6_text_color=&#8221;#0e0c19&#8243; header_6_line_height=&#8221;1.5em&#8221; custom_margin=&#8221;||||false|false&#8221; text_font_size_tablet=&#8221;15px&#8221; text_font_size_phone=&#8221;14px&#8221; text_font_size_last_edited=&#8221;on|phone&#8221; header_font_size_tablet=&#8221;40px&#8221; header_font_size_phone=&#8221;24px&#8221; header_font_size_last_edited=&#8221;on|desktop&#8221; header_2_font_size_tablet=&#8221;28px&#8221; header_2_font_size_phone=&#8221;20px&#8221; header_2_font_size_last_edited=&#8221;on|phone&#8221; header_3_font_size_tablet=&#8221;22px&#8221; header_3_font_size_phone=&#8221;17px&#8221; header_3_font_size_last_edited=&#8221;on|phone&#8221; header_4_font_size_tablet=&#8221;18px&#8221; header_4_font_size_phone=&#8221;15px&#8221; header_4_font_size_last_edited=&#8221;on|tablet&#8221; header_5_font_size_tablet=&#8221;15px&#8221; header_5_font_size_phone=&#8221;14px&#8221; header_5_font_size_last_edited=&#8221;on|desktop&#8221; header_6_font_size_tablet=&#8221;13px&#8221; header_6_font_size_phone=&#8221;13px&#8221; header_6_font_size_last_edited=&#8221;on|desktop&#8221; global_colors_info=&#8221;{}&#8221;]The event will be held in the<strong> John von Neumann Seminar Room<\/strong>\u00a0of the Center for Mathematical Modeling at the Faculty of Physical and Mathematical Sciences,<br \/>\nUniversidad de Chile, located in <strong>Beauchef 851, Santiago<\/strong>.<\/p>\n<p><img loading=\"lazy\" decoding=\"async\" class=\"alignnone wp-image-60 size-full\" src=\"https:\/\/static.cmm.uchile.cl\/descargas\/venue\/cmm_hall_venue01.jpg\" alt=\"Centro de Modelamiento Matem\u00e1tico\" width=\"604\" height=\"200\" \/><br \/>\n<b>Auditorio John von Neumann<\/b><br \/>\nCentro de Modelamiento Matem\u00e1tico (CMM)<br \/>\nFacultad de Ciencias F\u00edsicas y Matem\u00e1ticas (FCFM)<br \/>\nUniversidad de Chile<br \/>\nBeauchef 851, Edificio Norte \u2013 piso 7 (7th floor)<br \/>\nSantiago\u00a0\u2013 Chile<\/p>\n\n<!-- iframe plugin v.6.0 wordpress.org\/plugins\/iframe\/ -->\n<iframe loading=\"lazy\" src=\"https:\/\/www.google.com\/maps\/d\/u\/0\/embed?mid=11XYy6-ZNTAFgGhj6OXCsNmktJirz8_Nc\" width=\"604\" 0=\"height=&quot;502&quot;frameborder=&quot;0&quot;\" marginwidth=\"0\" marginheight=\"0\" scrolling=\"no\" height=\"500\" class=\"iframe-class\" frameborder=\"0\"><\/iframe>\n\n<small>See the <a href=\"https:\/\/drive.google.com\/open?id=1uprp-B0vGzc8gZOKUS6zOnhk6us&amp;usp=sharing\" target=\"_blank\" rel=\"noopener noreferrer\">Faculty<\/a> on a larger map<br \/>\n<\/small><\/p>\n<p><a href=\"https:\/\/static.cmm.uchile.cl\/descargas\/venue\/uchile_cmm-dim_map03.png\" target=\"_blank\" rel=\"noopener\"><img loading=\"lazy\" decoding=\"async\" class=\"wp-image-76 size-medium aligncenter\" src=\"https:\/\/static.cmm.uchile.cl\/descargas\/venue\/uchile_cmm-dim_map03.png\" alt=\"cmm-dim map\" width=\"604\" height=\"604\" \/><\/a><\/p>\n<p style=\"text-align: justify\">The nearest Metro (subway) stations are <em>Toesca<\/em> y <em>Parque O\u2019Higgins<\/em>, both on Line 2 (yellow).<\/p>\n<p style=\"text-align: center\"><a href=\"https:\/\/static.cmm.uchile.cl\/descargas\/venue\/metrored_servicios_2023_07_19.pdf\" class=\"su-button su-button-style-flat\" style=\"color:#FFF;background-color:#DC2A2A;border-color:#b02222;border-radius:7px\" target=\"__blank\" title=\"download map\"><span style=\"color:#FFF;padding:7px 20px;font-size:16px;line-height:24px;border-color:#e76a6a;border-radius:7px;text-shadow:none\"><i class=\"sui sui-file-pdf-o\" style=\"font-size:16px;color:#FFF\"><\/i> Metro de Santiago (subway) network map<\/span><\/a> <a href=\"https:\/\/static.cmm.uchile.cl\/descargas\/venue\/uchile_cmm-dim_map03.pdf\" class=\"su-button su-button-style-flat\" style=\"color:#FFF;background-color:#DC2A2A;border-color:#b02222;border-radius:7px\" target=\"__blank\" title=\"download map\"><span style=\"color:#FFF;padding:7px 20px;font-size:16px;line-height:24px;border-color:#e76a6a;border-radius:7px;text-shadow:none\"><i class=\"sui sui-file-pdf-o\" style=\"font-size:16px;color:#FFF\"><\/i> CMM &amp; FCFM location map<\/span><\/a>\n<p><a href=\"https:\/\/static.cmm.uchile.cl\/descargas\/venue\/b851_acceso_cmm02.png\" target=\"_blank\" rel=\"noopener\"><img loading=\"lazy\" decoding=\"async\" class=\"alignnone size-full wp-image-68\" src=\"https:\/\/static.cmm.uchile.cl\/descargas\/venue\/b851_acceso_cmm02_th.png\" alt=\"Acceso al CMM\" width=\"604\" height=\"329\" \/><\/a><\/p>\n<p style=\"text-align: justify\">From the main entrance at Beauchef 851, enter through the central courtyard and walk to your right to reach the North Building and take the elevator to the 7th floor.<\/p>\n<div class=\"su-divider su-divider-style-default\" style=\"margin:15px 0;border-width:3px;border-color:#DC2A2A\"><a href=\"#\" style=\"color:#999999\">Go to top<\/a><\/div>\n<p>&nbsp;[\/et_pb_text][et_pb_text quote_border_color=&#8221;#ffc300&#8243; admin_label=&#8221;tabla&#8221; _builder_version=&#8221;4.27.0&#8243; _module_preset=&#8221;2c55a9c4-feed-423b-9edb-ae0b5b365cac&#8221; text_font=&#8221;Proza Libre|Proza Libre_weight|||||||&#8221; text_text_color=&#8221;#3c3a47&#8243; text_font_size=&#8221;16px&#8221; text_line_height=&#8221;1.75em&#8221; link_font=&#8221;|Proza Libre_weight|||||||&#8221; link_text_color=&#8221;#003566&#8243; quote_font=&#8221;Cormorant Garamond|Cormorant Garamond_weight|||||||&#8221; quote_text_color=&#8221;#0e0c19&#8243; header_font=&#8221;Cormorant Garamond|Cormorant Garamond_weight|||||||&#8221; header_text_color=&#8221;#0e0c19&#8243; header_font_size=&#8221;72px&#8221; header_line_height=&#8221;1.15em&#8221; header_2_font=&#8221;Cormorant Garamond|Cormorant Garamond_weight|||||||&#8221; header_2_text_color=&#8221;#0e0c19&#8243; header_2_font_size=&#8221;50px&#8221; header_2_line_height=&#8221;1.2em&#8221; header_3_font=&#8221;Cormorant Garamond|Cormorant Garamond_weight|||||||&#8221; header_3_text_color=&#8221;#0e0c19&#8243; header_3_font_size=&#8221;32px&#8221; header_3_line_height=&#8221;1.3em&#8221; header_4_font=&#8221;Cormorant Garamond|Cormorant Garamond_weight|||||||&#8221; header_4_text_color=&#8221;#0e0c19&#8243; header_4_font_size=&#8221;24px&#8221; header_4_line_height=&#8221;1.4em&#8221; header_5_font=&#8221;Cormorant Garamond|Cormorant Garamond_weight|||||||&#8221; header_5_text_color=&#8221;#0e0c19&#8243; header_5_font_size=&#8221;18px&#8221; header_5_line_height=&#8221;1.4em&#8221; header_6_font=&#8221;Cormorant Garamond|Cormorant Garamond_weight|||||||&#8221; header_6_text_color=&#8221;#0e0c19&#8243; header_6_line_height=&#8221;1.5em&#8221; custom_margin=&#8221;||||false|false&#8221; text_font_size_tablet=&#8221;15px&#8221; text_font_size_phone=&#8221;14px&#8221; text_font_size_last_edited=&#8221;on|phone&#8221; header_font_size_tablet=&#8221;40px&#8221; header_font_size_phone=&#8221;24px&#8221; header_font_size_last_edited=&#8221;on|desktop&#8221; header_2_font_size_tablet=&#8221;28px&#8221; header_2_font_size_phone=&#8221;20px&#8221; header_2_font_size_last_edited=&#8221;on|phone&#8221; header_3_font_size_tablet=&#8221;22px&#8221; header_3_font_size_phone=&#8221;17px&#8221; header_3_font_size_last_edited=&#8221;on|phone&#8221; header_4_font_size_tablet=&#8221;18px&#8221; header_4_font_size_phone=&#8221;15px&#8221; header_4_font_size_last_edited=&#8221;on|tablet&#8221; header_5_font_size_tablet=&#8221;15px&#8221; header_5_font_size_phone=&#8221;14px&#8221; header_5_font_size_last_edited=&#8221;on|desktop&#8221; header_6_font_size_tablet=&#8221;13px&#8221; header_6_font_size_phone=&#8221;13px&#8221; header_6_font_size_last_edited=&#8221;on|desktop&#8221; global_colors_info=&#8221;{}&#8221;]Tren Rancagua \u2013 Estaci\u00f3n Central<\/p>\n<table>\n<tbody>\n<tr>\n<td width=\"312\"><strong> Rancagua \u2192 Santiago  (Ma\u00f1ana)<\/strong><\/td>\n<td width=\"312\"><strong> Santiago \u2192 Rancagua (Tarde)<\/strong><\/td>\n<\/tr>\n<tr>\n<td width=\"312\">05:40 hrs.<\/td>\n<td width=\"312\">18:20 hrs.<\/td>\n<\/tr>\n<tr>\n<td width=\"312\">06:00 hrs.<\/td>\n<td width=\"312\">18:30 hrs.<\/td>\n<\/tr>\n<tr>\n<td width=\"312\">06:15 hrs.<\/td>\n<td width=\"312\">18:45 hrs.<\/td>\n<\/tr>\n<tr>\n<td width=\"312\">06:31 hrs.<\/td>\n<td width=\"312\">19:00 hrs.<\/td>\n<\/tr>\n<tr>\n<td width=\"312\">06:45 hrs.<\/td>\n<td width=\"312\">19:40 hrs.<\/td>\n<\/tr>\n<tr>\n<td width=\"312\">07:06 hrs.<\/td>\n<td width=\"312\">20:05 hrs.<\/td>\n<\/tr>\n<tr>\n<td width=\"312\">07:30 hrs.<\/td>\n<td width=\"312\">20:30 hrs.<\/td>\n<\/tr>\n<tr>\n<td width=\"312\">07:45 hrs.<\/td>\n<td width=\"312\">21:20 hrs.<\/td>\n<\/tr>\n<\/tbody>\n<\/table>\n[\/et_pb_text][\/et_pb_column][\/et_pb_row][\/et_pb_section][et_pb_section fb_built=&#8221;1&#8243; admin_label=&#8221;Sponsors&#8221; _builder_version=&#8221;4.27.0&#8243; _module_preset=&#8221;default&#8221; custom_padding=&#8221;0px|||||&#8221; locked=&#8221;off&#8221; collapsed=&#8221;off&#8221; global_colors_info=&#8221;{}&#8221;][et_pb_row column_structure=&#8221;1_5,1_5,1_5,1_5,1_5&#8243; admin_label=&#8221;logos sponsors&#8221; _builder_version=&#8221;4.27.0&#8243; _module_preset=&#8221;5138c454-be54-4233-bd3b-f8e6a8747976&#8243; background_enable_color=&#8221;off&#8221; custom_padding=&#8221;||||true|true&#8221; border_radii=&#8221;on|6px|6px|6px|6px&#8221; global_colors_info=&#8221;{%22#ffc300%22:%91%22background_color%22%93}&#8221;][et_pb_column type=&#8221;1_5&#8243; _builder_version=&#8221;4.18.0&#8243; _module_preset=&#8221;73121f80-a3ef-4484-8763-c3f18e3c56d2&#8243; global_colors_info=&#8221;{}&#8221;][et_pb_image src=&#8221;https:\/\/eventos.cmm.uchile.cl\/randim2025\/wp-content\/uploads\/sites\/227\/2024\/09\/uchile.png&#8221; title_text=&#8221;Universidad de Chile&#8221; align=&#8221;center&#8221; admin_label=&#8221;uchile&#8221; _builder_version=&#8221;4.27.0&#8243; _module_preset=&#8221;default&#8221; global_colors_info=&#8221;{}&#8221;][\/et_pb_image][\/et_pb_column][et_pb_column type=&#8221;1_5&#8243; _builder_version=&#8221;4.18.0&#8243; _module_preset=&#8221;73121f80-a3ef-4484-8763-c3f18e3c56d2&#8243; global_colors_info=&#8221;{}&#8221;][et_pb_image src=&#8221;https:\/\/eventos.cmm.uchile.cl\/randim2025\/wp-content\/uploads\/sites\/227\/2024\/09\/cmm.png&#8221; title_text=&#8221;Centro de Modelamiento Matem\u00e1tico (CMM)&#8221; url=&#8221;https:\/\/www.cmm.uchile.cl\/&#8221; url_new_window=&#8221;on&#8221; admin_label=&#8221;cmm&#8221; _builder_version=&#8221;4.27.0&#8243; _module_preset=&#8221;default&#8221; max_width=&#8221;70%&#8221; max_width_tablet=&#8221;none&#8221; max_width_phone=&#8221;none&#8221; max_width_last_edited=&#8221;on|phone&#8221; module_alignment=&#8221;center&#8221; global_colors_info=&#8221;{}&#8221;][\/et_pb_image][\/et_pb_column][et_pb_column type=&#8221;1_5&#8243; _builder_version=&#8221;4.18.0&#8243; _module_preset=&#8221;73121f80-a3ef-4484-8763-c3f18e3c56d2&#8243; global_colors_info=&#8221;{}&#8221;][et_pb_image src=&#8221;https:\/\/eventos.cmm.uchile.cl\/randim2025\/wp-content\/uploads\/sites\/227\/2024\/09\/dim.png&#8221; title_text=&#8221;DIM&#8221; url=&#8221;https:\/\/www.dim.uchile.cl&#8221; url_new_window=&#8221;on&#8221; align=&#8221;center&#8221; admin_label=&#8221;fcfm&#8221; _builder_version=&#8221;4.27.0&#8243; _module_preset=&#8221;default&#8221; global_colors_info=&#8221;{}&#8221;][\/et_pb_image][\/et_pb_column][et_pb_column type=&#8221;1_5&#8243; _builder_version=&#8221;4.18.0&#8243; _module_preset=&#8221;73121f80-a3ef-4484-8763-c3f18e3c56d2&#8243; global_colors_info=&#8221;{}&#8221;][et_pb_image src=&#8221;https:\/\/eventos.cmm.uchile.cl\/randim2025\/wp-content\/uploads\/sites\/227\/2024\/09\/uoh.png&#8221; title_text=&#8221;Universidad de O&#8217;Higgins&#8221; url=&#8221;https:\/\/www.uoh.cl\/instituto-de-ciencias-de-la-ingenieria\/&#8221; url_new_window=&#8221;on&#8221; align=&#8221;center&#8221; admin_label=&#8221;uoh&#8221; _builder_version=&#8221;4.27.0&#8243; _module_preset=&#8221;default&#8221; global_colors_info=&#8221;{}&#8221;][\/et_pb_image][\/et_pb_column][et_pb_column type=&#8221;1_5&#8243; _builder_version=&#8221;4.18.0&#8243; _module_preset=&#8221;73121f80-a3ef-4484-8763-c3f18e3c56d2&#8243; global_colors_info=&#8221;{}&#8221;][et_pb_image src=&#8221;https:\/\/eventos.cmm.uchile.cl\/randim2025\/wp-content\/uploads\/sites\/227\/2024\/09\/anid.png&#8221; title_text=&#8221;ANID&#8221; url=&#8221;https:\/\/anid.cl\/proyectos-de-investigacion\/proyectos-de-exploracion\/&#8221; url_new_window=&#8221;on&#8221; align=&#8221;center&#8221; admin_label=&#8221;anid&#8221; _builder_version=&#8221;4.27.0&#8243; _module_preset=&#8221;default&#8221; max_width=&#8221;60%&#8221; max_width_tablet=&#8221;none&#8221; max_width_phone=&#8221;none&#8221; max_width_last_edited=&#8221;on|desktop&#8221; global_colors_info=&#8221;{}&#8221;][\/et_pb_image][\/et_pb_column][\/et_pb_row][et_pb_row _builder_version=&#8221;4.27.0&#8243; _module_preset=&#8221;default&#8221; global_colors_info=&#8221;{}&#8221;][et_pb_column type=&#8221;4_4&#8243; _builder_version=&#8221;4.27.0&#8243; _module_preset=&#8221;default&#8221; global_colors_info=&#8221;{}&#8221;][et_pb_text admin_label=&#8221;texto Financiado por&#8230;&#8221; _builder_version=&#8221;4.27.0&#8243; _module_preset=&#8221;default&#8221; global_colors_info=&#8221;{}&#8221;]\n<p>Financiado por el Centro de Modelamiento Matem\u00e1tico (CMM) y ANID a trav\u00e9s de los programas Basal FB210005, Fondecyt Regular y Fondecyt Exploraci\u00f3n.<\/p>\n[\/et_pb_text][\/et_pb_column][\/et_pb_row][\/et_pb_section]\n","protected":false},"excerpt":{"rendered":"<p>The event will be held in the John von Neumann Seminar Room\u00a0of the Center for Mathematical Modeling at the Faculty of Physical and Mathematical Sciences, Universidad de Chile, located in Beauchef 851, Santiago. Auditorio John von Neumann Centro de Modelamiento Matem\u00e1tico (CMM) Facultad de Ciencias F\u00edsicas y Matem\u00e1ticas (FCFM) Universidad de Chile Beauchef 851, Edificio [&hellip;]<\/p>\n","protected":false},"author":2,"featured_media":0,"parent":0,"menu_order":0,"comment_status":"closed","ping_status":"closed","template":"","meta":{"_et_pb_use_builder":"on","_et_pb_old_content":"","_et_gb_content_width":"","inline_featured_image":false,"footnotes":""},"class_list":["post-282","page","type-page","status-publish","hentry"],"_links":{"self":[{"href":"https:\/\/eventos.cmm.uchile.cl\/randim2025\/wp-json\/wp\/v2\/pages\/282","targetHints":{"allow":["GET"]}}],"collection":[{"href":"https:\/\/eventos.cmm.uchile.cl\/randim2025\/wp-json\/wp\/v2\/pages"}],"about":[{"href":"https:\/\/eventos.cmm.uchile.cl\/randim2025\/wp-json\/wp\/v2\/types\/page"}],"author":[{"embeddable":true,"href":"https:\/\/eventos.cmm.uchile.cl\/randim2025\/wp-json\/wp\/v2\/users\/2"}],"replies":[{"embeddable":true,"href":"https:\/\/eventos.cmm.uchile.cl\/randim2025\/wp-json\/wp\/v2\/comments?post=282"}],"version-history":[{"count":12,"href":"https:\/\/eventos.cmm.uchile.cl\/randim2025\/wp-json\/wp\/v2\/pages\/282\/revisions"}],"predecessor-version":[{"id":476,"href":"https:\/\/eventos.cmm.uchile.cl\/randim2025\/wp-json\/wp\/v2\/pages\/282\/revisions\/476"}],"wp:attachment":[{"href":"https:\/\/eventos.cmm.uchile.cl\/randim2025\/wp-json\/wp\/v2\/media?parent=282"}],"curies":[{"name":"wp","href":"https:\/\/api.w.org\/{rel}","templated":true}]}}