{"id":96,"date":"2024-08-07T23:39:53","date_gmt":"2024-08-07T21:39:53","guid":{"rendered":"https:\/\/eventos.cmm.uchile.cl\/pde-uoh-2024\/?page_id=96"},"modified":"2025-11-05T12:55:44","modified_gmt":"2025-11-05T15:55:44","slug":"jornadas","status":"publish","type":"page","link":"https:\/\/eventos.cmm.uchile.cl\/randim2025\/","title":{"rendered":"Jornadas"},"content":{"rendered":"[et_pb_section fb_built=&#8221;1&#8243; admin_label=&#8221;Hero&#8221; _builder_version=&#8221;4.27.0&#8243; _module_preset=&#8221;74c69059-8e69-4122-b1e6-dfeabf6c5711&#8243; use_background_color_gradient=&#8221;on&#8221; background_color_gradient_stops=&#8221;rgba(0,0,0,0.6) 0%|rgba(0,0,0,0.9) 100%&#8221; background_color_gradient_overlays_image=&#8221;on&#8221; background_color_gradient_start=&#8221;rgba(0,0,0,0.5)&#8221; background_color_gradient_end=&#8221;rgba(0,0,0,0.75)&#8221; background_image=&#8221;https:\/\/eventos.cmm.uchile.cl\/randim2025\/wp-content\/uploads\/sites\/227\/2024\/09\/frontis_uoh_crop_01.jpg&#8221; custom_padding=&#8221;8vw||8vw||true|false&#8221; locked=&#8221;off&#8221; collapsed=&#8221;off&#8221; global_colors_info=&#8221;{}&#8221;][et_pb_row _builder_version=&#8221;4.25.1&#8243; _module_preset=&#8221;5138c454-be54-4233-bd3b-f8e6a8747976&#8243; locked=&#8221;off&#8221; global_colors_info=&#8221;{}&#8221;][et_pb_column type=&#8221;4_4&#8243; _builder_version=&#8221;4.23.1&#8243; _module_preset=&#8221;73121f80-a3ef-4484-8763-c3f18e3c56d2&#8243; global_colors_info=&#8221;{}&#8221;][et_pb_heading title=&#8221;6 Y 7 de noviembre 2025 &#8211; Centro de Modelamiento Matem\u00e1tico &#8211; Facultad de Ciencias F\u00edsicas y Matem\u00e1ticas &#8221; _builder_version=&#8221;4.27.0&#8243; _module_preset=&#8221;f0c675ea-2574-4d0e-b725-30f8550a8550&#8243; title_level=&#8221;h4&#8243; title_font=&#8221;Proza Libre|Cormorant Garamond_weight||on|||||&#8221; title_text_color=&#8221;#FFFFFF&#8221; title_font_size=&#8221;14px&#8221; title_letter_spacing=&#8221;1px&#8221; title_line_height=&#8221;1.4em&#8221; custom_margin=&#8221;||10px||false|false&#8221; title_font_size_tablet=&#8221;13px&#8221; title_font_size_phone=&#8221;13px&#8221; title_font_size_last_edited=&#8221;on|desktop&#8221; locked=&#8221;off&#8221; global_colors_info=&#8221;{}&#8221;][\/et_pb_heading][et_pb_heading title=&#8221;Jornada de Investigaci\u00f3n: Universidad de O&#8217;Higgins y Universidad de Chile &#8211; RANDIM 2025&#8243; admin_label=&#8221;Heading&#8221; _builder_version=&#8221;4.27.0&#8243; _module_preset=&#8221;ddeb8c09-9078-4424-bc15-2efb6572e28e&#8221; title_font=&#8221;Cormorant Garamond|Cormorant Garamond_weight|||||||&#8221; title_text_color=&#8221;#FFFFFF&#8221; title_font_size=&#8221;72px&#8221; title_line_height=&#8221;1.15em&#8221; title_font_size_tablet=&#8221;40px&#8221; title_font_size_phone=&#8221;24px&#8221; title_font_size_last_edited=&#8221;on|phone&#8221; locked=&#8221;off&#8221; global_colors_info=&#8221;{}&#8221;][\/et_pb_heading][et_pb_text quote_border_color=&#8221;#FFFFFF&#8221; _builder_version=&#8221;4.27.0&#8243; _module_preset=&#8221;0504de1e-f5ff-4281-ba60-cbbe4edf98bc&#8221; text_font=&#8221;Proza Libre|Proza Libre_weight|||||||&#8221; text_text_color=&#8221;#FFFFFF&#8221; text_font_size=&#8221;16px&#8221; text_line_height=&#8221;1.75em&#8221; link_font=&#8221;||||on||||&#8221; link_text_color=&#8221;#FFFFFF&#8221; quote_font=&#8221;Cormorant Garamond|Cormorant Garamond_weight|||||||&#8221; quote_text_color=&#8221;#FFFFFF&#8221; header_font=&#8221;Cormorant Garamond|Cormorant Garamond_weight|||||||&#8221; header_text_color=&#8221;#FFFFFF&#8221; header_font_size=&#8221;72px&#8221; header_line_height=&#8221;1.15em&#8221; header_2_font=&#8221;Cormorant Garamond|Cormorant Garamond_weight|||||||&#8221; header_2_text_color=&#8221;#FFFFFF&#8221; header_2_font_size=&#8221;50px&#8221; header_2_line_height=&#8221;1.2em&#8221; header_3_font=&#8221;Cormorant Garamond|Cormorant Garamond_weight|||||||&#8221; header_3_text_color=&#8221;#FFFFFF&#8221; header_3_font_size=&#8221;32px&#8221; header_3_line_height=&#8221;1.3em&#8221; header_4_font=&#8221;Cormorant Garamond|Cormorant Garamond_weight|||||||&#8221; header_4_text_color=&#8221;#FFFFFF&#8221; header_4_font_size=&#8221;24px&#8221; header_4_line_height=&#8221;1.4em&#8221; header_5_font=&#8221;Cormorant Garamond|Cormorant Garamond_weight|||||||&#8221; header_5_text_color=&#8221;#FFFFFF&#8221; header_5_font_size=&#8221;18px&#8221; header_5_line_height=&#8221;1.4em&#8221; header_6_font=&#8221;Cormorant Garamond|Cormorant Garamond_weight|||||||&#8221; header_6_text_color=&#8221;#FFFFFF&#8221; header_6_line_height=&#8221;1.5em&#8221; custom_margin=&#8221;||||false|false&#8221; text_font_size_tablet=&#8221;15px&#8221; text_font_size_phone=&#8221;14px&#8221; text_font_size_last_edited=&#8221;on|phone&#8221; header_font_size_tablet=&#8221;40px&#8221; header_font_size_phone=&#8221;24px&#8221; header_font_size_last_edited=&#8221;on|desktop&#8221; header_2_font_size_tablet=&#8221;28px&#8221; header_2_font_size_phone=&#8221;20px&#8221; header_2_font_size_last_edited=&#8221;on|phone&#8221; header_3_font_size_tablet=&#8221;22px&#8221; header_3_font_size_phone=&#8221;17px&#8221; header_3_font_size_last_edited=&#8221;on|phone&#8221; header_4_font_size_tablet=&#8221;18px&#8221; header_4_font_size_phone=&#8221;15px&#8221; header_4_font_size_last_edited=&#8221;on|tablet&#8221; header_5_font_size_tablet=&#8221;15px&#8221; header_5_font_size_phone=&#8221;14px&#8221; header_5_font_size_last_edited=&#8221;on|desktop&#8221; header_6_font_size_tablet=&#8221;13px&#8221; header_6_font_size_phone=&#8221;13px&#8221; header_6_font_size_last_edited=&#8221;on|desktop&#8221; locked=&#8221;off&#8221; global_colors_info=&#8221;{%22#003566%22:%91%22link_text_color%22%93,%22#0e0c19%22:%91%22header_text_color%22,%22header_4_text_color%22,%22header_3_text_color%22,%22header_2_text_color%22,%22header_5_text_color%22,%22header_6_text_color%22%93,%22#ffc300%22:%91%22quote_border_color%22%93}&#8221;]\n<p>Una jornada conjunta DIM-CMM (U. de Chile) y UOH para el intercambio de ideas, conceptos, proyectos y visiones sobre el An\u00e1lisis, la Geometr\u00eda y las Ecuaciones en Derivadas Parciales, con una mirada a futuro y en los nuevos avances en el \u00e1rea.<\/p>\n[\/et_pb_text][et_pb_button button_url=&#8221;@ET-DC@eyJkeW5hbWljIjp0cnVlLCJjb250ZW50IjoicG9zdF9saW5rX3VybF9wYWdlIiwic2V0dGluZ3MiOnsicG9zdF9pZCI6IjgiLCJlbmFibGVfaHRtbCI6Im9mZiJ9fQ==@&#8221; button_text=&#8221;Programa&#8221; admin_label=&#8221;bot\u00f3n Programa&#8221; _builder_version=&#8221;4.27.0&#8243; _dynamic_attributes=&#8221;button_url&#8221; _module_preset=&#8221;1bffc0fc-42a0-49d1-bd9a-ae3ade2d7206&#8243; custom_button=&#8221;on&#8221; button_text_size=&#8221;14px&#8221; button_text_color=&#8221;#FFFFFF&#8221; button_bg_color=&#8221;#003566&#8243; button_border_width=&#8221;0px&#8221; button_border_radius=&#8221;100px&#8221; button_font=&#8221;Proza Libre|700|||||||&#8221; custom_padding=&#8221;12px|24px|12px|24px|true|true&#8221; locked=&#8221;off&#8221; global_colors_info=&#8221;{}&#8221; custom_padding__hover_enabled=&#8221;off|desktop&#8221; custom_padding__hover=&#8221;|28px||20px|true|false&#8221;][\/et_pb_button][\/et_pb_column][\/et_pb_row][\/et_pb_section][et_pb_section fb_built=&#8221;1&#8243; admin_label=&#8221;Text&#8221; _builder_version=&#8221;4.27.0&#8243; _module_preset=&#8221;default&#8221; locked=&#8221;off&#8221; collapsed=&#8221;off&#8221; global_colors_info=&#8221;{}&#8221;][et_pb_row column_structure=&#8221;1_3,2_3&#8243; _builder_version=&#8221;4.27.0&#8243; _module_preset=&#8221;5138c454-be54-4233-bd3b-f8e6a8747976&#8243; global_colors_info=&#8221;{}&#8221;][et_pb_column type=&#8221;1_3&#8243; _builder_version=&#8221;4.16.1&#8243; _module_preset=&#8221;73121f80-a3ef-4484-8763-c3f18e3c56d2&#8243; global_colors_info=&#8221;{}&#8221;][et_pb_heading title=&#8221;Detalles del Evento&#8221; _builder_version=&#8221;4.27.0&#8243; _module_preset=&#8221;f0c675ea-2574-4d0e-b725-30f8550a8550&#8243; title_level=&#8221;h4&#8243; title_font=&#8221;Proza Libre|Cormorant Garamond_weight||on|||||&#8221; title_text_color=&#8221;#0e0c19&#8243; title_font_size=&#8221;14px&#8221; title_letter_spacing=&#8221;1px&#8221; title_line_height=&#8221;1.4em&#8221; custom_margin=&#8221;||10px||false|false&#8221; title_font_size_tablet=&#8221;13px&#8221; title_font_size_phone=&#8221;13px&#8221; title_font_size_last_edited=&#8221;on|desktop&#8221; global_colors_info=&#8221;{}&#8221;][\/et_pb_heading][\/et_pb_column][et_pb_column type=&#8221;2_3&#8243; _builder_version=&#8221;4.16.1&#8243; _module_preset=&#8221;73121f80-a3ef-4484-8763-c3f18e3c56d2&#8243; global_colors_info=&#8221;{}&#8221;][et_pb_heading title=&#8221;Anuncio de la Jornada de Investigaci\u00f3n&#8221; _builder_version=&#8221;4.27.0&#8243; _module_preset=&#8221;ba4a6336-701f-47b8-bf5c-09da0ce28016&#8243; title_level=&#8221;h3&#8243; title_font=&#8221;Cormorant Garamond|Cormorant Garamond_weight|||||||&#8221; title_text_color=&#8221;#0e0c19&#8243; title_font_size=&#8221;32px&#8221; title_line_height=&#8221;1.3em&#8221; custom_margin=&#8221;||10px||false|false&#8221; title_font_size_tablet=&#8221;22px&#8221; title_font_size_phone=&#8221;17px&#8221; title_font_size_last_edited=&#8221;on|phone&#8221; global_colors_info=&#8221;{}&#8221;][\/et_pb_heading][\/et_pb_column][\/et_pb_row][et_pb_row column_structure=&#8221;1_3,1_3,1_3&#8243; _builder_version=&#8221;4.27.0&#8243; _module_preset=&#8221;5138c454-be54-4233-bd3b-f8e6a8747976&#8243; custom_padding=&#8221;0px|||||&#8221; global_colors_info=&#8221;{}&#8221;][et_pb_column type=&#8221;1_3&#8243; _builder_version=&#8221;4.16.1&#8243; _module_preset=&#8221;73121f80-a3ef-4484-8763-c3f18e3c56d2&#8243; global_colors_info=&#8221;{}&#8221;][\/et_pb_column][et_pb_column type=&#8221;1_3&#8243; _builder_version=&#8221;4.16.1&#8243; _module_preset=&#8221;73121f80-a3ef-4484-8763-c3f18e3c56d2&#8243; global_colors_info=&#8221;{}&#8221;][et_pb_text quote_border_color=&#8221;#ffc300&#8243; _builder_version=&#8221;4.27.0&#8243; _module_preset=&#8221;2c55a9c4-feed-423b-9edb-ae0b5b365cac&#8221; text_font=&#8221;Proza Libre|Proza Libre_weight|||||||&#8221; text_text_color=&#8221;#3c3a47&#8243; text_font_size=&#8221;16px&#8221; text_line_height=&#8221;1.75em&#8221; link_font=&#8221;|Proza Libre_weight|||||||&#8221; link_text_color=&#8221;#003566&#8243; quote_font=&#8221;Cormorant Garamond|Cormorant Garamond_weight|||||||&#8221; quote_text_color=&#8221;#0e0c19&#8243; header_font=&#8221;Cormorant Garamond|Cormorant Garamond_weight|||||||&#8221; header_text_color=&#8221;#0e0c19&#8243; header_font_size=&#8221;72px&#8221; header_line_height=&#8221;1.15em&#8221; header_2_font=&#8221;Cormorant Garamond|Cormorant Garamond_weight|||||||&#8221; header_2_text_color=&#8221;#0e0c19&#8243; header_2_font_size=&#8221;50px&#8221; header_2_line_height=&#8221;1.2em&#8221; header_3_font=&#8221;Cormorant Garamond|Cormorant Garamond_weight|||||||&#8221; header_3_text_color=&#8221;#0e0c19&#8243; header_3_font_size=&#8221;32px&#8221; header_3_line_height=&#8221;1.3em&#8221; header_4_font=&#8221;Cormorant Garamond|Cormorant Garamond_weight|||||||&#8221; header_4_text_color=&#8221;#0e0c19&#8243; header_4_font_size=&#8221;24px&#8221; header_4_line_height=&#8221;1.4em&#8221; header_5_font=&#8221;Cormorant Garamond|Cormorant Garamond_weight|||||||&#8221; header_5_text_color=&#8221;#0e0c19&#8243; header_5_font_size=&#8221;18px&#8221; header_5_line_height=&#8221;1.4em&#8221; header_6_font=&#8221;Cormorant Garamond|Cormorant Garamond_weight|||||||&#8221; header_6_text_color=&#8221;#0e0c19&#8243; header_6_line_height=&#8221;1.5em&#8221; custom_margin=&#8221;||||false|false&#8221; text_font_size_tablet=&#8221;15px&#8221; text_font_size_phone=&#8221;14px&#8221; text_font_size_last_edited=&#8221;on|phone&#8221; header_font_size_tablet=&#8221;40px&#8221; header_font_size_phone=&#8221;24px&#8221; header_font_size_last_edited=&#8221;on|desktop&#8221; header_2_font_size_tablet=&#8221;28px&#8221; header_2_font_size_phone=&#8221;20px&#8221; header_2_font_size_last_edited=&#8221;on|phone&#8221; header_3_font_size_tablet=&#8221;22px&#8221; header_3_font_size_phone=&#8221;17px&#8221; header_3_font_size_last_edited=&#8221;on|phone&#8221; header_4_font_size_tablet=&#8221;18px&#8221; header_4_font_size_phone=&#8221;15px&#8221; header_4_font_size_last_edited=&#8221;on|tablet&#8221; header_5_font_size_tablet=&#8221;15px&#8221; header_5_font_size_phone=&#8221;14px&#8221; header_5_font_size_last_edited=&#8221;on|desktop&#8221; header_6_font_size_tablet=&#8221;13px&#8221; header_6_font_size_phone=&#8221;13px&#8221; header_6_font_size_last_edited=&#8221;on|desktop&#8221; locked=&#8221;off&#8221; global_colors_info=&#8221;{}&#8221;]\n<p>Nos complace anunciar la <strong>segunda reuni\u00f3n entre investigadores en geometr\u00eda, an\u00e1lisis y EDPs de la Universidad de O&#8217;Higgins y la Universidad de Chile<\/strong>. Este evento se realizar\u00e1 los 6 y 7 de noviembre del 2025 en la Universidad de Chile, y marcar\u00e1 el inicio de una serie de encuentros destinados a fomentar la colaboraci\u00f3n e intercambio de ideas innovadoras y proyectos a futuro en las \u00e1reas antes mencionadas.<\/p>\n[\/et_pb_text][\/et_pb_column][et_pb_column type=&#8221;1_3&#8243; _builder_version=&#8221;4.16.1&#8243; _module_preset=&#8221;73121f80-a3ef-4484-8763-c3f18e3c56d2&#8243; global_colors_info=&#8221;{}&#8221;][et_pb_text quote_border_color=&#8221;#ffc300&#8243; _builder_version=&#8221;4.27.0&#8243; _module_preset=&#8221;2c55a9c4-feed-423b-9edb-ae0b5b365cac&#8221; text_font=&#8221;Proza Libre|Proza Libre_weight|||||||&#8221; text_text_color=&#8221;#3c3a47&#8243; text_font_size=&#8221;16px&#8221; text_line_height=&#8221;1.75em&#8221; link_font=&#8221;|Proza Libre_weight|||||||&#8221; link_text_color=&#8221;#003566&#8243; quote_font=&#8221;Cormorant Garamond|Cormorant Garamond_weight|||||||&#8221; quote_text_color=&#8221;#0e0c19&#8243; header_font=&#8221;Cormorant Garamond|Cormorant Garamond_weight|||||||&#8221; header_text_color=&#8221;#0e0c19&#8243; header_font_size=&#8221;72px&#8221; header_line_height=&#8221;1.15em&#8221; header_2_font=&#8221;Cormorant Garamond|Cormorant Garamond_weight|||||||&#8221; header_2_text_color=&#8221;#0e0c19&#8243; header_2_font_size=&#8221;50px&#8221; header_2_line_height=&#8221;1.2em&#8221; header_3_font=&#8221;Cormorant Garamond|Cormorant Garamond_weight|||||||&#8221; header_3_text_color=&#8221;#0e0c19&#8243; header_3_font_size=&#8221;32px&#8221; header_3_line_height=&#8221;1.3em&#8221; header_4_font=&#8221;Cormorant Garamond|Cormorant Garamond_weight|||||||&#8221; header_4_text_color=&#8221;#0e0c19&#8243; header_4_font_size=&#8221;24px&#8221; header_4_line_height=&#8221;1.4em&#8221; header_5_font=&#8221;Cormorant Garamond|Cormorant Garamond_weight|||||||&#8221; header_5_text_color=&#8221;#0e0c19&#8243; header_5_font_size=&#8221;18px&#8221; header_5_line_height=&#8221;1.4em&#8221; header_6_font=&#8221;Cormorant Garamond|Cormorant Garamond_weight|||||||&#8221; header_6_text_color=&#8221;#0e0c19&#8243; header_6_line_height=&#8221;1.5em&#8221; custom_margin=&#8221;||||false|false&#8221; text_font_size_tablet=&#8221;15px&#8221; text_font_size_phone=&#8221;14px&#8221; text_font_size_last_edited=&#8221;on|phone&#8221; header_font_size_tablet=&#8221;40px&#8221; header_font_size_phone=&#8221;24px&#8221; header_font_size_last_edited=&#8221;on|desktop&#8221; header_2_font_size_tablet=&#8221;28px&#8221; header_2_font_size_phone=&#8221;20px&#8221; header_2_font_size_last_edited=&#8221;on|phone&#8221; header_3_font_size_tablet=&#8221;22px&#8221; header_3_font_size_phone=&#8221;17px&#8221; header_3_font_size_last_edited=&#8221;on|phone&#8221; header_4_font_size_tablet=&#8221;18px&#8221; header_4_font_size_phone=&#8221;15px&#8221; header_4_font_size_last_edited=&#8221;on|tablet&#8221; header_5_font_size_tablet=&#8221;15px&#8221; header_5_font_size_phone=&#8221;14px&#8221; header_5_font_size_last_edited=&#8221;on|desktop&#8221; header_6_font_size_tablet=&#8221;13px&#8221; header_6_font_size_phone=&#8221;13px&#8221; header_6_font_size_last_edited=&#8221;on|desktop&#8221; locked=&#8221;off&#8221; global_colors_info=&#8221;{}&#8221;]\n<p>Durante esta reuni\u00f3n, se discutir\u00e1n temas de vanguardia y se explorar\u00e1n posibles innovaciones futuras que podr\u00edan revolucionar el campo. Invitamos a todos los interesados a asistir y contribuir a este innovador di\u00e1logo acad\u00e9mico.<\/p>\n[\/et_pb_text][\/et_pb_column][\/et_pb_row][et_pb_row _builder_version=&#8221;4.27.0&#8243; _module_preset=&#8221;default&#8221; global_colors_info=&#8221;{}&#8221;][et_pb_column type=&#8221;4_4&#8243; _builder_version=&#8221;4.27.0&#8243; _module_preset=&#8221;default&#8221; global_colors_info=&#8221;{}&#8221;][et_pb_text _builder_version=&#8221;4.27.0&#8243; _module_preset=&#8221;default&#8221; hover_enabled=&#8221;0&#8243; global_colors_info=&#8221;{}&#8221; sticky_enabled=&#8221;0&#8243;]\n<p><strong>Comit\u00e9 Organizador:<br \/>\n&#183; Andr\u00e9s Z\u00fa\u00f1iga &#8211; Universidad de O&#8217;Higgins<br \/>\n&#183; Claudio Mu\u00f1oz &#8211; Universidad de Chile<br \/>\n&#183; Duvan Henao &#8211; Universidad de O&#8217;Higgins<br \/>\n&#183; Ricardo Freire &#8211; Universidad de Chile[\/et_pb_text][\/et_pb_column][\/et_pb_row][et_pb_row column_structure=&#8221;1_5,1_5,1_5,1_5,1_5&#8243; _builder_version=&#8221;4.27.0&#8243; _module_preset=&#8221;5138c454-be54-4233-bd3b-f8e6a8747976&#8243; background_enable_color=&#8221;off&#8221; custom_padding=&#8221;||||true|true&#8221; border_radii=&#8221;on|6px|6px|6px|6px&#8221; locked=&#8221;off&#8221; global_colors_info=&#8221;{%22#ffc300%22:%91%22background_color%22%93}&#8221;][et_pb_column type=&#8221;1_5&#8243; _builder_version=&#8221;4.18.0&#8243; _module_preset=&#8221;73121f80-a3ef-4484-8763-c3f18e3c56d2&#8243; global_colors_info=&#8221;{}&#8221;][et_pb_image src=&#8221;https:\/\/eventos.cmm.uchile.cl\/randim2025\/wp-content\/uploads\/sites\/227\/2024\/09\/uchile.png&#8221; title_text=&#8221;Universidad de Chile&#8221; align=&#8221;center&#8221; admin_label=&#8221;uchile&#8221; _builder_version=&#8221;4.27.0&#8243; _module_preset=&#8221;default&#8221; global_colors_info=&#8221;{}&#8221;][\/et_pb_image][\/et_pb_column][et_pb_column type=&#8221;1_5&#8243; _builder_version=&#8221;4.18.0&#8243; _module_preset=&#8221;73121f80-a3ef-4484-8763-c3f18e3c56d2&#8243; global_colors_info=&#8221;{}&#8221;][et_pb_image src=&#8221;https:\/\/eventos.cmm.uchile.cl\/randim2025\/wp-content\/uploads\/sites\/227\/2025\/11\/cmm25.png&#8221; title_text=&#8221;Centro de Modelamiento Matem\u00e1tico (CMM)&#8221; url=&#8221;https:\/\/www.cmm.uchile.cl\/&#8221; url_new_window=&#8221;on&#8221; admin_label=&#8221;cmm&#8221; _builder_version=&#8221;4.27.0&#8243; _module_preset=&#8221;default&#8221; max_width=&#8221;70%&#8221; max_width_tablet=&#8221;none&#8221; max_width_phone=&#8221;none&#8221; max_width_last_edited=&#8221;on|phone&#8221; module_alignment=&#8221;center&#8221; global_colors_info=&#8221;{}&#8221;][\/et_pb_image][\/et_pb_column][et_pb_column type=&#8221;1_5&#8243; _builder_version=&#8221;4.18.0&#8243; _module_preset=&#8221;73121f80-a3ef-4484-8763-c3f18e3c56d2&#8243; global_colors_info=&#8221;{}&#8221;][et_pb_image src=&#8221;https:\/\/eventos.cmm.uchile.cl\/randim2025\/wp-content\/uploads\/sites\/227\/2025\/11\/dim60.png&#8221; title_text=&#8221;DIM 60&#8243; url=&#8221;https:\/\/www.dim.uchile.cl&#8221; url_new_window=&#8221;on&#8221; align=&#8221;center&#8221; admin_label=&#8221;cmm&#8221; _builder_version=&#8221;4.27.0&#8243; _module_preset=&#8221;default&#8221; global_colors_info=&#8221;{}&#8221;][\/et_pb_image][\/et_pb_column][et_pb_column type=&#8221;1_5&#8243; _builder_version=&#8221;4.18.0&#8243; _module_preset=&#8221;73121f80-a3ef-4484-8763-c3f18e3c56d2&#8243; global_colors_info=&#8221;{}&#8221;][et_pb_image src=&#8221;https:\/\/eventos.cmm.uchile.cl\/randim2025\/wp-content\/uploads\/sites\/227\/2024\/09\/uoh.png&#8221; title_text=&#8221;Universidad de O&#8217;Higgins&#8221; url=&#8221;https:\/\/www.uoh.cl\/instituto-de-ciencias-de-la-ingenieria\/&#8221; url_new_window=&#8221;on&#8221; align=&#8221;center&#8221; admin_label=&#8221;cmm&#8221; _builder_version=&#8221;4.27.0&#8243; _module_preset=&#8221;default&#8221; global_colors_info=&#8221;{}&#8221;][\/et_pb_image][\/et_pb_column][et_pb_column type=&#8221;1_5&#8243; _builder_version=&#8221;4.18.0&#8243; _module_preset=&#8221;73121f80-a3ef-4484-8763-c3f18e3c56d2&#8243; global_colors_info=&#8221;{}&#8221;][et_pb_image src=&#8221;https:\/\/eventos.cmm.uchile.cl\/randim2025\/wp-content\/uploads\/sites\/227\/2024\/09\/anid.png&#8221; title_text=&#8221;ANID&#8221; url=&#8221;https:\/\/anid.cl\/proyectos-de-investigacion\/proyectos-de-exploracion\/&#8221; url_new_window=&#8221;on&#8221; align=&#8221;center&#8221; admin_label=&#8221;cmm&#8221; _builder_version=&#8221;4.27.0&#8243; _module_preset=&#8221;default&#8221; max_width=&#8221;60%&#8221; max_width_tablet=&#8221;none&#8221; max_width_phone=&#8221;none&#8221; max_width_last_edited=&#8221;on|desktop&#8221; global_colors_info=&#8221;{}&#8221;][\/et_pb_image][\/et_pb_column][\/et_pb_row][et_pb_row _builder_version=&#8221;4.27.0&#8243; _module_preset=&#8221;default&#8221; locked=&#8221;off&#8221; global_colors_info=&#8221;{}&#8221;][et_pb_column type=&#8221;4_4&#8243; _builder_version=&#8221;4.27.0&#8243; _module_preset=&#8221;default&#8221; global_colors_info=&#8221;{}&#8221;][et_pb_text _builder_version=&#8221;4.27.0&#8243; _module_preset=&#8221;default&#8221; global_colors_info=&#8221;{}&#8221;]\n<p>Financiado por el Centro de Modelamiento Matem\u00e1tico (CMM) y ANID a trav\u00e9s de los programas Basal FB210005, Fondecyt Regular y Fondecyt Exploraci\u00f3n.<\/p>\n[\/et_pb_text][\/et_pb_column][\/et_pb_row][\/et_pb_section][et_pb_section fb_built=&#8221;1&#8243; admin_label=&#8221;Call to Action&#8221; _builder_version=&#8221;4.27.0&#8243; _module_preset=&#8221;default&#8221; use_background_color_gradient=&#8221;on&#8221; background_color_gradient_stops=&#8221;rgba(0,0,0,0.75) 0%|rgba(0,0,0,0.75) 100%&#8221; background_color_gradient_overlays_image=&#8221;on&#8221; background_image=&#8221;https:\/\/eventos.cmm.uchile.cl\/randim2025\/wp-content\/uploads\/sites\/227\/2024\/09\/frontis_uoh_rancagua_crop_01.jpg&#8221; custom_padding=&#8221;8vw||8vw||true|false&#8221; locked=&#8221;off&#8221; collapsed=&#8221;off&#8221; global_colors_info=&#8221;{%22gcid-36fd78a7-34bc-404d-873c-dafa34efaae5%22:%91%22button_text_color%22%93}&#8221;][et_pb_row _builder_version=&#8221;4.23.1&#8243; _module_preset=&#8221;5138c454-be54-4233-bd3b-f8e6a8747976&#8243; width=&#8221;70%&#8221; max_width=&#8221;none&#8221; global_colors_info=&#8221;{}&#8221;][et_pb_column type=&#8221;4_4&#8243; _builder_version=&#8221;4.17.6&#8243; _module_preset=&#8221;73121f80-a3ef-4484-8763-c3f18e3c56d2&#8243; global_colors_info=&#8221;{}&#8221;][et_pb_heading title=&#8221;\u00a1No te lo Pierdas!&#8221; _builder_version=&#8221;4.27.0&#8243; _module_preset=&#8221;ddeb8c09-9078-4424-bc15-2efb6572e28e&#8221; title_level=&#8221;h3&#8243; title_font=&#8221;Cormorant Garamond|Cormorant Garamond_weight|||||||&#8221; title_text_align=&#8221;center&#8221; title_text_color=&#8221;#FFFFFF&#8221; title_font_size=&#8221;48px&#8221; title_line_height=&#8221;1.15em&#8221; title_font_size_tablet=&#8221;40px&#8221; title_font_size_phone=&#8221;24px&#8221; title_font_size_last_edited=&#8221;on|desktop&#8221; global_colors_info=&#8221;{}&#8221;][\/et_pb_heading][et_pb_button button_url=&#8221;@ET-DC@eyJkeW5hbWljIjp0cnVlLCJjb250ZW50IjoicG9zdF9saW5rX3VybF9wYWdlIiwic2V0dGluZ3MiOnsicG9zdF9pZCI6IjExNyIsImVuYWJsZV9odG1sIjoib2ZmIn19@&#8221; button_text=&#8221;Reg\u00edstrate Ahora&#8221; button_alignment=&#8221;center&#8221; _builder_version=&#8221;4.27.0&#8243; _dynamic_attributes=&#8221;button_url&#8221; _module_preset=&#8221;ab15fb74-61a3-43aa-96b3-41e09aeef654&#8243; custom_button=&#8221;on&#8221; button_text_size=&#8221;14px&#8221; button_text_color=&#8221;#003566&#8243; button_bg_color=&#8221;#FFFFFF&#8221; button_border_width=&#8221;0px&#8221; button_border_radius=&#8221;100px&#8221; button_font=&#8221;Proza Libre|700|||||||&#8221; custom_padding=&#8221;12px|24px|12px|24px|true|true&#8221; locked=&#8221;off&#8221; global_colors_info=&#8221;{}&#8221;][\/et_pb_button][\/et_pb_column][\/et_pb_row][\/et_pb_section]\n","protected":false},"excerpt":{"rendered":"<p>Una jornada conjunta DIM-CMM (U. de Chile) y UOH para el intercambio de ideas, conceptos, proyectos y visiones sobre el An\u00e1lisis, la Geometr\u00eda y las Ecuaciones en Derivadas Parciales, con una mirada a futuro y en los nuevos avances en el \u00e1rea.Nos complace anunciar la segunda reuni\u00f3n entre investigadores en geometr\u00eda, an\u00e1lisis y EDPs de [&hellip;]<\/p>\n","protected":false},"author":2,"featured_media":0,"parent":0,"menu_order":0,"comment_status":"closed","ping_status":"closed","template":"","meta":{"_et_pb_use_builder":"on","_et_pb_old_content":"<p>Nos complace anunciar la<strong> primera reuni\u00f3n entre investigadores en geometr\u00eda, an\u00e1lisis y EDPs de la Universidad de O\u2019Higgins y la Universidad de Chile<\/strong>. Este evento se realizar\u00e1 el martes 24 de septiembre del 2024 en la UOH y marcar\u00e1 el inicio de una serie de encuentros destinados a fomentar la colaboraci\u00f3n y el intercambio de ideas innovadoras y proyectos a futuro en las \u00e1reas antes mencionadas.<\/p><p>Durante esta reuni\u00f3n, se discutir\u00e1n temas de vanguardia y se explorar\u00e1n posibles innovaciones futuras que podr\u00edan revolucionar el campo. Invitamos a todos los interesados a asistir y contribuir a este innovativo di\u00e1logo acad\u00e9mico.<\/p><p>\u00a0<\/p><h3>Comit\u00e9 Organizador<\/h3><ul><li>Duvan Henao, UOH<\/li><li>Andr\u00e9s Z\u00fa\u00f1iga, UOH<\/li><li>Claudio Mu\u00f1oz, DIM\/CMM, U. de Chile<\/li><li>Ricardo Freire, DIM, U. de Chile<\/li><\/ul>","_et_gb_content_width":"","inline_featured_image":false,"footnotes":""},"class_list":["post-96","page","type-page","status-publish","hentry"],"_links":{"self":[{"href":"https:\/\/eventos.cmm.uchile.cl\/randim2025\/wp-json\/wp\/v2\/pages\/96","targetHints":{"allow":["GET"]}}],"collection":[{"href":"https:\/\/eventos.cmm.uchile.cl\/randim2025\/wp-json\/wp\/v2\/pages"}],"about":[{"href":"https:\/\/eventos.cmm.uchile.cl\/randim2025\/wp-json\/wp\/v2\/types\/page"}],"author":[{"embeddable":true,"href":"https:\/\/eventos.cmm.uchile.cl\/randim2025\/wp-json\/wp\/v2\/users\/2"}],"replies":[{"embeddable":true,"href":"https:\/\/eventos.cmm.uchile.cl\/randim2025\/wp-json\/wp\/v2\/comments?post=96"}],"version-history":[{"count":26,"href":"https:\/\/eventos.cmm.uchile.cl\/randim2025\/wp-json\/wp\/v2\/pages\/96\/revisions"}],"predecessor-version":[{"id":513,"href":"https:\/\/eventos.cmm.uchile.cl\/randim2025\/wp-json\/wp\/v2\/pages\/96\/revisions\/513"}],"wp:attachment":[{"href":"https:\/\/eventos.cmm.uchile.cl\/randim2025\/wp-json\/wp\/v2\/media?parent=96"}],"curies":[{"name":"wp","href":"https:\/\/api.w.org\/{rel}","templated":true}]}}