{"id":26,"date":"2018-10-01T16:33:51","date_gmt":"2018-10-01T19:33:51","guid":{"rendered":"http:\/\/eventos.cmm.uchile.cl\/reliability2019\/?page_id=26"},"modified":"2018-10-01T16:37:38","modified_gmt":"2018-10-01T19:37:38","slug":"venue","status":"publish","type":"page","link":"https:\/\/eventos.cmm.uchile.cl\/reliability2019\/venue\/","title":{"rendered":"Venue"},"content":{"rendered":"<p><strong>Universidad Adolfo Ib\u00e1\u00f1ez<\/strong><br \/>\nCampus Pe\u00f1alol\u00e9n<br \/>\nAv. Diagonal Las Torres 2640, Pe\u00f1alol\u00e9n<br \/>\nSantiago \u2013 Chile<\/p>\n<p><img loading=\"lazy\" decoding=\"async\" class=\"alignnone size-full wp-image-29\" src=\"http:\/\/eventos.cmm.uchile.cl\/reliability2019\/wp-content\/uploads\/sites\/68\/2018\/10\/uai_penalolen_01.jpg\" alt=\"\" width=\"604\" height=\"240\" srcset=\"https:\/\/eventos.cmm.uchile.cl\/reliability2019\/wp-content\/uploads\/sites\/68\/2018\/10\/uai_penalolen_01.jpg 604w, https:\/\/eventos.cmm.uchile.cl\/reliability2019\/wp-content\/uploads\/sites\/68\/2018\/10\/uai_penalolen_01-300x119.jpg 300w\" sizes=\"auto, (max-width: 604px) 100vw, 604px\" \/><\/p>\n\n<!-- iframe plugin v.6.0 wordpress.org\/plugins\/iframe\/ -->\n<iframe loading=\"lazy\" src=\"https:\/\/www.google.com\/maps\/embed?pb=!1m18!1m12!1m3!1d7050.856277500716!2d-70.51972895900104!3d-33.48677754195308!2m3!1f0!2f0!3f0!3m2!1i1024!2i768!4f13.1!3m3!1m2!1s0x9662d218076dd11f%3A0x438cbe2b72dffdeb!2sDiagonal+Las+Torres+2640%2C+Penalolen%2C+Pe%C3%B1alol%C3%A9n%2C+Regi%C3%B3n+Metropolitana!5e0!3m2!1sen!2scl!4v1538422362020\" width=\"604\" height=\"450\" frameborder=\"0\" style=\"border:0\" 0=\"allowfullscreen\" scrolling=\"yes\" class=\"iframe-class\"><\/iframe>\n\n","protected":false},"excerpt":{"rendered":"<p>Universidad Adolfo Ib\u00e1\u00f1ez Campus Pe\u00f1alol\u00e9n Av. Diagonal Las Torres 2640, Pe\u00f1alol\u00e9n Santiago \u2013 Chile<\/p>\n","protected":false},"author":2,"featured_media":0,"parent":0,"menu_order":8,"comment_status":"closed","ping_status":"closed","template":"","meta":{"inline_featured_image":false,"footnotes":""},"class_list":["post-26","page","type-page","status-publish","hentry"],"_links":{"self":[{"href":"https:\/\/eventos.cmm.uchile.cl\/reliability2019\/wp-json\/wp\/v2\/pages\/26","targetHints":{"allow":["GET"]}}],"collection":[{"href":"https:\/\/eventos.cmm.uchile.cl\/reliability2019\/wp-json\/wp\/v2\/pages"}],"about":[{"href":"https:\/\/eventos.cmm.uchile.cl\/reliability2019\/wp-json\/wp\/v2\/types\/page"}],"author":[{"embeddable":true,"href":"https:\/\/eventos.cmm.uchile.cl\/reliability2019\/wp-json\/wp\/v2\/users\/2"}],"replies":[{"embeddable":true,"href":"https:\/\/eventos.cmm.uchile.cl\/reliability2019\/wp-json\/wp\/v2\/comments?post=26"}],"version-history":[{"count":7,"href":"https:\/\/eventos.cmm.uchile.cl\/reliability2019\/wp-json\/wp\/v2\/pages\/26\/revisions"}],"predecessor-version":[{"id":35,"href":"https:\/\/eventos.cmm.uchile.cl\/reliability2019\/wp-json\/wp\/v2\/pages\/26\/revisions\/35"}],"wp:attachment":[{"href":"https:\/\/eventos.cmm.uchile.cl\/reliability2019\/wp-json\/wp\/v2\/media?parent=26"}],"curies":[{"name":"wp","href":"https:\/\/api.w.org\/{rel}","templated":true}]}}