{"id":7,"date":"2018-10-01T14:19:18","date_gmt":"2018-10-01T17:19:18","guid":{"rendered":"http:\/\/eventos.cmm.uchile.cl\/reliability2019\/?page_id=7"},"modified":"2019-01-26T22:18:50","modified_gmt":"2019-01-27T01:18:50","slug":"workshop","status":"publish","type":"page","link":"https:\/\/eventos.cmm.uchile.cl\/reliability2019\/","title":{"rendered":"Workshop"},"content":{"rendered":"<p>Today we rely strongly on\u00a0multiple networks to develop our daily activities, especially on <strong>electrical grids and telecommunication networks<\/strong>. In general these and other networks can fail due to endogenous or exogenous reasons. These failures raise an array of critical questions that need to be properly addressed if we aim to develop a secured critical network infrastructure\u00a0in the future such as:\u00a0 How can power and telecommunication networks keep on working after a large scale seismic event? Could a telecommunication network withstand a cyber attack that takes down several components simultaneously? How do we design networks that are resilient to a comprehensive set of outages caused by natural hazards or by human intervention?<\/p>\n<p>We will discuss these and other similar issues from the perspectives of <strong>stochastic and robust optimization, simulation and analysis<\/strong>. Our ultimate goal is to provide a platform for technical interdisciplinary discussions bridging the knowledge between experts in engineering and mathematics, who will derive together key insights on the design of reliable and resilient real-world power and telecommunication networks necessary to face the challenges of the 21st century.<\/p>\n<h3>Mini-courses<\/h3>\n<ul>\n<li><a href=\"https:\/\/people.rennes.inria.fr\/Gerardo.Rubino\/\" target=\"_blank\" rel=\"noopener\">Gerardo Rubino<\/a>, INRIA-Rennes, France<br \/>\nTitle:\u00a0<em>Dependability assessment models and evaluation techniques<\/em><\/li>\n<li><a href=\"https:\/\/people.smp.uq.edu.au\/RadislavVaisman\/\" target=\"_blank\" rel=\"noopener\">Radislav Vaisman<\/a>, University of Queensland, Australia<br \/>\nTitle:\u00a0<em>Splitting Monte Carlo methods for network reliability estimation<\/em> [<a href=\"http:\/\/eventos.cmm.uchile.cl\/reliability2019\/wp-content\/uploads\/sites\/68\/2019\/01\/Slava.pdf\">slides here<\/a>]<\/li>\n<\/ul>\n<h3>Talks<\/h3>\n<ul>\n<li><a href=\"https:\/\/www.fing.edu.uy\/~cancela\/\" target=\"_blank\" rel=\"noopener\">H\u00e9ctor Cancela<\/a>, Universidad de la Rep\u00fablica, Uruguay<br \/>\nTitle:\u00a0<em>Separability in Stochastic Binary Systems<\/em><\/li>\n<li><a href=\"https:\/\/sites.google.com\/site\/zoccaale\/\" target=\"_blank\" rel=\"noopener\">Alessandro Zocca<\/a>, California Institute of Technology, USA<br \/>\nTitle:\u00a0<em>Stochastic modeling and control of power grids under uncertainty<\/em><\/li>\n<li>Oscar Alamos, Chilean Energy Ministry, Chile<br \/>\nTitle:\u00a0<em>System reliability and security perspective<\/em><\/li>\n<li>Diego Alvarado, Universidad de Chile, Chile<br \/>\nTitle:\u00a0<em>Transmission network investment with distributed energy resources and distributionally robust security<\/em> [<a href=\"http:\/\/eventos.cmm.uchile.cl\/reliability2019\/wp-content\/uploads\/sites\/68\/2019\/01\/Diego.pdf\">slides here<\/a>]<\/li>\n<li><a href=\"http:\/\/hectorchavez.usach.cl\/\">H\u00e9ctor Ch\u00e1vez<\/a>, Universidad de Santiago, Chile<br \/>\nTitle: <em>The importance of the short term phenomena in power system decisions<\/em><\/li>\n<li><a href=\"https:\/\/sites.google.com\/site\/rolandod\/\">Rolando de la Cruz<\/a>, Universidad Adolfo Ib\u00e1\u00f1ez, Chile<br \/>\nTitle:\u00a0<em>On some Bayesian approaches for the gamma process<\/em><\/li>\n<li><a href=\"https:\/\/www2.isye.gatech.edu\/~grlb3\/\" target=\"_blank\" rel=\"noopener\">Guido Lagos<\/a>, Universidad de Santiago, Chile<br \/>\nTitle:\u00a0<em>A probability concentration phenomenon for network reliability under dependent failures<\/em> [<a href=\"http:\/\/eventos.cmm.uchile.cl\/reliability2019\/wp-content\/uploads\/sites\/68\/2019\/01\/Guido.pdf\" target=\"_blank\" rel=\"noopener\">slides here<\/a>]<\/li>\n<li><a href=\"https:\/\/www.researchgate.net\/profile\/Tomas_Lagos\">Tom\u00e1s Lagos<\/a>, Universidad de Chile, Chile<br \/>\nTitle:\u00a0<em>Designing resilient power system under natural hazards<\/em> [<a href=\"http:\/\/eventos.cmm.uchile.cl\/reliability2019\/wp-content\/uploads\/sites\/68\/2019\/01\/Tomas.pdf\">slides here<\/a>]<\/li>\n<li><a href=\"https:\/\/www.researchgate.net\/profile\/Cristina_Mayr\">Cristina Mayr<\/a>, Universidad de la Rep\u00fablica, Uruguay<br \/>\nTitle:\u00a0<em>A combinatorial optimization framework for the design of resilient iBGP overlays<\/em><\/li>\n<li><a href=\"http:\/\/emoreno.uai.cl\/Eduardo_Moreno\/Homepage_Eduardo_Moreno.html\" target=\"_blank\" rel=\"noopener\">Eduardo Moreno<\/a>, Universidad Adolfo Ib\u00e1\u00f1ez, Chile<br \/>\nTitle:\u00a0<em>Optimal operation and planning of electricity networks: the impact of geographical failures and its dependencies<\/em><\/li>\n<li><a href=\"https:\/\/sites.google.com\/site\/rmorenov\" target=\"_blank\" rel=\"noopener\">Rodrigo Moreno<\/a>, Universidad de Chile, Chile<br \/>\nTitle: <em>Identifying portfolios of resilient network investment against natural hazards: case on earthquakes<\/em><\/li>\n<\/ul>\n<h3>Posters<\/h3>\n<ul>\n<li><a href=\"https:\/\/www.researchgate.net\/profile\/Leslie_Murray4\">Leslie Murray<\/a>,\u00a0Universidad Nacional de Rosario, Argentina<\/li>\n<li><a href=\"https:\/\/www.researchgate.net\/profile\/Yasmany_Prieto3\">Yasmany Prieto<\/a>, Universidad de Concepci\u00f3n, Chile<\/li>\n<li><a href=\"https:\/\/www.researchgate.net\/profile\/Alex_Jacome\">Alex Villamar\u00edn Jacome<\/a>, Universidad de Chile, Chile<\/li>\n<\/ul>\n<h3>Location<\/h3>\n<p>Room 305C, Building C (&#8220;Edificio Postgrados&#8221; building), Pe\u00f1alol\u00e9n campus of Universidad Adolfo Ib\u00e1\u00f1ez; see <a href=\"https:\/\/www.uai.cl\/campus-uai\/campus-penalolen\/\">here<\/a> and <a href=\"https:\/\/www.uai.cl\/assets\/uploads\/2018\/03\/mapa-stgo.pdf\">here<\/a>.<\/p>\n<p><strong>Note:<\/strong> we will have a van to-and-fro the\u00a0<a href=\"https:\/\/goo.gl\/maps\/RYZyDvunBzp\">Time Rugendas Hotel<\/a>\u00a0for all workshop attendees. It will depart from the hotel at 9:05am in the morning (Tue, Wed and Thu), and it will depart UAI after all events of the workshop are finished, that is at approx 6:30pm on Tue, and approx 5:45pm on Wed and Thu.<\/p>\n<h3>Submissions<\/h3>\n<p>We welcome submissions to be considered for presentation at our workshop, in the form of a 20 min talk or a poster. Please send your proposal (name, affiliation, and a short abstract of about 200 words) to guido.lagos@usach.cl and we will contact you in short.<\/p>\n<h3>Organizing committee<\/h3>\n<ul>\n<li><a href=\"http:\/\/jbarrera.uai.cl\/\" target=\"_blank\" rel=\"noopener\">Javiera Barrera<\/a>, Universidad Adolfo Ib\u00e1\u00f1ez, Chile<\/li>\n<li><a href=\"https:\/\/www.fing.edu.uy\/~cancela\/\" target=\"_blank\" rel=\"noopener\">H\u00e9ctor Cancela<\/a>, Universidad de la Rep\u00fablica, Uruguay<\/li>\n<li><a href=\"https:\/\/www2.isye.gatech.edu\/~grlb3\/\" target=\"_blank\" rel=\"noopener\">Guido Lagos<\/a>, Universidad de Santiago, Chile<\/li>\n<li><a href=\"https:\/\/sites.google.com\/site\/rmorenov\" target=\"_blank\" rel=\"noopener\">Rodrigo Moreno<\/a>, Universidad de Chile, Chile<\/li>\n<\/ul>\n<h3>Local committee<\/h3>\n<ul>\n<li><a href=\"http:\/\/jbarrera.uai.cl\/\" target=\"_blank\" rel=\"noopener\">Javiera Barrera<\/a>, Universidad Adolfo Ib\u00e1\u00f1ez, Chile<\/li>\n<li><a href=\"https:\/\/www2.isye.gatech.edu\/~grlb3\/\" target=\"_blank\" rel=\"noopener\">Guido Lagos<\/a>, Universidad de Santiago, Chile<\/li>\n<\/ul>\n<p>This workshop is funded in part by projects <em>Fondecyt 1161064<\/em> and <em>MathAmsud RareDep 19-MathAmsud-03<\/em>.<\/p>\n<p><img loading=\"lazy\" decoding=\"async\" class=\"alignnone size-full wp-image-40\" src=\"http:\/\/eventos.cmm.uchile.cl\/reliability2019\/wp-content\/uploads\/sites\/68\/2018\/10\/reliability2019_sponsors_web01.png\" alt=\"\" width=\"604\" height=\"100\" srcset=\"https:\/\/eventos.cmm.uchile.cl\/reliability2019\/wp-content\/uploads\/sites\/68\/2018\/10\/reliability2019_sponsors_web01.png 604w, https:\/\/eventos.cmm.uchile.cl\/reliability2019\/wp-content\/uploads\/sites\/68\/2018\/10\/reliability2019_sponsors_web01-300x50.png 300w\" sizes=\"auto, (max-width: 604px) 100vw, 604px\" \/><\/p>\n","protected":false},"excerpt":{"rendered":"<p>Today we rely strongly on\u00a0multiple networks to develop our daily activities, especially on electrical grids and telecommunication networks. In general these and other networks can fail due to endogenous or exogenous reasons. These failures raise an array of critical questions that need to be properly addressed if we aim to develop a secured critical network &hellip; <a href=\"https:\/\/eventos.cmm.uchile.cl\/reliability2019\/\" class=\"more-link\">Continue reading <span class=\"screen-reader-text\">Workshop<\/span> <span class=\"meta-nav\">&rarr;<\/span><\/a><\/p>\n","protected":false},"author":2,"featured_media":0,"parent":0,"menu_order":0,"comment_status":"closed","ping_status":"closed","template":"","meta":{"inline_featured_image":false,"footnotes":""},"class_list":["post-7","page","type-page","status-publish","hentry"],"_links":{"self":[{"href":"https:\/\/eventos.cmm.uchile.cl\/reliability2019\/wp-json\/wp\/v2\/pages\/7","targetHints":{"allow":["GET"]}}],"collection":[{"href":"https:\/\/eventos.cmm.uchile.cl\/reliability2019\/wp-json\/wp\/v2\/pages"}],"about":[{"href":"https:\/\/eventos.cmm.uchile.cl\/reliability2019\/wp-json\/wp\/v2\/types\/page"}],"author":[{"embeddable":true,"href":"https:\/\/eventos.cmm.uchile.cl\/reliability2019\/wp-json\/wp\/v2\/users\/2"}],"replies":[{"embeddable":true,"href":"https:\/\/eventos.cmm.uchile.cl\/reliability2019\/wp-json\/wp\/v2\/comments?post=7"}],"version-history":[{"count":25,"href":"https:\/\/eventos.cmm.uchile.cl\/reliability2019\/wp-json\/wp\/v2\/pages\/7\/revisions"}],"predecessor-version":[{"id":120,"href":"https:\/\/eventos.cmm.uchile.cl\/reliability2019\/wp-json\/wp\/v2\/pages\/7\/revisions\/120"}],"wp:attachment":[{"href":"https:\/\/eventos.cmm.uchile.cl\/reliability2019\/wp-json\/wp\/v2\/media?parent=7"}],"curies":[{"name":"wp","href":"https:\/\/api.w.org\/{rel}","templated":true}]}}