{"id":9,"date":"2018-10-01T14:30:04","date_gmt":"2018-10-01T17:30:04","guid":{"rendered":"http:\/\/eventos.cmm.uchile.cl\/reliability2019\/?page_id=9"},"modified":"2019-02-18T12:48:46","modified_gmt":"2019-02-18T15:48:46","slug":"program","status":"publish","type":"page","link":"https:\/\/eventos.cmm.uchile.cl\/reliability2019\/program\/","title":{"rendered":"Program"},"content":{"rendered":"<h3>Mini-courses<\/h3>\n<ul>\n<li><a href=\"https:\/\/people.rennes.inria.fr\/Gerardo.Rubino\/\" target=\"_blank\" rel=\"noopener\">Gerardo Rubino<\/a>, INRIA-Rennes, France<br \/>\nTitle:\u00a0<em><em><em>Dependability assessment models and evaluation techniques<\/em><\/em><\/em><\/li>\n<li><a href=\"https:\/\/people.smp.uq.edu.au\/RadislavVaisman\/\" target=\"_blank\" rel=\"noopener\">Radislav Vaisman<\/a>, University of Queensland, Australia<br \/>\nTitle:\u00a0<em>Splitting Monte Carlo methods for network reliability estimation<\/em> [<a href=\"http:\/\/eventos.cmm.uchile.cl\/reliability2019\/wp-content\/uploads\/sites\/68\/2019\/01\/Slava.pdf\">slides here<\/a>]<\/li>\n<\/ul>\n<h3>Talks<\/h3>\n<ul>\n<li><a href=\"https:\/\/www.fing.edu.uy\/~cancela\/\" target=\"_blank\" rel=\"noopener\">H\u00e9ctor Cancela<\/a>, Universidad de la Rep\u00fablica, Uruguay<br \/>\nTitle:\u00a0<em><em><em>Separability in Stochastic Binary Systems<\/em><\/em><\/em><\/li>\n<li><a href=\"https:\/\/sites.google.com\/site\/zoccaale\/\" target=\"_blank\" rel=\"noopener\">Alessandro Zocca<\/a>, California Institute of Technology, USA<br \/>\nTitle:\u00a0<em><em><em>Stochastic modeling and control of power grids under uncertainty<\/em><\/em><\/em><\/li>\n<li>Oscar Alamos, Chilean Energy Ministry, Chile<br \/>\nTitle:\u00a0<em>System reliability and security perspective<\/em><\/li>\n<li>Diego Alvarado, Universidad de Chile, Chile<br \/>\nTitle:\u00a0<em><em><em>Transmission network investment with distributed energy resources and distributionally robust security<\/em><\/em><\/em> [<a href=\"http:\/\/eventos.cmm.uchile.cl\/reliability2019\/wp-content\/uploads\/sites\/68\/2019\/01\/Diego.pdf\">slides here<\/a>]<\/li>\n<li><a href=\"http:\/\/hectorchavez.usach.cl\/\">H\u00e9ctor Ch\u00e1vez<\/a>, Universidad de Santiago, Chile<br \/>\nTitle: <em>The importance of the short term phenomena in power system decisions<\/em><\/li>\n<li><a href=\"https:\/\/sites.google.com\/site\/rolandod\/\">Rolando de la Cruz<\/a>, Universidad Adolfo Ib\u00e1\u00f1ez, Chile<br \/>\nTitle:\u00a0<em><em><em>On some Bayesian approaches for the gamma process<\/em><\/em><\/em><\/li>\n<li><a href=\"https:\/\/www2.isye.gatech.edu\/~grlb3\/\" target=\"_blank\" rel=\"noopener\">Guido Lagos<\/a>, Universidad de Santiago, Chile<br \/>\nTitle:\u00a0<em><em><em>A probability concentration phenomenon for network reliability under dependent failures<\/em><\/em><\/em> [<a href=\"http:\/\/eventos.cmm.uchile.cl\/reliability2019\/wp-content\/uploads\/sites\/68\/2019\/01\/Guido.pdf\" target=\"_blank\" rel=\"noopener\">slides here<\/a>]<\/li>\n<li><a href=\"https:\/\/www.researchgate.net\/profile\/Tomas_Lagos\">Tom\u00e1s Lagos<\/a>, Universidad de Chile, Chile<br \/>\nTitle:\u00a0<em><em><em>Designing resilient power system under natural hazards<\/em><\/em><\/em> [<a href=\"http:\/\/eventos.cmm.uchile.cl\/reliability2019\/wp-content\/uploads\/sites\/68\/2019\/01\/Tomas.pdf\">slides here<\/a>]<\/li>\n<li><a href=\"https:\/\/www.researchgate.net\/profile\/Cristina_Mayr\">Cristina Mayr<\/a>, Universidad de la Rep\u00fablica, Uruguay<br \/>\nTitle:\u00a0<em><em><em>A combinatorial optimization framework for the design of resilient iBGP overlays<\/em><\/em><\/em> [<a href=\"http:\/\/eventos.cmm.uchile.cl\/reliability2019\/wp-content\/uploads\/sites\/68\/2019\/02\/mayr.pdf\">slides here<\/a>]<\/li>\n<li><a href=\"http:\/\/emoreno.uai.cl\/Eduardo_Moreno\/Homepage_Eduardo_Moreno.html\" target=\"_blank\" rel=\"noopener\">Eduardo Moreno<\/a>, Universidad Adolfo Ib\u00e1\u00f1ez, Chile<br \/>\nTitle:\u00a0<em><em><em>Optimal operation and planning of electricity networks: the impact of geographical failures and its dependencies<\/em><\/em><\/em><\/li>\n<li><a href=\"https:\/\/sites.google.com\/site\/rmorenov\" target=\"_blank\" rel=\"noopener\">Rodrigo Moreno<\/a>, Universidad de Chile, Chile<br \/>\nTitle: <em>Identifying portfolios of resilient network investment against natural hazards: case on earthquakes<\/em><\/li>\n<\/ul>\n<h3>Posters<\/h3>\n<ul>\n<li><a href=\"https:\/\/www.researchgate.net\/profile\/Leslie_Murray4\">Leslie Murray<\/a>,\u00a0Universidad Nacional de Rosario, Argentina<br \/>\nTitle:\u00a0<em>Stochastic flow network reliability estimation \u2014 splitting based method for highly reliable networks<\/em><\/li>\n<li><a href=\"https:\/\/www.researchgate.net\/profile\/Yasmany_Prieto3\">Yasmany Prieto<\/a>, Universidad de Concepci\u00f3n, Chile<br \/>\nTitle:\u00a0<em><em>Software-Defined Networking survivable migration method based on shared-risk awareness<\/em><\/em><\/li>\n<li><a href=\"https:\/\/www.researchgate.net\/profile\/Alex_Jacome\">Alex Villamar\u00edn J\u00e1come<\/a>, Universidad de Chile, Chile<br \/>\nTitle:\u00a0<em>A modelling framework for resilient network investments against natural hazards<\/em><\/li>\n<\/ul>\n<h3>Location<\/h3>\n<p>Room 305C, Building C (&#8220;Edificio Postgrados&#8221; building), Pe\u00f1alol\u00e9n campus of Universidad Adolfo Ib\u00e1\u00f1ez; see <a href=\"https:\/\/www.uai.cl\/campus-uai\/campus-penalolen\/\">here<\/a> and <a href=\"https:\/\/www.uai.cl\/assets\/uploads\/2018\/03\/mapa-stgo.pdf\">here<\/a>.<\/p>\n<p><strong>Note:<\/strong> we will have a van to-and-fro the\u00a0<a href=\"https:\/\/goo.gl\/maps\/RYZyDvunBzp\">Time Rugendas Hotel<\/a>\u00a0for all workshop attendees. It will depart from the hotel at 9:05am in the morning (Tue, Wed and Thu), and it will depart UAI after all events of the workshop are finished, that is at approx 6:30pm on Tue, and approx 5:45pm on Wed and Thu.<\/p>\n<h3>Schedule<\/h3>\n<table width=\"100%\">\n<tbody>\n<tr>\n<td width=\"124\"><span style=\"font-size: 16px\">\u00a0<\/span><\/td>\n<td style=\"text-align: center\" width=\"180\"><span style=\"font-size: 16px\">Tuesday<\/span><\/td>\n<td style=\"text-align: center\" width=\"180\"><span style=\"font-size: 16px\">Wednesday<\/span><\/td>\n<td style=\"text-align: center\" width=\"180\"><span style=\"font-size: 16px\">Thursday<\/span><\/td>\n<\/tr>\n<tr>\n<td style=\"text-align: center\"><span style=\"font-size: 16px\">10:00 &#8211; 11:00<br \/>\n(1 hr minicourse)<\/span><\/td>\n<td style=\"text-align: center\"><span style=\"font-size: 16px\">Gerardo Rubino<\/span><\/td>\n<td style=\"text-align: center\"><span style=\"font-size: 16px\">Gerardo Rubino<\/span><\/td>\n<td style=\"text-align: center\"><span style=\"font-size: 16px\">Gerardo Rubino<\/span><\/td>\n<\/tr>\n<tr>\n<td style=\"text-align: center\"><span style=\"font-size: 16px\">11:00 &#8211; 11:30<\/span><\/td>\n<td style=\"text-align: center\"><span style=\"font-size: 16px\">Coffee break<\/span><\/td>\n<td style=\"text-align: center\"><span style=\"font-size: 16px\">Coffee break<\/span><\/td>\n<td style=\"text-align: center\"><span style=\"font-size: 16px\">Coffee break<\/span><\/td>\n<\/tr>\n<tr>\n<td style=\"text-align: center\"><span style=\"font-size: 16px\">11:30 -12:30<br \/>\n(1 hr minicourse)<\/span><\/td>\n<td style=\"text-align: center\"><span style=\"font-size: 16px\">Slava Vaisman<\/span><\/td>\n<td style=\"text-align: center\"><span style=\"font-size: 16px\">Slava Vaisman<\/span><\/td>\n<td style=\"text-align: center\"><span style=\"font-size: 16px\">Slava Vaisman<\/span><\/td>\n<\/tr>\n<tr>\n<td style=\"text-align: center\"><span style=\"font-size: 16px\">12:30 \u2013 14:30<\/span><\/td>\n<td style=\"text-align: center\"><span style=\"font-size: 16px\">Lunch<\/span><\/td>\n<td style=\"text-align: center\"><span style=\"font-size: 16px\">Lunch<\/span><\/td>\n<td style=\"text-align: center\"><span style=\"font-size: 16px\">Lunch<\/span><\/td>\n<\/tr>\n<tr>\n<td style=\"text-align: center\"><span style=\"font-size: 16px\">14:30 \u2013 15:30<br \/>\n(1 hr talk)<\/span><\/td>\n<td style=\"text-align: center\"><span style=\"font-size: 16px\">Alessandro Zocca<\/span><\/td>\n<td style=\"text-align: center\"><span style=\"font-size: 16px\">Rodrigo Moreno<\/span><\/td>\n<td style=\"text-align: center\"><span style=\"font-size: 16px\">H\u00e9ctor Cancela<\/span><\/td>\n<\/tr>\n<tr>\n<td style=\"text-align: center\"><span style=\"font-size: 16px\">15:30 &#8211; 16:00<\/span><\/td>\n<td style=\"text-align: center\"><span style=\"font-size: 16px\">Coffee break<\/span><\/td>\n<td style=\"text-align: center\"><span style=\"font-size: 16px\">Coffee break<\/span><\/td>\n<td style=\"text-align: center\"><span style=\"font-size: 16px\">Coffee break<\/span><\/td>\n<\/tr>\n<tr>\n<td style=\"text-align: center\"><span style=\"font-size: 16px\">16:00 &#8211; 16:30<br \/>\n(30 min talk)<\/span><\/td>\n<td style=\"text-align: center\"><span style=\"font-size: 16px\">Guido Lagos<\/span><\/td>\n<td style=\"text-align: center\"><span style=\"font-size: 16px\">H\u00e9ctor Ch\u00e1vez<\/span><\/td>\n<td style=\"text-align: center\"><span style=\"font-size: 16px\">Cristina Mayr<\/span><\/td>\n<\/tr>\n<tr>\n<td style=\"text-align: center\"><span style=\"font-size: 16px\">16:30 &#8211; 17:00<br \/>\n(30 min talk)<\/span><\/td>\n<td style=\"text-align: center\"><span style=\"font-size: 16px\">Diego Alvarado<\/span><\/td>\n<td style=\"text-align: center\"><span style=\"font-size: 16px\">Chilean Energy Ministry<\/span><\/td>\n<td style=\"text-align: center\"><span style=\"font-size: 16px\">Rolando de la Cruz<\/span><\/td>\n<\/tr>\n<tr>\n<td style=\"text-align: center\"><span style=\"font-size: 16px\">17:00 &#8211; 17:30<br \/>\n(30 min talk)<\/span><\/td>\n<td style=\"text-align: center\"><span style=\"font-size: 16px\">Tom\u00e1s Lagos<\/span><\/td>\n<td style=\"text-align: center\"><span style=\"font-size: 16px\">Eduardo Moreno<\/span><\/td>\n<td style=\"text-align: center\"><\/td>\n<\/tr>\n<tr>\n<td style=\"text-align: center\"><span style=\"font-size: 16px\">\u00a0<\/span><\/td>\n<td style=\"text-align: center\"><span style=\"font-size: 16px\">Reception &amp; Posters<\/span><\/td>\n<td style=\"text-align: center\"><span style=\"font-size: 16px\">Dinner<\/span><\/td>\n<td style=\"text-align: center\"><span style=\"font-size: 16px\">\u00a0<\/span><\/td>\n<\/tr>\n<\/tbody>\n<\/table>\n","protected":false},"excerpt":{"rendered":"<p>Mini-courses Gerardo Rubino, INRIA-Rennes, France Title:\u00a0Dependability assessment models and evaluation techniques Radislav Vaisman, University of Queensland, Australia Title:\u00a0Splitting Monte Carlo methods for network reliability estimation [slides here] Talks H\u00e9ctor Cancela, Universidad de la Rep\u00fablica, Uruguay Title:\u00a0Separability in Stochastic Binary Systems Alessandro Zocca, California Institute of Technology, USA Title:\u00a0Stochastic modeling and control of power grids under &hellip; <a href=\"https:\/\/eventos.cmm.uchile.cl\/reliability2019\/program\/\" class=\"more-link\">Continue reading <span class=\"screen-reader-text\">Program<\/span> <span class=\"meta-nav\">&rarr;<\/span><\/a><\/p>\n","protected":false},"author":2,"featured_media":0,"parent":0,"menu_order":1,"comment_status":"closed","ping_status":"closed","template":"","meta":{"inline_featured_image":false,"footnotes":""},"class_list":["post-9","page","type-page","status-publish","hentry"],"_links":{"self":[{"href":"https:\/\/eventos.cmm.uchile.cl\/reliability2019\/wp-json\/wp\/v2\/pages\/9","targetHints":{"allow":["GET"]}}],"collection":[{"href":"https:\/\/eventos.cmm.uchile.cl\/reliability2019\/wp-json\/wp\/v2\/pages"}],"about":[{"href":"https:\/\/eventos.cmm.uchile.cl\/reliability2019\/wp-json\/wp\/v2\/types\/page"}],"author":[{"embeddable":true,"href":"https:\/\/eventos.cmm.uchile.cl\/reliability2019\/wp-json\/wp\/v2\/users\/2"}],"replies":[{"embeddable":true,"href":"https:\/\/eventos.cmm.uchile.cl\/reliability2019\/wp-json\/wp\/v2\/comments?post=9"}],"version-history":[{"count":29,"href":"https:\/\/eventos.cmm.uchile.cl\/reliability2019\/wp-json\/wp\/v2\/pages\/9\/revisions"}],"predecessor-version":[{"id":123,"href":"https:\/\/eventos.cmm.uchile.cl\/reliability2019\/wp-json\/wp\/v2\/pages\/9\/revisions\/123"}],"wp:attachment":[{"href":"https:\/\/eventos.cmm.uchile.cl\/reliability2019\/wp-json\/wp\/v2\/media?parent=9"}],"curies":[{"name":"wp","href":"https:\/\/api.w.org\/{rel}","templated":true}]}}